{"id":45,"date":"2014-09-22T17:04:54","date_gmt":"2014-09-22T17:04:54","guid":{"rendered":"http:\/\/www.iuma.ulpgc.es\/carballo\/?page_id=45"},"modified":"2026-05-03T16:10:27","modified_gmt":"2026-05-03T16:10:27","slug":"asignaturas-impartidas","status":"publish","type":"page","link":"https:\/\/www.iuma.ulpgc.es\/carballo\/asignaturas-impartidas\/","title":{"rendered":"Docencia impartida"},"content":{"rendered":"<div>La docencia adscrita al <a title=\"DIEA\" href=\"http:\/\/www.diea.ulpgc.es\/\" target=\"_blank\" rel=\"noopener noreferrer\">Departamento de Ingenier\u00eda Electr\u00f3nica y Autom\u00e1tica (DIEA)<\/a> que se imparte en el <a href=\"http:\/\/www.iuma.ulpgc.es\">Instituto Universitario de Microelectr\u00f3nica Aplicada (IUMA)\u00a0<\/a> y en la <a title=\"EITE\" href=\"http:\/\/www.eite.ulpgc.es\/\" target=\"_blank\" rel=\"noopener noreferrer\">Escuela de Ingenier\u00eda de Telecomunicaci\u00f3n y Electr\u00f3nica (EITE)<\/a> es la siguiente:<\/div>\n<ul>\n<li><a href=\"https:\/\/www.iuma.ulpgc.es\/metda\/\" target=\"_blank\" rel=\"noopener noreferrer\"><strong>M\u00e1ster Universitario en Electr\u00f3nica y Tecnolog\u00eda Digital Aplicadas por la Universidad de Las Palmas de Gran Canaria<\/strong><\/a> (IUMA)\n<ul>\n<li><a href=\"https:\/\/www2.ulpgc.es\/plan-estudio\/5059\/50\/51444\" target=\"_blank\" rel=\"noopener\">Sistemas de Computaci\u00f3n Reconfigurables<\/a><\/li>\n<li><a href=\"https:\/\/www2.ulpgc.es\/plan-estudio\/5059\/50\/02\/51448\" target=\"_blank\" rel=\"noopener\">Aceleraci\u00f3n <em>Hardware<\/em> de Algoritmos para IA<\/a><\/li>\n<li><a href=\"https:\/\/www2.ulpgc.es\/plan-estudio\/5059\/50\/51456\" target=\"_blank\" rel=\"noopener noreferrer\">Trabajo Fin de M\u00e1ster<\/a><\/li>\n<\/ul>\n<\/li>\n<li><a href=\"https:\/\/www2.ulpgc.es\/index.php?pagina=plan_estudio&amp;ver=wpe002&amp;codTitulacion=5023&amp;tipotitulacion=M\" target=\"_blank\" rel=\"noopener noreferrer\"><strong>M\u00e1ster Universitario en Ingenier\u00eda de Telecomunicaci\u00f3n<\/strong><\/a>(EITE)\n<ul>\n<li>\n<div data-canvas-width=\"95.62439272101072\" data-angle=\"0\" data-font-name=\"Helvetica\"><a href=\"https:\/\/www2.ulpgc.es\/index.php?pagina=plan_estudio&amp;ver=pantalla&amp;numPantalla=99&amp;nCodAsignatura=50638&amp;codTitulacion=5023&amp;codPlan=50&amp;tipotitulacion=M&amp;codEspecialidad=\" target=\"_blank\" rel=\"noopener noreferrer\">Gesti\u00f3n de Proyectos<\/a><\/div>\n<\/li>\n<li><a href=\"https:\/\/www2.ulpgc.es\/index.php?pagina=plan_estudio&amp;ver=pantalla&amp;numPantalla=99&amp;nCodAsignatura=50644&amp;codTitulacion=5023&amp;codPlan=50&amp;tipotitulacion=M&amp;codEspecialidad=\" target=\"_blank\" rel=\"noopener noreferrer\">Trabajo Fin de M\u00e1ster<\/a><\/li>\n<\/ul>\n<\/li>\n<li><a href=\"https:\/\/www2.ulpgc.es\/index.php?pagina=plan_estudio&amp;ver=pantalla&amp;numPantalla=03&amp;codTitulacion=4037&amp;codPlan=40&amp;codEspecialidad=&amp;tipotitulacion=G\" target=\"_blank\" rel=\"noopener noreferrer\"><strong>Grado en Ingenier\u00eda en Tecnolog\u00edas de la Telecomunicaci\u00f3n<\/strong><\/a>(EITE)\n<ul>\n<li><a href=\"https:\/\/www2.ulpgc.es\/plan-estudio\/4102\/40\/49447\" target=\"_blank\" rel=\"noopener noreferrer\">Electr\u00f3nica Digital<\/a><\/li>\n<li><a href=\"https:\/\/www2.ulpgc.es\/plan-estudio\/4037\/40\/01\/43727\" target=\"_blank\" rel=\"noopener noreferrer\"><em>Hardware<\/em> Programable<\/a><\/li>\n<li><a href=\"https:\/\/www2.ulpgc.es\/plan-estudio\/4037\/40\/01\/43734\" target=\"_blank\" rel=\"noopener noreferrer\">Proyectos de Ingenier\u00eda El\u00e9ctrica y Electr\u00f3nica<\/a><\/li>\n<li><a href=\"https:\/\/www2.ulpgc.es\/plan-estudio\/4037\/40\/01\/43734\" target=\"_blank\" rel=\"noopener noreferrer\">Trabajo Fin de Grado<\/a><\/li>\n<\/ul>\n<\/li>\n<li><a href=\"https:\/\/www2.ulpgc.es\/plan-estudio\/4100\/40\" target=\"_blank\" rel=\"noopener\">Grado en Ingenier\u00eda Biom\u00e9dica<\/a>(EITE)\n<ul>\n<li><a href=\"https:\/\/www2.ulpgc.es\/plan-estudio\/4100\/40\/49238\" target=\"_blank\" rel=\"noopener\">Electr\u00f3nica Digital<\/a><\/li>\n<li><a href=\"https:\/\/www2.ulpgc.es\/plan-estudio\/4100\/40\/49253\" target=\"_blank\" rel=\"noopener noreferrer\">Trabajo Fin de Grado<\/a><\/li>\n<\/ul>\n<\/li>\n<\/ul>\n<p>Tambi\u00e9n se dirigen <strong>p<\/strong><span style=\"letter-spacing: -0.015em;\"><strong>r\u00e1cticas en empresa<\/strong> realizadas a trav\u00e9s del IUMA para las titulaciones de relacionadas con las TICs.<br \/>\n<\/span><\/p>\n","protected":false},"excerpt":{"rendered":"<p>La docencia adscrita al Departamento de Ingenier\u00eda Electr\u00f3nica y Autom\u00e1tica (DIEA) que se imparte en el Instituto Universitario de Microelectr\u00f3nica Aplicada (IUMA)\u00a0 y en la Escuela de Ingenier\u00eda de Telecomunicaci\u00f3n y Electr\u00f3nica (EITE) es la siguiente: M\u00e1ster Universitario en Electr\u00f3nica y Tecnolog\u00eda Digital Aplicadas por la Universidad de Las Palmas de Gran Canaria (IUMA) Sistemas &hellip; <\/p>\n<p class=\"link-more\"><a href=\"https:\/\/www.iuma.ulpgc.es\/carballo\/asignaturas-impartidas\/\" class=\"more-link\">Continuar leyendo<span class=\"screen-reader-text\"> \u00abDocencia impartida\u00bb<\/span><\/a><\/p>\n","protected":false},"author":1,"featured_media":0,"parent":0,"menu_order":0,"comment_status":"open","ping_status":"open","template":"","meta":{"footnotes":""},"class_list":["post-45","page","type-page","status-publish","hentry"],"_links":{"self":[{"href":"https:\/\/www.iuma.ulpgc.es\/carballo\/wp-json\/wp\/v2\/pages\/45","targetHints":{"allow":["GET"]}}],"collection":[{"href":"https:\/\/www.iuma.ulpgc.es\/carballo\/wp-json\/wp\/v2\/pages"}],"about":[{"href":"https:\/\/www.iuma.ulpgc.es\/carballo\/wp-json\/wp\/v2\/types\/page"}],"author":[{"embeddable":true,"href":"https:\/\/www.iuma.ulpgc.es\/carballo\/wp-json\/wp\/v2\/users\/1"}],"replies":[{"embeddable":true,"href":"https:\/\/www.iuma.ulpgc.es\/carballo\/wp-json\/wp\/v2\/comments?post=45"}],"version-history":[{"count":10,"href":"https:\/\/www.iuma.ulpgc.es\/carballo\/wp-json\/wp\/v2\/pages\/45\/revisions"}],"predecessor-version":[{"id":1458,"href":"https:\/\/www.iuma.ulpgc.es\/carballo\/wp-json\/wp\/v2\/pages\/45\/revisions\/1458"}],"wp:attachment":[{"href":"https:\/\/www.iuma.ulpgc.es\/carballo\/wp-json\/wp\/v2\/media?parent=45"}],"curies":[{"name":"wp","href":"https:\/\/api.w.org\/{rel}","templated":true}]}}