{"id":51,"date":"2014-09-22T17:17:40","date_gmt":"2014-09-22T17:17:40","guid":{"rendered":"http:\/\/www.iuma.ulpgc.es\/carballo\/?page_id=51"},"modified":"2020-10-07T21:36:39","modified_gmt":"2020-10-07T21:36:39","slug":"docencia","status":"publish","type":"page","link":"https:\/\/www.iuma.ulpgc.es\/carballo\/docencia\/","title":{"rendered":"Docencia"},"content":{"rendered":"<p>Esta p\u00e1gina est\u00e1 dedicada a&nbsp; aspectos dedicados a la docencia.<\/p>\n<p>Contenido:<\/p>\n<ol>\n<li><a href=\"http:\/\/www.iuma.ulpgc.es\/carballo\/asignaturas-impartidas\/\">Asignaturas impartidas<\/a><\/li>\n<li><a href=\"http:\/\/www.iuma.ulpgc.es\/carballo\/docencia\/horario\/\">Horario de clases y tutor\u00edas<\/a><\/li>\n<li class=\"entry-title post-title\"><a href=\"http:\/\/www.iuma.ulpgc.es\/carballo\/docencia\/reflexiones-sobre-la-propuesta-para-la-realizacion-del-proyecto-fin-de-titulo\/\">Reflexiones sobre la propuesta para la realizaci\u00f3n del proyecto fin de t\u00edtulo<\/a><\/li>\n<li class=\"entry-title post-title\"><a href=\"http:\/\/www.iuma.ulpgc.es\/carballo\/docencia\/como-hacer-un-informe-de-seguimiento-para-el-tft\/\">C\u00f3mo hacer un informe de seguimiento para el TFT<\/a><\/li>\n<li class=\"entry-title post-title\"><a href=\"https:\/\/www.iuma.ulpgc.es\/carballo\/docencia\/incidencias-mas-comunes-encontradas-durante-la-evaluacion-de-las-propuestas-de-tft\/\">Incidencias m\u00e1s comunes encontradas durante la evaluaci\u00f3n de las propuestas de TFT<\/a><\/li>\n<li class=\"entry-title post-title\"><a href=\"http:\/\/www.iuma.ulpgc.es\/carballo\/category\/docencia\/\">Resumen de entradas del blog dedicadas a la docencia<\/a><\/li>\n<\/ol>\n","protected":false},"excerpt":{"rendered":"<p>Esta p\u00e1gina est\u00e1 dedicada a&nbsp; aspectos dedicados a la docencia. Contenido: Asignaturas impartidas Horario de clases y tutor\u00edas Reflexiones sobre la propuesta para la realizaci\u00f3n del proyecto fin de t\u00edtulo C\u00f3mo hacer un informe de seguimiento para el TFT Incidencias m\u00e1s comunes encontradas durante la evaluaci\u00f3n de las propuestas de TFT Resumen de entradas del &hellip; <\/p>\n<p class=\"link-more\"><a href=\"https:\/\/www.iuma.ulpgc.es\/carballo\/docencia\/\" class=\"more-link\">Continuar leyendo<span class=\"screen-reader-text\"> \u00abDocencia\u00bb<\/span><\/a><\/p>\n","protected":false},"author":1,"featured_media":0,"parent":0,"menu_order":0,"comment_status":"open","ping_status":"open","template":"","meta":{"footnotes":""},"class_list":["post-51","page","type-page","status-publish","hentry"],"_links":{"self":[{"href":"https:\/\/www.iuma.ulpgc.es\/carballo\/wp-json\/wp\/v2\/pages\/51","targetHints":{"allow":["GET"]}}],"collection":[{"href":"https:\/\/www.iuma.ulpgc.es\/carballo\/wp-json\/wp\/v2\/pages"}],"about":[{"href":"https:\/\/www.iuma.ulpgc.es\/carballo\/wp-json\/wp\/v2\/types\/page"}],"author":[{"embeddable":true,"href":"https:\/\/www.iuma.ulpgc.es\/carballo\/wp-json\/wp\/v2\/users\/1"}],"replies":[{"embeddable":true,"href":"https:\/\/www.iuma.ulpgc.es\/carballo\/wp-json\/wp\/v2\/comments?post=51"}],"version-history":[{"count":7,"href":"https:\/\/www.iuma.ulpgc.es\/carballo\/wp-json\/wp\/v2\/pages\/51\/revisions"}],"predecessor-version":[{"id":1067,"href":"https:\/\/www.iuma.ulpgc.es\/carballo\/wp-json\/wp\/v2\/pages\/51\/revisions\/1067"}],"wp:attachment":[{"href":"https:\/\/www.iuma.ulpgc.es\/carballo\/wp-json\/wp\/v2\/media?parent=51"}],"curies":[{"name":"wp","href":"https:\/\/api.w.org\/{rel}","templated":true}]}}