{"id":182,"date":"2023-05-04T09:55:20","date_gmt":"2023-05-04T08:55:20","guid":{"rendered":"https:\/\/www.iuma.ulpgc.es\/?page_id=182"},"modified":"2025-06-16T09:39:30","modified_gmt":"2025-06-16T09:39:30","slug":"presentacion","status":"publish","type":"page","link":"https:\/\/www.iuma.ulpgc.es\/en\/presentacion\/","title":{"rendered":"Presentation"},"content":{"rendered":"<h2 class=\"wp-block-heading\">Mission of the Institute of Applied Microelectronics (IUMA)<\/h2>\n\n\n\n<p class=\"wp-block-paragraph\">The Institute of Applied Microelectronics is a research, development, and innovation center in the field of Information and Communication Technologies, covering disciplines such as electronics, computer science, mathematics and computing, and telematics, whose applications are primarily oriented towards the fields of electronics, telecommunications, information systems, and industry 4.0.<\/p>\n\n\n\n<h2 class=\"wp-block-heading\">IUMA Vision<\/h2>\n\n\n\n<ul class=\"wp-block-list\">\n<li>To be a reference research center in its field<\/li>\n\n\n\n<li>Establish relationships with companies and public entities to promote coordinated R&amp;D+i projects for the development of society in related fields<\/li>\n\n\n\n<li>Manage all available funding sources properly to develop research activities<\/li>\n<\/ul>\n\n\n\n<h2 class=\"wp-block-heading\">IUMA Objectives<\/h2>\n\n\n\n<p class=\"wp-block-paragraph\">The objectives of the Institute include:<\/p>\n\n\n\n<ul class=\"wp-block-list\">\n<li>Plan, promote, organize, carry out, and disseminate research, development, and innovation activities in the field of Information and Communication Technologies<\/li>\n\n\n\n<li>Develop and participate in knowledge networks with other institutions and research centers that frame their activity in the field of Science and, in general, Information and Communication Technologies<\/li>\n\n\n\n<li>Establish stable cooperation networks in R&amp;D+i with regional, national, and international companies that add new sources of funding to IUMA<\/li>\n\n\n\n<li>Transfer and exchange results and information from research work with other entities, both public and private<\/li>\n\n\n\n<li>Attract, train, integrate, and retain research personnel in IUMA's working groups<\/li>\n\n\n\n<li>Promote the training and development of specialized personnel for teaching and advanced research in the mentioned fields<\/li>\n\n\n\n<li>Organize and promote study seminars, postgraduate courses, and other similar activities in the areas of its research activity, as well as curricular programs with other Spanish and foreign universities and companies in the indicated topics<\/li>\n\n\n\n<li>Provide an appropriate means to attract external resources that contribute to financing research activity.<\/li>\n\n\n\n<li>Serve as a focus for attracting national and international scientists of recognized prestige who will carry out stays at the Institute, providing appropriate technological means for the completion of ongoing work, the initiation of new projects, and the planning of joint projects with institutions from other countries and with other Institutes, Centers, and Departments of our University such as Computers, Automatics, Telematics, and Telecommunications<\/li>\n\n\n\n<li>Strive for excellence in providing services externally and in internal management (knowledge management, administrative processes, etc.)<\/li>\n<\/ul>","protected":false},"excerpt":{"rendered":"<p>Misi\u00f3n del Instituto de Microelectr\u00f3nica Aplicada (IUMA) El Instituto Universitario de Microelectr\u00f3nica Aplicada es un centro de investigaci\u00f3n, desarrollo e innovaci\u00f3n en el \u00e1mbito de las Tecnolog\u00edas de Informaci\u00f3n y Comunicaci\u00f3n, abarcando disciplinas como la electr\u00f3nica, la inform\u00e1tica, la matem\u00e1tica y la computaci\u00f3n, o la Telem\u00e1tica, cuyas aplicaciones se orientan, fundamentalmente, a los campos de [&hellip;]<\/p>\n","protected":false},"author":1,"featured_media":0,"parent":0,"menu_order":0,"comment_status":"closed","ping_status":"closed","template":"page-templates\/page-title-menu_sidebar.php","meta":{"_crdt_document":"","footnotes":""},"class_list":["post-182","page","type-page","status-publish","hentry"],"yoast_head":"<!-- This site is optimized with the Yoast SEO plugin v27.3 - https:\/\/yoast.com\/product\/yoast-seo-wordpress\/ -->\n<title>Presentaci\u00f3n - Instituto Universitario de Microelectr\u00f3nica Aplicada<\/title>\n<meta name=\"description\" content=\"Presentaci\u00f3n del Instituto Universitario de Microelectr\u00f3nica Aplicada, centro de investigaci\u00f3n, desarrollo e innovaci\u00f3n en TIC.\" \/>\n<meta name=\"robots\" content=\"index, follow, max-snippet:-1, max-image-preview:large, max-video-preview:-1\" \/>\n<link rel=\"canonical\" href=\"https:\/\/www.iuma.ulpgc.es\/en\/presentacion\/\" \/>\n<meta property=\"og:locale\" content=\"en_US\" \/>\n<meta property=\"og:type\" content=\"article\" \/>\n<meta property=\"og:title\" content=\"Presentaci\u00f3n - Instituto Universitario de Microelectr\u00f3nica Aplicada\" \/>\n<meta property=\"og:description\" content=\"Presentaci\u00f3n del Instituto Universitario de Microelectr\u00f3nica Aplicada, centro de investigaci\u00f3n, desarrollo e innovaci\u00f3n en TIC.\" \/>\n<meta property=\"og:url\" content=\"https:\/\/www.iuma.ulpgc.es\/en\/presentacion\/\" \/>\n<meta property=\"og:site_name\" content=\"Instituto Universitario de Microelectr\u00f3nica Aplicada\" \/>\n<meta property=\"article:publisher\" content=\"https:\/\/www.facebook.com\/IUMA.ulpgc\" \/>\n<meta property=\"article:modified_time\" content=\"2025-06-16T09:39:30+00:00\" \/>\n<meta name=\"twitter:card\" content=\"summary_large_image\" \/>\n<meta name=\"twitter:site\" content=\"@iumanews\" \/>\n<meta name=\"twitter:label1\" content=\"Est. reading time\" \/>\n\t<meta name=\"twitter:data1\" content=\"2 minutes\" \/>\n<script type=\"application\/ld+json\" class=\"yoast-schema-graph\">{\"@context\":\"https:\\\/\\\/schema.org\",\"@graph\":[{\"@type\":\"WebPage\",\"@id\":\"https:\\\/\\\/www.iuma.ulpgc.es\\\/presentacion\\\/\",\"url\":\"https:\\\/\\\/www.iuma.ulpgc.es\\\/presentacion\\\/\",\"name\":\"Presentaci\u00f3n - Instituto Universitario de Microelectr\u00f3nica Aplicada\",\"isPartOf\":{\"@id\":\"https:\\\/\\\/www.iuma.ulpgc.es\\\/en\\\/#website\"},\"datePublished\":\"2023-05-04T08:55:20+00:00\",\"dateModified\":\"2025-06-16T09:39:30+00:00\",\"description\":\"Presentaci\u00f3n del Instituto Universitario de Microelectr\u00f3nica Aplicada, centro de investigaci\u00f3n, desarrollo e innovaci\u00f3n en TIC.\",\"breadcrumb\":{\"@id\":\"https:\\\/\\\/www.iuma.ulpgc.es\\\/presentacion\\\/#breadcrumb\"},\"inLanguage\":\"en-US\",\"potentialAction\":[{\"@type\":\"ReadAction\",\"target\":[\"https:\\\/\\\/www.iuma.ulpgc.es\\\/presentacion\\\/\"]}]},{\"@type\":\"BreadcrumbList\",\"@id\":\"https:\\\/\\\/www.iuma.ulpgc.es\\\/presentacion\\\/#breadcrumb\",\"itemListElement\":[{\"@type\":\"ListItem\",\"position\":1,\"name\":\"Home\",\"item\":\"https:\\\/\\\/www.iuma.ulpgc.es\\\/\"},{\"@type\":\"ListItem\",\"position\":2,\"name\":\"Presentaci\u00f3n\"}]},{\"@type\":\"WebSite\",\"@id\":\"https:\\\/\\\/www.iuma.ulpgc.es\\\/en\\\/#website\",\"url\":\"https:\\\/\\\/www.iuma.ulpgc.es\\\/en\\\/\",\"name\":\"Instituto Universitario de Microelectr\u00f3nica Aplicada\",\"description\":\"El IUMA es un centro de I+D+i de la ULPGC\",\"potentialAction\":[{\"@type\":\"SearchAction\",\"target\":{\"@type\":\"EntryPoint\",\"urlTemplate\":\"https:\\\/\\\/www.iuma.ulpgc.es\\\/en\\\/?s={search_term_string}\"},\"query-input\":{\"@type\":\"PropertyValueSpecification\",\"valueRequired\":true,\"valueName\":\"search_term_string\"}}],\"inLanguage\":\"en-US\"}]}<\/script>\n<!-- \/ Yoast SEO plugin. -->","yoast_head_json":{"title":"Presentaci\u00f3n - Instituto Universitario de Microelectr\u00f3nica Aplicada","description":"Presentaci\u00f3n del Instituto Universitario de Microelectr\u00f3nica Aplicada, centro de investigaci\u00f3n, desarrollo e innovaci\u00f3n en TIC.","robots":{"index":"index","follow":"follow","max-snippet":"max-snippet:-1","max-image-preview":"max-image-preview:large","max-video-preview":"max-video-preview:-1"},"canonical":"https:\/\/www.iuma.ulpgc.es\/en\/presentacion\/","og_locale":"en_US","og_type":"article","og_title":"Presentaci\u00f3n - Instituto Universitario de Microelectr\u00f3nica Aplicada","og_description":"Presentaci\u00f3n del Instituto Universitario de Microelectr\u00f3nica Aplicada, centro de investigaci\u00f3n, desarrollo e innovaci\u00f3n en TIC.","og_url":"https:\/\/www.iuma.ulpgc.es\/en\/presentacion\/","og_site_name":"Instituto Universitario de Microelectr\u00f3nica Aplicada","article_publisher":"https:\/\/www.facebook.com\/IUMA.ulpgc","article_modified_time":"2025-06-16T09:39:30+00:00","twitter_card":"summary_large_image","twitter_site":"@iumanews","twitter_misc":{"Est. reading time":"2 minutes"},"schema":{"@context":"https:\/\/schema.org","@graph":[{"@type":"WebPage","@id":"https:\/\/www.iuma.ulpgc.es\/presentacion\/","url":"https:\/\/www.iuma.ulpgc.es\/presentacion\/","name":"Presentaci\u00f3n - Instituto Universitario de Microelectr\u00f3nica Aplicada","isPartOf":{"@id":"https:\/\/www.iuma.ulpgc.es\/en\/#website"},"datePublished":"2023-05-04T08:55:20+00:00","dateModified":"2025-06-16T09:39:30+00:00","description":"Presentaci\u00f3n del Instituto Universitario de Microelectr\u00f3nica Aplicada, centro de investigaci\u00f3n, desarrollo e innovaci\u00f3n en TIC.","breadcrumb":{"@id":"https:\/\/www.iuma.ulpgc.es\/presentacion\/#breadcrumb"},"inLanguage":"en-US","potentialAction":[{"@type":"ReadAction","target":["https:\/\/www.iuma.ulpgc.es\/presentacion\/"]}]},{"@type":"BreadcrumbList","@id":"https:\/\/www.iuma.ulpgc.es\/presentacion\/#breadcrumb","itemListElement":[{"@type":"ListItem","position":1,"name":"Home","item":"https:\/\/www.iuma.ulpgc.es\/"},{"@type":"ListItem","position":2,"name":"Presentaci\u00f3n"}]},{"@type":"WebSite","@id":"https:\/\/www.iuma.ulpgc.es\/en\/#website","url":"https:\/\/www.iuma.ulpgc.es\/en\/","name":"Institute for Applied Microelectronics","description":"El IUMA es un centro de I+D+i de la ULPGC","potentialAction":[{"@type":"SearchAction","target":{"@type":"EntryPoint","urlTemplate":"https:\/\/www.iuma.ulpgc.es\/en\/?s={search_term_string}"},"query-input":{"@type":"PropertyValueSpecification","valueRequired":true,"valueName":"search_term_string"}}],"inLanguage":"en-US"}]}},"post_mailing_queue_ids":[],"_links":{"self":[{"href":"https:\/\/www.iuma.ulpgc.es\/en\/wp-json\/wp\/v2\/pages\/182","targetHints":{"allow":["GET"]}}],"collection":[{"href":"https:\/\/www.iuma.ulpgc.es\/en\/wp-json\/wp\/v2\/pages"}],"about":[{"href":"https:\/\/www.iuma.ulpgc.es\/en\/wp-json\/wp\/v2\/types\/page"}],"author":[{"embeddable":true,"href":"https:\/\/www.iuma.ulpgc.es\/en\/wp-json\/wp\/v2\/users\/1"}],"replies":[{"embeddable":true,"href":"https:\/\/www.iuma.ulpgc.es\/en\/wp-json\/wp\/v2\/comments?post=182"}],"version-history":[{"count":11,"href":"https:\/\/www.iuma.ulpgc.es\/en\/wp-json\/wp\/v2\/pages\/182\/revisions"}],"predecessor-version":[{"id":8531,"href":"https:\/\/www.iuma.ulpgc.es\/en\/wp-json\/wp\/v2\/pages\/182\/revisions\/8531"}],"wp:attachment":[{"href":"https:\/\/www.iuma.ulpgc.es\/en\/wp-json\/wp\/v2\/media?parent=182"}],"curies":[{"name":"wp","href":"https:\/\/api.w.org\/{rel}","templated":true}]}}