{"id":203,"date":"2023-05-05T08:54:53","date_gmt":"2023-05-05T07:54:53","guid":{"rendered":"https:\/\/www.iuma.ulpgc.es\/?page_id=203"},"modified":"2026-02-09T09:17:43","modified_gmt":"2026-02-09T09:17:43","slug":"recursos","status":"publish","type":"page","link":"https:\/\/www.iuma.ulpgc.es\/en\/recursos\/","title":{"rendered":"Resources"},"content":{"rendered":"<p class=\"wp-block-paragraph\">El IUMA est\u00e1 formado en la actualidad por una plantilla de 145 investigadores desglosados del siguiente modo:<\/p>\r\n\r\n\r\n\r\n<ul class=\"wp-block-list\">\r\n<li>Catedr\u00e1ticos de Universidad: 9<\/li>\r\n\r\n\r\n\r\n<li>Profesores Titulares de Universidad: 22<\/li>\r\n\r\n\r\n\r\n\r\n\r\n<li>Otros Profesores: 16<\/li>\r\n\r\n\r\n\r\n<li>Investigadores contratados por proyectos: 22<\/li>\r\n\r\n\r\n\r\n<li>Investigadores visitantes: 17<\/li>\r\n\r\n\r\n\r\n<li>T\u00e9cnicos contratados por proyectos: 4<\/li>\r\n\r\n\r\n\r\n<li>Estudiantes de postgrado (M\u00e1ster y Doctorado): 28<\/li>\r\n\r\n\r\n\r\n<li>Estudiantes de grado en formaci\u00f3n: 23<\/li>\r\n\r\n\r\n\r\n<li>Personal T\u00e9cnico de Gesti\u00f3n, Administraci\u00f3n y Servicios: 3<\/li>\r\n<\/ul>","protected":false},"excerpt":{"rendered":"<p>El IUMA est\u00e1 formado en la actualidad por una plantilla de 145 investigadores desglosados del siguiente modo:<\/p>","protected":false},"author":1,"featured_media":0,"parent":0,"menu_order":0,"comment_status":"closed","ping_status":"closed","template":"page-templates\/page-title-menu_sidebar.php","meta":{"_crdt_document":"","footnotes":""},"class_list":["post-203","page","type-page","status-publish","hentry"],"yoast_head":"<!-- This site is optimized with the Yoast SEO plugin v27.3 - https:\/\/yoast.com\/product\/yoast-seo-wordpress\/ -->\n<title>Recursos - Instituto Universitario de Microelectr\u00f3nica Aplicada<\/title>\n<meta name=\"description\" content=\"Instituto Universitario de Microelectr\u00f3nica Aplicada\" \/>\n<meta name=\"robots\" content=\"index, follow, max-snippet:-1, max-image-preview:large, max-video-preview:-1\" \/>\n<link rel=\"canonical\" href=\"https:\/\/www.iuma.ulpgc.es\/en\/recursos\/\" \/>\n<meta property=\"og:locale\" content=\"en_US\" \/>\n<meta property=\"og:type\" content=\"article\" \/>\n<meta property=\"og:title\" content=\"Recursos - Instituto Universitario de Microelectr\u00f3nica Aplicada\" \/>\n<meta property=\"og:description\" content=\"Instituto Universitario de Microelectr\u00f3nica Aplicada\" \/>\n<meta property=\"og:url\" content=\"https:\/\/www.iuma.ulpgc.es\/en\/recursos\/\" \/>\n<meta property=\"og:site_name\" content=\"Instituto Universitario de Microelectr\u00f3nica Aplicada\" \/>\n<meta property=\"article:publisher\" content=\"https:\/\/www.facebook.com\/IUMA.ulpgc\" \/>\n<meta property=\"article:modified_time\" content=\"2026-02-09T09:17:43+00:00\" \/>\n<meta name=\"twitter:card\" content=\"summary_large_image\" \/>\n<meta name=\"twitter:site\" content=\"@iumanews\" \/>\n<meta name=\"twitter:label1\" content=\"Est. reading time\" \/>\n\t<meta name=\"twitter:data1\" content=\"1 minute\" \/>\n<script type=\"application\/ld+json\" class=\"yoast-schema-graph\">{\"@context\":\"https:\\\/\\\/schema.org\",\"@graph\":[{\"@type\":\"WebPage\",\"@id\":\"https:\\\/\\\/www.iuma.ulpgc.es\\\/recursos\\\/\",\"url\":\"https:\\\/\\\/www.iuma.ulpgc.es\\\/recursos\\\/\",\"name\":\"Recursos - Instituto Universitario de Microelectr\u00f3nica Aplicada\",\"isPartOf\":{\"@id\":\"https:\\\/\\\/www.iuma.ulpgc.es\\\/en\\\/#website\"},\"datePublished\":\"2023-05-05T07:54:53+00:00\",\"dateModified\":\"2026-02-09T09:17:43+00:00\",\"description\":\"Instituto Universitario de Microelectr\u00f3nica Aplicada\",\"breadcrumb\":{\"@id\":\"https:\\\/\\\/www.iuma.ulpgc.es\\\/recursos\\\/#breadcrumb\"},\"inLanguage\":\"en-US\",\"potentialAction\":[{\"@type\":\"ReadAction\",\"target\":[\"https:\\\/\\\/www.iuma.ulpgc.es\\\/recursos\\\/\"]}]},{\"@type\":\"BreadcrumbList\",\"@id\":\"https:\\\/\\\/www.iuma.ulpgc.es\\\/recursos\\\/#breadcrumb\",\"itemListElement\":[{\"@type\":\"ListItem\",\"position\":1,\"name\":\"Home\",\"item\":\"https:\\\/\\\/www.iuma.ulpgc.es\\\/\"},{\"@type\":\"ListItem\",\"position\":2,\"name\":\"Recursos\"}]},{\"@type\":\"WebSite\",\"@id\":\"https:\\\/\\\/www.iuma.ulpgc.es\\\/en\\\/#website\",\"url\":\"https:\\\/\\\/www.iuma.ulpgc.es\\\/en\\\/\",\"name\":\"Instituto Universitario de Microelectr\u00f3nica Aplicada\",\"description\":\"El IUMA es un centro de I+D+i de la ULPGC\",\"potentialAction\":[{\"@type\":\"SearchAction\",\"target\":{\"@type\":\"EntryPoint\",\"urlTemplate\":\"https:\\\/\\\/www.iuma.ulpgc.es\\\/en\\\/?s={search_term_string}\"},\"query-input\":{\"@type\":\"PropertyValueSpecification\",\"valueRequired\":true,\"valueName\":\"search_term_string\"}}],\"inLanguage\":\"en-US\"}]}<\/script>\n<!-- \/ Yoast SEO plugin. -->","yoast_head_json":{"title":"Recursos - Instituto Universitario de Microelectr\u00f3nica Aplicada","description":"Institute for Applied Microelectronics","robots":{"index":"index","follow":"follow","max-snippet":"max-snippet:-1","max-image-preview":"max-image-preview:large","max-video-preview":"max-video-preview:-1"},"canonical":"https:\/\/www.iuma.ulpgc.es\/en\/recursos\/","og_locale":"en_US","og_type":"article","og_title":"Recursos - Instituto Universitario de Microelectr\u00f3nica Aplicada","og_description":"Instituto Universitario de Microelectr\u00f3nica Aplicada","og_url":"https:\/\/www.iuma.ulpgc.es\/en\/recursos\/","og_site_name":"Instituto Universitario de Microelectr\u00f3nica Aplicada","article_publisher":"https:\/\/www.facebook.com\/IUMA.ulpgc","article_modified_time":"2026-02-09T09:17:43+00:00","twitter_card":"summary_large_image","twitter_site":"@iumanews","twitter_misc":{"Est. reading time":"1 minute"},"schema":{"@context":"https:\/\/schema.org","@graph":[{"@type":"WebPage","@id":"https:\/\/www.iuma.ulpgc.es\/recursos\/","url":"https:\/\/www.iuma.ulpgc.es\/recursos\/","name":"Recursos - Instituto Universitario de Microelectr\u00f3nica Aplicada","isPartOf":{"@id":"https:\/\/www.iuma.ulpgc.es\/en\/#website"},"datePublished":"2023-05-05T07:54:53+00:00","dateModified":"2026-02-09T09:17:43+00:00","description":"Institute for Applied Microelectronics","breadcrumb":{"@id":"https:\/\/www.iuma.ulpgc.es\/recursos\/#breadcrumb"},"inLanguage":"en-US","potentialAction":[{"@type":"ReadAction","target":["https:\/\/www.iuma.ulpgc.es\/recursos\/"]}]},{"@type":"BreadcrumbList","@id":"https:\/\/www.iuma.ulpgc.es\/recursos\/#breadcrumb","itemListElement":[{"@type":"ListItem","position":1,"name":"Home","item":"https:\/\/www.iuma.ulpgc.es\/"},{"@type":"ListItem","position":2,"name":"Recursos"}]},{"@type":"WebSite","@id":"https:\/\/www.iuma.ulpgc.es\/en\/#website","url":"https:\/\/www.iuma.ulpgc.es\/en\/","name":"Institute for Applied Microelectronics","description":"El IUMA es un centro de I+D+i de la ULPGC","potentialAction":[{"@type":"SearchAction","target":{"@type":"EntryPoint","urlTemplate":"https:\/\/www.iuma.ulpgc.es\/en\/?s={search_term_string}"},"query-input":{"@type":"PropertyValueSpecification","valueRequired":true,"valueName":"search_term_string"}}],"inLanguage":"en-US"}]}},"post_mailing_queue_ids":[],"_links":{"self":[{"href":"https:\/\/www.iuma.ulpgc.es\/en\/wp-json\/wp\/v2\/pages\/203","targetHints":{"allow":["GET"]}}],"collection":[{"href":"https:\/\/www.iuma.ulpgc.es\/en\/wp-json\/wp\/v2\/pages"}],"about":[{"href":"https:\/\/www.iuma.ulpgc.es\/en\/wp-json\/wp\/v2\/types\/page"}],"author":[{"embeddable":true,"href":"https:\/\/www.iuma.ulpgc.es\/en\/wp-json\/wp\/v2\/users\/1"}],"replies":[{"embeddable":true,"href":"https:\/\/www.iuma.ulpgc.es\/en\/wp-json\/wp\/v2\/comments?post=203"}],"version-history":[{"count":5,"href":"https:\/\/www.iuma.ulpgc.es\/en\/wp-json\/wp\/v2\/pages\/203\/revisions"}],"predecessor-version":[{"id":9516,"href":"https:\/\/www.iuma.ulpgc.es\/en\/wp-json\/wp\/v2\/pages\/203\/revisions\/9516"}],"wp:attachment":[{"href":"https:\/\/www.iuma.ulpgc.es\/en\/wp-json\/wp\/v2\/media?parent=203"}],"curies":[{"name":"wp","href":"https:\/\/api.w.org\/{rel}","templated":true}]}}