{"id":241,"date":"2023-05-05T12:20:21","date_gmt":"2023-05-05T11:20:21","guid":{"rendered":"https:\/\/www.iuma.ulpgc.es\/?page_id=241"},"modified":"2024-03-13T11:53:56","modified_gmt":"2024-03-13T11:53:56","slug":"div-ti","status":"publish","type":"page","link":"https:\/\/www.iuma.ulpgc.es\/en\/divisiones\/div-ti\/","title":{"rendered":"IT (Information Technology)"},"content":{"rendered":"\n<div class=\"wp-block-tabs-block-my-block\"><ul class=\"ulpgcds-tabs\"><li href=\"#tab-8611\" class=\"active\">Presentaci\u00f3n<\/li><li href=\"#tab-9310\" class=\"\">Miembros<\/li><li href=\"#tab-5632\" class=\"\">L\u00edneas de Investigaci\u00f3n<\/li><\/ul>\n<div class=\"wp-block-tabs-block-tab-item ulpgcds-tab-content active\" id=\"tab-8611\">\n<h3 class=\"wp-block-heading\"><strong>Presentaci\u00f3n<\/strong><\/h3>\n\n\n\n<p class=\"wp-block-paragraph\">La Divisi\u00f3n de Tecnolog\u00eda de la Informaci\u00f3n nace para ofrecer a la sociedad canaria apoyo en la implantaci\u00f3n de las nuevas tecnolog\u00edas as\u00ed como labores de investigaci\u00f3n.<\/p>\n\n\n\n<p class=\"wp-block-paragraph\">Las \u00e1reas en las que desarrolla su actividad esta divisi\u00f3n son, principalmente:<\/p>\n\n\n\n<ul class=\"wp-block-list\">\n<li><strong>Redes neuronales e Inteligencia Artificial: <\/strong>Desarrollo de sistemas de predicci\u00f3n y an\u00e1lisis usando redes neuronales.<\/li>\n\n\n\n<li><strong>Miner\u00eda de datos: <\/strong>Implementaci\u00f3n de sistemas de procesado de datos para explorar, de forma autom\u00e1tica o semiautom\u00e1tica, fuentes masivas de datos. Se trata de hallar anomal\u00edas, patrones y correlaciones en grandes conjuntos de datos para predecir resultados.<\/li>\n\n\n\n<li><strong>Dise\u00f1o, implementaci\u00f3n e implantaci\u00f3n de sistemas basados en IoT: <\/strong>Desarrollo de todo tipo sistemas basados en dispositivos IoT para monitorizaci\u00f3n y automatizaci\u00f3n de tareas.<\/li>\n\n\n\n<li><strong>Desarrollo de aplicaciones m\u00f3viles: <\/strong>La divisi\u00f3n de TI cuenta con un amplio bagaje en el desarrollo de todo tipo de aplicaciones para dispositivos m\u00f3viles, colaborando en esta l\u00ednea con varias empresas del entorno.<\/li>\n\n\n\n<li><strong>Sistemas de autenticaci\u00f3n on-line y seguridad en las comunicaciones mediante t\u00e9cnicas criptogr\u00e1ficas: <\/strong>En esta l\u00ednea se analizan y eval\u00faan sistemas de autenticaci\u00f3n online buscando debilidades y fortalezas con el fin de establecer la idoneidad de cada sistema seg\u00fan la aplicaci\u00f3n concreta a la que se va a destinar. Se han desarrollado soluciones para entornos de medios de pago y bancarios as\u00ed como para el almacenamiento y gesti\u00f3n de criptomonedas.<\/li>\n\n\n\n<li><strong>Lenguajes de programaci\u00f3n y desarrollo de compiladores: <\/strong>Desarrollo de lenguajes y herramientas de programaci\u00f3n. Actualmente se participa activamente en el desarrollo y mantenimiento del compilador oficial del lenguaje ADA en estrecha colaboraci\u00f3n con la Universidad de Nueva York.<\/li>\n<\/ul>\n\n\n\n<div style=\"height:24px\" class=\"wp-block-spacing-block-my-block spacing-l\"><\/div>\n\n\n\n<p class=\"subtitle-l wp-block-paragraph\">Director:<\/p>\n\n\n\n<div class=\"wp-block-card-block-my-block row card_custom\"><div class=\"col-3 card_col_img\"><img decoding=\"async\" class=\"card_img\" src=\"https:\/\/www.iuma.ulpgc.es\/wp-content\/uploads\/2022\/11\/LuisHernandez_r.jpg\" alt=\"Imagen del Director (TI)\"\/><\/div><div class=\"col-9 card_info\"><div class=\"card_person_name\">Dr. Luis Miguel Hern\u00e1ndez Acosta<\/div><h2 class=\"card_job_name\">Director de la divisi\u00f3n Tecnolog\u00eda de la Informaci\u00f3n (TI)<\/h2><div>Tel\u00e9fono: 928 451 383<\/div><span>Correo: <a label=\"Correo\" href=\"mailto:luismiguel.hernandez@ulpgc.es\">luismiguel.hernandez@ulpgc.es<\/a><\/span><div>Despacho: Edificio de Electr\u00f3nica y Telecomunicaci\u00f3n \u2015 Pabell\u00f3n C <\/div><\/div><\/div>\n<\/div>\n\n\n\n<div class=\"wp-block-tabs-block-tab-item ulpgcds-tab-content\" id=\"tab-9310\">\n<h3 class=\"wp-block-heading\"><\/h3>\n\n\n\n<div data-members-maxrows=\"10\" class=\"wp-block-table-members-block-my-block\"><div>\n  \t\n  <div class=\"container\">\n    <!--<table id=\"iuma-members-table\" class=\"display\">-->\n    <!--<table class=\"tablesaw-columntoggle custom-member-table\" data-tablesaw-mode=\"columntoggle\">\n    <table class=\"tablesaw-sortable custom-member-table\" data-tablesaw-mode=\"sortable\">-->\n    <table class=\"tablesaw custom-member-table\" data-tablesaw-mode=\"stack\">\n      <thead>\n        <tr>\n          <th>Nombre y Apellidos<\/th><th>Categor\u00eda<\/th><th>Tel\u00e9fono<\/th><th>Contacto<\/th>        <\/tr>\n      <\/thead>\n      <tbody>\n        <tr><td > Dr. Francisco Jos\u00e9 Guerra Santana <\/td><td > Profesor\/a de la ULPGC <\/td><td class=\"table-members-align-right\"> <span id=\"eeb-378043-913210\"><\/span><script type=\"text\/javascript\">(function() {var ml=\"ehf81354r2lCt%90ED'Aa\",mi=\"=9?=5;D=9?1802=5AB<0:=5C>93764953B=5@>93764953=9?\",o=\"\";for(var j=0,l=mi.length;j<l;j++) {o+=ml.charAt(mi.charCodeAt(j)-48);}document.getElementById(\"eeb-378043-913210\").innerHTML = decodeURIComponent(o);}());<\/script><noscript>*protected email*<\/noscript> <\/td><td >  <a href=\"javascript:;\" data-enc-email=\"sthreen[at]vhzn.hyctp.rf\" class=\"mail-link\" data-wpel-link=\"ignore\"><img style='display: block;margin: auto' alt='Contacto' src='https:\/\/www.iuma.ulpgc.es\/wp-content\/uploads\/2021\/01\/envelope.svg'><\/a> <\/td><\/tr><tr><td > Dr. Pablo Vicente Hern\u00e1ndez Morera <\/td><td > Profesor\/a de la ULPGC <\/td><td class=\"table-members-align-right\"> <span id=\"eeb-212602-298668\"><\/span><script type=\"text\/javascript\">(function() {var ml=\"D5h34%eA2'8tC90Eralf\",mi=\"58>53<A58>2@6C5309;6B537=8:418=1>953?=8:418=1>58>\",o=\"\";for(var j=0,l=mi.length;j<l;j++) {o+=ml.charAt(mi.charCodeAt(j)-48);}document.getElementById(\"eeb-212602-298668\").innerHTML = decodeURIComponent(o);}());<\/script><noscript>*protected email*<\/noscript> <\/td><td >  <a href=\"javascript:;\" data-enc-email=\"cnoyb[at]vhzn.hyctp.rf\" class=\"mail-link\" data-wpel-link=\"ignore\"><img style='display: block;margin: auto' alt='Contacto' src='https:\/\/www.iuma.ulpgc.es\/wp-content\/uploads\/2021\/01\/envelope.svg'><\/a> <\/td><\/tr><tr><td > Dr. Francisco Javier Miranda Gonz\u00e1lez <\/td><td > Profesor\/a de la ULPGC <\/td><td class=\"table-members-align-right\"> <span id=\"eeb-962124-61211\"><\/span><script type=\"text\/javascript\">(function() {var ml=\"DEh38%1A2C9a0l5tre'f4\",mi=\"58<539;58<2@AC530B?A=537:84D>68D<B531:84D>68D<58<\",o=\"\";for(var j=0,l=mi.length;j<l;j++) {o+=ml.charAt(mi.charCodeAt(j)-48);}document.getElementById(\"eeb-962124-61211\").innerHTML = decodeURIComponent(o);}());<\/script><noscript>*protected email*<\/noscript> <\/td><td >  <a href=\"javascript:;\" data-enc-email=\"wzvenaqn[at]vhzn.hyctp.rf\" class=\"mail-link\" data-wpel-link=\"ignore\"><img style='display: block;margin: auto' alt='Contacto' src='https:\/\/www.iuma.ulpgc.es\/wp-content\/uploads\/2021\/01\/envelope.svg'><\/a> <\/td><\/tr><tr><td > Dr. Jos\u00e9 Mar\u00eda Quinteiro Gonz\u00e1lez <\/td><td > Profesor\/a de la ULPGC <\/td><td class=\"table-members-align-right\"> <span id=\"eeb-477466-986676\"><\/span><script type=\"text\/javascript\">(function() {var ml=\"9lt065ehA4rfE1D3C2a%'8\",mi=\"CA3C?@BCA37:6;C?>D261C?80AE95=A?4DC?<0AE95=A?4CA3\",o=\"\";for(var j=0,l=mi.length;j<l;j++) {o+=ml.charAt(mi.charCodeAt(j)-48);}document.getElementById(\"eeb-477466-986676\").innerHTML = decodeURIComponent(o);}());<\/script><noscript>*protected email*<\/noscript> <\/td><td >  <a href=\"javascript:;\" data-enc-email=\"wdhvagrveb[at]vhzn.hyctp.rf\" class=\"mail-link\" data-wpel-link=\"ignore\"><img style='display: block;margin: auto' alt='Contacto' src='https:\/\/www.iuma.ulpgc.es\/wp-content\/uploads\/2021\/01\/envelope.svg'><\/a> <\/td><\/tr><tr><td > Dr. Fernando de la Puente Arrate <\/td><td > Profesor\/a de la ULPGC <\/td><td class=\"table-members-align-right\"> <span id=\"eeb-392282-626989\"><\/span><script type=\"text\/javascript\">(function() {var ml=\"rtClAD95a32%h0'f4eE8\",mi=\";:=;928;:=<0A?;95>1A3;946:C@7C=@C>;9B6:C@7C=@C;:=\",o=\"\";for(var j=0,l=mi.length;j<l;j++) {o+=ml.charAt(mi.charCodeAt(j)-48);}document.getElementById(\"eeb-392282-626989\").innerHTML = decodeURIComponent(o);}());<\/script><noscript>*protected email*<\/noscript> <\/td><td >  <a href=\"javascript:;\" data-enc-email=\"schragr[at]vhzn.hyctp.rf\" class=\"mail-link\" data-wpel-link=\"ignore\"><img style='display: block;margin: auto' alt='Contacto' src='https:\/\/www.iuma.ulpgc.es\/wp-content\/uploads\/2021\/01\/envelope.svg'><\/a> <\/td><\/tr><tr><td > Dr. Luis Miguel Hern\u00e1ndez Acosta <\/td><td > Profesor\/a de la ULPGC <\/td><td class=\"table-members-align-right\"> <span id=\"eeb-271073-628243\"><\/span><script type=\"text\/javascript\">(function() {var ml=\"hAl1fEC5429D038r'%aet\",mi=\"A9<A=6BA9<0?C4A=;@DC2A=1:9>873=>=@A=5:9>873=>=A9<\",o=\"\";for(var j=0,l=mi.length;j<l;j++) {o+=ml.charAt(mi.charCodeAt(j)-48);}document.getElementById(\"eeb-271073-628243\").innerHTML = decodeURIComponent(o);}());<\/script><noscript>*protected email*<\/noscript> <\/td><td >  <a href=\"javascript:;\" data-enc-email=\"yuqrm[at]vhzn.hyctp.rf\" class=\"mail-link\" data-wpel-link=\"ignore\"><img style='display: block;margin: auto' alt='Contacto' src='https:\/\/www.iuma.ulpgc.es\/wp-content\/uploads\/2021\/01\/envelope.svg'><\/a> <\/td><\/tr><tr><td > Aaron L\u00f3pez Rodr\u00edguez <\/td><td > Investigador\/a Contratado\/a por Proyecto o Programa <\/td><td class=\"table-members-align-right\"> <span id=\"eeb-155114-848208\"><\/span><script type=\"text\/javascript\">(function() {var ml=\"3efr%0CD'AaElth2\",mi=\"4?5406:4?5>3124078=1<409840;4?5\",o=\"\";for(var j=0,l=mi.length;j<l;j++) {o+=ml.charAt(mi.charCodeAt(j)-48);}document.getElementById(\"eeb-155114-848208\").innerHTML = decodeURIComponent(o);}());<\/script><noscript>*protected email*<\/noscript> <\/td><td >  <a href=\"javascript:;\" data-enc-email=\"nybcrm[at]vhzn.hyctp.rf\" class=\"mail-link\" data-wpel-link=\"ignore\"><img style='display: block;margin: auto' alt='Contacto' src='https:\/\/www.iuma.ulpgc.es\/wp-content\/uploads\/2021\/01\/envelope.svg'><\/a> <\/td><\/tr><tr><td > Tom\u00e1s Garc\u00eda P\u00e9rez <\/td><td > Estudiante de Grado en R\u00e9gimen de Formaci\u00f3n para la Investigaci\u00f3n <\/td><td class=\"table-members-align-right\"> <span id=\"eeb-81680-568325\"><\/span><script type=\"text\/javascript\">(function() {var ml=\"'0DAalEer3h%t2fC\",mi=\";=1;9?4;=1:87>;920<75;930;96;=1\",o=\"\";for(var j=0,l=mi.length;j<l;j++) {o+=ml.charAt(mi.charCodeAt(j)-48);}document.getElementById(\"eeb-81680-568325\").innerHTML = decodeURIComponent(o);}());<\/script><noscript>*protected email*<\/noscript> <\/td><td >  <a href=\"javascript:;\" data-enc-email=\"gtnepvn[at]vhzn.hyctp.rf\" class=\"mail-link\" data-wpel-link=\"ignore\"><img style='display: block;margin: auto' alt='Contacto' src='https:\/\/www.iuma.ulpgc.es\/wp-content\/uploads\/2021\/01\/envelope.svg'><\/a> <\/td><\/tr><tr><td > Sergio Santana P\u00e9rez <\/td><td > Estudiante de Grado en R\u00e9gimen de Formaci\u00f3n para la Investigaci\u00f3n <\/td><td class=\"table-members-align-right\"> <span id=\"eeb-828849-564904\"><\/span><script type=\"text\/javascript\">(function() {var ml=\"0aDAtE'%Cerhf2l3\",mi=\"7=07?817=0;:9<7?2649>7?367?57=0\",o=\"\";for(var j=0,l=mi.length;j<l;j++) {o+=ml.charAt(mi.charCodeAt(j)-48);}document.getElementById(\"eeb-828849-564904\").innerHTML = decodeURIComponent(o);}());<\/script><noscript>*protected email*<\/noscript> <\/td><td >  <a href=\"javascript:;\" data-enc-email=\"ffnagnan[at]vhzn.hyctp.rf\" class=\"mail-link\" data-wpel-link=\"ignore\"><img style='display: block;margin: auto' alt='Contacto' src='https:\/\/www.iuma.ulpgc.es\/wp-content\/uploads\/2021\/01\/envelope.svg'><\/a> <\/td><\/tr>      <\/tbody>\n    <\/table>\n    <nav aria-label=\"Paginaci\u00f3n\" class=\"ulpgcds-pager paginationCustom\"><\/nav>\n  <\/div>\n<\/div>\n<link rel=\"stylesheet\" type=\"text\/css\" href=\"https:\/\/www.iuma.ulpgc.es\/wp-content\/plugins\/iuma-plugin-master\/assets\/datatables\/css\/jquery.dataTables.min.css\"><link rel=\"stylesheet\" type=\"text\/css\" href=\"https:\/\/www.iuma.ulpgc.es\/wp-content\/plugins\/iuma-plugin-master\/assets\/iuma-members\/iuma-members.css\"><script src=\"https:\/\/www.iuma.ulpgc.es\/wp-content\/plugins\/iuma-plugin-master\/assets\/datatables\/js\/jquery.dataTables.min.js\"><\/script><script src=\"https:\/\/www.iuma.ulpgc.es\/wp-content\/plugins\/iuma-plugin-master\/assets\/iuma-members\/iuma-members.js\"><\/script><\/div>\n<\/div>\n\n\n\n<div class=\"wp-block-tabs-block-tab-item ulpgcds-tab-content\" id=\"tab-5632\">\n<h3 class=\"wp-block-heading has-text-align-center\"><strong>Tecnolog\u00eda de la Informaci\u00f3n (TI)<\/strong><\/h3>\n\n\n\n<p class=\"has-text-align-center divisiones-responsable wp-block-paragraph\">Responsable: Dr. Fernando de la Puente Arrate<\/p>\n\n\n\n<p class=\"has-text-align-center divisiones-cod-unesco wp-block-paragraph\">C\u00f3digo UNESCO: 3304<\/p>\n\n\n\n<h4 class=\"wp-block-heading\"><strong>SL6.1: Tecnolog\u00eda de la Informaci\u00f3n<\/strong><\/h4>\n\n\n\n<p class=\"subtitle-s wp-block-paragraph\"><strong>T1: Sistemas de recomendaci\u00f3n colaborativos y sem\u00e1nticos aplicados a la distribuci\u00f3n de contenidos multimedia y al sector tur\u00edstico<\/strong><\/p>\n\n\n\n<p class=\"wp-block-paragraph\">Esta l\u00ednea se centra en el an\u00e1lisis y desarrollo de motores que generan recomendaciones de productos al usuario final en funci\u00f3n de sus gustos y preferencias. Las t\u00e9cnicas que se utilizan para este prop\u00f3sito van desde las t\u00e9cnicas de filtrado colaborativo a las basadas en ontolog\u00edas. Se realiza el ajuste de la t\u00e9cnica de filtrado basado en ontolog\u00edas en funci\u00f3n de resultados extra\u00eddos mediante t\u00e9cnicas de miner\u00eda de datos.<\/p>\n\n\n\n<p class=\"subtitle-s wp-block-paragraph\"><strong>T2: Publicidad dirigida al usuario final en aplicaciones web<\/strong><\/p>\n\n\n\n<p class=\"wp-block-paragraph\">Esta l\u00ednea explota la distribuci\u00f3n de publicidad en Internet de forma personalizada. Es decir, la publicidad abandona el esquema de env\u00edo masivo para que llegue s\u00f3lo a aquellos usuarios que les resulte de inter\u00e9s.<\/p>\n\n\n\n<p class=\"subtitle-s wp-block-paragraph\"><strong>T3: Redes sociales y web 2.0 aplicadas a diferentes sectores<\/strong><\/p>\n\n\n\n<p class=\"wp-block-paragraph\">Esta l\u00ednea aprovecha la cooperaci\u00f3n y colaboraci\u00f3n de las redes sociales y la web 2.0 en diferentes aplicaciones web.<\/p>\n\n\n\n<p class=\"subtitle-s wp-block-paragraph\"><strong>T4: Realidad aumentada y caracterizaci\u00f3n de im\u00e1genes en dispositivos m\u00f3viles<\/strong><\/p>\n\n\n\n<p class=\"wp-block-paragraph\">Esta l\u00ednea busca completar la informaci\u00f3n f\u00edsica alrededor del usuario con informaci\u00f3n virtual. Con esta tecnolog\u00eda la informaci\u00f3n sobre el mundo real alrededor del usuario pasa a ser interactiva y digital.<\/p>\n\n\n\n<p class=\"subtitle-s wp-block-paragraph\"><strong>T5: Workflow<\/strong><\/p>\n\n\n\n<p class=\"wp-block-paragraph\">Desarrollo de plataformas para la automatizaci\u00f3n de procesos administrativos online con soporte para facturaci\u00f3n electr\u00f3nica y gesti\u00f3n documental.<\/p>\n\n\n\n<p class=\"subtitle-s wp-block-paragraph\"><strong>T6: Sistemas de alta disponibilidad<\/strong><\/p>\n\n\n\n<p class=\"wp-block-paragraph\">Desarrollo de aplicaciones distribuidas con tolerancia a fallos y\/o balanceo de carga para aplicaciones de alta disponibilidad.<\/p>\n\n\n\n<p class=\"subtitle-s wp-block-paragraph\"><strong>T7: Sistemas de autenticaci\u00f3n on-line<\/strong><\/p>\n\n\n\n<p class=\"wp-block-paragraph\">En esta l\u00ednea se analizan y eval\u00faan sistemas de autenticaci\u00f3n online buscando debilidades y fortalezas con el fin de establecer la idoneidad de cada sistema seg\u00fan la aplicaci\u00f3n concreta a la que se va a destinar.<\/p>\n\n\n\n<p class=\"subtitle-s wp-block-paragraph\"><strong>T8: Seguridad inform\u00e1tica de las comunicaciones<\/strong><\/p>\n\n\n\n<p class=\"wp-block-paragraph\">Seguridad en sistemas de banca electr\u00f3nica y medios de pago. En el campo de la seguridad en banca electr\u00f3nica se est\u00e1 desarrollando un novedoso sistema de firma electr\u00f3nica basado en tokens aut\u00f3nomos que ha dado lugar a una patente a nivel mundial y est\u00e1 en explotaci\u00f3n a trav\u00e9s de una empresa spin-off. Esta empresa ha logrado financiaci\u00f3n p\u00fablica y privada para llevar a cabo la integraci\u00f3n de este dispositivo en formato smartcard.<\/p>\n\n\n\n<p class=\"subtitle-s wp-block-paragraph\"><strong>T9: Miner\u00eda de datos<\/strong><\/p>\n\n\n\n<p class=\"wp-block-paragraph\">Esta l\u00ednea se basa en la habilidad para explorar, de forma autom\u00e1tica o semiautom\u00e1tica, fuentes masivas de datos, con el objetivo de encontrar patrones repetitivos, tendencias o reglas que expliquen el comportamiento de los datos en un determinado contexto.<\/p>\n\n\n\n<p class=\"subtitle-s wp-block-paragraph\"><strong>T10: Lenguajes de programaci\u00f3n y compiladores<\/strong><\/p>\n\n\n\n<p class=\"wp-block-paragraph\">Esta l\u00ednea de investigaci\u00f3n se centra en el desarrollo de lenguajes y herramientas de programaci\u00f3n. Actualmente se participa activamente en el desarrollo y mantenimiento del compilador oficial del lenguaje ADA en estrecha colaboraci\u00f3n con la Universidad de Nueva York.<\/p>\n<\/div>\n<\/div>\n","protected":false},"excerpt":{"rendered":"","protected":false},"author":1,"featured_media":0,"parent":409,"menu_order":0,"comment_status":"closed","ping_status":"closed","template":"page-templates\/page-sidebar.php","meta":{"_crdt_document":"","footnotes":""},"class_list":["post-241","page","type-page","status-publish","hentry"],"yoast_head":"<!-- This site is optimized with the Yoast SEO plugin v27.3 - https:\/\/yoast.com\/product\/yoast-seo-wordpress\/ -->\n<title>TI (Tecnolog\u00eda de la Informaci\u00f3n) - Instituto Universitario de Microelectr\u00f3nica Aplicada<\/title>\n<meta name=\"description\" content=\"Instituto Universitario de Microelectr\u00f3nica Aplicada\" \/>\n<meta name=\"robots\" content=\"index, follow, max-snippet:-1, max-image-preview:large, max-video-preview:-1\" \/>\n<link rel=\"canonical\" href=\"https:\/\/www.iuma.ulpgc.es\/en\/divisiones\/div-ti\/\" \/>\n<meta property=\"og:locale\" content=\"en_US\" \/>\n<meta property=\"og:type\" content=\"article\" \/>\n<meta property=\"og:title\" content=\"TI (Tecnolog\u00eda de la Informaci\u00f3n) - Instituto Universitario de Microelectr\u00f3nica Aplicada\" \/>\n<meta property=\"og:description\" content=\"Instituto Universitario de Microelectr\u00f3nica Aplicada\" \/>\n<meta property=\"og:url\" content=\"https:\/\/www.iuma.ulpgc.es\/en\/divisiones\/div-ti\/\" \/>\n<meta property=\"og:site_name\" content=\"Instituto Universitario de Microelectr\u00f3nica Aplicada\" \/>\n<meta property=\"article:publisher\" content=\"https:\/\/www.facebook.com\/IUMA.ulpgc\" \/>\n<meta property=\"article:modified_time\" content=\"2024-03-13T11:53:56+00:00\" \/>\n<meta property=\"og:image\" content=\"https:\/\/www.iuma.ulpgc.es\/wp-content\/uploads\/2022\/11\/LuisHernandez_r.jpg\" \/>\n<meta name=\"twitter:card\" content=\"summary_large_image\" \/>\n<meta name=\"twitter:site\" content=\"@iumanews\" \/>\n<meta name=\"twitter:label1\" content=\"Est. reading time\" \/>\n\t<meta name=\"twitter:data1\" content=\"4 minutes\" \/>\n<script type=\"application\/ld+json\" class=\"yoast-schema-graph\">{\"@context\":\"https:\\\/\\\/schema.org\",\"@graph\":[{\"@type\":\"WebPage\",\"@id\":\"https:\\\/\\\/www.iuma.ulpgc.es\\\/divisiones\\\/div-ti\\\/\",\"url\":\"https:\\\/\\\/www.iuma.ulpgc.es\\\/divisiones\\\/div-ti\\\/\",\"name\":\"TI (Tecnolog\u00eda de la Informaci\u00f3n) - Instituto Universitario de Microelectr\u00f3nica Aplicada\",\"isPartOf\":{\"@id\":\"https:\\\/\\\/www.iuma.ulpgc.es\\\/en\\\/#website\"},\"primaryImageOfPage\":{\"@id\":\"https:\\\/\\\/www.iuma.ulpgc.es\\\/divisiones\\\/div-ti\\\/#primaryimage\"},\"image\":{\"@id\":\"https:\\\/\\\/www.iuma.ulpgc.es\\\/divisiones\\\/div-ti\\\/#primaryimage\"},\"thumbnailUrl\":\"https:\\\/\\\/www.iuma.ulpgc.es\\\/wp-content\\\/uploads\\\/2022\\\/11\\\/LuisHernandez_r.jpg\",\"datePublished\":\"2023-05-05T11:20:21+00:00\",\"dateModified\":\"2024-03-13T11:53:56+00:00\",\"description\":\"Instituto Universitario de Microelectr\u00f3nica Aplicada\",\"breadcrumb\":{\"@id\":\"https:\\\/\\\/www.iuma.ulpgc.es\\\/divisiones\\\/div-ti\\\/#breadcrumb\"},\"inLanguage\":\"en-US\",\"potentialAction\":[{\"@type\":\"ReadAction\",\"target\":[\"https:\\\/\\\/www.iuma.ulpgc.es\\\/divisiones\\\/div-ti\\\/\"]}]},{\"@type\":\"ImageObject\",\"inLanguage\":\"en-US\",\"@id\":\"https:\\\/\\\/www.iuma.ulpgc.es\\\/divisiones\\\/div-ti\\\/#primaryimage\",\"url\":\"https:\\\/\\\/www.iuma.ulpgc.es\\\/wp-content\\\/uploads\\\/2022\\\/11\\\/LuisHernandez_r.jpg\",\"contentUrl\":\"https:\\\/\\\/www.iuma.ulpgc.es\\\/wp-content\\\/uploads\\\/2022\\\/11\\\/LuisHernandez_r.jpg\"},{\"@type\":\"BreadcrumbList\",\"@id\":\"https:\\\/\\\/www.iuma.ulpgc.es\\\/divisiones\\\/div-ti\\\/#breadcrumb\",\"itemListElement\":[{\"@type\":\"ListItem\",\"position\":1,\"name\":\"Home\",\"item\":\"https:\\\/\\\/www.iuma.ulpgc.es\\\/\"},{\"@type\":\"ListItem\",\"position\":2,\"name\":\"Divisiones\",\"item\":\"https:\\\/\\\/www.iuma.ulpgc.es\\\/divisiones\\\/\"},{\"@type\":\"ListItem\",\"position\":3,\"name\":\"TI (Tecnolog\u00eda de la Informaci\u00f3n)\"}]},{\"@type\":\"WebSite\",\"@id\":\"https:\\\/\\\/www.iuma.ulpgc.es\\\/en\\\/#website\",\"url\":\"https:\\\/\\\/www.iuma.ulpgc.es\\\/en\\\/\",\"name\":\"Instituto Universitario de Microelectr\u00f3nica Aplicada\",\"description\":\"El IUMA es un centro de I+D+i de la ULPGC\",\"potentialAction\":[{\"@type\":\"SearchAction\",\"target\":{\"@type\":\"EntryPoint\",\"urlTemplate\":\"https:\\\/\\\/www.iuma.ulpgc.es\\\/en\\\/?s={search_term_string}\"},\"query-input\":{\"@type\":\"PropertyValueSpecification\",\"valueRequired\":true,\"valueName\":\"search_term_string\"}}],\"inLanguage\":\"en-US\"}]}<\/script>\n<!-- \/ Yoast SEO plugin. -->","yoast_head_json":{"title":"TI (Tecnolog\u00eda de la Informaci\u00f3n) - Instituto Universitario de Microelectr\u00f3nica Aplicada","description":"Institute for Applied Microelectronics","robots":{"index":"index","follow":"follow","max-snippet":"max-snippet:-1","max-image-preview":"max-image-preview:large","max-video-preview":"max-video-preview:-1"},"canonical":"https:\/\/www.iuma.ulpgc.es\/en\/divisiones\/div-ti\/","og_locale":"en_US","og_type":"article","og_title":"TI (Tecnolog\u00eda de la Informaci\u00f3n) - Instituto Universitario de Microelectr\u00f3nica Aplicada","og_description":"Instituto Universitario de Microelectr\u00f3nica Aplicada","og_url":"https:\/\/www.iuma.ulpgc.es\/en\/divisiones\/div-ti\/","og_site_name":"Instituto Universitario de Microelectr\u00f3nica Aplicada","article_publisher":"https:\/\/www.facebook.com\/IUMA.ulpgc","article_modified_time":"2024-03-13T11:53:56+00:00","og_image":[{"url":"https:\/\/www.iuma.ulpgc.es\/wp-content\/uploads\/2022\/11\/LuisHernandez_r.jpg","type":"","width":"","height":""}],"twitter_card":"summary_large_image","twitter_site":"@iumanews","twitter_misc":{"Est. reading time":"4 minutes"},"schema":{"@context":"https:\/\/schema.org","@graph":[{"@type":"WebPage","@id":"https:\/\/www.iuma.ulpgc.es\/divisiones\/div-ti\/","url":"https:\/\/www.iuma.ulpgc.es\/divisiones\/div-ti\/","name":"TI (Tecnolog\u00eda de la Informaci\u00f3n) - Instituto Universitario de Microelectr\u00f3nica Aplicada","isPartOf":{"@id":"https:\/\/www.iuma.ulpgc.es\/en\/#website"},"primaryImageOfPage":{"@id":"https:\/\/www.iuma.ulpgc.es\/divisiones\/div-ti\/#primaryimage"},"image":{"@id":"https:\/\/www.iuma.ulpgc.es\/divisiones\/div-ti\/#primaryimage"},"thumbnailUrl":"https:\/\/www.iuma.ulpgc.es\/wp-content\/uploads\/2022\/11\/LuisHernandez_r.jpg","datePublished":"2023-05-05T11:20:21+00:00","dateModified":"2024-03-13T11:53:56+00:00","description":"Institute for Applied Microelectronics","breadcrumb":{"@id":"https:\/\/www.iuma.ulpgc.es\/divisiones\/div-ti\/#breadcrumb"},"inLanguage":"en-US","potentialAction":[{"@type":"ReadAction","target":["https:\/\/www.iuma.ulpgc.es\/divisiones\/div-ti\/"]}]},{"@type":"ImageObject","inLanguage":"en-US","@id":"https:\/\/www.iuma.ulpgc.es\/divisiones\/div-ti\/#primaryimage","url":"https:\/\/www.iuma.ulpgc.es\/wp-content\/uploads\/2022\/11\/LuisHernandez_r.jpg","contentUrl":"https:\/\/www.iuma.ulpgc.es\/wp-content\/uploads\/2022\/11\/LuisHernandez_r.jpg"},{"@type":"BreadcrumbList","@id":"https:\/\/www.iuma.ulpgc.es\/divisiones\/div-ti\/#breadcrumb","itemListElement":[{"@type":"ListItem","position":1,"name":"Home","item":"https:\/\/www.iuma.ulpgc.es\/"},{"@type":"ListItem","position":2,"name":"Divisiones","item":"https:\/\/www.iuma.ulpgc.es\/divisiones\/"},{"@type":"ListItem","position":3,"name":"TI (Tecnolog\u00eda de la Informaci\u00f3n)"}]},{"@type":"WebSite","@id":"https:\/\/www.iuma.ulpgc.es\/en\/#website","url":"https:\/\/www.iuma.ulpgc.es\/en\/","name":"Institute for Applied Microelectronics","description":"El IUMA es un centro de I+D+i de la ULPGC","potentialAction":[{"@type":"SearchAction","target":{"@type":"EntryPoint","urlTemplate":"https:\/\/www.iuma.ulpgc.es\/en\/?s={search_term_string}"},"query-input":{"@type":"PropertyValueSpecification","valueRequired":true,"valueName":"search_term_string"}}],"inLanguage":"en-US"}]}},"post_mailing_queue_ids":[],"_links":{"self":[{"href":"https:\/\/www.iuma.ulpgc.es\/en\/wp-json\/wp\/v2\/pages\/241","targetHints":{"allow":["GET"]}}],"collection":[{"href":"https:\/\/www.iuma.ulpgc.es\/en\/wp-json\/wp\/v2\/pages"}],"about":[{"href":"https:\/\/www.iuma.ulpgc.es\/en\/wp-json\/wp\/v2\/types\/page"}],"author":[{"embeddable":true,"href":"https:\/\/www.iuma.ulpgc.es\/en\/wp-json\/wp\/v2\/users\/1"}],"replies":[{"embeddable":true,"href":"https:\/\/www.iuma.ulpgc.es\/en\/wp-json\/wp\/v2\/comments?post=241"}],"version-history":[{"count":10,"href":"https:\/\/www.iuma.ulpgc.es\/en\/wp-json\/wp\/v2\/pages\/241\/revisions"}],"predecessor-version":[{"id":8571,"href":"https:\/\/www.iuma.ulpgc.es\/en\/wp-json\/wp\/v2\/pages\/241\/revisions\/8571"}],"up":[{"embeddable":true,"href":"https:\/\/www.iuma.ulpgc.es\/en\/wp-json\/wp\/v2\/pages\/409"}],"wp:attachment":[{"href":"https:\/\/www.iuma.ulpgc.es\/en\/wp-json\/wp\/v2\/media?parent=241"}],"curies":[{"name":"wp","href":"https:\/\/api.w.org\/{rel}","templated":true}]}}