{"id":263,"date":"2023-05-05T13:23:53","date_gmt":"2023-05-05T12:23:53","guid":{"rendered":"https:\/\/www.iuma.ulpgc.es\/?page_id=263"},"modified":"2024-03-15T13:56:34","modified_gmt":"2024-03-15T13:56:34","slug":"transferencia-tecnologia-y-colaboracion","status":"publish","type":"page","link":"https:\/\/www.iuma.ulpgc.es\/en\/transferencia-tecnologia-y-colaboracion\/","title":{"rendered":"Technology Transfer"},"content":{"rendered":"<p class=\"wp-block-paragraph\">One notable aspect of IUMA's work is the application of knowledge for transfer to the productive sector, contributing effectively to the development of society that provides the necessary funds for its financing.<\/p>\n\n\n\n<p class=\"wp-block-paragraph\">This commitment has been present since its creation, contributing significantly in various areas:<\/p>\n\n\n\n<ul class=\"wp-block-list\">\n<li>Training of personnel at the master's and doctoral levels integrating into research and the productive sector.<\/li>\n\n\n\n<li>Participation in different evaluation and advisory committees.<\/li>\n\n\n\n<li>Support for local, regional, national, and international development in numerous basic and applied research projects.<\/li>\n\n\n\n<li>Creation of Spin-off companies.<\/li>\n\n\n\n<li>Transfer of knowledge in the form of patents.<\/li>\n<\/ul>\n\n\n\n<p class=\"wp-block-paragraph\">The most significant patents in which IUMA researchers participate are listed below.<\/p>\n\n\n\n<div style=\"height:24px\" class=\"wp-block-spacing-block-my-block spacing-l\"><\/div>\n\n\n\n<p class=\"subtitle-l wp-block-paragraph\">Patents<\/p>\n\n\n\n<div style=\"height:24px\" class=\"wp-block-spacing-block-my-block spacing-l\"><\/div>\n\n\n\n<!-- ######################################################### -->\n<div class=\"tarjeta-proyectos-iuma alt\">\n    <div class=\"meta-proyectos-iuma\">\n        <div class=\"foto-proyectos-iuma\" style=\"background-image: url(\/wp-content\/uploads\/2024\/02\/patentes-1-new.jpg)\"><\/div>\n        <div class=\"detalle-proyectos-iuma\">\n          <p><span class=\"ulpgcds-icon-calendar\"><\/span> 2019<\/p>\n        <\/div>\n    <\/div>\n    <div class=\"descripcion-proyectos-iuma\">\n        <h1>Device and Method for Monitoring Fish Activity<\/h1>\n        <h2>Code: ES2725913<\/h2>\n        <p>\n          Inventors: Enric Cabruja Casas, Manuel Lozano Fantoba, Jaume P\u00e9rez S\u00e1nchez, Josep Calduch Giner, Carlos Javier Sosa Gonz\u00e1lez, Miguel \u00c1ngel Ferrer Ballester, Juan Antonio Montiel Nelson, and Juan Manuel Afonso L\u00f3pez\n          <br>\n        <\/p>\n        <p class=\"informacion-proyectos-iuma\">\n          <a href=\"http:\/\/consultas2.oepm.es\/InvenesWeb\/detalle?referencia=P201830305\" rel=\"noopener\" target=\"_blank\">More information<\/a>\n        <\/p>\n    <\/div>\n<\/div>\n\n<!-- ######################################################### -->\n<div class=\"tarjeta-proyectos-iuma\">\n    <div class=\"meta-proyectos-iuma\">\n        <div class=\"foto-proyectos-iuma\" style=\"background-image: url(\/wp-content\/uploads\/2024\/02\/patentes-2-new.jpg)\"><\/div>\n        <div class=\"detalle-proyectos-iuma\">\n            <p><span class=\"ulpgcds-icon-calendar\"><\/span> 2016<\/p>\n        <\/div>\n    <\/div>\n    <div class=\"descripcion-proyectos-iuma\">\n        <h1>Articulated device for placing sanitary pieces such as sinks and sinks<\/h1>\n        <h2>Code: ES1147083<\/h2>\n        <p>\n          Inventors: Romarey Ruiz Mendoza, Jos\u00e9 Pablo Su\u00e1rez Rivero, and Gustavo Manuel Rodr\u00edguez Batista\n          <br>\n        <\/p>\n        <p class=\"informacion-proyectos-iuma\">\n            <a target=\"_blank\" href=\"http:\/\/consultas2.oepm.es\/InvenesWeb\/detalle?referencia=U201500662\" rel=\"noopener\">More information<\/a>\n        <\/p>\n    <\/div>\n<\/div>\n\n<!-- ######################################################### -->\n<div class=\"tarjeta-proyectos-iuma alt\">\n    <div class=\"meta-proyectos-iuma\">\n        <div class=\"foto-proyectos-iuma\" style=\"background-image: url(\/wp-content\/uploads\/2024\/02\/patentes-1-new.jpg)\"><\/div>\n        <div class=\"detalle-proyectos-iuma\">\n          <p><span class=\"ulpgcds-icon-calendar\"><\/span> 2016<\/p>\n        <\/div>\n    <\/div>\n    <div class=\"descripcion-proyectos-iuma\">\n        <h1>Method of non-invasive detection of tumor and\/or healthy tissue and hyperspectral imaging apparatus<\/h1>\n        <h2>Code: EP3545491B1<\/h2>\n        <p>\n          Inventors: Gustavo Marrero Callic\u00f3, Himar Antonio Fabelo G\u00f3mez, Samuel Ortega Sarmiento, Bogdan Stanciulescu, and Kiran Bangalore Ravi\n          <br>\n        <\/p>\n        <p class=\"informacion-proyectos-iuma\">\n          <a href=\"https:\/\/patents.google.com\/patent\/EP3545491B1\/en?assignee=Universidad+De+Las+Palmas+De+Gran+Canaria\" rel=\"noopener\" target=\"_blank\">More information<\/a>\n        <\/p>\n    <\/div>\n<\/div>\n\n<!-- ######################################################### -->\n<div class=\"tarjeta-proyectos-iuma\">\n    <div class=\"meta-proyectos-iuma\">\n        <div class=\"foto-proyectos-iuma\" style=\"background-image: url(\/wp-content\/uploads\/2024\/02\/patentes-4-new.jpg)\"><\/div>\n        <div class=\"detalle-proyectos-iuma\">\n            <p><span class=\"ulpgcds-icon-calendar\"><\/span> 2010<\/p>\n        <\/div>\n    <\/div>\n    <div class=\"descripcion-proyectos-iuma\">\n        <h1>Modified shunt-peaking load circuit to maintain the magnitude of the gain of integrated lines on large band widths<\/h1>\n        <h2>Code: ES2329744<\/h2>\n        <p>\n          Inventors: Francisco Javier Del Pino Su\u00e1rez, Javier Garc\u00eda Garc\u00eda, Hugo Garc\u00eda V\u00e1zquez, Benito Gonz\u00e1lez P\u00e9rez, Antonio Hern\u00e1ndez Ballester, and Sunil Lalchand Khemchandani\n          <br>\n        <\/p>\n        <p class=\"informacion-proyectos-iuma\">\n            <a target=\"_blank\" href=\"http:\/\/consultas2.oepm.es\/InvenesWeb\/detalle?referencia=P200700171\" rel=\"noopener\">More information<\/a>\n        <\/p>\n    <\/div>\n<\/div>\n\n<!-- ######################################################### -->\n<div class=\"tarjeta-proyectos-iuma alt\">\n    <div class=\"meta-proyectos-iuma\">\n        <div class=\"foto-proyectos-iuma\" style=\"background-image: url(\/wp-content\/uploads\/2024\/02\/patentes-2-new.jpg)\"><\/div>\n        <div class=\"detalle-proyectos-iuma\">\n          <p><span class=\"ulpgcds-icon-calendar\"><\/span> 2008<\/p>\n        <\/div>\n    <\/div>\n    <div class=\"descripcion-proyectos-iuma\">\n        <h1>Self-adaptive video super-resolution technique with variable upscale factor<\/h1>\n        <h2>Code: AU2008906052A0<\/h2>\n        <p>\n          Inventors: Gustavo Marrero Callic\u00f3, Kamran Eshraghian, Jose Francisco L\u00f3pez Feliciano, F\u00e9lix Bernardo Tobajas Guerrero, Antonio N\u00fa\u00f1ez Ord\u00f3\u00f1ez, Roberto Sarmiento Rodr\u00edguez, Valent\u00edn de Armas Sosa, and Sebasti\u00e1n Miguel L\u00f3pez Su\u00e1rez\n          <br>\n        <\/p>\n        <p class=\"informacion-proyectos-iuma\">\n          <a href=\"https:\/\/patents.google.com\/patent\/AU2008906052A0\/en?inventor=roberto+sarmiento&#038;oq=roberto+sarmiento\" rel=\"noopener\" target=\"_blank\">More information<\/a>\n        <\/p>\n    <\/div>\n<\/div>\n\n<!-- ######################################################### -->\n<div class=\"tarjeta-proyectos-iuma\">\n    <div class=\"meta-proyectos-iuma\">\n        <div class=\"foto-proyectos-iuma\" style=\"background-image: url(\/wp-content\/uploads\/2024\/02\/patentes-1-new.jpg)\"><\/div>\n        <div class=\"detalle-proyectos-iuma\">\n            <p><span class=\"ulpgcds-icon-calendar\"><\/span> 2008<\/p>\n        <\/div>\n    <\/div>\n    <div class=\"descripcion-proyectos-iuma\">\n        <h1>Mechanical and electrical connection system for printed circuits<\/h1>\n        <h2>Code: ESP200550076<\/h2>\n        <p>\n          Inventors: Aurelio Vega Mart\u00ednez\n          <br>\n        <\/p>\n        <p class=\"informacion-proyectos-iuma\">\n            <a target=\"_blank\" href=\"https:\/\/patentscope.wipo.int\/search\/es\/detail.jsf?docId=WO2004103103\" rel=\"noopener\">More information<\/a>\n        <\/p>\n    <\/div>\n<\/div>\n\n<!-- ######################################################### -->\n<div class=\"tarjeta-proyectos-iuma alt\">\n    <div class=\"meta-proyectos-iuma\">\n        <div class=\"foto-proyectos-iuma\" style=\"background-image: url(\/wp-content\/uploads\/2024\/02\/patentes-4-new.jpg)\"><\/div>\n        <div class=\"detalle-proyectos-iuma\">\n          <p><span class=\"ulpgcds-icon-calendar\"><\/span> 2006<\/p>\n        <\/div>\n    <\/div>\n    <div class=\"descripcion-proyectos-iuma\">\n        <h1>Modified shunt-peaking load circuit to maintain the magnitude of the gain of integrated lines on large band widths<\/h1>\n        <h2>Code: ES2329744B1<\/h2>\n        <p>\n          Inventors: Francisco J. Del Pino Suarez, Javier A. Garc\u00eda Garc\u00eda, Hugo Garc\u00eda V\u00e1zquez, Benito Gonz\u00e1lez P\u00e9rez, Antonio Hern\u00e1ndez Ballester, and Sunil Lalchand Khemchandani\n          <br>\n        <\/p>\n        <p class=\"informacion-proyectos-iuma\">\n          <a href=\"https:\/\/patents.google.com\/patent\/ES2329744B1\/en?assignee=Universidad+De+Las+Palmas+De+Gran+Canaria&#038;page=9\" rel=\"noopener\" target=\"_blank\">More information<\/a>\n        <\/p>\n    <\/div>\n<\/div>\n\n<!-- ######################################################### -->\n<div class=\"tarjeta-proyectos-iuma\">\n    <div class=\"meta-proyectos-iuma\">\n        <div class=\"foto-proyectos-iuma\" style=\"background-image: url(\/wp-content\/uploads\/2024\/02\/patentes-2-new.jpg)\"><\/div>\n        <div class=\"detalle-proyectos-iuma\">\n            <p><span class=\"ulpgcds-icon-calendar\"><\/span> 2006<\/p>\n        <\/div>\n    <\/div>\n    <div class=\"descripcion-proyectos-iuma\">\n        <h1>Procedure for the adapted multipoint transmission of high-speed digital signals on printed circuits and readaptation to measuring equipment<\/h1>\n        <h2>Code: ES2237278<\/h2>\n        <p>\n          Inventors: Roberto Esper-Cha\u00edn Falc\u00f3n, \u00d3scar M. Tubio Araujo, F\u00e9lix Bernardo Tobajas Guerrero, Valent\u00edn De Armas Sosa, Francisco Gonz\u00e1lez Gonz\u00e1lez, and Roberto Sarmiento Rodr\u00edguez\n          <br>\n        <\/p>\n        <p class=\"informacion-proyectos-iuma\">\n            <a target=\"_blank\" href=\"http:\/\/consultas2.oepm.es\/InvenesWeb\/detalle?referencia=P200300853\" rel=\"noopener\">More information<\/a>\n        <\/p>\n    <\/div>\n<\/div>\n\n<!-- ######################################################### -->\n<div class=\"tarjeta-proyectos-iuma alt\">\n    <div class=\"meta-proyectos-iuma\">\n        <div class=\"foto-proyectos-iuma\" style=\"background-image: url(\/wp-content\/uploads\/2024\/02\/patentes-4-new.jpg)\"><\/div>\n        <div class=\"detalle-proyectos-iuma\">\n          <p><span class=\"ulpgcds-icon-calendar\"><\/span> 2003<\/p>\n        <\/div>\n    <\/div>\n    <div class=\"descripcion-proyectos-iuma\">\n        <h1>External signer for PC<\/h1>\n        <h2>Code: ES2167245<\/h2>\n        <p>\n          Inventors: Juan Domingo Sandoval Gonz\u00e1lez and Fernando de la Puente Arrate\n          <br>\n        <\/p>\n        <p class=\"informacion-proyectos-iuma\">\n          <a href=\"http:\/\/consultas2.oepm.es\/InvenesWeb\/detalle?referencia=P200001646\" rel=\"noopener\" target=\"_blank\">More information<\/a>\n        <\/p>\n    <\/div>\n<\/div>","protected":false},"excerpt":{"rendered":"<p>Uno de los aspectos a destacar de la labor del IUMA es la aplicaci\u00f3n del conocimiento para su transferencia al sector productivo de tal forma que se genere una contribuci\u00f3n efectiva al desarrollo de la sociedad que aporta los fondos necesarios para la financiaci\u00f3n de su actividad. Este compromiso est\u00e1 presente desde su creaci\u00f3n, contribuyendo [&hellip;]<\/p>\n","protected":false},"author":1,"featured_media":0,"parent":0,"menu_order":0,"comment_status":"closed","ping_status":"closed","template":"page-templates\/page-title-menu_sidebar.php","meta":{"_crdt_document":"","footnotes":""},"class_list":["post-263","page","type-page","status-publish","hentry"],"yoast_head":"<!-- This site is optimized with the Yoast SEO plugin v27.5 - https:\/\/yoast.com\/product\/yoast-seo-wordpress\/ -->\n<title>Transferencia de Tecnolog\u00eda - Instituto Universitario de Microelectr\u00f3nica Aplicada<\/title>\n<meta name=\"description\" content=\"Instituto Universitario de Microelectr\u00f3nica Aplicada\" \/>\n<meta name=\"robots\" content=\"index, follow, max-snippet:-1, max-image-preview:large, max-video-preview:-1\" \/>\n<link rel=\"canonical\" href=\"https:\/\/www.iuma.ulpgc.es\/en\/transferencia-tecnologia-y-colaboracion\/\" \/>\n<meta property=\"og:locale\" content=\"en_US\" \/>\n<meta property=\"og:type\" content=\"article\" \/>\n<meta property=\"og:title\" content=\"Transferencia de Tecnolog\u00eda - Instituto Universitario de Microelectr\u00f3nica Aplicada\" \/>\n<meta property=\"og:description\" content=\"Instituto Universitario de Microelectr\u00f3nica Aplicada\" \/>\n<meta property=\"og:url\" content=\"https:\/\/www.iuma.ulpgc.es\/en\/transferencia-tecnologia-y-colaboracion\/\" \/>\n<meta property=\"og:site_name\" content=\"Instituto Universitario de Microelectr\u00f3nica Aplicada\" \/>\n<meta property=\"article:publisher\" content=\"https:\/\/www.facebook.com\/IUMA.ulpgc\" \/>\n<meta property=\"article:modified_time\" content=\"2024-03-15T13:56:34+00:00\" \/>\n<meta name=\"twitter:card\" content=\"summary_large_image\" \/>\n<meta name=\"twitter:site\" content=\"@iumanews\" \/>\n<meta name=\"twitter:label1\" content=\"Est. reading time\" \/>\n\t<meta name=\"twitter:data1\" content=\"3 minutes\" \/>\n<script type=\"application\/ld+json\" class=\"yoast-schema-graph\">{\"@context\":\"https:\\\/\\\/schema.org\",\"@graph\":[{\"@type\":\"WebPage\",\"@id\":\"https:\\\/\\\/www.iuma.ulpgc.es\\\/transferencia-tecnologia-y-colaboracion\\\/\",\"url\":\"https:\\\/\\\/www.iuma.ulpgc.es\\\/transferencia-tecnologia-y-colaboracion\\\/\",\"name\":\"Transferencia de Tecnolog\u00eda - Instituto Universitario de Microelectr\u00f3nica Aplicada\",\"isPartOf\":{\"@id\":\"https:\\\/\\\/www.iuma.ulpgc.es\\\/en\\\/#website\"},\"datePublished\":\"2023-05-05T12:23:53+00:00\",\"dateModified\":\"2024-03-15T13:56:34+00:00\",\"description\":\"Instituto Universitario de Microelectr\u00f3nica Aplicada\",\"breadcrumb\":{\"@id\":\"https:\\\/\\\/www.iuma.ulpgc.es\\\/transferencia-tecnologia-y-colaboracion\\\/#breadcrumb\"},\"inLanguage\":\"en-US\",\"potentialAction\":[{\"@type\":\"ReadAction\",\"target\":[\"https:\\\/\\\/www.iuma.ulpgc.es\\\/transferencia-tecnologia-y-colaboracion\\\/\"]}]},{\"@type\":\"BreadcrumbList\",\"@id\":\"https:\\\/\\\/www.iuma.ulpgc.es\\\/transferencia-tecnologia-y-colaboracion\\\/#breadcrumb\",\"itemListElement\":[{\"@type\":\"ListItem\",\"position\":1,\"name\":\"Home\",\"item\":\"https:\\\/\\\/www.iuma.ulpgc.es\\\/\"},{\"@type\":\"ListItem\",\"position\":2,\"name\":\"Transferencia de Tecnolog\u00eda\"}]},{\"@type\":\"WebSite\",\"@id\":\"https:\\\/\\\/www.iuma.ulpgc.es\\\/en\\\/#website\",\"url\":\"https:\\\/\\\/www.iuma.ulpgc.es\\\/en\\\/\",\"name\":\"Instituto Universitario de Microelectr\u00f3nica Aplicada\",\"description\":\"El IUMA es un centro de I+D+i de la ULPGC\",\"potentialAction\":[{\"@type\":\"SearchAction\",\"target\":{\"@type\":\"EntryPoint\",\"urlTemplate\":\"https:\\\/\\\/www.iuma.ulpgc.es\\\/en\\\/?s={search_term_string}\"},\"query-input\":{\"@type\":\"PropertyValueSpecification\",\"valueRequired\":true,\"valueName\":\"search_term_string\"}}],\"inLanguage\":\"en-US\"}]}<\/script>\n<!-- \/ Yoast SEO plugin. -->","yoast_head_json":{"title":"Transferencia de Tecnolog\u00eda - Instituto Universitario de Microelectr\u00f3nica Aplicada","description":"Institute for Applied Microelectronics","robots":{"index":"index","follow":"follow","max-snippet":"max-snippet:-1","max-image-preview":"max-image-preview:large","max-video-preview":"max-video-preview:-1"},"canonical":"https:\/\/www.iuma.ulpgc.es\/en\/transferencia-tecnologia-y-colaboracion\/","og_locale":"en_US","og_type":"article","og_title":"Transferencia de Tecnolog\u00eda - Instituto Universitario de Microelectr\u00f3nica Aplicada","og_description":"Instituto Universitario de Microelectr\u00f3nica Aplicada","og_url":"https:\/\/www.iuma.ulpgc.es\/en\/transferencia-tecnologia-y-colaboracion\/","og_site_name":"Instituto Universitario de Microelectr\u00f3nica Aplicada","article_publisher":"https:\/\/www.facebook.com\/IUMA.ulpgc","article_modified_time":"2024-03-15T13:56:34+00:00","twitter_card":"summary_large_image","twitter_site":"@iumanews","twitter_misc":{"Est. reading time":"3 minutes"},"schema":{"@context":"https:\/\/schema.org","@graph":[{"@type":"WebPage","@id":"https:\/\/www.iuma.ulpgc.es\/transferencia-tecnologia-y-colaboracion\/","url":"https:\/\/www.iuma.ulpgc.es\/transferencia-tecnologia-y-colaboracion\/","name":"Transferencia de Tecnolog\u00eda - Instituto Universitario de Microelectr\u00f3nica Aplicada","isPartOf":{"@id":"https:\/\/www.iuma.ulpgc.es\/en\/#website"},"datePublished":"2023-05-05T12:23:53+00:00","dateModified":"2024-03-15T13:56:34+00:00","description":"Institute for Applied Microelectronics","breadcrumb":{"@id":"https:\/\/www.iuma.ulpgc.es\/transferencia-tecnologia-y-colaboracion\/#breadcrumb"},"inLanguage":"en-US","potentialAction":[{"@type":"ReadAction","target":["https:\/\/www.iuma.ulpgc.es\/transferencia-tecnologia-y-colaboracion\/"]}]},{"@type":"BreadcrumbList","@id":"https:\/\/www.iuma.ulpgc.es\/transferencia-tecnologia-y-colaboracion\/#breadcrumb","itemListElement":[{"@type":"ListItem","position":1,"name":"Home","item":"https:\/\/www.iuma.ulpgc.es\/"},{"@type":"ListItem","position":2,"name":"Transferencia de Tecnolog\u00eda"}]},{"@type":"WebSite","@id":"https:\/\/www.iuma.ulpgc.es\/en\/#website","url":"https:\/\/www.iuma.ulpgc.es\/en\/","name":"Institute for Applied Microelectronics","description":"El IUMA es un centro de I+D+i de la ULPGC","potentialAction":[{"@type":"SearchAction","target":{"@type":"EntryPoint","urlTemplate":"https:\/\/www.iuma.ulpgc.es\/en\/?s={search_term_string}"},"query-input":{"@type":"PropertyValueSpecification","valueRequired":true,"valueName":"search_term_string"}}],"inLanguage":"en-US"}]}},"post_mailing_queue_ids":[],"_links":{"self":[{"href":"https:\/\/www.iuma.ulpgc.es\/en\/wp-json\/wp\/v2\/pages\/263","targetHints":{"allow":["GET"]}}],"collection":[{"href":"https:\/\/www.iuma.ulpgc.es\/en\/wp-json\/wp\/v2\/pages"}],"about":[{"href":"https:\/\/www.iuma.ulpgc.es\/en\/wp-json\/wp\/v2\/types\/page"}],"author":[{"embeddable":true,"href":"https:\/\/www.iuma.ulpgc.es\/en\/wp-json\/wp\/v2\/users\/1"}],"replies":[{"embeddable":true,"href":"https:\/\/www.iuma.ulpgc.es\/en\/wp-json\/wp\/v2\/comments?post=263"}],"version-history":[{"count":9,"href":"https:\/\/www.iuma.ulpgc.es\/en\/wp-json\/wp\/v2\/pages\/263\/revisions"}],"predecessor-version":[{"id":8608,"href":"https:\/\/www.iuma.ulpgc.es\/en\/wp-json\/wp\/v2\/pages\/263\/revisions\/8608"}],"wp:attachment":[{"href":"https:\/\/www.iuma.ulpgc.es\/en\/wp-json\/wp\/v2\/media?parent=263"}],"curies":[{"name":"wp","href":"https:\/\/api.w.org\/{rel}","templated":true}]}}