{"id":280,"date":"2023-05-05T13:40:18","date_gmt":"2023-05-05T12:40:18","guid":{"rendered":"https:\/\/www.iuma.ulpgc.es\/?page_id=280"},"modified":"2024-03-12T12:35:18","modified_gmt":"2024-03-12T12:35:18","slug":"postgrado-meta","status":"publish","type":"page","link":"https:\/\/www.iuma.ulpgc.es\/en\/postgrado\/postgrado-meta\/","title":{"rendered":"META"},"content":{"rendered":"<h1 class=\"wp-block-heading page-title\">Master's Degree in Applied Electronics and Telecommunications (META)<\/h1>\n\n\n\n<p class=\"wp-block-paragraph\">The Master's Degree in Applied Electronics and Telecommunications is a professional and research-oriented master's program whose objective is to train specialists in the field of Information and Communication Technologies with a broad spectrum. Training includes, among other aspects:<\/p>\n\n\n\n<ul class=\"wp-block-list\">\n<li>Introduction to aspects related to research methods (doctorate).<\/li>\n\n\n\n<li>Data engineering.<\/li>\n\n\n\n<li>Internet of Things (IoT), both in communication aspects and in the design of advanced electronic systems.<\/li>\n\n\n\n<li>Advanced digital electronic design based on MPSoC FPGAs using high-level methodologies, embedded systems, and integrated electronics.<\/li>\n\n\n\n<li>Design of electronic systems for radiofrequency (RF) communications.<\/li>\n\n\n\n<li>Creation of applications for HPC and multimedia systems (video, hyperspectral images).<\/li>\n<\/ul>\n\n\n\n<p class=\"wp-block-paragraph\">The Master's Degree in Applied Electronics and Telecommunications is aimed at graduates in Telecommunication Technology Engineering, Telecommunication Engineers, and other graduates with a strong interest in electronic and telematic systems, such as Industrial Engineers, Computer Engineers, and, in general, professionals in these areas who meet the established admission requirements.<\/p>\n\n\n\n<p class=\"wp-block-paragraph\">META is organized into a 60-credit course over two semesters.<\/p>\n\n\n\n<p class=\"wp-block-paragraph\">The coordinator of META is Professor Dr. Fernando De la Puente Arrate.<\/p>\n\n\n\n<div class=\"wp-block-card-block-my-block row card_custom card_first card_last\"><div class=\"col-3 card_col_img\"><img decoding=\"async\" class=\"card_img\" src=\"https:\/\/www.iuma.ulpgc.es\/wp-content\/uploads\/2021\/01\/FernandoDelapuente_r.jpg\" alt=\"Imagen del Coordinador (META)\"\/><\/div><div class=\"col-9 card_info\"><div class=\"card_person_name\"> Dr. Fernando De la Puente Arrate<\/div><h2 class=\"card_job_name\">Master's in Applied Electronics and Telecommunications (META) Coordinator<\/h2><div>Phone: 928 458 048 <\/div><span>Email: <a label=\"Correo\" href=\"mailto:fpuente@iuma.ulpgc.es\">fpuente@iuma.ulpgc.es<\/a><\/span><div>Office: Electronics and Telecommunications Building - Pavilion C<\/div><\/div><\/div>\n\n\n\n<ul class=\"wp-block-list\">\n<li>More information on the <strong><a rel=\"noreferrer noopener\" href=\"https:\/\/en.iuma.ulpgc.es\/meta\/\" target=\"_blank\">Master's Degree in Applied Electronics and Telecommunications (META)<\/a><\/strong><\/li>\n<\/ul>\n\n\n\n<div class=\"wp-block-youtube-block-my-block ulpgcds-video\"><iframe loading=\"lazy\" allow=\"accelerometer; autoplay; encrypted-media; gyroscope; picture-in-picture\" allowfullscreen frameborder=\"0\" width=\"560\" height=\"315\" src=\"https:\/\/www.youtube.com\/watch?v=QMEcbXFp8vQ\"><\/iframe><\/div>","protected":false},"excerpt":{"rendered":"<p>M\u00e1ster Universitario en Electr\u00f3nica y Telecomunicaci\u00f3n Aplicadas (META) El M\u00e1ster Universitario en Electr\u00f3nica y Telecomunicaci\u00f3n Aplicadas es un m\u00e1ster de car\u00e1cter profesional y de investigaci\u00f3n cuyo objetivo es formar especialistas en el \u00e1mbito de las Tecnolog\u00edas de Informaci\u00f3n y Comunicaciones con un amplio espectro. La formaci\u00f3n incluye, entre otros aspectos: El M\u00e1ster Universitario en Electr\u00f3nica [&hellip;]<\/p>\n","protected":false},"author":1,"featured_media":0,"parent":415,"menu_order":0,"comment_status":"closed","ping_status":"closed","template":"page-templates\/page-sidebar.php","meta":{"_crdt_document":"","footnotes":""},"class_list":["post-280","page","type-page","status-publish","hentry"],"yoast_head":"<!-- This site is optimized with the Yoast SEO plugin v27.4 - https:\/\/yoast.com\/product\/yoast-seo-wordpress\/ -->\n<title>META - Instituto Universitario de Microelectr\u00f3nica Aplicada<\/title>\n<meta name=\"description\" content=\"Instituto Universitario de Microelectr\u00f3nica Aplicada\" \/>\n<meta name=\"robots\" content=\"index, follow, max-snippet:-1, max-image-preview:large, max-video-preview:-1\" \/>\n<link rel=\"canonical\" href=\"https:\/\/www.iuma.ulpgc.es\/en\/postgrado\/postgrado-meta\/\" \/>\n<meta property=\"og:locale\" content=\"en_US\" \/>\n<meta property=\"og:type\" content=\"article\" \/>\n<meta property=\"og:title\" content=\"META - Instituto Universitario de Microelectr\u00f3nica Aplicada\" \/>\n<meta property=\"og:description\" content=\"Instituto Universitario de Microelectr\u00f3nica Aplicada\" \/>\n<meta property=\"og:url\" content=\"https:\/\/www.iuma.ulpgc.es\/en\/postgrado\/postgrado-meta\/\" \/>\n<meta property=\"og:site_name\" content=\"Instituto Universitario de Microelectr\u00f3nica Aplicada\" \/>\n<meta property=\"article:publisher\" content=\"https:\/\/www.facebook.com\/IUMA.ulpgc\" \/>\n<meta property=\"article:modified_time\" content=\"2024-03-12T12:35:18+00:00\" \/>\n<meta property=\"og:image\" content=\"https:\/\/www.iuma.ulpgc.es\/wp-content\/uploads\/2021\/01\/FernandoDelapuente_r.jpg\" \/>\n<meta name=\"twitter:card\" content=\"summary_large_image\" \/>\n<meta name=\"twitter:site\" content=\"@iumanews\" \/>\n<meta name=\"twitter:label1\" content=\"Est. reading time\" \/>\n\t<meta name=\"twitter:data1\" content=\"1 minute\" \/>\n<script type=\"application\/ld+json\" class=\"yoast-schema-graph\">{\"@context\":\"https:\\\/\\\/schema.org\",\"@graph\":[{\"@type\":\"WebPage\",\"@id\":\"https:\\\/\\\/www.iuma.ulpgc.es\\\/postgrado\\\/postgrado-meta\\\/\",\"url\":\"https:\\\/\\\/www.iuma.ulpgc.es\\\/postgrado\\\/postgrado-meta\\\/\",\"name\":\"META - Instituto Universitario de Microelectr\u00f3nica Aplicada\",\"isPartOf\":{\"@id\":\"https:\\\/\\\/www.iuma.ulpgc.es\\\/en\\\/#website\"},\"primaryImageOfPage\":{\"@id\":\"https:\\\/\\\/www.iuma.ulpgc.es\\\/postgrado\\\/postgrado-meta\\\/#primaryimage\"},\"image\":{\"@id\":\"https:\\\/\\\/www.iuma.ulpgc.es\\\/postgrado\\\/postgrado-meta\\\/#primaryimage\"},\"thumbnailUrl\":\"https:\\\/\\\/www.iuma.ulpgc.es\\\/wp-content\\\/uploads\\\/2021\\\/01\\\/FernandoDelapuente_r.jpg\",\"datePublished\":\"2023-05-05T12:40:18+00:00\",\"dateModified\":\"2024-03-12T12:35:18+00:00\",\"description\":\"Instituto Universitario de Microelectr\u00f3nica Aplicada\",\"breadcrumb\":{\"@id\":\"https:\\\/\\\/www.iuma.ulpgc.es\\\/postgrado\\\/postgrado-meta\\\/#breadcrumb\"},\"inLanguage\":\"en-US\",\"potentialAction\":[{\"@type\":\"ReadAction\",\"target\":[\"https:\\\/\\\/www.iuma.ulpgc.es\\\/postgrado\\\/postgrado-meta\\\/\"]}]},{\"@type\":\"ImageObject\",\"inLanguage\":\"en-US\",\"@id\":\"https:\\\/\\\/www.iuma.ulpgc.es\\\/postgrado\\\/postgrado-meta\\\/#primaryimage\",\"url\":\"https:\\\/\\\/www.iuma.ulpgc.es\\\/wp-content\\\/uploads\\\/2021\\\/01\\\/FernandoDelapuente_r.jpg\",\"contentUrl\":\"https:\\\/\\\/www.iuma.ulpgc.es\\\/wp-content\\\/uploads\\\/2021\\\/01\\\/FernandoDelapuente_r.jpg\"},{\"@type\":\"BreadcrumbList\",\"@id\":\"https:\\\/\\\/www.iuma.ulpgc.es\\\/postgrado\\\/postgrado-meta\\\/#breadcrumb\",\"itemListElement\":[{\"@type\":\"ListItem\",\"position\":1,\"name\":\"Home\",\"item\":\"https:\\\/\\\/www.iuma.ulpgc.es\\\/\"},{\"@type\":\"ListItem\",\"position\":2,\"name\":\"Postgrado\",\"item\":\"https:\\\/\\\/www.iuma.ulpgc.es\\\/postgrado\\\/\"},{\"@type\":\"ListItem\",\"position\":3,\"name\":\"META\"}]},{\"@type\":\"WebSite\",\"@id\":\"https:\\\/\\\/www.iuma.ulpgc.es\\\/en\\\/#website\",\"url\":\"https:\\\/\\\/www.iuma.ulpgc.es\\\/en\\\/\",\"name\":\"Instituto Universitario de Microelectr\u00f3nica Aplicada\",\"description\":\"El IUMA es un centro de I+D+i de la ULPGC\",\"potentialAction\":[{\"@type\":\"SearchAction\",\"target\":{\"@type\":\"EntryPoint\",\"urlTemplate\":\"https:\\\/\\\/www.iuma.ulpgc.es\\\/en\\\/?s={search_term_string}\"},\"query-input\":{\"@type\":\"PropertyValueSpecification\",\"valueRequired\":true,\"valueName\":\"search_term_string\"}}],\"inLanguage\":\"en-US\"}]}<\/script>\n<!-- \/ Yoast SEO plugin. -->","yoast_head_json":{"title":"META - Instituto Universitario de Microelectr\u00f3nica Aplicada","description":"Institute for Applied Microelectronics","robots":{"index":"index","follow":"follow","max-snippet":"max-snippet:-1","max-image-preview":"max-image-preview:large","max-video-preview":"max-video-preview:-1"},"canonical":"https:\/\/www.iuma.ulpgc.es\/en\/postgrado\/postgrado-meta\/","og_locale":"en_US","og_type":"article","og_title":"META - Instituto Universitario de Microelectr\u00f3nica Aplicada","og_description":"Instituto Universitario de Microelectr\u00f3nica Aplicada","og_url":"https:\/\/www.iuma.ulpgc.es\/en\/postgrado\/postgrado-meta\/","og_site_name":"Instituto Universitario de Microelectr\u00f3nica Aplicada","article_publisher":"https:\/\/www.facebook.com\/IUMA.ulpgc","article_modified_time":"2024-03-12T12:35:18+00:00","og_image":[{"url":"https:\/\/www.iuma.ulpgc.es\/wp-content\/uploads\/2021\/01\/FernandoDelapuente_r.jpg","type":"","width":"","height":""}],"twitter_card":"summary_large_image","twitter_site":"@iumanews","twitter_misc":{"Est. reading time":"1 minute"},"schema":{"@context":"https:\/\/schema.org","@graph":[{"@type":"WebPage","@id":"https:\/\/www.iuma.ulpgc.es\/postgrado\/postgrado-meta\/","url":"https:\/\/www.iuma.ulpgc.es\/postgrado\/postgrado-meta\/","name":"META - Instituto Universitario de Microelectr\u00f3nica Aplicada","isPartOf":{"@id":"https:\/\/www.iuma.ulpgc.es\/en\/#website"},"primaryImageOfPage":{"@id":"https:\/\/www.iuma.ulpgc.es\/postgrado\/postgrado-meta\/#primaryimage"},"image":{"@id":"https:\/\/www.iuma.ulpgc.es\/postgrado\/postgrado-meta\/#primaryimage"},"thumbnailUrl":"https:\/\/www.iuma.ulpgc.es\/wp-content\/uploads\/2021\/01\/FernandoDelapuente_r.jpg","datePublished":"2023-05-05T12:40:18+00:00","dateModified":"2024-03-12T12:35:18+00:00","description":"Institute for Applied Microelectronics","breadcrumb":{"@id":"https:\/\/www.iuma.ulpgc.es\/postgrado\/postgrado-meta\/#breadcrumb"},"inLanguage":"en-US","potentialAction":[{"@type":"ReadAction","target":["https:\/\/www.iuma.ulpgc.es\/postgrado\/postgrado-meta\/"]}]},{"@type":"ImageObject","inLanguage":"en-US","@id":"https:\/\/www.iuma.ulpgc.es\/postgrado\/postgrado-meta\/#primaryimage","url":"https:\/\/www.iuma.ulpgc.es\/wp-content\/uploads\/2021\/01\/FernandoDelapuente_r.jpg","contentUrl":"https:\/\/www.iuma.ulpgc.es\/wp-content\/uploads\/2021\/01\/FernandoDelapuente_r.jpg"},{"@type":"BreadcrumbList","@id":"https:\/\/www.iuma.ulpgc.es\/postgrado\/postgrado-meta\/#breadcrumb","itemListElement":[{"@type":"ListItem","position":1,"name":"Home","item":"https:\/\/www.iuma.ulpgc.es\/"},{"@type":"ListItem","position":2,"name":"Postgrado","item":"https:\/\/www.iuma.ulpgc.es\/postgrado\/"},{"@type":"ListItem","position":3,"name":"META"}]},{"@type":"WebSite","@id":"https:\/\/www.iuma.ulpgc.es\/en\/#website","url":"https:\/\/www.iuma.ulpgc.es\/en\/","name":"Institute for Applied Microelectronics","description":"El IUMA es un centro de I+D+i de la ULPGC","potentialAction":[{"@type":"SearchAction","target":{"@type":"EntryPoint","urlTemplate":"https:\/\/www.iuma.ulpgc.es\/en\/?s={search_term_string}"},"query-input":{"@type":"PropertyValueSpecification","valueRequired":true,"valueName":"search_term_string"}}],"inLanguage":"en-US"}]}},"post_mailing_queue_ids":[],"_links":{"self":[{"href":"https:\/\/www.iuma.ulpgc.es\/en\/wp-json\/wp\/v2\/pages\/280","targetHints":{"allow":["GET"]}}],"collection":[{"href":"https:\/\/www.iuma.ulpgc.es\/en\/wp-json\/wp\/v2\/pages"}],"about":[{"href":"https:\/\/www.iuma.ulpgc.es\/en\/wp-json\/wp\/v2\/types\/page"}],"author":[{"embeddable":true,"href":"https:\/\/www.iuma.ulpgc.es\/en\/wp-json\/wp\/v2\/users\/1"}],"replies":[{"embeddable":true,"href":"https:\/\/www.iuma.ulpgc.es\/en\/wp-json\/wp\/v2\/comments?post=280"}],"version-history":[{"count":93,"href":"https:\/\/www.iuma.ulpgc.es\/en\/wp-json\/wp\/v2\/pages\/280\/revisions"}],"predecessor-version":[{"id":8528,"href":"https:\/\/www.iuma.ulpgc.es\/en\/wp-json\/wp\/v2\/pages\/280\/revisions\/8528"}],"up":[{"embeddable":true,"href":"https:\/\/www.iuma.ulpgc.es\/en\/wp-json\/wp\/v2\/pages\/415"}],"wp:attachment":[{"href":"https:\/\/www.iuma.ulpgc.es\/en\/wp-json\/wp\/v2\/media?parent=280"}],"curies":[{"name":"wp","href":"https:\/\/api.w.org\/{rel}","templated":true}]}}