{"id":282,"date":"2023-05-05T13:40:18","date_gmt":"2023-05-05T12:40:18","guid":{"rendered":"https:\/\/www.iuma.ulpgc.es\/?page_id=282"},"modified":"2025-06-10T12:59:31","modified_gmt":"2025-06-10T12:59:31","slug":"postgrado-t2ic","status":"publish","type":"page","link":"https:\/\/www.iuma.ulpgc.es\/en\/postgrado\/postgrado-t2ic\/","title":{"rendered":"T2IC"},"content":{"rendered":"\n<h1 class=\"wp-block-heading page-title\">Doctorado en Tecnolog\u00edas de Telecomunicaci\u00f3n e Ingenier\u00eda Computacional (T2IC)<\/h1>\n\n\n\n<p class=\"wp-block-paragraph\">El Programa de Doctorado en Tecnolog\u00edas de Telecomunicaci\u00f3n e Ingenier\u00eda Computacional (T2IC) est\u00e1 destinado a la formaci\u00f3n de doctores en las \u00e1reas de Tecnolog\u00edas de Telecomunicaci\u00f3n, los Sistemas Inteligentes y las Aplicaciones Num\u00e9ricas en Ingenier\u00eda y, en general, en el \u00e1mbito de las tecnolog\u00edas de la informaci\u00f3n.<\/p>\n\n\n\n<p class=\"wp-block-paragraph\">Consolida la actividad de equipos de investigaci\u00f3n del <a href=\"https:\/\/www.iuma.ulpgc.es\/\" data-type=\"page\" data-id=\"438\" target=\"_blank\" rel=\"noreferrer noopener\">Instituto Universitario de Microelectr\u00f3nica Aplicada (IUMA)<\/a> y <a href=\"https:\/\/www.siani.es\/\" target=\"_blank\" rel=\"noreferrer noopener\"><strong>Sistemas Inteligentes y Aplicaciones Num\u00e9ricos de la Ingenier\u00eda<\/strong> (IUSIANI)<\/a>. La participaci\u00f3n de estos Institutos de Investigaci\u00f3n de la ULPGC aumenta la capacidad para fortalecer la interdisciplinaridad, incrementando los v\u00ednculos con otros agentes de I+D.<\/p>\n\n\n\n<p class=\"wp-block-paragraph\">El programa naci\u00f3 de la integraci\u00f3n completa de dos programas activos durante a\u00f1os en la <a rel=\"noreferrer noopener\" href=\"https:\/\/www.ulpgc.es\/\" target=\"_blank\"><strong>Universidad de las Palmas de Gran Canaria (ULPGC)<\/strong><\/a> que han mostrado niveles de calidad y excelencia.<\/p>\n\n\n\n<p class=\"wp-block-paragraph\">Este programa de doctorado esta impartidos desde la <a href=\"https:\/\/escueladoctorado.ulpgc.es\/\" target=\"_blank\" rel=\"noreferrer noopener\">Escuela de Doctorado de la ULPGC,<\/a> siendo su coordinador el profesor Dr. Juan Jos\u00e9 Azn\u00e1rez Gonz\u00e1lez del IUSIANI.<\/p>\n\n\n\n<div class=\"wp-block-card-block-my-block row card_custom card_first card_last\"><div class=\"col-3 card_col_img\"><img decoding=\"async\" class=\"card_img\" src=\"\/wp-content\/uploads\/2024\/02\/perfilSinFoto-1-new.jpg\" alt=\"Imagen del Coordinador (T2IC)\"\/><\/div><div class=\"col-9 card_info\"><div class=\"card_person_name\">Dr. Juan Jos\u00e9 Azn\u00e1rez Gonz\u00e1lez<\/div><h2 class=\"card_job_name\">Coordinador Doctorado en Tecnolog\u00edas de Telecomunicaci\u00f3n e Ingenier\u00eda Computacional (T2IC)<\/h2><div>Tel\u00e9fono: 928 451 914<\/div><span>Correo: <a label=\"Correo\" href=\"mailto:juanjose.aznarez@ulpgc.es\">juanjose.aznarez@ulpgc.es<\/a><\/span><div>Despacho: Edificio Ingenier\u00edas <\/div><\/div><\/div>\n\n\n\n<p class=\"wp-block-paragraph\">Para m\u00e1s informaci\u00f3n:<\/p>\n\n\n\n<ul class=\"wp-block-list\">\n<li><a href=\"https:\/\/escueladoctorado.ulpgc.es\/estudios-oficiales\/doctorado-en-las-tecnologias-de-telecomunicacion-e-ingenieria-computacional-ttic\/\" target=\"_blank\" rel=\"noreferrer noopener\">Doctorado en Tecnolog\u00edas de Telecomunicaci\u00f3n e Ingenier\u00eda Computacional (T2IC) [Escuela de Doctorado de la ULPGC]<\/a><\/li>\n<\/ul>\n","protected":false},"excerpt":{"rendered":"<p>Doctorado en Tecnolog\u00edas de Telecomunicaci\u00f3n e Ingenier\u00eda Computacional (T2IC) El Programa de Doctorado en Tecnolog\u00edas de Telecomunicaci\u00f3n e Ingenier\u00eda Computacional (T2IC) est\u00e1 destinado a la formaci\u00f3n de doctores en las \u00e1reas de Tecnolog\u00edas de Telecomunicaci\u00f3n, los Sistemas Inteligentes y las Aplicaciones Num\u00e9ricas en Ingenier\u00eda y, en general, en el \u00e1mbito de las tecnolog\u00edas de la [&hellip;]<\/p>\n","protected":false},"author":1,"featured_media":0,"parent":415,"menu_order":0,"comment_status":"closed","ping_status":"closed","template":"page-templates\/page-sidebar.php","meta":{"_crdt_document":"","footnotes":""},"class_list":["post-282","page","type-page","status-publish","hentry"],"yoast_head":"<!-- This site is optimized with the Yoast SEO plugin v27.4 - https:\/\/yoast.com\/product\/yoast-seo-wordpress\/ -->\n<title>T2IC - Instituto Universitario de Microelectr\u00f3nica Aplicada<\/title>\n<meta name=\"description\" content=\"Instituto Universitario de Microelectr\u00f3nica Aplicada\" \/>\n<meta name=\"robots\" content=\"index, follow, max-snippet:-1, max-image-preview:large, max-video-preview:-1\" \/>\n<link rel=\"canonical\" href=\"https:\/\/www.iuma.ulpgc.es\/en\/postgrado\/postgrado-t2ic\/\" \/>\n<meta property=\"og:locale\" content=\"en_US\" \/>\n<meta property=\"og:type\" content=\"article\" \/>\n<meta property=\"og:title\" content=\"T2IC - Instituto Universitario de Microelectr\u00f3nica Aplicada\" \/>\n<meta property=\"og:description\" content=\"Instituto Universitario de Microelectr\u00f3nica Aplicada\" \/>\n<meta property=\"og:url\" content=\"https:\/\/www.iuma.ulpgc.es\/en\/postgrado\/postgrado-t2ic\/\" \/>\n<meta property=\"og:site_name\" content=\"Instituto Universitario de Microelectr\u00f3nica Aplicada\" \/>\n<meta property=\"article:publisher\" content=\"https:\/\/www.facebook.com\/IUMA.ulpgc\" \/>\n<meta property=\"article:modified_time\" content=\"2025-06-10T12:59:31+00:00\" \/>\n<meta name=\"twitter:card\" content=\"summary_large_image\" \/>\n<meta name=\"twitter:site\" content=\"@iumanews\" \/>\n<meta name=\"twitter:label1\" content=\"Est. reading time\" \/>\n\t<meta name=\"twitter:data1\" content=\"1 minute\" \/>\n<script type=\"application\/ld+json\" class=\"yoast-schema-graph\">{\"@context\":\"https:\\\/\\\/schema.org\",\"@graph\":[{\"@type\":\"WebPage\",\"@id\":\"https:\\\/\\\/www.iuma.ulpgc.es\\\/postgrado\\\/postgrado-t2ic\\\/\",\"url\":\"https:\\\/\\\/www.iuma.ulpgc.es\\\/postgrado\\\/postgrado-t2ic\\\/\",\"name\":\"T2IC - Instituto Universitario de Microelectr\u00f3nica Aplicada\",\"isPartOf\":{\"@id\":\"https:\\\/\\\/www.iuma.ulpgc.es\\\/en\\\/#website\"},\"datePublished\":\"2023-05-05T12:40:18+00:00\",\"dateModified\":\"2025-06-10T12:59:31+00:00\",\"description\":\"Instituto Universitario de Microelectr\u00f3nica Aplicada\",\"breadcrumb\":{\"@id\":\"https:\\\/\\\/www.iuma.ulpgc.es\\\/postgrado\\\/postgrado-t2ic\\\/#breadcrumb\"},\"inLanguage\":\"en-US\",\"potentialAction\":[{\"@type\":\"ReadAction\",\"target\":[\"https:\\\/\\\/www.iuma.ulpgc.es\\\/postgrado\\\/postgrado-t2ic\\\/\"]}]},{\"@type\":\"BreadcrumbList\",\"@id\":\"https:\\\/\\\/www.iuma.ulpgc.es\\\/postgrado\\\/postgrado-t2ic\\\/#breadcrumb\",\"itemListElement\":[{\"@type\":\"ListItem\",\"position\":1,\"name\":\"Home\",\"item\":\"https:\\\/\\\/www.iuma.ulpgc.es\\\/\"},{\"@type\":\"ListItem\",\"position\":2,\"name\":\"Postgrado\",\"item\":\"https:\\\/\\\/www.iuma.ulpgc.es\\\/postgrado\\\/\"},{\"@type\":\"ListItem\",\"position\":3,\"name\":\"T2IC\"}]},{\"@type\":\"WebSite\",\"@id\":\"https:\\\/\\\/www.iuma.ulpgc.es\\\/en\\\/#website\",\"url\":\"https:\\\/\\\/www.iuma.ulpgc.es\\\/en\\\/\",\"name\":\"Instituto Universitario de Microelectr\u00f3nica Aplicada\",\"description\":\"El IUMA es un centro de I+D+i de la ULPGC\",\"potentialAction\":[{\"@type\":\"SearchAction\",\"target\":{\"@type\":\"EntryPoint\",\"urlTemplate\":\"https:\\\/\\\/www.iuma.ulpgc.es\\\/en\\\/?s={search_term_string}\"},\"query-input\":{\"@type\":\"PropertyValueSpecification\",\"valueRequired\":true,\"valueName\":\"search_term_string\"}}],\"inLanguage\":\"en-US\"}]}<\/script>\n<!-- \/ Yoast SEO plugin. -->","yoast_head_json":{"title":"T2IC - Instituto Universitario de Microelectr\u00f3nica Aplicada","description":"Institute for Applied Microelectronics","robots":{"index":"index","follow":"follow","max-snippet":"max-snippet:-1","max-image-preview":"max-image-preview:large","max-video-preview":"max-video-preview:-1"},"canonical":"https:\/\/www.iuma.ulpgc.es\/en\/postgrado\/postgrado-t2ic\/","og_locale":"en_US","og_type":"article","og_title":"T2IC - Instituto Universitario de Microelectr\u00f3nica Aplicada","og_description":"Instituto Universitario de Microelectr\u00f3nica Aplicada","og_url":"https:\/\/www.iuma.ulpgc.es\/en\/postgrado\/postgrado-t2ic\/","og_site_name":"Instituto Universitario de Microelectr\u00f3nica Aplicada","article_publisher":"https:\/\/www.facebook.com\/IUMA.ulpgc","article_modified_time":"2025-06-10T12:59:31+00:00","twitter_card":"summary_large_image","twitter_site":"@iumanews","twitter_misc":{"Est. reading time":"1 minute"},"schema":{"@context":"https:\/\/schema.org","@graph":[{"@type":"WebPage","@id":"https:\/\/www.iuma.ulpgc.es\/postgrado\/postgrado-t2ic\/","url":"https:\/\/www.iuma.ulpgc.es\/postgrado\/postgrado-t2ic\/","name":"T2IC - Instituto Universitario de Microelectr\u00f3nica Aplicada","isPartOf":{"@id":"https:\/\/www.iuma.ulpgc.es\/en\/#website"},"datePublished":"2023-05-05T12:40:18+00:00","dateModified":"2025-06-10T12:59:31+00:00","description":"Institute for Applied Microelectronics","breadcrumb":{"@id":"https:\/\/www.iuma.ulpgc.es\/postgrado\/postgrado-t2ic\/#breadcrumb"},"inLanguage":"en-US","potentialAction":[{"@type":"ReadAction","target":["https:\/\/www.iuma.ulpgc.es\/postgrado\/postgrado-t2ic\/"]}]},{"@type":"BreadcrumbList","@id":"https:\/\/www.iuma.ulpgc.es\/postgrado\/postgrado-t2ic\/#breadcrumb","itemListElement":[{"@type":"ListItem","position":1,"name":"Home","item":"https:\/\/www.iuma.ulpgc.es\/"},{"@type":"ListItem","position":2,"name":"Postgrado","item":"https:\/\/www.iuma.ulpgc.es\/postgrado\/"},{"@type":"ListItem","position":3,"name":"T2IC"}]},{"@type":"WebSite","@id":"https:\/\/www.iuma.ulpgc.es\/en\/#website","url":"https:\/\/www.iuma.ulpgc.es\/en\/","name":"Institute for Applied Microelectronics","description":"El IUMA es un centro de I+D+i de la ULPGC","potentialAction":[{"@type":"SearchAction","target":{"@type":"EntryPoint","urlTemplate":"https:\/\/www.iuma.ulpgc.es\/en\/?s={search_term_string}"},"query-input":{"@type":"PropertyValueSpecification","valueRequired":true,"valueName":"search_term_string"}}],"inLanguage":"en-US"}]}},"post_mailing_queue_ids":[],"_links":{"self":[{"href":"https:\/\/www.iuma.ulpgc.es\/en\/wp-json\/wp\/v2\/pages\/282","targetHints":{"allow":["GET"]}}],"collection":[{"href":"https:\/\/www.iuma.ulpgc.es\/en\/wp-json\/wp\/v2\/pages"}],"about":[{"href":"https:\/\/www.iuma.ulpgc.es\/en\/wp-json\/wp\/v2\/types\/page"}],"author":[{"embeddable":true,"href":"https:\/\/www.iuma.ulpgc.es\/en\/wp-json\/wp\/v2\/users\/1"}],"replies":[{"embeddable":true,"href":"https:\/\/www.iuma.ulpgc.es\/en\/wp-json\/wp\/v2\/comments?post=282"}],"version-history":[{"count":12,"href":"https:\/\/www.iuma.ulpgc.es\/en\/wp-json\/wp\/v2\/pages\/282\/revisions"}],"predecessor-version":[{"id":9231,"href":"https:\/\/www.iuma.ulpgc.es\/en\/wp-json\/wp\/v2\/pages\/282\/revisions\/9231"}],"up":[{"embeddable":true,"href":"https:\/\/www.iuma.ulpgc.es\/en\/wp-json\/wp\/v2\/pages\/415"}],"wp:attachment":[{"href":"https:\/\/www.iuma.ulpgc.es\/en\/wp-json\/wp\/v2\/media?parent=282"}],"curies":[{"name":"wp","href":"https:\/\/api.w.org\/{rel}","templated":true}]}}