{"id":294,"date":"2023-05-08T08:34:28","date_gmt":"2023-05-08T07:34:28","guid":{"rendered":"https:\/\/www.iuma.ulpgc.es\/?page_id=294"},"modified":"2024-03-13T09:24:20","modified_gmt":"2024-03-13T09:24:20","slug":"noticias-recientes","status":"publish","type":"page","link":"https:\/\/www.iuma.ulpgc.es\/en\/noticias-recientes\/","title":{"rendered":"Recent News"},"content":{"rendered":"<div class='row list_category'>\n      <div class='col-12 list_category_item container_row'>\n        <article class='ulpgcds-article ulpgcds-article--short row resize_article_row'>\n          <div class='col-4 col-img'>\n            <a class='list_link' href='https:\/\/www.iuma.ulpgc.es\/en\/?post_type=post&#038;p=9625'>\n    <img class='list_img' alt='Imagen destacada de (Defensa de la tesis doctoral de Antonio Jos\u00e9 Rodr\u00edguez Almeida)' src='https:\/\/www.iuma.ulpgc.es\/wp-content\/uploads\/2026\/04\/Foto_AntonioRodriguezAlmeida.jpg' \/>\n            <\/a>\n          <\/div>\n          <div class='col-8 col-content'>\n            <a class='list_link' href='https:\/\/www.iuma.ulpgc.es\/en\/?post_type=post&#038;p=9625'>\n              <h3 class='list_title'>PhD thesis defense of Antonio Jos\u00e9 Rodr\u00edguez Almeida<\/h3>\n              <div class='ulpgcds-article__date list_date'>08 <span>April<\/span> 2026<\/div>\n            <\/a>\n            <p class='list_content'>The University Institute of Applied Microelectronics (IUMA) is pleased to announce the forthcoming defence of the doctoral thesis by researcher Mr Antonio Jos\u00e9 Rodr\u00edguez Almeida, supervised by Dr Gustavo Marreo Callic\u00f3 and Dr Himar Fabelo G\u00f3mez. This event will take place on Friday 10 April 2026 at 10:00 am in the Assembly Hall of the Electronics and Telecommunications Building, Tafira University Campus.<\/p>\n          <\/div>\n        <\/article>\n      <\/div>\n    \n      <div class='col-12 list_category_item container_row'>\n        <article class='ulpgcds-article ulpgcds-article--short row resize_article_row'>\n          <div class='col-4 col-img'>\n            <a class='list_link' href='https:\/\/www.iuma.ulpgc.es\/en\/?post_type=post&#038;p=9553'>\n    <img class='list_img' alt='Imagen destacada de (Investidura de tres nuevos doctores del IUMA)' src='https:\/\/www.iuma.ulpgc.es\/wp-content\/uploads\/2026\/03\/birretes.png' \/>\n            <\/a>\n          <\/div>\n          <div class='col-8 col-content'>\n            <a class='list_link' href='https:\/\/www.iuma.ulpgc.es\/en\/?post_type=post&#038;p=9553'>\n              <h3 class='list_title'>Investiture of three new doctors from IUMA<\/h3>\n              <div class='ulpgcds-article__date list_date'>12 <span>of March of<\/span> 2026<\/div>\n            <\/a>\n            <p class='list_content'>El pasado 28 de febrero,\u00a0en un acto solemne celebrado en el Paraninfo, la ULPGC ha investido a 69 nuevos doctores y doctoras que leyeron sus tesis en el curso acad\u00e9mico 2024\/2025. En el caso del&hellip;<\/p>\n          <\/div>\n        <\/article>\n      <\/div>\n    \n      <div class='col-12 list_category_item container_row'>\n        <article class='ulpgcds-article ulpgcds-article--short row resize_article_row'>\n          <div class='col-4 col-img'>\n            <a class='list_link' href='https:\/\/www.iuma.ulpgc.es\/en\/?post_type=post&#038;p=9529'>\n    <img class='list_img' alt='Imagen destacada de (Un investigador del IUMA logra una beca Fulbright para impulsar la IA en el espacio)' src='https:\/\/www.iuma.ulpgc.es\/wp-content\/uploads\/2026\/02\/SamuelTorres.jpg' \/>\n            <\/a>\n          <\/div>\n          <div class='col-8 col-content'>\n            <a class='list_link' href='https:\/\/www.iuma.ulpgc.es\/en\/?post_type=post&#038;p=9529'>\n              <h3 class='list_title'>IUMA researcher wins Fulbright scholarship to advance AI in space<\/h3>\n              <div class='ulpgcds-article__date list_date'>24 <span>of February<\/span> 2026<\/div>\n            <\/a>\n            <p class='list_content'>Samuel Torres Fau, investigador de la Divisi\u00f3n de Sistemas Integrados (DSI) del IUMA y doctorando del programa de Tecnolog\u00edas de la Telecomunicaci\u00f3n e Ingenier\u00eda Computacional bajo la direcci\u00f3n de Roberto Sarmiento, ha obtenido una beca&hellip;<\/p>\n          <\/div>\n        <\/article>\n      <\/div>\n    \n      <div class='col-12 list_category_item container_row'>\n        <article class='ulpgcds-article ulpgcds-article--short row resize_article_row'>\n          <div class='col-4 col-img'>\n            <a class='list_link' href='https:\/\/www.iuma.ulpgc.es\/en\/?post_type=post&#038;p=9520'>\n    <img class='list_img' alt='Laura Quintana' src='https:\/\/www.iuma.ulpgc.es\/wp-content\/uploads\/2026\/02\/Laura_Quintana-e1771592491705.jpeg' \/>\n            <\/a>\n          <\/div>\n          <div class='col-8 col-content'>\n            <a class='list_link' href='https:\/\/www.iuma.ulpgc.es\/en\/?post_type=post&#038;p=9520'>\n              <h3 class='list_title'>PhD thesis defense of Laura Quintana<\/h3>\n              <div class='ulpgcds-article__date list_date'>20 <span>of February<\/span> 2026<\/div>\n            <\/a>\n            <p class='list_content'>The University Institute of Applied Microelectronics is pleased to announce the upcoming doctoral thesis defense of one of its researchers, Laura Quintana. This event will take place on Thursday, March 5, 2026, at 10:00 AM in the Auditorium of the Electronics and Telecommunications Building, Tafira University Campus.<\/p>\n          <\/div>\n        <\/article>\n      <\/div>\n    \n      <div class='col-12 list_category_item container_row'>\n        <article class='ulpgcds-article ulpgcds-article--short row resize_article_row'>\n          <div class='col-4 col-img'>\n            <a class='list_link' href='https:\/\/www.iuma.ulpgc.es\/en\/?post_type=post&#038;p=9504'>\n    <img class='list_img' alt='Imagen destacada de (El IUMA desarrolla un sistema hiperespectral para la detecci\u00f3n temprana de corrosi\u00f3n en estructuras met\u00e1licas)' src='https:\/\/www.iuma.ulpgc.es\/wp-content\/uploads\/2026\/02\/Imagen3.png' \/>\n            <\/a>\n          <\/div>\n          <div class='col-8 col-content'>\n            <a class='list_link' href='https:\/\/www.iuma.ulpgc.es\/en\/?post_type=post&#038;p=9504'>\n              <h3 class='list_title'>IUMA develops a hyperspectral system for the early detection of corrosion in metal structures<\/h3>\n              <div class='ulpgcds-article__date list_date'>03 <span>of February<\/span> 2026<\/div>\n            <\/a>\n            <p class='list_content'>The Integrated Systems Design Division (DSI) of the University Institute of Applied Microelectronics (IUMA) at the University of Las Palmas de Gran Canaria is working on the development of an innovative system based on hyperspectral technology for the early detection of corrosion in metal structures. This technology makes it possible to identify corrosion in its very early stages, when the deterioration is not yet visible to the human eye. Thanks to spectral information, the system is capable of detecting corrosion processes on a microscopic scale and differentiating between different degrees of corrosion when the damage is more advanced.<\/p>\n          <\/div>\n        <\/article>\n      <\/div>\n    \n      <div class='col-12 list_category_item container_row'>\n        <article class='ulpgcds-article ulpgcds-article--short row resize_article_row'>\n          <div class='col-4 col-img'>\n            <a class='list_link' href='https:\/\/www.iuma.ulpgc.es\/en\/?post_type=post&#038;p=9491'>\n    <img class='list_img' alt='Imagen destacada de (Navidad 2025)' src='https:\/\/www.iuma.ulpgc.es\/wp-content\/uploads\/2025\/12\/Feliz-navidad-English-726x1024.jpg' \/>\n            <\/a>\n          <\/div>\n          <div class='col-8 col-content'>\n            <a class='list_link' href='https:\/\/www.iuma.ulpgc.es\/en\/?post_type=post&#038;p=9491'>\n              <h3 class='list_title'>Season's Greatings 2025<\/h3>\n              <div class='ulpgcds-article__date list_date'>19 <span>December<\/span> 2025<\/div>\n            <\/a>\n            <p class='list_content'>The Institute for Applied Microelectronics (IUMA) wish you a Merry Christmas and hope that 2026 will be a peaceful year.\u00a0 \u00a0 \u00a0 \u00a0<\/p>\n          <\/div>\n        <\/article>\n      <\/div>\n    \n      <div class='col-12 list_category_item container_row'>\n        <article class='ulpgcds-article ulpgcds-article--short row resize_article_row'>\n          <div class='col-4 col-img'>\n            <a class='list_link' href='https:\/\/www.iuma.ulpgc.es\/en\/?post_type=post&#038;p=9484'>\n    <img class='list_img' alt='Imagen destacada de (Servicio de Encapsulado de Chips)' src='https:\/\/www.iuma.ulpgc.es\/wp-content\/uploads\/2024\/02\/Noticias-2-new-english-1024x1024.jpg' \/>\n            <\/a>\n          <\/div>\n          <div class='col-8 col-content'>\n            <a class='list_link' href='https:\/\/www.iuma.ulpgc.es\/en\/?post_type=post&#038;p=9484'>\n              <h3 class='list_title'>Servicio de Encapsulado de Chips<\/h3>\n              <div class='ulpgcds-article__date list_date'>19 <span>December<\/span> 2025<\/div>\n            <\/a>\n            <p class='list_content'>El Consejo de Gobierno de la Universidad de Las Palmas de Gran Canaria, reunido en sesi\u00f3n extraordinaria el 16 de diciembre de 2025, ha aprobado la propuesta de creaci\u00f3n de los siguientes Servicios Cient\u00edficos: OpenCHEM,&hellip;<\/p>\n          <\/div>\n        <\/article>\n      <\/div>\n    <\/div>\n        <nav aria-label='Pagination' class='ulpgcds-pager'>\n          \n        <div class='ulpgcds-pager__results'>\n          Showing from <span>1<\/span> to <span>7<\/span>, out of a total of <span>431<\/span> records\n        <\/div>\n          <ul>\n            <li class='ulpgcds-pager__item ulpgcds-pager__item--prev'>\n              <a class='pagination__link' href='https:\/\/www.iuma.ulpgc.es\/en\/noticias-recientes\/page\/1\/' title='Go to the previous page' aria-disabled='true'>\n                <span class='visually-hidden'>Previous<\/span>\n              <\/a>\n            <\/li>\n      \n      <li class='ulpgcds-pager__item ulpgcds-pager__item--is-active'>\n        <a class='pagination__link' href='https:\/\/www.iuma.ulpgc.es\/en\/noticias-recientes\/page\/1\/' title='Go to page 1'>\n          1\n        <\/a>\n      <\/li>\n    \n      <li class='ulpgcds-pager__item'>\n        <a class='pagination__link' href='https:\/\/www.iuma.ulpgc.es\/en\/noticias-recientes\/page\/2\/' title='Go to page 2'>\n          2\n        <\/a>\n      <\/li>\n    \n      <li class='ulpgcds-pager__item'>\n        <a class='pagination__link' href='https:\/\/www.iuma.ulpgc.es\/en\/noticias-recientes\/page\/3\/' title='Go to page 3'>\n          3\n        <\/a>\n      <\/li>\n    \n      <li class='ulpgcds-pager__item'>\n        <a class='pagination__link' href='https:\/\/www.iuma.ulpgc.es\/en\/noticias-recientes\/page\/4\/' title='Go to page 4'>\n          4\n        <\/a>\n      <\/li>\n    \n      <li class='ulpgcds-pager__item'>\n        <a class='pagination__link' href='https:\/\/www.iuma.ulpgc.es\/en\/noticias-recientes\/page\/5\/' title='Go to page 5'>\n          5\n        <\/a>\n      <\/li>\n    <li class='ulpgcds-pager__item ulpgcds-pager__item--ellipsis' role='presentation'>&#8230;<\/li>\n        <li class='ulpgcds-pager__item'>\n          <a class='pagination__link' href='https:\/\/www.iuma.ulpgc.es\/en\/noticias-recientes\/page\/62\/' title='Go to final page'>62<\/a>\n        <\/li>\n      \n            <li class='ulpgcds-pager__item ulpgcds-pager__item--next'>\n              <a class='pagination__link' href='https:\/\/www.iuma.ulpgc.es\/en\/noticias-recientes\/page\/2\/' title='Go to the next page' >\n              <span class='visually-hidden'>Next<\/span>\n              <\/a>\n            <\/li>\n          <\/ul>\n        <\/nav>","protected":false},"excerpt":{"rendered":"","protected":false},"author":1,"featured_media":0,"parent":0,"menu_order":0,"comment_status":"closed","ping_status":"closed","template":"page-templates\/page-title-menu-subscription-social_sidebar.php","meta":{"_crdt_document":"","footnotes":""},"class_list":["post-294","page","type-page","status-publish","hentry"],"yoast_head":"<!-- This site is optimized with the Yoast SEO plugin v27.4 - https:\/\/yoast.com\/product\/yoast-seo-wordpress\/ -->\n<title>Noticias Recientes - Instituto Universitario de Microelectr\u00f3nica Aplicada<\/title>\n<meta name=\"description\" content=\"Instituto Universitario de Microelectr\u00f3nica Aplicada\" \/>\n<meta name=\"robots\" content=\"index, follow, max-snippet:-1, max-image-preview:large, max-video-preview:-1\" \/>\n<link rel=\"canonical\" href=\"https:\/\/www.iuma.ulpgc.es\/en\/noticias-recientes\/\" \/>\n<meta property=\"og:locale\" content=\"en_US\" \/>\n<meta property=\"og:type\" content=\"article\" \/>\n<meta property=\"og:title\" content=\"Noticias Recientes - Instituto Universitario de Microelectr\u00f3nica Aplicada\" \/>\n<meta property=\"og:description\" content=\"Instituto Universitario de Microelectr\u00f3nica Aplicada\" \/>\n<meta property=\"og:url\" content=\"https:\/\/www.iuma.ulpgc.es\/en\/noticias-recientes\/\" \/>\n<meta property=\"og:site_name\" content=\"Instituto Universitario de Microelectr\u00f3nica Aplicada\" \/>\n<meta property=\"article:publisher\" content=\"https:\/\/www.facebook.com\/IUMA.ulpgc\" \/>\n<meta property=\"article:modified_time\" content=\"2024-03-13T09:24:20+00:00\" \/>\n<meta name=\"twitter:card\" content=\"summary_large_image\" \/>\n<meta name=\"twitter:site\" content=\"@iumanews\" \/>\n<script type=\"application\/ld+json\" class=\"yoast-schema-graph\">{\"@context\":\"https:\\\/\\\/schema.org\",\"@graph\":[{\"@type\":\"WebPage\",\"@id\":\"https:\\\/\\\/www.iuma.ulpgc.es\\\/noticias-recientes\\\/\",\"url\":\"https:\\\/\\\/www.iuma.ulpgc.es\\\/noticias-recientes\\\/\",\"name\":\"Noticias Recientes - Instituto Universitario de Microelectr\u00f3nica Aplicada\",\"isPartOf\":{\"@id\":\"https:\\\/\\\/www.iuma.ulpgc.es\\\/en\\\/#website\"},\"datePublished\":\"2023-05-08T07:34:28+00:00\",\"dateModified\":\"2024-03-13T09:24:20+00:00\",\"description\":\"Instituto Universitario de Microelectr\u00f3nica Aplicada\",\"breadcrumb\":{\"@id\":\"https:\\\/\\\/www.iuma.ulpgc.es\\\/noticias-recientes\\\/#breadcrumb\"},\"inLanguage\":\"en-US\",\"potentialAction\":[{\"@type\":\"ReadAction\",\"target\":[\"https:\\\/\\\/www.iuma.ulpgc.es\\\/noticias-recientes\\\/\"]}]},{\"@type\":\"BreadcrumbList\",\"@id\":\"https:\\\/\\\/www.iuma.ulpgc.es\\\/noticias-recientes\\\/#breadcrumb\",\"itemListElement\":[{\"@type\":\"ListItem\",\"position\":1,\"name\":\"Home\",\"item\":\"https:\\\/\\\/www.iuma.ulpgc.es\\\/\"},{\"@type\":\"ListItem\",\"position\":2,\"name\":\"Noticias Recientes\"}]},{\"@type\":\"WebSite\",\"@id\":\"https:\\\/\\\/www.iuma.ulpgc.es\\\/en\\\/#website\",\"url\":\"https:\\\/\\\/www.iuma.ulpgc.es\\\/en\\\/\",\"name\":\"Instituto Universitario de Microelectr\u00f3nica Aplicada\",\"description\":\"El IUMA es un centro de I+D+i de la ULPGC\",\"potentialAction\":[{\"@type\":\"SearchAction\",\"target\":{\"@type\":\"EntryPoint\",\"urlTemplate\":\"https:\\\/\\\/www.iuma.ulpgc.es\\\/en\\\/?s={search_term_string}\"},\"query-input\":{\"@type\":\"PropertyValueSpecification\",\"valueRequired\":true,\"valueName\":\"search_term_string\"}}],\"inLanguage\":\"en-US\"}]}<\/script>\n<!-- \/ Yoast SEO plugin. -->","yoast_head_json":{"title":"Noticias Recientes - Instituto Universitario de Microelectr\u00f3nica Aplicada","description":"Institute for Applied Microelectronics","robots":{"index":"index","follow":"follow","max-snippet":"max-snippet:-1","max-image-preview":"max-image-preview:large","max-video-preview":"max-video-preview:-1"},"canonical":"https:\/\/www.iuma.ulpgc.es\/en\/noticias-recientes\/","og_locale":"en_US","og_type":"article","og_title":"Noticias Recientes - Instituto Universitario de Microelectr\u00f3nica Aplicada","og_description":"Instituto Universitario de Microelectr\u00f3nica Aplicada","og_url":"https:\/\/www.iuma.ulpgc.es\/en\/noticias-recientes\/","og_site_name":"Instituto Universitario de Microelectr\u00f3nica Aplicada","article_publisher":"https:\/\/www.facebook.com\/IUMA.ulpgc","article_modified_time":"2024-03-13T09:24:20+00:00","twitter_card":"summary_large_image","twitter_site":"@iumanews","schema":{"@context":"https:\/\/schema.org","@graph":[{"@type":"WebPage","@id":"https:\/\/www.iuma.ulpgc.es\/noticias-recientes\/","url":"https:\/\/www.iuma.ulpgc.es\/noticias-recientes\/","name":"Noticias Recientes - Instituto Universitario de Microelectr\u00f3nica Aplicada","isPartOf":{"@id":"https:\/\/www.iuma.ulpgc.es\/en\/#website"},"datePublished":"2023-05-08T07:34:28+00:00","dateModified":"2024-03-13T09:24:20+00:00","description":"Institute for Applied Microelectronics","breadcrumb":{"@id":"https:\/\/www.iuma.ulpgc.es\/noticias-recientes\/#breadcrumb"},"inLanguage":"en-US","potentialAction":[{"@type":"ReadAction","target":["https:\/\/www.iuma.ulpgc.es\/noticias-recientes\/"]}]},{"@type":"BreadcrumbList","@id":"https:\/\/www.iuma.ulpgc.es\/noticias-recientes\/#breadcrumb","itemListElement":[{"@type":"ListItem","position":1,"name":"Home","item":"https:\/\/www.iuma.ulpgc.es\/"},{"@type":"ListItem","position":2,"name":"Noticias Recientes"}]},{"@type":"WebSite","@id":"https:\/\/www.iuma.ulpgc.es\/en\/#website","url":"https:\/\/www.iuma.ulpgc.es\/en\/","name":"Institute for Applied Microelectronics","description":"El IUMA es un centro de I+D+i de la ULPGC","potentialAction":[{"@type":"SearchAction","target":{"@type":"EntryPoint","urlTemplate":"https:\/\/www.iuma.ulpgc.es\/en\/?s={search_term_string}"},"query-input":{"@type":"PropertyValueSpecification","valueRequired":true,"valueName":"search_term_string"}}],"inLanguage":"en-US"}]}},"post_mailing_queue_ids":[],"_links":{"self":[{"href":"https:\/\/www.iuma.ulpgc.es\/en\/wp-json\/wp\/v2\/pages\/294","targetHints":{"allow":["GET"]}}],"collection":[{"href":"https:\/\/www.iuma.ulpgc.es\/en\/wp-json\/wp\/v2\/pages"}],"about":[{"href":"https:\/\/www.iuma.ulpgc.es\/en\/wp-json\/wp\/v2\/types\/page"}],"author":[{"embeddable":true,"href":"https:\/\/www.iuma.ulpgc.es\/en\/wp-json\/wp\/v2\/users\/1"}],"replies":[{"embeddable":true,"href":"https:\/\/www.iuma.ulpgc.es\/en\/wp-json\/wp\/v2\/comments?post=294"}],"version-history":[{"count":18,"href":"https:\/\/www.iuma.ulpgc.es\/en\/wp-json\/wp\/v2\/pages\/294\/revisions"}],"predecessor-version":[{"id":8562,"href":"https:\/\/www.iuma.ulpgc.es\/en\/wp-json\/wp\/v2\/pages\/294\/revisions\/8562"}],"wp:attachment":[{"href":"https:\/\/www.iuma.ulpgc.es\/en\/wp-json\/wp\/v2\/media?parent=294"}],"curies":[{"name":"wp","href":"https:\/\/api.w.org\/{rel}","templated":true}]}}