{"id":302,"date":"2023-05-08T08:35:29","date_gmt":"2023-05-08T07:35:29","guid":{"rendered":"https:\/\/www.iuma.ulpgc.es\/?page_id=302"},"modified":"2024-03-13T11:48:51","modified_gmt":"2024-03-13T11:48:51","slug":"ofertas-de-trabajo","status":"publish","type":"page","link":"https:\/\/www.iuma.ulpgc.es\/en\/trabajo-iuma\/ofertas-de-trabajo\/","title":{"rendered":"Job Offers"},"content":{"rendered":"<div class='row list_category'>\n      <div class='col-12 list_category_item container_row'>\n        <article class='ulpgcds-article ulpgcds-article--short row resize_article_row'>\n          <div class='col-4 col-img'>\n            <a class='list_link' href='https:\/\/www.iuma.ulpgc.es\/en\/?post_type=post&#038;p=9355'>\n    <img class='list_img' alt='Imagen destacada de (Ofertas de Trabajo en el IUMA)' src='https:\/\/www.iuma.ulpgc.es\/wp-content\/uploads\/2024\/06\/H2trainlogo-1024x493.png' \/>\n            <\/a>\n          <\/div>\n          <div class='col-8 col-content'>\n            <a class='list_link' href='https:\/\/www.iuma.ulpgc.es\/en\/?post_type=post&#038;p=9355'>\n              <h3 class='list_title'>Job vacancies at the IUMA<\/h3>\n              <div class='ulpgcds-article__date list_date'>29 <span>September<\/span> 2025<\/div>\n            <\/a>\n            <p class='list_content'>El Instituto Universitario de Microelectr\u00f3nica Aplicada (IUMA) oferta 3 contratos de investigaci\u00f3n (ICP2 MECES 3) a tiempo completo para la realizaci\u00f3n de actividades cient\u00edfico-t\u00e9cnicas en el marco del proyecto europeo H2TRAIN (\u201cEnabling digital technologies for&hellip;<\/p>\n          <\/div>\n        <\/article>\n      <\/div>\n    \n      <div class='col-12 list_category_item container_row'>\n        <article class='ulpgcds-article ulpgcds-article--short row resize_article_row'>\n          <div class='col-4 col-img'>\n            <a class='list_link' href='https:\/\/www.iuma.ulpgc.es\/en\/?post_type=post&#038;p=9039'>\n    <img class='list_img' alt='Imagen destacada de (Ofertas de Trabajo en el IUMA)' src='https:\/\/www.iuma.ulpgc.es\/wp-content\/uploads\/2024\/06\/H2trainlogo-1024x493.png' \/>\n            <\/a>\n          <\/div>\n          <div class='col-8 col-content'>\n            <a class='list_link' href='https:\/\/www.iuma.ulpgc.es\/en\/?post_type=post&#038;p=9039'>\n              <h3 class='list_title'>Job vacancies at the IUMA<\/h3>\n              <div class='ulpgcds-article__date list_date'>14 <span>of February<\/span> 2025<\/div>\n            <\/a>\n            <p class='list_content'>El Instituto Universitario de Microelectr\u00f3nica Aplicada (IUMA) oferta 6 contratos de investigaci\u00f3n (4 de tipo ICP2, 1 de tipo PACP1 y otro de tipo PACP2) con cargo al Proyecto de Colaboraci\u00f3n Internacional, PCI2024-153466, para contrataci\u00f3n&hellip;<\/p>\n          <\/div>\n        <\/article>\n      <\/div>\n    \n      <div class='col-12 list_category_item container_row'>\n        <article class='ulpgcds-article ulpgcds-article--short row resize_article_row'>\n          <div class='col-4 col-img'>\n            <a class='list_link' href='https:\/\/www.iuma.ulpgc.es\/en\/?post_type=post&#038;p=8824'>\n    <img class='list_img' alt='Imagen destacada de (Ofertas de Trabajo en el IUMA)' src='https:\/\/www.iuma.ulpgc.es\/wp-content\/uploads\/2024\/06\/H2trainlogo-1024x493.png' \/>\n            <\/a>\n          <\/div>\n          <div class='col-8 col-content'>\n            <a class='list_link' href='https:\/\/www.iuma.ulpgc.es\/en\/?post_type=post&#038;p=8824'>\n              <h3 class='list_title'>Job vacancies at the IUMA<\/h3>\n              <div class='ulpgcds-article__date list_date'>21 <span>June<\/span> 2024<\/div>\n            <\/a>\n            <p class='list_content'>The University Institute for Applied Microelectronics (IUMA) offers 5 research contracts (3 of type ICP2 and 2 of type TCP4) under the International Collaboration Project, PCI2024-153466, by direct concession approved by the Council of Ministers ...<\/p>\n          <\/div>\n        <\/article>\n      <\/div>\n    \n      <div class='col-12 list_category_item container_row'>\n        <article class='ulpgcds-article ulpgcds-article--short row resize_article_row'>\n          <div class='col-4 col-img'>\n            <a class='list_link' href='https:\/\/www.iuma.ulpgc.es\/en\/?post_type=post&#038;p=8700'>\n    <img class='list_img' alt='Imagen destacada de (Oferta de trabajo en el IUMA)' src='https:\/\/www.iuma.ulpgc.es\/wp-content\/uploads\/2024\/04\/Warifa-1024x737.jpg' \/>\n            <\/a>\n          <\/div>\n          <div class='col-8 col-content'>\n            <a class='list_link' href='https:\/\/www.iuma.ulpgc.es\/en\/?post_type=post&#038;p=8700'>\n              <h3 class='list_title'>Job vacancy at the IUMA<\/h3>\n              <div class='ulpgcds-article__date list_date'>23 <span>April<\/span> 2024<\/div>\n            <\/a>\n            <p class='list_content'>Institute for Applied Microelectronics (UMA) offers two positions for the European project WARIFA, \u201cWatching the risk factors: Artificial intelligence and the prevention of chronic conditions\u201d, under the direction of Gustavo... under the direction of Gustavo...<\/p>\n          <\/div>\n        <\/article>\n      <\/div>\n    \n      <div class='col-12 list_category_item container_row'>\n        <article class='ulpgcds-article ulpgcds-article--short row resize_article_row'>\n          <div class='col-4 col-img'>\n            <a class='list_link' href='https:\/\/www.iuma.ulpgc.es\/en\/?post_type=post&#038;p=8338'>\n    <img class='list_img' alt='Imagen destacada de (Oferta de trabajo en el IUMA: t\u00e9cnico de apoyo)' src='https:\/\/www.iuma.ulpgc.es\/wp-content\/uploads\/2024\/02\/oferta-de-trabajo-4-new-english.jpg' \/>\n            <\/a>\n          <\/div>\n          <div class='col-8 col-content'>\n            <a class='list_link' href='https:\/\/www.iuma.ulpgc.es\/en\/?post_type=post&#038;p=8338'>\n              <h3 class='list_title'>Job offer at IUMA: support technician<\/h3>\n              <div class='ulpgcds-article__date list_date'>05 <span>September<\/span> 2023<\/div>\n            <\/a>\n            <p class='list_content'>THE IUMA offers an indefinite-term contract as a \u201cResearch Support Technician.\u201d The purpose of the contract is to support its operation, in terms of carrying out technical and specialized management activities related...<\/p>\n          <\/div>\n        <\/article>\n      <\/div>\n    \n      <div class='col-12 list_category_item container_row'>\n        <article class='ulpgcds-article ulpgcds-article--short row resize_article_row'>\n          <div class='col-4 col-img'>\n            <a class='list_link' href='https:\/\/www.iuma.ulpgc.es\/en\/?post_type=post&#038;p=3371'>\n    <img class='list_img' alt='Imagen destacada de (Oferta de trabajo de la divisi\u00f3n DSI para un proyecto de investigaci\u00f3n de Thales Alenia Space Espa\u00f1a)' src='https:\/\/www.iuma.ulpgc.es\/wp-content\/uploads\/2024\/02\/oferta-de-trabajo-1-new-english.jpg' \/>\n            <\/a>\n          <\/div>\n          <div class='col-8 col-content'>\n            <a class='list_link' href='https:\/\/www.iuma.ulpgc.es\/en\/?post_type=post&#038;p=3371'>\n              <h3 class='list_title'>Job offer from the DSI division for a Thales Alenia Space Spain research project<\/h3>\n              <div class='ulpgcds-article__date list_date'>20 <span>of July<\/span> 2022<\/div>\n            <\/a>\n            <p class='list_content'>Call for the hiring of an ICP2 researcher for the contract between Thales Alenia Space Spain, and the University of Las Palmas de Gran Canaria to carry out the project \u201cCompression algorithm for CHIME\u2026<\/p>\n          <\/div>\n        <\/article>\n      <\/div>\n    \n      <div class='col-12 list_category_item container_row'>\n        <article class='ulpgcds-article ulpgcds-article--short row resize_article_row'>\n          <div class='col-4 col-img'>\n            <a class='list_link' href='https:\/\/www.iuma.ulpgc.es\/en\/?post_type=post&#038;p=3354'>\n    <img class='list_img' alt='Imagen destacada de (Oferta de trabajo de la divisi\u00f3n DSI para un proyecto de investigaci\u00f3n de la ESA)' src='https:\/\/www.iuma.ulpgc.es\/wp-content\/uploads\/2024\/02\/oferta-de-trabajo-4-new-english.jpg' \/>\n            <\/a>\n          <\/div>\n          <div class='col-8 col-content'>\n            <a class='list_link' href='https:\/\/www.iuma.ulpgc.es\/en\/?post_type=post&#038;p=3354'>\n              <h3 class='list_title'>Job offer from the DSI division for an ESA research project<\/h3>\n              <div class='ulpgcds-article__date list_date'>21 <span>of February<\/span> 2022<\/div>\n            <\/a>\n            <p class='list_content'>The IUMA, through the Integrated Systems Design Division, offers a job position for the Lossless\/lossy multispectral &amp; hyperspectral compression IP core research project funded by the European Space Agency.\u2026<\/p>\n          <\/div>\n        <\/article>\n      <\/div>\n    <\/div>\n        <nav aria-label='Pagination' class='ulpgcds-pager'>\n          \n        <div class='ulpgcds-pager__results'>\n          Showing from <span>1<\/span> to <span>7<\/span>, out of a total of <span>53<\/span> records\n        <\/div>\n          <ul>\n            <li class='ulpgcds-pager__item ulpgcds-pager__item--prev'>\n              <a class='pagination__link' href='https:\/\/www.iuma.ulpgc.es\/en\/trabajo-iuma\/ofertas-de-trabajo\/page\/1\/' title='Go to the previous page' aria-disabled='true'>\n                <span class='visually-hidden'>Previous<\/span>\n              <\/a>\n            <\/li>\n      \n      <li class='ulpgcds-pager__item ulpgcds-pager__item--is-active'>\n        <a class='pagination__link' href='https:\/\/www.iuma.ulpgc.es\/en\/trabajo-iuma\/ofertas-de-trabajo\/page\/1\/' title='Go to page 1'>\n          1\n        <\/a>\n      <\/li>\n    \n      <li class='ulpgcds-pager__item'>\n        <a class='pagination__link' href='https:\/\/www.iuma.ulpgc.es\/en\/trabajo-iuma\/ofertas-de-trabajo\/page\/2\/' title='Go to page 2'>\n          2\n        <\/a>\n      <\/li>\n    \n      <li class='ulpgcds-pager__item'>\n        <a class='pagination__link' href='https:\/\/www.iuma.ulpgc.es\/en\/trabajo-iuma\/ofertas-de-trabajo\/page\/3\/' title='Go to page 3'>\n          3\n        <\/a>\n      <\/li>\n    \n      <li class='ulpgcds-pager__item'>\n        <a class='pagination__link' href='https:\/\/www.iuma.ulpgc.es\/en\/trabajo-iuma\/ofertas-de-trabajo\/page\/4\/' title='Go to page 4'>\n          4\n        <\/a>\n      <\/li>\n    \n      <li class='ulpgcds-pager__item'>\n        <a class='pagination__link' href='https:\/\/www.iuma.ulpgc.es\/en\/trabajo-iuma\/ofertas-de-trabajo\/page\/5\/' title='Go to page 5'>\n          5\n        <\/a>\n      <\/li>\n    <li class='ulpgcds-pager__item ulpgcds-pager__item--ellipsis' role='presentation'>&#8230;<\/li>\n        <li class='ulpgcds-pager__item'>\n          <a class='pagination__link' href='https:\/\/www.iuma.ulpgc.es\/en\/trabajo-iuma\/ofertas-de-trabajo\/page\/8\/' title='Go to final page'>8<\/a>\n        <\/li>\n      \n            <li class='ulpgcds-pager__item ulpgcds-pager__item--next'>\n              <a class='pagination__link' href='https:\/\/www.iuma.ulpgc.es\/en\/trabajo-iuma\/ofertas-de-trabajo\/page\/2\/' title='Go to the next page' >\n              <span class='visually-hidden'>Next<\/span>\n              <\/a>\n            <\/li>\n          <\/ul>\n        <\/nav>","protected":false},"excerpt":{"rendered":"","protected":false},"author":1,"featured_media":0,"parent":405,"menu_order":0,"comment_status":"closed","ping_status":"closed","template":"page-templates\/page-title-menu-subscription_sidebar.php","meta":{"_crdt_document":"","footnotes":""},"class_list":["post-302","page","type-page","status-publish","hentry"],"yoast_head":"<!-- This site is optimized with the Yoast SEO plugin v27.3 - https:\/\/yoast.com\/product\/yoast-seo-wordpress\/ -->\n<title>Ofertas de Trabajo - Instituto Universitario de Microelectr\u00f3nica Aplicada<\/title>\n<meta name=\"description\" content=\"Instituto Universitario de Microelectr\u00f3nica Aplicada\" \/>\n<meta name=\"robots\" content=\"index, follow, max-snippet:-1, max-image-preview:large, max-video-preview:-1\" \/>\n<link rel=\"canonical\" href=\"https:\/\/www.iuma.ulpgc.es\/en\/trabajo-iuma\/ofertas-de-trabajo\/\" \/>\n<meta property=\"og:locale\" content=\"en_US\" \/>\n<meta property=\"og:type\" content=\"article\" \/>\n<meta property=\"og:title\" content=\"Ofertas de Trabajo - Instituto Universitario de Microelectr\u00f3nica Aplicada\" \/>\n<meta property=\"og:description\" content=\"Instituto Universitario de Microelectr\u00f3nica Aplicada\" \/>\n<meta property=\"og:url\" content=\"https:\/\/www.iuma.ulpgc.es\/en\/trabajo-iuma\/ofertas-de-trabajo\/\" \/>\n<meta property=\"og:site_name\" content=\"Instituto Universitario de Microelectr\u00f3nica Aplicada\" \/>\n<meta property=\"article:publisher\" content=\"https:\/\/www.facebook.com\/IUMA.ulpgc\" \/>\n<meta property=\"article:modified_time\" content=\"2024-03-13T11:48:51+00:00\" \/>\n<meta name=\"twitter:card\" content=\"summary_large_image\" \/>\n<meta name=\"twitter:site\" content=\"@iumanews\" \/>\n<script type=\"application\/ld+json\" class=\"yoast-schema-graph\">{\"@context\":\"https:\\\/\\\/schema.org\",\"@graph\":[{\"@type\":\"WebPage\",\"@id\":\"https:\\\/\\\/www.iuma.ulpgc.es\\\/trabajo-iuma\\\/ofertas-de-trabajo\\\/\",\"url\":\"https:\\\/\\\/www.iuma.ulpgc.es\\\/trabajo-iuma\\\/ofertas-de-trabajo\\\/\",\"name\":\"Ofertas de Trabajo - Instituto Universitario de Microelectr\u00f3nica Aplicada\",\"isPartOf\":{\"@id\":\"https:\\\/\\\/www.iuma.ulpgc.es\\\/en\\\/#website\"},\"datePublished\":\"2023-05-08T07:35:29+00:00\",\"dateModified\":\"2024-03-13T11:48:51+00:00\",\"description\":\"Instituto Universitario de Microelectr\u00f3nica Aplicada\",\"breadcrumb\":{\"@id\":\"https:\\\/\\\/www.iuma.ulpgc.es\\\/trabajo-iuma\\\/ofertas-de-trabajo\\\/#breadcrumb\"},\"inLanguage\":\"en-US\",\"potentialAction\":[{\"@type\":\"ReadAction\",\"target\":[\"https:\\\/\\\/www.iuma.ulpgc.es\\\/trabajo-iuma\\\/ofertas-de-trabajo\\\/\"]}]},{\"@type\":\"BreadcrumbList\",\"@id\":\"https:\\\/\\\/www.iuma.ulpgc.es\\\/trabajo-iuma\\\/ofertas-de-trabajo\\\/#breadcrumb\",\"itemListElement\":[{\"@type\":\"ListItem\",\"position\":1,\"name\":\"Home\",\"item\":\"https:\\\/\\\/www.iuma.ulpgc.es\\\/\"},{\"@type\":\"ListItem\",\"position\":2,\"name\":\"\u00danete al IUMA\",\"item\":\"https:\\\/\\\/www.iuma.ulpgc.es\\\/trabajo-iuma\\\/\"},{\"@type\":\"ListItem\",\"position\":3,\"name\":\"Ofertas de Trabajo\"}]},{\"@type\":\"WebSite\",\"@id\":\"https:\\\/\\\/www.iuma.ulpgc.es\\\/en\\\/#website\",\"url\":\"https:\\\/\\\/www.iuma.ulpgc.es\\\/en\\\/\",\"name\":\"Instituto Universitario de Microelectr\u00f3nica Aplicada\",\"description\":\"El IUMA es un centro de I+D+i de la ULPGC\",\"potentialAction\":[{\"@type\":\"SearchAction\",\"target\":{\"@type\":\"EntryPoint\",\"urlTemplate\":\"https:\\\/\\\/www.iuma.ulpgc.es\\\/en\\\/?s={search_term_string}\"},\"query-input\":{\"@type\":\"PropertyValueSpecification\",\"valueRequired\":true,\"valueName\":\"search_term_string\"}}],\"inLanguage\":\"en-US\"}]}<\/script>\n<!-- \/ Yoast SEO plugin. -->","yoast_head_json":{"title":"Ofertas de Trabajo - Instituto Universitario de Microelectr\u00f3nica Aplicada","description":"Institute for Applied Microelectronics","robots":{"index":"index","follow":"follow","max-snippet":"max-snippet:-1","max-image-preview":"max-image-preview:large","max-video-preview":"max-video-preview:-1"},"canonical":"https:\/\/www.iuma.ulpgc.es\/en\/trabajo-iuma\/ofertas-de-trabajo\/","og_locale":"en_US","og_type":"article","og_title":"Ofertas de Trabajo - Instituto Universitario de Microelectr\u00f3nica Aplicada","og_description":"Instituto Universitario de Microelectr\u00f3nica Aplicada","og_url":"https:\/\/www.iuma.ulpgc.es\/en\/trabajo-iuma\/ofertas-de-trabajo\/","og_site_name":"Instituto Universitario de Microelectr\u00f3nica Aplicada","article_publisher":"https:\/\/www.facebook.com\/IUMA.ulpgc","article_modified_time":"2024-03-13T11:48:51+00:00","twitter_card":"summary_large_image","twitter_site":"@iumanews","schema":{"@context":"https:\/\/schema.org","@graph":[{"@type":"WebPage","@id":"https:\/\/www.iuma.ulpgc.es\/trabajo-iuma\/ofertas-de-trabajo\/","url":"https:\/\/www.iuma.ulpgc.es\/trabajo-iuma\/ofertas-de-trabajo\/","name":"Ofertas de Trabajo - Instituto Universitario de Microelectr\u00f3nica Aplicada","isPartOf":{"@id":"https:\/\/www.iuma.ulpgc.es\/en\/#website"},"datePublished":"2023-05-08T07:35:29+00:00","dateModified":"2024-03-13T11:48:51+00:00","description":"Institute for Applied Microelectronics","breadcrumb":{"@id":"https:\/\/www.iuma.ulpgc.es\/trabajo-iuma\/ofertas-de-trabajo\/#breadcrumb"},"inLanguage":"en-US","potentialAction":[{"@type":"ReadAction","target":["https:\/\/www.iuma.ulpgc.es\/trabajo-iuma\/ofertas-de-trabajo\/"]}]},{"@type":"BreadcrumbList","@id":"https:\/\/www.iuma.ulpgc.es\/trabajo-iuma\/ofertas-de-trabajo\/#breadcrumb","itemListElement":[{"@type":"ListItem","position":1,"name":"Home","item":"https:\/\/www.iuma.ulpgc.es\/"},{"@type":"ListItem","position":2,"name":"\u00danete al IUMA","item":"https:\/\/www.iuma.ulpgc.es\/trabajo-iuma\/"},{"@type":"ListItem","position":3,"name":"Ofertas de Trabajo"}]},{"@type":"WebSite","@id":"https:\/\/www.iuma.ulpgc.es\/en\/#website","url":"https:\/\/www.iuma.ulpgc.es\/en\/","name":"Institute for Applied Microelectronics","description":"El IUMA es un centro de I+D+i de la ULPGC","potentialAction":[{"@type":"SearchAction","target":{"@type":"EntryPoint","urlTemplate":"https:\/\/www.iuma.ulpgc.es\/en\/?s={search_term_string}"},"query-input":{"@type":"PropertyValueSpecification","valueRequired":true,"valueName":"search_term_string"}}],"inLanguage":"en-US"}]}},"post_mailing_queue_ids":[],"_links":{"self":[{"href":"https:\/\/www.iuma.ulpgc.es\/en\/wp-json\/wp\/v2\/pages\/302","targetHints":{"allow":["GET"]}}],"collection":[{"href":"https:\/\/www.iuma.ulpgc.es\/en\/wp-json\/wp\/v2\/pages"}],"about":[{"href":"https:\/\/www.iuma.ulpgc.es\/en\/wp-json\/wp\/v2\/types\/page"}],"author":[{"embeddable":true,"href":"https:\/\/www.iuma.ulpgc.es\/en\/wp-json\/wp\/v2\/users\/1"}],"replies":[{"embeddable":true,"href":"https:\/\/www.iuma.ulpgc.es\/en\/wp-json\/wp\/v2\/comments?post=302"}],"version-history":[{"count":6,"href":"https:\/\/www.iuma.ulpgc.es\/en\/wp-json\/wp\/v2\/pages\/302\/revisions"}],"predecessor-version":[{"id":8563,"href":"https:\/\/www.iuma.ulpgc.es\/en\/wp-json\/wp\/v2\/pages\/302\/revisions\/8563"}],"up":[{"embeddable":true,"href":"https:\/\/www.iuma.ulpgc.es\/en\/wp-json\/wp\/v2\/pages\/405"}],"wp:attachment":[{"href":"https:\/\/www.iuma.ulpgc.es\/en\/wp-json\/wp\/v2\/media?parent=302"}],"curies":[{"name":"wp","href":"https:\/\/api.w.org\/{rel}","templated":true}]}}