{"id":334,"date":"2023-05-08T12:38:18","date_gmt":"2023-05-08T11:38:18","guid":{"rendered":"https:\/\/www.iuma.ulpgc.es\/?page_id=334"},"modified":"2024-03-12T13:14:52","modified_gmt":"2024-03-12T13:14:52","slug":"equipo-de-direccion","status":"publish","type":"page","link":"https:\/\/www.iuma.ulpgc.es\/en\/gobierno\/equipo-de-direccion\/","title":{"rendered":"Management Team"},"content":{"rendered":"<div class=\"wp-block-card-block-my-block row card_custom card_first\"><div class=\"col-3 card_col_img\"><img decoding=\"async\" class=\"card_img\" src=\"https:\/\/www.iuma.ulpgc.es\/wp-content\/uploads\/2021\/02\/AntonioVega_r.jpg\" alt=\"Imagen del Director (IUMA)\"\/><\/div><div class=\"col-9 card_info\"><div class=\"card_person_name\">Dr. Aurelio Vega Mart\u00ednez<\/div><h2 class=\"card_job_name\">Director<\/h2><div>Phone: 928 451 231<\/div><span>Email: <a label=\"Correo\" href=\"mailto:director@iuma.ulpgc.es\">director@iuma.ulpgc.es<\/a><\/span><div>Office: Electronics and Telecommunications Building - Pavilion A <\/div><\/div><\/div>\n\n\n\n<div class=\"wp-block-card-block-my-block row card_custom\"><div class=\"col-3 card_col_img\"><img decoding=\"async\" class=\"card_img\" src=\"https:\/\/www.iuma.ulpgc.es\/wp-content\/uploads\/2021\/01\/PedroPerez_r.jpg\" alt=\"Imagen del Secretario (IUMA)\"\/><\/div><div class=\"col-9 card_info\"><div class=\"card_person_name\">Dr. Pedro F. P\u00e9rez Carballo<\/div><h2 class=\"card_job_name\">Secretary<\/h2><div>Phone: 928 451 233<\/div><span>Email: <a label=\"Correo\" href=\"mailto:secretario@iuma.ulpgc.es\">secretario@iuma.ulpgc.es<\/a><\/span><div>Office: Electronics and Telecommunications Building - Pavilion A <\/div><\/div><\/div>\n\n\n\n<div class=\"wp-block-card-block-my-block row card_custom\"><div class=\"col-3 card_col_img\"><img decoding=\"async\" class=\"card_img\" src=\"https:\/\/www.iuma.ulpgc.es\/wp-content\/uploads\/2021\/01\/JoseQuinteiro_r.jpg\" alt=\"Imagen del Gerente-Administrador\"\/><\/div><div class=\"col-9 card_info\"><div class=\"card_person_name\">Dr. Jos\u00e9 Mar\u00eda Quinteiro Gonz\u00e1lez<\/div><h2 class=\"card_job_name\">Manager-Administrator<\/h2><div>Phone: 928 451 236<\/div><span>Email: <a label=\"Correo\" href=\"mailto:gerente@iuma.ulpgc.es\">gerente@iuma.ulpgc.es<\/a><\/span><div>Office: Electronics and Telecommunications Building - Pavilion C <\/div><\/div><\/div>\n\n\n\n<div class=\"wp-block-card-block-my-block row card_custom card_last\"><div class=\"col-3 card_col_img\"><img decoding=\"async\" class=\"card_img\" src=\"https:\/\/www.iuma.ulpgc.es\/wp-content\/uploads\/2021\/01\/MiguelAngel_r.jpg\" alt=\"Imagen del Subdirector, Coordinador de de Calidad\"\/><\/div><div class=\"col-9 card_info\"><div class=\"card_person_name\">Dr. Miguel \u00c1ngel Padr\u00f3n Medina<\/div><h2 class=\"card_job_name\">Quality Coordinator, IUMA Subdirector<\/h2><div>Phone: 928 454 474<\/div><span>Email: <a label=\"Correo\" href=\"mailto:scalidad@iuma.ulpgc.es\">scalidad@iuma.ulpgc.es<\/a><\/span><div>Office: Engineering Building <\/div><\/div><\/div>","protected":false},"excerpt":{"rendered":"","protected":false},"author":1,"featured_media":0,"parent":201,"menu_order":0,"comment_status":"closed","ping_status":"closed","template":"page-templates\/page-title-menu_sidebar.php","meta":{"_crdt_document":"","footnotes":""},"class_list":["post-334","page","type-page","status-publish","hentry"],"yoast_head":"<!-- This site is optimized with the Yoast SEO plugin v27.4 - https:\/\/yoast.com\/product\/yoast-seo-wordpress\/ -->\n<title>Equipo de Direcci\u00f3n - Instituto Universitario de Microelectr\u00f3nica Aplicada<\/title>\n<meta name=\"description\" content=\"Instituto Universitario de Microelectr\u00f3nica Aplicada\" \/>\n<meta name=\"robots\" content=\"index, follow, max-snippet:-1, max-image-preview:large, max-video-preview:-1\" \/>\n<link rel=\"canonical\" href=\"https:\/\/www.iuma.ulpgc.es\/en\/gobierno\/equipo-de-direccion\/\" \/>\n<meta property=\"og:locale\" content=\"en_US\" \/>\n<meta property=\"og:type\" content=\"article\" \/>\n<meta property=\"og:title\" content=\"Equipo de Direcci\u00f3n - Instituto Universitario de Microelectr\u00f3nica Aplicada\" \/>\n<meta property=\"og:description\" content=\"Instituto Universitario de Microelectr\u00f3nica Aplicada\" \/>\n<meta property=\"og:url\" content=\"https:\/\/www.iuma.ulpgc.es\/en\/gobierno\/equipo-de-direccion\/\" \/>\n<meta property=\"og:site_name\" content=\"Instituto Universitario de Microelectr\u00f3nica Aplicada\" \/>\n<meta property=\"article:publisher\" content=\"https:\/\/www.facebook.com\/IUMA.ulpgc\" \/>\n<meta property=\"article:modified_time\" content=\"2024-03-12T13:14:52+00:00\" \/>\n<meta property=\"og:image\" content=\"https:\/\/www.iuma.ulpgc.es\/wp-content\/uploads\/2021\/02\/AntonioVega_r.jpg\" \/>\n<meta name=\"twitter:card\" content=\"summary_large_image\" \/>\n<meta name=\"twitter:site\" content=\"@iumanews\" \/>\n<script type=\"application\/ld+json\" class=\"yoast-schema-graph\">{\"@context\":\"https:\\\/\\\/schema.org\",\"@graph\":[{\"@type\":\"WebPage\",\"@id\":\"https:\\\/\\\/www.iuma.ulpgc.es\\\/gobierno\\\/equipo-de-direccion\\\/\",\"url\":\"https:\\\/\\\/www.iuma.ulpgc.es\\\/gobierno\\\/equipo-de-direccion\\\/\",\"name\":\"Equipo de Direcci\u00f3n - Instituto Universitario de Microelectr\u00f3nica Aplicada\",\"isPartOf\":{\"@id\":\"https:\\\/\\\/www.iuma.ulpgc.es\\\/en\\\/#website\"},\"primaryImageOfPage\":{\"@id\":\"https:\\\/\\\/www.iuma.ulpgc.es\\\/gobierno\\\/equipo-de-direccion\\\/#primaryimage\"},\"image\":{\"@id\":\"https:\\\/\\\/www.iuma.ulpgc.es\\\/gobierno\\\/equipo-de-direccion\\\/#primaryimage\"},\"thumbnailUrl\":\"https:\\\/\\\/www.iuma.ulpgc.es\\\/wp-content\\\/uploads\\\/2021\\\/02\\\/AntonioVega_r.jpg\",\"datePublished\":\"2023-05-08T11:38:18+00:00\",\"dateModified\":\"2024-03-12T13:14:52+00:00\",\"description\":\"Instituto Universitario de Microelectr\u00f3nica Aplicada\",\"breadcrumb\":{\"@id\":\"https:\\\/\\\/www.iuma.ulpgc.es\\\/gobierno\\\/equipo-de-direccion\\\/#breadcrumb\"},\"inLanguage\":\"en-US\",\"potentialAction\":[{\"@type\":\"ReadAction\",\"target\":[\"https:\\\/\\\/www.iuma.ulpgc.es\\\/gobierno\\\/equipo-de-direccion\\\/\"]}]},{\"@type\":\"ImageObject\",\"inLanguage\":\"en-US\",\"@id\":\"https:\\\/\\\/www.iuma.ulpgc.es\\\/gobierno\\\/equipo-de-direccion\\\/#primaryimage\",\"url\":\"https:\\\/\\\/www.iuma.ulpgc.es\\\/wp-content\\\/uploads\\\/2021\\\/02\\\/AntonioVega_r.jpg\",\"contentUrl\":\"https:\\\/\\\/www.iuma.ulpgc.es\\\/wp-content\\\/uploads\\\/2021\\\/02\\\/AntonioVega_r.jpg\"},{\"@type\":\"BreadcrumbList\",\"@id\":\"https:\\\/\\\/www.iuma.ulpgc.es\\\/gobierno\\\/equipo-de-direccion\\\/#breadcrumb\",\"itemListElement\":[{\"@type\":\"ListItem\",\"position\":1,\"name\":\"Home\",\"item\":\"https:\\\/\\\/www.iuma.ulpgc.es\\\/\"},{\"@type\":\"ListItem\",\"position\":2,\"name\":\"Gobierno\",\"item\":\"https:\\\/\\\/www.iuma.ulpgc.es\\\/gobierno\\\/\"},{\"@type\":\"ListItem\",\"position\":3,\"name\":\"Equipo de Direcci\u00f3n\"}]},{\"@type\":\"WebSite\",\"@id\":\"https:\\\/\\\/www.iuma.ulpgc.es\\\/en\\\/#website\",\"url\":\"https:\\\/\\\/www.iuma.ulpgc.es\\\/en\\\/\",\"name\":\"Instituto Universitario de Microelectr\u00f3nica Aplicada\",\"description\":\"El IUMA es un centro de I+D+i de la ULPGC\",\"potentialAction\":[{\"@type\":\"SearchAction\",\"target\":{\"@type\":\"EntryPoint\",\"urlTemplate\":\"https:\\\/\\\/www.iuma.ulpgc.es\\\/en\\\/?s={search_term_string}\"},\"query-input\":{\"@type\":\"PropertyValueSpecification\",\"valueRequired\":true,\"valueName\":\"search_term_string\"}}],\"inLanguage\":\"en-US\"}]}<\/script>\n<!-- \/ Yoast SEO plugin. -->","yoast_head_json":{"title":"Equipo de Direcci\u00f3n - Instituto Universitario de Microelectr\u00f3nica Aplicada","description":"Institute for Applied Microelectronics","robots":{"index":"index","follow":"follow","max-snippet":"max-snippet:-1","max-image-preview":"max-image-preview:large","max-video-preview":"max-video-preview:-1"},"canonical":"https:\/\/www.iuma.ulpgc.es\/en\/gobierno\/equipo-de-direccion\/","og_locale":"en_US","og_type":"article","og_title":"Equipo de Direcci\u00f3n - Instituto Universitario de Microelectr\u00f3nica Aplicada","og_description":"Instituto Universitario de Microelectr\u00f3nica Aplicada","og_url":"https:\/\/www.iuma.ulpgc.es\/en\/gobierno\/equipo-de-direccion\/","og_site_name":"Instituto Universitario de Microelectr\u00f3nica Aplicada","article_publisher":"https:\/\/www.facebook.com\/IUMA.ulpgc","article_modified_time":"2024-03-12T13:14:52+00:00","og_image":[{"url":"https:\/\/www.iuma.ulpgc.es\/wp-content\/uploads\/2021\/02\/AntonioVega_r.jpg","type":"","width":"","height":""}],"twitter_card":"summary_large_image","twitter_site":"@iumanews","schema":{"@context":"https:\/\/schema.org","@graph":[{"@type":"WebPage","@id":"https:\/\/www.iuma.ulpgc.es\/gobierno\/equipo-de-direccion\/","url":"https:\/\/www.iuma.ulpgc.es\/gobierno\/equipo-de-direccion\/","name":"Equipo de Direcci\u00f3n - Instituto Universitario de Microelectr\u00f3nica Aplicada","isPartOf":{"@id":"https:\/\/www.iuma.ulpgc.es\/en\/#website"},"primaryImageOfPage":{"@id":"https:\/\/www.iuma.ulpgc.es\/gobierno\/equipo-de-direccion\/#primaryimage"},"image":{"@id":"https:\/\/www.iuma.ulpgc.es\/gobierno\/equipo-de-direccion\/#primaryimage"},"thumbnailUrl":"https:\/\/www.iuma.ulpgc.es\/wp-content\/uploads\/2021\/02\/AntonioVega_r.jpg","datePublished":"2023-05-08T11:38:18+00:00","dateModified":"2024-03-12T13:14:52+00:00","description":"Institute for Applied Microelectronics","breadcrumb":{"@id":"https:\/\/www.iuma.ulpgc.es\/gobierno\/equipo-de-direccion\/#breadcrumb"},"inLanguage":"en-US","potentialAction":[{"@type":"ReadAction","target":["https:\/\/www.iuma.ulpgc.es\/gobierno\/equipo-de-direccion\/"]}]},{"@type":"ImageObject","inLanguage":"en-US","@id":"https:\/\/www.iuma.ulpgc.es\/gobierno\/equipo-de-direccion\/#primaryimage","url":"https:\/\/www.iuma.ulpgc.es\/wp-content\/uploads\/2021\/02\/AntonioVega_r.jpg","contentUrl":"https:\/\/www.iuma.ulpgc.es\/wp-content\/uploads\/2021\/02\/AntonioVega_r.jpg"},{"@type":"BreadcrumbList","@id":"https:\/\/www.iuma.ulpgc.es\/gobierno\/equipo-de-direccion\/#breadcrumb","itemListElement":[{"@type":"ListItem","position":1,"name":"Home","item":"https:\/\/www.iuma.ulpgc.es\/"},{"@type":"ListItem","position":2,"name":"Gobierno","item":"https:\/\/www.iuma.ulpgc.es\/gobierno\/"},{"@type":"ListItem","position":3,"name":"Equipo de Direcci\u00f3n"}]},{"@type":"WebSite","@id":"https:\/\/www.iuma.ulpgc.es\/en\/#website","url":"https:\/\/www.iuma.ulpgc.es\/en\/","name":"Institute for Applied Microelectronics","description":"El IUMA es un centro de I+D+i de la ULPGC","potentialAction":[{"@type":"SearchAction","target":{"@type":"EntryPoint","urlTemplate":"https:\/\/www.iuma.ulpgc.es\/en\/?s={search_term_string}"},"query-input":{"@type":"PropertyValueSpecification","valueRequired":true,"valueName":"search_term_string"}}],"inLanguage":"en-US"}]}},"post_mailing_queue_ids":[],"_links":{"self":[{"href":"https:\/\/www.iuma.ulpgc.es\/en\/wp-json\/wp\/v2\/pages\/334","targetHints":{"allow":["GET"]}}],"collection":[{"href":"https:\/\/www.iuma.ulpgc.es\/en\/wp-json\/wp\/v2\/pages"}],"about":[{"href":"https:\/\/www.iuma.ulpgc.es\/en\/wp-json\/wp\/v2\/types\/page"}],"author":[{"embeddable":true,"href":"https:\/\/www.iuma.ulpgc.es\/en\/wp-json\/wp\/v2\/users\/1"}],"replies":[{"embeddable":true,"href":"https:\/\/www.iuma.ulpgc.es\/en\/wp-json\/wp\/v2\/comments?post=334"}],"version-history":[{"count":3,"href":"https:\/\/www.iuma.ulpgc.es\/en\/wp-json\/wp\/v2\/pages\/334\/revisions"}],"predecessor-version":[{"id":8526,"href":"https:\/\/www.iuma.ulpgc.es\/en\/wp-json\/wp\/v2\/pages\/334\/revisions\/8526"}],"up":[{"embeddable":true,"href":"https:\/\/www.iuma.ulpgc.es\/en\/wp-json\/wp\/v2\/pages\/201"}],"wp:attachment":[{"href":"https:\/\/www.iuma.ulpgc.es\/en\/wp-json\/wp\/v2\/media?parent=334"}],"curies":[{"name":"wp","href":"https:\/\/api.w.org\/{rel}","templated":true}]}}