{"id":336,"date":"2023-05-08T12:38:18","date_gmt":"2023-05-08T11:38:18","guid":{"rendered":"https:\/\/www.iuma.ulpgc.es\/?page_id=336"},"modified":"2026-03-24T10:11:03","modified_gmt":"2026-03-24T10:11:03","slug":"comision-docente","status":"publish","type":"page","link":"https:\/\/www.iuma.ulpgc.es\/en\/gobierno\/comision-docente\/","title":{"rendered":"Teaching Committee"},"content":{"rendered":"<div class=\"wp-block-card-block-my-block row card_custom card_first\">\r\n<div class=\"col-3 card_col_img\"><img decoding=\"async\" class=\"card_img\" src=\"https:\/\/www.iuma.ulpgc.es\/wp-content\/uploads\/2021\/02\/AntonioVega_r.jpg\" alt=\"Imagen del Director (IUMA)\" \/><\/div>\r\n<div class=\"col-9 card_info\">\r\n<div class=\"card_person_name\">Dr. Aurelio Vega Mart\u00ednez<\/div>\r\n<h2 class=\"card_job_name\">IUMA Director<\/h2>\r\n<div>Phone: 928 451 231<\/div>\r\nEmail: <a href=\"mailto:director@iuma.ulpgc.es\">director@iuma.ulpgc.es<\/a>\r\n<div>Office: Electronics and Telecommunications Building - Pavilion A<\/div>\r\n<\/div>\r\n<\/div>\r\n\r\n\r\n\r\n<div class=\"wp-block-card-block-my-block row card_custom\">\r\n<div class=\"col-3 card_col_img\"><img decoding=\"async\" class=\"card_img\" src=\"https:\/\/www.iuma.ulpgc.es\/wp-content\/uploads\/2021\/01\/PedroPerez_r.jpg\" alt=\"Imagen del Secretario (IUMA)\" \/><\/div>\r\n<div class=\"col-9 card_info\">\r\n<div class=\"card_person_name\">Dr. Pedro F. P\u00e9rez Carballo<\/div>\r\n<h2 class=\"card_job_name\">IUMA Secretary<\/h2>\r\n<div>Phone: 928 451 233<\/div>\r\nEmail: <a href=\"mailto:secretario@iuma.ulpgc.es\">secretario@iuma.ulpgc.es<\/a>\r\n<div>Office: Electronics and Telecommunications Building - Pavilion A<\/div>\r\n<\/div>\r\n<\/div>\r\n\r\n\r\n\r\n<div class=\"wp-block-card-block-my-block row card_custom\">\r\n<div class=\"col-3 card_col_img\"><img decoding=\"async\" class=\"card_img\" src=\"https:\/\/www.iuma.ulpgc.es\/wp-content\/uploads\/2021\/01\/FernandoDelapuente_r.jpg\" alt=\"Imagen del Coordinador (META)\" \/><\/div>\r\n<div class=\"col-9 card_info\">\r\n<div class=\"card_person_name\">Dr. Fernando de la Puente Arrate<\/div>\r\n<h2 class=\"card_job_name\">Coordinador M\u00e1ster en Electr\u00f3nica y Tecnolog\u00eda Digital Aplicadas (METDA)<\/h2>\r\n<div>Phone: 928 458 048<\/div>\r\nEmail: <a href=\"mailto:fpuente@iuma.ulpgc.es\">fpuente@iuma.ulpgc.es<\/a>\r\n<div>Office: Electronics and Telecommunications Building - Pavilion C<\/div>\r\n<\/div>\r\n<\/div>\r\n\r\n\r\n\r\n<div class=\"wp-block-card-block-my-block row card_custom\">\r\n<div class=\"col-3 card_col_img\"><img decoding=\"async\" class=\"card_img\" src=\"https:\/\/www.iuma.ulpgc.es\/wp-content\/uploads\/2021\/01\/JavierDelPino_r.jpg\" alt=\"Imagen de Miembro de la Comisi\u00f3n de Asesoramiento Docente\" \/><\/div>\r\n<div class=\"col-9 card_info\">\r\n<div class=\"card_person_name\">Dr. Francisco Javier del Pino Su\u00e1rez<\/div>\r\n<h2 class=\"card_job_name\">Member of the Teaching Advisory Committee<\/h2>\r\n<div>Phone: 928 458 046<\/div>\r\nEmail: <a href=\"mailto:jpino@iuma.ulpgc.es\">jpino@iuma.ulpgc.es<\/a>\r\n<div>Office: Electronics and Telecommunications Building - Pavilion A<\/div>\r\n<\/div>\r\n<\/div>\r\n\r\n\r\n\r\n<div class=\"wp-block-card-block-my-block row card_custom\">\r\n<div class=\"col-3 card_col_img\"><img decoding=\"async\" class=\"card_img\" src=\"https:\/\/www.iuma.ulpgc.es\/wp-content\/uploads\/2021\/01\/GustavoMarrero_r.jpg\" alt=\"Imagen de Miembro de la Comisi\u00f3n de Asesoramiento Docente\" \/><\/div>\r\n<div class=\"col-9 card_info\">\r\n<div class=\"card_person_name\">Dr. Gustavo Iv\u00e1n Marrero Callic\u00f3<\/div>\r\n<h2 class=\"card_job_name\">Member of the Teaching Advisory Committee<\/h2>\r\n<div>Phone: 928 451 271<\/div>\r\nEmail: <a href=\"mailto:gustavo@iuma.ulpgc.es\">gustavo@iuma.ulpgc.es<\/a>\r\n<div>Office: Electronics and Telecommunications Building - Pavilion A<\/div>\r\n<\/div>\r\n<\/div>\r\n\r\n\r\n\r\n<div class=\"wp-block-card-block-my-block row card_custom\">\r\n<div class=\"col-3 card_col_img\"><img decoding=\"async\" class=\"card_img\" src=\"https:\/\/www.iuma.ulpgc.es\/wp-content\/uploads\/2021\/01\/AlfonsoMedina_r.jpg\" alt=\"Imagen de Miembro de la Comisi\u00f3n de Asesoramiento Docente\" \/><\/div>\r\n<div class=\"col-9 card_info\">\r\n<div class=\"card_person_name\">Dr. Alfonso Medina Escuela<\/div>\r\n<h2 class=\"card_job_name\">Member of the Teaching Advisory Committee<\/h2>\r\n<div>Phone: 928 452 960<\/div>\r\nEmail: <a href=\"mailto:aescuela@iuma.ulpgc.es\">aescuela@iuma.ulpgc.es<\/a>\r\n<div>Office: Electronics and Telecommunications Building - Pavilion A<\/div>\r\n<\/div>\r\n<\/div>\r\n\r\n\r\n\r\n<div class=\"wp-block-card-block-my-block row card_custom\">\r\n<div class=\"col-3 card_col_img\"><img decoding=\"async\" class=\"card_img\" src=\"https:\/\/www.iuma.ulpgc.es\/wp-content\/uploads\/2021\/01\/JoseQuinteiro_r.jpg\" alt=\"Imagen de Miembro de la Comisi\u00f3n de Asesoramiento Docente\" \/><\/div>\r\n<div class=\"col-9 card_info\">\r\n<div class=\"card_person_name\">Dr. Jos\u00e9 Mar\u00eda Quinteiro Gonz\u00e1lez<\/div>\r\n<h2 class=\"card_job_name\">Member of the Teaching Advisory Committee<\/h2>\r\n<div>Phone: 928 451 236<\/div>\r\nEmail: <a href=\"mailto:jquintei@iuma.ulpgc.es\">jquintei@iuma.ulpgc.es<\/a>\r\n<div>Office: Electronics and Telecommunications Building - Pavilion C<\/div>\r\n<\/div>\r\n<\/div>\r\n\r\n\r\n\r\n<div class=\"wp-block-card-block-my-block row card_custom card_last\">\r\n<div class=\"col-3 card_col_img\"><img decoding=\"async\" class=\"card_img\" src=\"https:\/\/www.iuma.ulpgc.es\/wp-content\/uploads\/2021\/02\/CarlosSosa.jpg\" alt=\"Imagen de Miembro de la Comisi\u00f3n de Asesoramiento Docente\" \/><\/div>\r\n<div class=\"col-9 card_info\">\r\n<div class=\"card_person_name\">Dr. Carlos Javier Sosa Gonz\u00e1lez<\/div>\r\n<h2 class=\"card_job_name\">Member of the Teaching Advisory Committee<\/h2>\r\n<div>Phone: 928 457 324<\/div>\r\nEmail: <a href=\"mailto:jsosa@iuma.ulpgc.es\">jsosa@iuma.ulpgc.es<\/a>\r\n<div>Office: Electronics and Telecommunications Building - Pavilion A<\/div>\r\n<\/div>\r\n<\/div>\r\n<div class=\"wp-block-card-block-my-block row card_custom card_last\">\r\n<div class=\"col-3 card_col_img\"><img decoding=\"async\" class=\"card_img\" src=\"https:\/\/www.iuma.ulpgc.es\/wp-content\/uploads\/2026\/03\/AnaDiaz.jpg\" alt=\"Imagen de Miembro de la Comisi\u00f3n de Asesoramiento Docente\" \/><\/div>\r\n<div class=\"col-9 card_info\">\r\n<div class=\"card_person_name\">Ana D\u00edaz Hern\u00e1ndez<\/div>\r\n<h2 class=\"card_job_name\">Member of the Teaching Advisory Committee<\/h2>\r\n<div>Phone:<\/div>\r\nEmail: <a href=\"mailto:andiaz@iuma.ulpgc.es\">andiaz@iuma.ulpgc.es<\/a>\r\n<div>Office: Electronics and Telecommunications Building - Pavilion A<\/div>\r\n<\/div>\r\n<\/div>\r\n<div class=\"wp-block-card-block-my-block row card_custom card_last\">\r\n<div class=\"col-3 card_col_img\"><img decoding=\"async\" class=\"card_img\" src=\"https:\/\/www.iuma.ulpgc.es\/wp-content\/uploads\/2026\/03\/MiguelQuevedo.jpg\" alt=\"Imagen de Miembro de la Comisi\u00f3n de Asesoramiento Docente\" \/><\/div>\r\n<div class=\"col-9 card_info\">\r\n<div class=\"card_person_name\">Miguel Quevedo P\u00e9rez<\/div>\r\n<h2 class=\"card_job_name\">Member of the Teaching Advisory Committee<\/h2>\r\n<div>Phone:<\/div>\r\nEmail: <a href=\"mailto:mqperez@iuma.ulpgc.es\">mqperez@iuma.ulpgc.es<\/a>\r\n<div>Office: Electronics and Telecommunications Building - Pavilion A<\/div>\r\n<\/div>\r\n<\/div>\r\n\r\n\r\n\r\n<p class=\"subtitle-l wp-block-paragraph\">Regulation:<\/p>\r\n\r\n\r\n\r\n<ul class=\"wp-block-list\">\r\n<li><strong><a href=\"https:\/\/www.iuma.ulpgc.es\/wp-content\/uploads\/2021\/03\/Reglamento-CAD-IUMA-Extracto-BOULPGC-20200803.pdf\" data-type=\"link\" data-id=\"https:\/\/www.iuma.ulpgc.es\/wp-content\/uploads\/2021\/03\/Reglamento-CAD-IUMA-Extracto-BOULPGC-20200803.pdf\">SICAD IUMA Regulation<\/a><\/strong><\/li>\r\n<\/ul>","protected":false},"excerpt":{"rendered":"<p>Regulation:<\/p>","protected":false},"author":1,"featured_media":0,"parent":201,"menu_order":0,"comment_status":"closed","ping_status":"closed","template":"page-templates\/page-title-menu_sidebar.php","meta":{"_crdt_document":"","footnotes":""},"class_list":["post-336","page","type-page","status-publish","hentry"],"yoast_head":"<!-- This site is optimized with the Yoast SEO plugin v27.4 - https:\/\/yoast.com\/product\/yoast-seo-wordpress\/ -->\n<title>Comisi\u00f3n Docente - Instituto Universitario de Microelectr\u00f3nica Aplicada<\/title>\n<meta name=\"description\" content=\"Instituto Universitario de Microelectr\u00f3nica Aplicada\" \/>\n<meta name=\"robots\" content=\"index, follow, max-snippet:-1, max-image-preview:large, max-video-preview:-1\" \/>\n<link rel=\"canonical\" href=\"https:\/\/www.iuma.ulpgc.es\/en\/gobierno\/comision-docente\/\" \/>\n<meta property=\"og:locale\" content=\"en_US\" \/>\n<meta property=\"og:type\" content=\"article\" \/>\n<meta property=\"og:title\" content=\"Comisi\u00f3n Docente - Instituto Universitario de Microelectr\u00f3nica Aplicada\" \/>\n<meta property=\"og:description\" content=\"Instituto Universitario de Microelectr\u00f3nica Aplicada\" \/>\n<meta property=\"og:url\" content=\"https:\/\/www.iuma.ulpgc.es\/en\/gobierno\/comision-docente\/\" \/>\n<meta property=\"og:site_name\" content=\"Instituto Universitario de Microelectr\u00f3nica Aplicada\" \/>\n<meta property=\"article:publisher\" content=\"https:\/\/www.facebook.com\/IUMA.ulpgc\" \/>\n<meta property=\"article:modified_time\" content=\"2026-03-24T10:11:03+00:00\" \/>\n<meta property=\"og:image\" content=\"https:\/\/www.iuma.ulpgc.es\/wp-content\/uploads\/2021\/02\/AntonioVega_r.jpg\" \/>\n<meta name=\"twitter:card\" content=\"summary_large_image\" \/>\n<meta name=\"twitter:site\" content=\"@iumanews\" \/>\n<meta name=\"twitter:label1\" content=\"Est. reading time\" \/>\n\t<meta name=\"twitter:data1\" content=\"4 minutes\" \/>\n<script type=\"application\/ld+json\" class=\"yoast-schema-graph\">{\"@context\":\"https:\\\/\\\/schema.org\",\"@graph\":[{\"@type\":\"WebPage\",\"@id\":\"https:\\\/\\\/www.iuma.ulpgc.es\\\/gobierno\\\/comision-docente\\\/\",\"url\":\"https:\\\/\\\/www.iuma.ulpgc.es\\\/gobierno\\\/comision-docente\\\/\",\"name\":\"Comisi\u00f3n Docente - Instituto Universitario de Microelectr\u00f3nica Aplicada\",\"isPartOf\":{\"@id\":\"https:\\\/\\\/www.iuma.ulpgc.es\\\/en\\\/#website\"},\"primaryImageOfPage\":{\"@id\":\"https:\\\/\\\/www.iuma.ulpgc.es\\\/gobierno\\\/comision-docente\\\/#primaryimage\"},\"image\":{\"@id\":\"https:\\\/\\\/www.iuma.ulpgc.es\\\/gobierno\\\/comision-docente\\\/#primaryimage\"},\"thumbnailUrl\":\"https:\\\/\\\/www.iuma.ulpgc.es\\\/wp-content\\\/uploads\\\/2021\\\/02\\\/AntonioVega_r.jpg\",\"datePublished\":\"2023-05-08T11:38:18+00:00\",\"dateModified\":\"2026-03-24T10:11:03+00:00\",\"description\":\"Instituto Universitario de Microelectr\u00f3nica Aplicada\",\"breadcrumb\":{\"@id\":\"https:\\\/\\\/www.iuma.ulpgc.es\\\/gobierno\\\/comision-docente\\\/#breadcrumb\"},\"inLanguage\":\"en-US\",\"potentialAction\":[{\"@type\":\"ReadAction\",\"target\":[\"https:\\\/\\\/www.iuma.ulpgc.es\\\/gobierno\\\/comision-docente\\\/\"]}]},{\"@type\":\"ImageObject\",\"inLanguage\":\"en-US\",\"@id\":\"https:\\\/\\\/www.iuma.ulpgc.es\\\/gobierno\\\/comision-docente\\\/#primaryimage\",\"url\":\"https:\\\/\\\/www.iuma.ulpgc.es\\\/wp-content\\\/uploads\\\/2021\\\/02\\\/AntonioVega_r.jpg\",\"contentUrl\":\"https:\\\/\\\/www.iuma.ulpgc.es\\\/wp-content\\\/uploads\\\/2021\\\/02\\\/AntonioVega_r.jpg\"},{\"@type\":\"BreadcrumbList\",\"@id\":\"https:\\\/\\\/www.iuma.ulpgc.es\\\/gobierno\\\/comision-docente\\\/#breadcrumb\",\"itemListElement\":[{\"@type\":\"ListItem\",\"position\":1,\"name\":\"Home\",\"item\":\"https:\\\/\\\/www.iuma.ulpgc.es\\\/\"},{\"@type\":\"ListItem\",\"position\":2,\"name\":\"Gobierno\",\"item\":\"https:\\\/\\\/www.iuma.ulpgc.es\\\/gobierno\\\/\"},{\"@type\":\"ListItem\",\"position\":3,\"name\":\"Comisi\u00f3n Docente\"}]},{\"@type\":\"WebSite\",\"@id\":\"https:\\\/\\\/www.iuma.ulpgc.es\\\/en\\\/#website\",\"url\":\"https:\\\/\\\/www.iuma.ulpgc.es\\\/en\\\/\",\"name\":\"Instituto Universitario de Microelectr\u00f3nica Aplicada\",\"description\":\"El IUMA es un centro de I+D+i de la ULPGC\",\"potentialAction\":[{\"@type\":\"SearchAction\",\"target\":{\"@type\":\"EntryPoint\",\"urlTemplate\":\"https:\\\/\\\/www.iuma.ulpgc.es\\\/en\\\/?s={search_term_string}\"},\"query-input\":{\"@type\":\"PropertyValueSpecification\",\"valueRequired\":true,\"valueName\":\"search_term_string\"}}],\"inLanguage\":\"en-US\"}]}<\/script>\n<!-- \/ Yoast SEO plugin. -->","yoast_head_json":{"title":"Comisi\u00f3n Docente - Instituto Universitario de Microelectr\u00f3nica Aplicada","description":"Institute for Applied Microelectronics","robots":{"index":"index","follow":"follow","max-snippet":"max-snippet:-1","max-image-preview":"max-image-preview:large","max-video-preview":"max-video-preview:-1"},"canonical":"https:\/\/www.iuma.ulpgc.es\/en\/gobierno\/comision-docente\/","og_locale":"en_US","og_type":"article","og_title":"Comisi\u00f3n Docente - Instituto Universitario de Microelectr\u00f3nica Aplicada","og_description":"Instituto Universitario de Microelectr\u00f3nica Aplicada","og_url":"https:\/\/www.iuma.ulpgc.es\/en\/gobierno\/comision-docente\/","og_site_name":"Instituto Universitario de Microelectr\u00f3nica Aplicada","article_publisher":"https:\/\/www.facebook.com\/IUMA.ulpgc","article_modified_time":"2026-03-24T10:11:03+00:00","og_image":[{"url":"https:\/\/www.iuma.ulpgc.es\/wp-content\/uploads\/2021\/02\/AntonioVega_r.jpg","type":"","width":"","height":""}],"twitter_card":"summary_large_image","twitter_site":"@iumanews","twitter_misc":{"Est. reading time":"4 minutes"},"schema":{"@context":"https:\/\/schema.org","@graph":[{"@type":"WebPage","@id":"https:\/\/www.iuma.ulpgc.es\/gobierno\/comision-docente\/","url":"https:\/\/www.iuma.ulpgc.es\/gobierno\/comision-docente\/","name":"Comisi\u00f3n Docente - Instituto Universitario de Microelectr\u00f3nica Aplicada","isPartOf":{"@id":"https:\/\/www.iuma.ulpgc.es\/en\/#website"},"primaryImageOfPage":{"@id":"https:\/\/www.iuma.ulpgc.es\/gobierno\/comision-docente\/#primaryimage"},"image":{"@id":"https:\/\/www.iuma.ulpgc.es\/gobierno\/comision-docente\/#primaryimage"},"thumbnailUrl":"https:\/\/www.iuma.ulpgc.es\/wp-content\/uploads\/2021\/02\/AntonioVega_r.jpg","datePublished":"2023-05-08T11:38:18+00:00","dateModified":"2026-03-24T10:11:03+00:00","description":"Institute for Applied Microelectronics","breadcrumb":{"@id":"https:\/\/www.iuma.ulpgc.es\/gobierno\/comision-docente\/#breadcrumb"},"inLanguage":"en-US","potentialAction":[{"@type":"ReadAction","target":["https:\/\/www.iuma.ulpgc.es\/gobierno\/comision-docente\/"]}]},{"@type":"ImageObject","inLanguage":"en-US","@id":"https:\/\/www.iuma.ulpgc.es\/gobierno\/comision-docente\/#primaryimage","url":"https:\/\/www.iuma.ulpgc.es\/wp-content\/uploads\/2021\/02\/AntonioVega_r.jpg","contentUrl":"https:\/\/www.iuma.ulpgc.es\/wp-content\/uploads\/2021\/02\/AntonioVega_r.jpg"},{"@type":"BreadcrumbList","@id":"https:\/\/www.iuma.ulpgc.es\/gobierno\/comision-docente\/#breadcrumb","itemListElement":[{"@type":"ListItem","position":1,"name":"Home","item":"https:\/\/www.iuma.ulpgc.es\/"},{"@type":"ListItem","position":2,"name":"Gobierno","item":"https:\/\/www.iuma.ulpgc.es\/gobierno\/"},{"@type":"ListItem","position":3,"name":"Comisi\u00f3n Docente"}]},{"@type":"WebSite","@id":"https:\/\/www.iuma.ulpgc.es\/en\/#website","url":"https:\/\/www.iuma.ulpgc.es\/en\/","name":"Institute for Applied Microelectronics","description":"El IUMA es un centro de I+D+i de la ULPGC","potentialAction":[{"@type":"SearchAction","target":{"@type":"EntryPoint","urlTemplate":"https:\/\/www.iuma.ulpgc.es\/en\/?s={search_term_string}"},"query-input":{"@type":"PropertyValueSpecification","valueRequired":true,"valueName":"search_term_string"}}],"inLanguage":"en-US"}]}},"post_mailing_queue_ids":[],"_links":{"self":[{"href":"https:\/\/www.iuma.ulpgc.es\/en\/wp-json\/wp\/v2\/pages\/336","targetHints":{"allow":["GET"]}}],"collection":[{"href":"https:\/\/www.iuma.ulpgc.es\/en\/wp-json\/wp\/v2\/pages"}],"about":[{"href":"https:\/\/www.iuma.ulpgc.es\/en\/wp-json\/wp\/v2\/types\/page"}],"author":[{"embeddable":true,"href":"https:\/\/www.iuma.ulpgc.es\/en\/wp-json\/wp\/v2\/users\/1"}],"replies":[{"embeddable":true,"href":"https:\/\/www.iuma.ulpgc.es\/en\/wp-json\/wp\/v2\/comments?post=336"}],"version-history":[{"count":14,"href":"https:\/\/www.iuma.ulpgc.es\/en\/wp-json\/wp\/v2\/pages\/336\/revisions"}],"predecessor-version":[{"id":9623,"href":"https:\/\/www.iuma.ulpgc.es\/en\/wp-json\/wp\/v2\/pages\/336\/revisions\/9623"}],"up":[{"embeddable":true,"href":"https:\/\/www.iuma.ulpgc.es\/en\/wp-json\/wp\/v2\/pages\/201"}],"wp:attachment":[{"href":"https:\/\/www.iuma.ulpgc.es\/en\/wp-json\/wp\/v2\/media?parent=336"}],"curies":[{"name":"wp","href":"https:\/\/api.w.org\/{rel}","templated":true}]}}