{"id":339,"date":"2023-05-08T12:38:18","date_gmt":"2023-05-08T11:38:18","guid":{"rendered":"https:\/\/www.iuma.ulpgc.es\/?page_id=339"},"modified":"2024-03-12T13:15:01","modified_gmt":"2024-03-12T13:15:01","slug":"directores-de-division","status":"publish","type":"page","link":"https:\/\/www.iuma.ulpgc.es\/en\/gobierno\/directores-de-division\/","title":{"rendered":"Division Directors"},"content":{"rendered":"<div class=\"wp-block-card-block-my-block row card_custom card_first\"><div class=\"col-3 card_col_img\"><img decoding=\"async\" class=\"card_img\" src=\"https:\/\/www.iuma.ulpgc.es\/wp-content\/uploads\/2021\/01\/AlfonsoMedina_r.jpg\" alt=\"Imagen del Director (COM)\"\/><\/div><div class=\"col-9 card_info\"><div class=\"card_person_name\"> Dr. Alfonso Medina Escuela<\/div><h2 class=\"card_job_name\">Director of the Communication Systems and Equipment (COM) division<\/h2><div>Phone: 928 452 960<\/div><span>Email: <a label=\"Correo\" href=\"mailto:aescuela@iuma.ulpgc.es\">aescuela@iuma.ulpgc.es<\/a><\/span><div>Office: Electronics and Telecommunications Building - Pavilion A <\/div><\/div><\/div>\n\n\n\n<div class=\"wp-block-card-block-my-block row card_custom\"><div class=\"col-3 card_col_img\"><img decoding=\"async\" class=\"card_img\" src=\"https:\/\/www.iuma.ulpgc.es\/wp-content\/uploads\/2021\/01\/RobertoSarmiento_r.jpg\" alt=\"Imagen del Director (DSI)\"\/><\/div><div class=\"col-9 card_info\"><div class=\"card_person_name\">Dr. Roberto Sarmiento Rodr\u00edguez<\/div><h2 class=\"card_job_name\">Director of the Integrated Systems Design (DSI) division<\/h2><div>Phone: 928 451 232<\/div><span>Email: <a label=\"Correo\" href=\"mailto:roberto@iuma.ulpgc.es\">roberto@iuma.ulpgc.es<\/a><\/span><div>Office: Electronics and Telecommunications Building - Pavilion A <\/div><\/div><\/div>\n\n\n\n<div class=\"wp-block-card-block-my-block row card_custom\"><div class=\"col-3 card_col_img\"><img decoding=\"async\" class=\"card_img\" src=\"https:\/\/www.iuma.ulpgc.es\/wp-content\/uploads\/2021\/01\/JoseSuarez_r.jpg\" alt=\"Imagen del Director (MAGIC)\"\/><\/div><div class=\"col-9 card_info\"><div class=\"card_person_name\"> Dr. Jos\u00e9 Pablo Su\u00e1rez Rivero<\/div><h2 class=\"card_job_name\">Director of the Mathematics, Graphics, and Computing (MAGiC) division<\/h2><div>Phone: 928 457 268<\/div><span>Email: <a label=\"Correo\" href=\"mailto:jsuarez@iuma.ulpgc.es\">jsuarez@iuma.ulpgc.es<\/a><\/span><div>Office: Engineering Building <\/div><\/div><\/div>\n\n\n\n<div class=\"wp-block-card-block-my-block row card_custom\"><div class=\"col-3 card_col_img\"><img decoding=\"async\" class=\"card_img\" src=\"https:\/\/www.iuma.ulpgc.es\/wp-content\/uploads\/2019\/05\/juanmontiel21.05.2019.jpg\" alt=\"Imagen del Director (MEMS)\"\/><\/div><div class=\"col-9 card_info\"><div class=\"card_person_name\"> Dr. Juan Antonio Montiel Nelson<\/div><h2 class=\"card_job_name\">Director of the Microelectronics and Microsystems (MEMS) division<\/h2><div>Phone: 928 451 252<\/div><span>Email: <a label=\"Correo\" href=\"mailto:montiel@iuma.ulpgc.es\">montiel@iuma.ulpgc.es<\/a><\/span><div>Office: Electronics and Telecommunications Building - Pavilion A <\/div><\/div><\/div>\n\n\n\n<div class=\"wp-block-card-block-my-block row card_custom\"><div class=\"col-3 card_col_img\"><img decoding=\"async\" class=\"card_img\" src=\"https:\/\/www.iuma.ulpgc.es\/wp-content\/uploads\/2021\/02\/AntonioVega_r.jpg\" alt=\"Imagen del Director de la divisi\u00f3n Sistemas Industriales y CAD (SICAD)\"\/><\/div><div class=\"col-9 card_info\"><div class=\"card_person_name\">Dr. Aurelio Vega Mart\u00ednez<\/div><h2 class=\"card_job_name\">Director of the Industrial Systems and CAD (SICAD) division<\/h2><div>Phone: 928 451 231<\/div><span>Email: <a label=\"Correo\" href=\"mailto:avega@iuma.ulpgc.es\">avega@iuma.ulpgc.es<\/a><\/span><div>Office: Electronics and Telecommunications Building - Pavilion A <\/div><\/div><\/div>\n\n\n\n<div class=\"wp-block-card-block-my-block row card_custom\"><div class=\"col-3 card_col_img\"><img decoding=\"async\" class=\"card_img\" src=\"https:\/\/www.iuma.ulpgc.es\/wp-content\/uploads\/2022\/11\/LuisHernandez_r.jpg\" alt=\"Imagen del Director (TI)\"\/><\/div><div class=\"col-9 card_info\"><div class=\"card_person_name\">Dr. Luis Miguel Hern\u00e1ndez Acosta<\/div><h2 class=\"card_job_name\">Director of the Information Technology (IT) division<\/h2><div>Phone: 928 451 383<\/div><span>Email: <a label=\"Correo\" href=\"mailto:luismiguel.hernandez@ulpgc.es\">luismiguel.hernandez@ulpgc.es<\/a><\/span><div>Office: Electronics and Telecommunications Building - Pavilion C <\/div><\/div><\/div>\n\n\n\n<div class=\"wp-block-card-block-my-block row card_custom card_last\"><div class=\"col-3 card_col_img\"><img decoding=\"async\" class=\"card_img\" src=\"https:\/\/www.iuma.ulpgc.es\/wp-content\/uploads\/2021\/01\/JavierDelPino_r.jpg\" alt=\"Imagen del Director (TME)\"\/><\/div><div class=\"col-9 card_info\"><div class=\"card_person_name\">Dr. Francisco Javier del Pino Su\u00e1rez<\/div><h2 class=\"card_job_name\">Director of the Microelectronic Technology (TME) division<\/h2><div>Phone: 928 458 046<\/div><span>Email: <a label=\"Correo\" href=\"mailto:jpino@iuma.ulpgc.es\">jpino@iuma.ulpgc.es<\/a><\/span><div>Office: Electronics and Telecommunications Building - Pavilion A <\/div><\/div><\/div>","protected":false},"excerpt":{"rendered":"","protected":false},"author":1,"featured_media":0,"parent":201,"menu_order":0,"comment_status":"closed","ping_status":"closed","template":"page-templates\/page-title-menu_sidebar.php","meta":{"_crdt_document":"","footnotes":""},"class_list":["post-339","page","type-page","status-publish","hentry"],"yoast_head":"<!-- This site is optimized with the Yoast SEO plugin v27.4 - https:\/\/yoast.com\/product\/yoast-seo-wordpress\/ -->\n<title>Directores de Divisi\u00f3n - Instituto Universitario de Microelectr\u00f3nica Aplicada<\/title>\n<meta name=\"description\" content=\"Instituto Universitario de Microelectr\u00f3nica Aplicada\" \/>\n<meta name=\"robots\" content=\"index, follow, max-snippet:-1, max-image-preview:large, max-video-preview:-1\" \/>\n<link rel=\"canonical\" href=\"https:\/\/www.iuma.ulpgc.es\/en\/gobierno\/directores-de-division\/\" \/>\n<meta property=\"og:locale\" content=\"en_US\" \/>\n<meta property=\"og:type\" content=\"article\" \/>\n<meta property=\"og:title\" content=\"Directores de Divisi\u00f3n - Instituto Universitario de Microelectr\u00f3nica Aplicada\" \/>\n<meta property=\"og:description\" content=\"Instituto Universitario de Microelectr\u00f3nica Aplicada\" \/>\n<meta property=\"og:url\" content=\"https:\/\/www.iuma.ulpgc.es\/en\/gobierno\/directores-de-division\/\" \/>\n<meta property=\"og:site_name\" content=\"Instituto Universitario de Microelectr\u00f3nica Aplicada\" \/>\n<meta property=\"article:publisher\" content=\"https:\/\/www.facebook.com\/IUMA.ulpgc\" \/>\n<meta property=\"article:modified_time\" content=\"2024-03-12T13:15:01+00:00\" \/>\n<meta property=\"og:image\" content=\"https:\/\/www.iuma.ulpgc.es\/wp-content\/uploads\/2021\/01\/AlfonsoMedina_r.jpg\" \/>\n<meta name=\"twitter:card\" content=\"summary_large_image\" \/>\n<meta name=\"twitter:site\" content=\"@iumanews\" \/>\n<meta name=\"twitter:label1\" content=\"Est. reading time\" \/>\n\t<meta name=\"twitter:data1\" content=\"1 minute\" \/>\n<script type=\"application\/ld+json\" class=\"yoast-schema-graph\">{\"@context\":\"https:\\\/\\\/schema.org\",\"@graph\":[{\"@type\":\"WebPage\",\"@id\":\"https:\\\/\\\/www.iuma.ulpgc.es\\\/gobierno\\\/directores-de-division\\\/\",\"url\":\"https:\\\/\\\/www.iuma.ulpgc.es\\\/gobierno\\\/directores-de-division\\\/\",\"name\":\"Directores de Divisi\u00f3n - Instituto Universitario de Microelectr\u00f3nica Aplicada\",\"isPartOf\":{\"@id\":\"https:\\\/\\\/www.iuma.ulpgc.es\\\/en\\\/#website\"},\"primaryImageOfPage\":{\"@id\":\"https:\\\/\\\/www.iuma.ulpgc.es\\\/gobierno\\\/directores-de-division\\\/#primaryimage\"},\"image\":{\"@id\":\"https:\\\/\\\/www.iuma.ulpgc.es\\\/gobierno\\\/directores-de-division\\\/#primaryimage\"},\"thumbnailUrl\":\"https:\\\/\\\/www.iuma.ulpgc.es\\\/wp-content\\\/uploads\\\/2021\\\/01\\\/AlfonsoMedina_r.jpg\",\"datePublished\":\"2023-05-08T11:38:18+00:00\",\"dateModified\":\"2024-03-12T13:15:01+00:00\",\"description\":\"Instituto Universitario de Microelectr\u00f3nica Aplicada\",\"breadcrumb\":{\"@id\":\"https:\\\/\\\/www.iuma.ulpgc.es\\\/gobierno\\\/directores-de-division\\\/#breadcrumb\"},\"inLanguage\":\"en-US\",\"potentialAction\":[{\"@type\":\"ReadAction\",\"target\":[\"https:\\\/\\\/www.iuma.ulpgc.es\\\/gobierno\\\/directores-de-division\\\/\"]}]},{\"@type\":\"ImageObject\",\"inLanguage\":\"en-US\",\"@id\":\"https:\\\/\\\/www.iuma.ulpgc.es\\\/gobierno\\\/directores-de-division\\\/#primaryimage\",\"url\":\"https:\\\/\\\/www.iuma.ulpgc.es\\\/wp-content\\\/uploads\\\/2021\\\/01\\\/AlfonsoMedina_r.jpg\",\"contentUrl\":\"https:\\\/\\\/www.iuma.ulpgc.es\\\/wp-content\\\/uploads\\\/2021\\\/01\\\/AlfonsoMedina_r.jpg\"},{\"@type\":\"BreadcrumbList\",\"@id\":\"https:\\\/\\\/www.iuma.ulpgc.es\\\/gobierno\\\/directores-de-division\\\/#breadcrumb\",\"itemListElement\":[{\"@type\":\"ListItem\",\"position\":1,\"name\":\"Home\",\"item\":\"https:\\\/\\\/www.iuma.ulpgc.es\\\/\"},{\"@type\":\"ListItem\",\"position\":2,\"name\":\"Gobierno\",\"item\":\"https:\\\/\\\/www.iuma.ulpgc.es\\\/gobierno\\\/\"},{\"@type\":\"ListItem\",\"position\":3,\"name\":\"Directores de Divisi\u00f3n\"}]},{\"@type\":\"WebSite\",\"@id\":\"https:\\\/\\\/www.iuma.ulpgc.es\\\/en\\\/#website\",\"url\":\"https:\\\/\\\/www.iuma.ulpgc.es\\\/en\\\/\",\"name\":\"Instituto Universitario de Microelectr\u00f3nica Aplicada\",\"description\":\"El IUMA es un centro de I+D+i de la ULPGC\",\"potentialAction\":[{\"@type\":\"SearchAction\",\"target\":{\"@type\":\"EntryPoint\",\"urlTemplate\":\"https:\\\/\\\/www.iuma.ulpgc.es\\\/en\\\/?s={search_term_string}\"},\"query-input\":{\"@type\":\"PropertyValueSpecification\",\"valueRequired\":true,\"valueName\":\"search_term_string\"}}],\"inLanguage\":\"en-US\"}]}<\/script>\n<!-- \/ Yoast SEO plugin. -->","yoast_head_json":{"title":"Directores de Divisi\u00f3n - Instituto Universitario de Microelectr\u00f3nica Aplicada","description":"Institute for Applied Microelectronics","robots":{"index":"index","follow":"follow","max-snippet":"max-snippet:-1","max-image-preview":"max-image-preview:large","max-video-preview":"max-video-preview:-1"},"canonical":"https:\/\/www.iuma.ulpgc.es\/en\/gobierno\/directores-de-division\/","og_locale":"en_US","og_type":"article","og_title":"Directores de Divisi\u00f3n - Instituto Universitario de Microelectr\u00f3nica Aplicada","og_description":"Instituto Universitario de Microelectr\u00f3nica Aplicada","og_url":"https:\/\/www.iuma.ulpgc.es\/en\/gobierno\/directores-de-division\/","og_site_name":"Instituto Universitario de Microelectr\u00f3nica Aplicada","article_publisher":"https:\/\/www.facebook.com\/IUMA.ulpgc","article_modified_time":"2024-03-12T13:15:01+00:00","og_image":[{"url":"https:\/\/www.iuma.ulpgc.es\/wp-content\/uploads\/2021\/01\/AlfonsoMedina_r.jpg","type":"","width":"","height":""}],"twitter_card":"summary_large_image","twitter_site":"@iumanews","twitter_misc":{"Est. reading time":"1 minute"},"schema":{"@context":"https:\/\/schema.org","@graph":[{"@type":"WebPage","@id":"https:\/\/www.iuma.ulpgc.es\/gobierno\/directores-de-division\/","url":"https:\/\/www.iuma.ulpgc.es\/gobierno\/directores-de-division\/","name":"Directores de Divisi\u00f3n - Instituto Universitario de Microelectr\u00f3nica Aplicada","isPartOf":{"@id":"https:\/\/www.iuma.ulpgc.es\/en\/#website"},"primaryImageOfPage":{"@id":"https:\/\/www.iuma.ulpgc.es\/gobierno\/directores-de-division\/#primaryimage"},"image":{"@id":"https:\/\/www.iuma.ulpgc.es\/gobierno\/directores-de-division\/#primaryimage"},"thumbnailUrl":"https:\/\/www.iuma.ulpgc.es\/wp-content\/uploads\/2021\/01\/AlfonsoMedina_r.jpg","datePublished":"2023-05-08T11:38:18+00:00","dateModified":"2024-03-12T13:15:01+00:00","description":"Institute for Applied Microelectronics","breadcrumb":{"@id":"https:\/\/www.iuma.ulpgc.es\/gobierno\/directores-de-division\/#breadcrumb"},"inLanguage":"en-US","potentialAction":[{"@type":"ReadAction","target":["https:\/\/www.iuma.ulpgc.es\/gobierno\/directores-de-division\/"]}]},{"@type":"ImageObject","inLanguage":"en-US","@id":"https:\/\/www.iuma.ulpgc.es\/gobierno\/directores-de-division\/#primaryimage","url":"https:\/\/www.iuma.ulpgc.es\/wp-content\/uploads\/2021\/01\/AlfonsoMedina_r.jpg","contentUrl":"https:\/\/www.iuma.ulpgc.es\/wp-content\/uploads\/2021\/01\/AlfonsoMedina_r.jpg"},{"@type":"BreadcrumbList","@id":"https:\/\/www.iuma.ulpgc.es\/gobierno\/directores-de-division\/#breadcrumb","itemListElement":[{"@type":"ListItem","position":1,"name":"Home","item":"https:\/\/www.iuma.ulpgc.es\/"},{"@type":"ListItem","position":2,"name":"Gobierno","item":"https:\/\/www.iuma.ulpgc.es\/gobierno\/"},{"@type":"ListItem","position":3,"name":"Directores de Divisi\u00f3n"}]},{"@type":"WebSite","@id":"https:\/\/www.iuma.ulpgc.es\/en\/#website","url":"https:\/\/www.iuma.ulpgc.es\/en\/","name":"Institute for Applied Microelectronics","description":"El IUMA es un centro de I+D+i de la ULPGC","potentialAction":[{"@type":"SearchAction","target":{"@type":"EntryPoint","urlTemplate":"https:\/\/www.iuma.ulpgc.es\/en\/?s={search_term_string}"},"query-input":{"@type":"PropertyValueSpecification","valueRequired":true,"valueName":"search_term_string"}}],"inLanguage":"en-US"}]}},"post_mailing_queue_ids":[],"_links":{"self":[{"href":"https:\/\/www.iuma.ulpgc.es\/en\/wp-json\/wp\/v2\/pages\/339","targetHints":{"allow":["GET"]}}],"collection":[{"href":"https:\/\/www.iuma.ulpgc.es\/en\/wp-json\/wp\/v2\/pages"}],"about":[{"href":"https:\/\/www.iuma.ulpgc.es\/en\/wp-json\/wp\/v2\/types\/page"}],"author":[{"embeddable":true,"href":"https:\/\/www.iuma.ulpgc.es\/en\/wp-json\/wp\/v2\/users\/1"}],"replies":[{"embeddable":true,"href":"https:\/\/www.iuma.ulpgc.es\/en\/wp-json\/wp\/v2\/comments?post=339"}],"version-history":[{"count":3,"href":"https:\/\/www.iuma.ulpgc.es\/en\/wp-json\/wp\/v2\/pages\/339\/revisions"}],"predecessor-version":[{"id":8512,"href":"https:\/\/www.iuma.ulpgc.es\/en\/wp-json\/wp\/v2\/pages\/339\/revisions\/8512"}],"up":[{"embeddable":true,"href":"https:\/\/www.iuma.ulpgc.es\/en\/wp-json\/wp\/v2\/pages\/201"}],"wp:attachment":[{"href":"https:\/\/www.iuma.ulpgc.es\/en\/wp-json\/wp\/v2\/media?parent=339"}],"curies":[{"name":"wp","href":"https:\/\/api.w.org\/{rel}","templated":true}]}}