{"id":409,"date":"2023-05-09T13:48:07","date_gmt":"2023-05-09T12:48:07","guid":{"rendered":"https:\/\/www.iuma.ulpgc.es\/?page_id=409"},"modified":"2024-05-09T12:30:54","modified_gmt":"2024-05-09T12:30:54","slug":"divisiones","status":"publish","type":"page","link":"https:\/\/www.iuma.ulpgc.es\/en\/divisiones\/","title":{"rendered":"Divisions"},"content":{"rendered":"<p class=\"wp-block-paragraph\">To fulfill the purposes of IUMA, it is organized into <strong>research divisions<\/strong>. Each division is the basic entity for the organization and development of research and training of research staff. The divisions bring together researchers and fellows integrated into research lines in the areas that IUMA encompasses:<\/p>\n\n\n\n<ul class=\"wp-block-list\">\n<li><a href=\"https:\/\/www.iuma.ulpgc.es\/en\/divisiones\/div-com\/\" data-type=\"page\" data-id=\"236\" target=\"_blank\" rel=\"noreferrer noopener\"><strong>COM: Communication Systems and Equipment<\/strong><\/a><\/li>\n\n\n\n<li><a href=\"https:\/\/www.iuma.ulpgc.es\/en\/divisiones\/div-dsi\/\" data-type=\"page\" data-id=\"237\" target=\"_blank\" rel=\"noreferrer noopener\"><strong>DSI: Integrated Systems Design<\/strong><\/a><\/li>\n\n\n\n<li><a href=\"https:\/\/www.iuma.ulpgc.es\/en\/divisiones\/div-magic\/\" data-type=\"page\" data-id=\"238\" target=\"_blank\" rel=\"noreferrer noopener\"><strong>MAGiC: Mathematics, Graphics, and Computing<\/strong><\/a><\/li>\n\n\n\n<li><a href=\"https:\/\/www.iuma.ulpgc.es\/en\/divisiones\/div-mems\/\" data-type=\"page\" data-id=\"239\" target=\"_blank\" rel=\"noreferrer noopener\"><strong>MEMS: Microelectronics and Microsystems<\/strong><\/a><\/li>\n\n\n\n<li><a href=\"https:\/\/www.iuma.ulpgc.es\/en\/divisiones\/div-sicad\/\" data-type=\"page\" data-id=\"240\" target=\"_blank\" rel=\"noreferrer noopener\"><strong>SICAD: Industrial Systems and CAD<\/strong><\/a><\/li>\n\n\n\n<li><a href=\"https:\/\/www.iuma.ulpgc.es\/en\/divisiones\/div-ti\/\" data-type=\"page\" data-id=\"241\" target=\"_blank\" rel=\"noreferrer noopener\"><strong>TI: Information Technology<\/strong><\/a><\/li>\n\n\n\n<li><a href=\"https:\/\/www.iuma.ulpgc.es\/en\/divisiones\/div-tme\/\" data-type=\"page\" data-id=\"242\" target=\"_blank\" rel=\"noreferrer noopener\"><strong>TME: Microelectronic Technology<\/strong><\/a><\/li>\n<\/ul>","protected":false},"excerpt":{"rendered":"<p>Para cumplir los cometidos del IUMA, \u00e9ste se organiza en divisiones de investigaci\u00f3n. Cada divisi\u00f3n es la entidad b\u00e1sica de organizaci\u00f3n y desarrollo en investigaci\u00f3n y formaci\u00f3n del personal investigador. Las divisiones agrpuan a los investigadores y becarios integrados en lineas de investigaci\u00f3n de las \u00e1reas que integra el IUMA:<\/p>","protected":false},"author":1,"featured_media":0,"parent":0,"menu_order":0,"comment_status":"closed","ping_status":"closed","template":"page-templates\/page-title-menu_sidebar.php","meta":{"_crdt_document":"","footnotes":""},"class_list":["post-409","page","type-page","status-publish","hentry"],"yoast_head":"<!-- This site is optimized with the Yoast SEO plugin v27.3 - https:\/\/yoast.com\/product\/yoast-seo-wordpress\/ -->\n<title>Divisiones - Instituto Universitario de Microelectr\u00f3nica Aplicada<\/title>\n<meta name=\"description\" content=\"Instituto Universitario de Microelectr\u00f3nica Aplicada\" \/>\n<meta name=\"robots\" content=\"index, follow, max-snippet:-1, max-image-preview:large, max-video-preview:-1\" \/>\n<link rel=\"canonical\" href=\"https:\/\/www.iuma.ulpgc.es\/en\/divisiones\/\" \/>\n<meta property=\"og:locale\" content=\"en_US\" \/>\n<meta property=\"og:type\" content=\"article\" \/>\n<meta property=\"og:title\" content=\"Divisiones - Instituto Universitario de Microelectr\u00f3nica Aplicada\" \/>\n<meta property=\"og:description\" content=\"Instituto Universitario de Microelectr\u00f3nica Aplicada\" \/>\n<meta property=\"og:url\" content=\"https:\/\/www.iuma.ulpgc.es\/en\/divisiones\/\" \/>\n<meta property=\"og:site_name\" content=\"Instituto Universitario de Microelectr\u00f3nica Aplicada\" \/>\n<meta property=\"article:publisher\" content=\"https:\/\/www.facebook.com\/IUMA.ulpgc\" \/>\n<meta property=\"article:modified_time\" content=\"2024-05-09T12:30:54+00:00\" \/>\n<meta name=\"twitter:card\" content=\"summary_large_image\" \/>\n<meta name=\"twitter:site\" content=\"@iumanews\" \/>\n<meta name=\"twitter:label1\" content=\"Est. reading time\" \/>\n\t<meta name=\"twitter:data1\" content=\"1 minute\" \/>\n<script type=\"application\/ld+json\" class=\"yoast-schema-graph\">{\"@context\":\"https:\\\/\\\/schema.org\",\"@graph\":[{\"@type\":\"WebPage\",\"@id\":\"https:\\\/\\\/www.iuma.ulpgc.es\\\/divisiones\\\/\",\"url\":\"https:\\\/\\\/www.iuma.ulpgc.es\\\/divisiones\\\/\",\"name\":\"Divisiones - Instituto Universitario de Microelectr\u00f3nica Aplicada\",\"isPartOf\":{\"@id\":\"https:\\\/\\\/www.iuma.ulpgc.es\\\/en\\\/#website\"},\"datePublished\":\"2023-05-09T12:48:07+00:00\",\"dateModified\":\"2024-05-09T12:30:54+00:00\",\"description\":\"Instituto Universitario de Microelectr\u00f3nica Aplicada\",\"breadcrumb\":{\"@id\":\"https:\\\/\\\/www.iuma.ulpgc.es\\\/divisiones\\\/#breadcrumb\"},\"inLanguage\":\"en-US\",\"potentialAction\":[{\"@type\":\"ReadAction\",\"target\":[\"https:\\\/\\\/www.iuma.ulpgc.es\\\/divisiones\\\/\"]}]},{\"@type\":\"BreadcrumbList\",\"@id\":\"https:\\\/\\\/www.iuma.ulpgc.es\\\/divisiones\\\/#breadcrumb\",\"itemListElement\":[{\"@type\":\"ListItem\",\"position\":1,\"name\":\"Home\",\"item\":\"https:\\\/\\\/www.iuma.ulpgc.es\\\/\"},{\"@type\":\"ListItem\",\"position\":2,\"name\":\"Divisiones\"}]},{\"@type\":\"WebSite\",\"@id\":\"https:\\\/\\\/www.iuma.ulpgc.es\\\/en\\\/#website\",\"url\":\"https:\\\/\\\/www.iuma.ulpgc.es\\\/en\\\/\",\"name\":\"Instituto Universitario de Microelectr\u00f3nica Aplicada\",\"description\":\"El IUMA es un centro de I+D+i de la ULPGC\",\"potentialAction\":[{\"@type\":\"SearchAction\",\"target\":{\"@type\":\"EntryPoint\",\"urlTemplate\":\"https:\\\/\\\/www.iuma.ulpgc.es\\\/en\\\/?s={search_term_string}\"},\"query-input\":{\"@type\":\"PropertyValueSpecification\",\"valueRequired\":true,\"valueName\":\"search_term_string\"}}],\"inLanguage\":\"en-US\"}]}<\/script>\n<!-- \/ Yoast SEO plugin. -->","yoast_head_json":{"title":"Divisiones - Instituto Universitario de Microelectr\u00f3nica Aplicada","description":"Institute for Applied Microelectronics","robots":{"index":"index","follow":"follow","max-snippet":"max-snippet:-1","max-image-preview":"max-image-preview:large","max-video-preview":"max-video-preview:-1"},"canonical":"https:\/\/www.iuma.ulpgc.es\/en\/divisiones\/","og_locale":"en_US","og_type":"article","og_title":"Divisiones - Instituto Universitario de Microelectr\u00f3nica Aplicada","og_description":"Instituto Universitario de Microelectr\u00f3nica Aplicada","og_url":"https:\/\/www.iuma.ulpgc.es\/en\/divisiones\/","og_site_name":"Instituto Universitario de Microelectr\u00f3nica Aplicada","article_publisher":"https:\/\/www.facebook.com\/IUMA.ulpgc","article_modified_time":"2024-05-09T12:30:54+00:00","twitter_card":"summary_large_image","twitter_site":"@iumanews","twitter_misc":{"Est. reading time":"1 minute"},"schema":{"@context":"https:\/\/schema.org","@graph":[{"@type":"WebPage","@id":"https:\/\/www.iuma.ulpgc.es\/divisiones\/","url":"https:\/\/www.iuma.ulpgc.es\/divisiones\/","name":"Divisiones - Instituto Universitario de Microelectr\u00f3nica Aplicada","isPartOf":{"@id":"https:\/\/www.iuma.ulpgc.es\/en\/#website"},"datePublished":"2023-05-09T12:48:07+00:00","dateModified":"2024-05-09T12:30:54+00:00","description":"Institute for Applied Microelectronics","breadcrumb":{"@id":"https:\/\/www.iuma.ulpgc.es\/divisiones\/#breadcrumb"},"inLanguage":"en-US","potentialAction":[{"@type":"ReadAction","target":["https:\/\/www.iuma.ulpgc.es\/divisiones\/"]}]},{"@type":"BreadcrumbList","@id":"https:\/\/www.iuma.ulpgc.es\/divisiones\/#breadcrumb","itemListElement":[{"@type":"ListItem","position":1,"name":"Home","item":"https:\/\/www.iuma.ulpgc.es\/"},{"@type":"ListItem","position":2,"name":"Divisiones"}]},{"@type":"WebSite","@id":"https:\/\/www.iuma.ulpgc.es\/en\/#website","url":"https:\/\/www.iuma.ulpgc.es\/en\/","name":"Institute for Applied Microelectronics","description":"El IUMA es un centro de I+D+i de la ULPGC","potentialAction":[{"@type":"SearchAction","target":{"@type":"EntryPoint","urlTemplate":"https:\/\/www.iuma.ulpgc.es\/en\/?s={search_term_string}"},"query-input":{"@type":"PropertyValueSpecification","valueRequired":true,"valueName":"search_term_string"}}],"inLanguage":"en-US"}]}},"post_mailing_queue_ids":[],"_links":{"self":[{"href":"https:\/\/www.iuma.ulpgc.es\/en\/wp-json\/wp\/v2\/pages\/409","targetHints":{"allow":["GET"]}}],"collection":[{"href":"https:\/\/www.iuma.ulpgc.es\/en\/wp-json\/wp\/v2\/pages"}],"about":[{"href":"https:\/\/www.iuma.ulpgc.es\/en\/wp-json\/wp\/v2\/types\/page"}],"author":[{"embeddable":true,"href":"https:\/\/www.iuma.ulpgc.es\/en\/wp-json\/wp\/v2\/users\/1"}],"replies":[{"embeddable":true,"href":"https:\/\/www.iuma.ulpgc.es\/en\/wp-json\/wp\/v2\/comments?post=409"}],"version-history":[{"count":4,"href":"https:\/\/www.iuma.ulpgc.es\/en\/wp-json\/wp\/v2\/pages\/409\/revisions"}],"predecessor-version":[{"id":8779,"href":"https:\/\/www.iuma.ulpgc.es\/en\/wp-json\/wp\/v2\/pages\/409\/revisions\/8779"}],"wp:attachment":[{"href":"https:\/\/www.iuma.ulpgc.es\/en\/wp-json\/wp\/v2\/media?parent=409"}],"curies":[{"name":"wp","href":"https:\/\/api.w.org\/{rel}","templated":true}]}}