{"id":415,"date":"2023-05-10T08:17:28","date_gmt":"2023-05-10T07:17:28","guid":{"rendered":"https:\/\/www.iuma.ulpgc.es\/?page_id=415"},"modified":"2025-06-06T11:24:51","modified_gmt":"2025-06-06T11:24:51","slug":"postgrado","status":"publish","type":"page","link":"https:\/\/www.iuma.ulpgc.es\/en\/postgrado\/","title":{"rendered":"Postgraduate"},"content":{"rendered":"<p class=\"wp-block-paragraph\">IUMA offers the Master's Degree in Electronics and Applied Digital Technology (METDA), with a research and professional orientation (Dual training), which provides advanced training in microelectronics, integrated circuit design, reconfigurable computer systems, next-generation wireless communications and production and testing of electronic systems.<\/p>\n\n\n\n<p class=\"wp-block-paragraph\">El METDA est\u00e1  orientado a profesionales con una formaci\u00f3n en ingenier\u00eda, especialmente en los campos de la electr\u00f3nica industrial y las telecomunicaciones, aunque abierto a otras titulaciones afines. Entre ellas podemos citar titulaciones de graduado\/a o ingeniero\/a en Ingenier\u00eda Electr\u00f3nica Industrial y Autom\u00e1tica, Ingenier\u00eda en Tecnolog\u00edas de la Telecomunicaci\u00f3n, Ingenier\u00eda Inform\u00e1tica, Ingenier\u00eda Biom\u00e9dica, F\u00edsica Electr\u00f3nica  y otras titulaciones vinculadas a la ciencia, tecnolog\u00eda, ingenier\u00eda y las matem\u00e1ticas (STEM).<\/p>\n\n\n\n<p class=\"wp-block-paragraph\">On the other hand, it offers the PhD in Telecommunication Technologies and Computational Engineering which is born from the integration of two programmes active for years at the University of Las Palmas de Gran Canaria that have demonstrated levels of quality and excellence: (1) PhD in Telecommunication Technologies, linked to the University Institute of Applied Microelectronics (IUMA) and (2) PhD in Intelligent Systems and Numerical Applications in Engineering, attached to the University Institute of Intelligent Systems and Numerical Applications in Engineering (SIANI). The grouping of these two programmes enhances the capacity to develop an interdisciplinary doctoral programme, thereby strengthening links with other R&amp;D&amp;I agents.<\/p>\n\n\n\n<ul class=\"wp-block-list\">\n<li><a href=\"https:\/\/www.iuma.ulpgc.es\/en\/postgrado\/postgrado-metda\/\" data-type=\"link\" data-id=\"https:\/\/www.iuma.ulpgc.es\/postgrado\/postgrado-metda\/\">Master's Degree in Electronics and Applied Digital Technology (METDA)<\/a><\/li>\n\n\n\n<li><a href=\"https:\/\/www.iuma.ulpgc.es\/en\/postgrado\/postgrado-t2ic\/\">Ph.D. in Telecommunication Technologies and Computational Engineering (T2IC)<\/a><\/li>\n<\/ul>\n\n\n\n<p class=\"wp-block-paragraph\"><\/p>","protected":false},"excerpt":{"rendered":"<p>El IUMA imparte del M\u00e1ster Universitario en Electr\u00f3nica y Tecnolog\u00eda Digital Aplicada (METDA), de orientaci\u00f3n investigadora y profesional (formaci\u00f3n Dual), que ofrece una formaci\u00f3n avanzada en microelectr\u00f3nica, dise\u00f1o de circuitos integrados, sistemas de computaci\u00f3n reconfigurables, comunicaciones inal\u00e1mbricas de \u00faltima generaci\u00f3n y producci\u00f3n y test de sistemas electr\u00f3nicos. El METDA est\u00e1 orientado a profesionales con una [&hellip;]<\/p>\n","protected":false},"author":1,"featured_media":0,"parent":0,"menu_order":0,"comment_status":"closed","ping_status":"closed","template":"page-templates\/page-title-menu_sidebar.php","meta":{"_crdt_document":"","footnotes":""},"class_list":["post-415","page","type-page","status-publish","hentry"],"yoast_head":"<!-- This site is optimized with the Yoast SEO plugin v27.5 - https:\/\/yoast.com\/product\/yoast-seo-wordpress\/ -->\n<title>Postgrado - Instituto Universitario de Microelectr\u00f3nica Aplicada<\/title>\n<meta name=\"description\" content=\"Instituto Universitario de Microelectr\u00f3nica Aplicada\" \/>\n<meta name=\"robots\" content=\"index, follow, max-snippet:-1, max-image-preview:large, max-video-preview:-1\" \/>\n<link rel=\"canonical\" href=\"https:\/\/www.iuma.ulpgc.es\/en\/postgrado\/\" \/>\n<meta property=\"og:locale\" content=\"en_US\" \/>\n<meta property=\"og:type\" content=\"article\" \/>\n<meta property=\"og:title\" content=\"Postgrado - Instituto Universitario de Microelectr\u00f3nica Aplicada\" \/>\n<meta property=\"og:description\" content=\"Instituto Universitario de Microelectr\u00f3nica Aplicada\" \/>\n<meta property=\"og:url\" content=\"https:\/\/www.iuma.ulpgc.es\/en\/postgrado\/\" \/>\n<meta property=\"og:site_name\" content=\"Instituto Universitario de Microelectr\u00f3nica Aplicada\" \/>\n<meta property=\"article:publisher\" content=\"https:\/\/www.facebook.com\/IUMA.ulpgc\" \/>\n<meta property=\"article:modified_time\" content=\"2025-06-06T11:24:51+00:00\" \/>\n<meta name=\"twitter:card\" content=\"summary_large_image\" \/>\n<meta name=\"twitter:site\" content=\"@iumanews\" \/>\n<meta name=\"twitter:label1\" content=\"Est. reading time\" \/>\n\t<meta name=\"twitter:data1\" content=\"1 minute\" \/>\n<script type=\"application\/ld+json\" class=\"yoast-schema-graph\">{\"@context\":\"https:\\\/\\\/schema.org\",\"@graph\":[{\"@type\":\"WebPage\",\"@id\":\"https:\\\/\\\/www.iuma.ulpgc.es\\\/postgrado\\\/\",\"url\":\"https:\\\/\\\/www.iuma.ulpgc.es\\\/postgrado\\\/\",\"name\":\"Postgrado - Instituto Universitario de Microelectr\u00f3nica Aplicada\",\"isPartOf\":{\"@id\":\"https:\\\/\\\/www.iuma.ulpgc.es\\\/en\\\/#website\"},\"datePublished\":\"2023-05-10T07:17:28+00:00\",\"dateModified\":\"2025-06-06T11:24:51+00:00\",\"description\":\"Instituto Universitario de Microelectr\u00f3nica Aplicada\",\"breadcrumb\":{\"@id\":\"https:\\\/\\\/www.iuma.ulpgc.es\\\/postgrado\\\/#breadcrumb\"},\"inLanguage\":\"en-US\",\"potentialAction\":[{\"@type\":\"ReadAction\",\"target\":[\"https:\\\/\\\/www.iuma.ulpgc.es\\\/postgrado\\\/\"]}]},{\"@type\":\"BreadcrumbList\",\"@id\":\"https:\\\/\\\/www.iuma.ulpgc.es\\\/postgrado\\\/#breadcrumb\",\"itemListElement\":[{\"@type\":\"ListItem\",\"position\":1,\"name\":\"Home\",\"item\":\"https:\\\/\\\/www.iuma.ulpgc.es\\\/\"},{\"@type\":\"ListItem\",\"position\":2,\"name\":\"Postgrado\"}]},{\"@type\":\"WebSite\",\"@id\":\"https:\\\/\\\/www.iuma.ulpgc.es\\\/en\\\/#website\",\"url\":\"https:\\\/\\\/www.iuma.ulpgc.es\\\/en\\\/\",\"name\":\"Instituto Universitario de Microelectr\u00f3nica Aplicada\",\"description\":\"El IUMA es un centro de I+D+i de la ULPGC\",\"potentialAction\":[{\"@type\":\"SearchAction\",\"target\":{\"@type\":\"EntryPoint\",\"urlTemplate\":\"https:\\\/\\\/www.iuma.ulpgc.es\\\/en\\\/?s={search_term_string}\"},\"query-input\":{\"@type\":\"PropertyValueSpecification\",\"valueRequired\":true,\"valueName\":\"search_term_string\"}}],\"inLanguage\":\"en-US\"}]}<\/script>\n<!-- \/ Yoast SEO plugin. -->","yoast_head_json":{"title":"Postgrado - Instituto Universitario de Microelectr\u00f3nica Aplicada","description":"Institute for Applied Microelectronics","robots":{"index":"index","follow":"follow","max-snippet":"max-snippet:-1","max-image-preview":"max-image-preview:large","max-video-preview":"max-video-preview:-1"},"canonical":"https:\/\/www.iuma.ulpgc.es\/en\/postgrado\/","og_locale":"en_US","og_type":"article","og_title":"Postgrado - Instituto Universitario de Microelectr\u00f3nica Aplicada","og_description":"Instituto Universitario de Microelectr\u00f3nica Aplicada","og_url":"https:\/\/www.iuma.ulpgc.es\/en\/postgrado\/","og_site_name":"Instituto Universitario de Microelectr\u00f3nica Aplicada","article_publisher":"https:\/\/www.facebook.com\/IUMA.ulpgc","article_modified_time":"2025-06-06T11:24:51+00:00","twitter_card":"summary_large_image","twitter_site":"@iumanews","twitter_misc":{"Est. reading time":"1 minute"},"schema":{"@context":"https:\/\/schema.org","@graph":[{"@type":"WebPage","@id":"https:\/\/www.iuma.ulpgc.es\/postgrado\/","url":"https:\/\/www.iuma.ulpgc.es\/postgrado\/","name":"Postgrado - Instituto Universitario de Microelectr\u00f3nica Aplicada","isPartOf":{"@id":"https:\/\/www.iuma.ulpgc.es\/en\/#website"},"datePublished":"2023-05-10T07:17:28+00:00","dateModified":"2025-06-06T11:24:51+00:00","description":"Institute for Applied Microelectronics","breadcrumb":{"@id":"https:\/\/www.iuma.ulpgc.es\/postgrado\/#breadcrumb"},"inLanguage":"en-US","potentialAction":[{"@type":"ReadAction","target":["https:\/\/www.iuma.ulpgc.es\/postgrado\/"]}]},{"@type":"BreadcrumbList","@id":"https:\/\/www.iuma.ulpgc.es\/postgrado\/#breadcrumb","itemListElement":[{"@type":"ListItem","position":1,"name":"Home","item":"https:\/\/www.iuma.ulpgc.es\/"},{"@type":"ListItem","position":2,"name":"Postgrado"}]},{"@type":"WebSite","@id":"https:\/\/www.iuma.ulpgc.es\/en\/#website","url":"https:\/\/www.iuma.ulpgc.es\/en\/","name":"Institute for Applied Microelectronics","description":"El IUMA es un centro de I+D+i de la ULPGC","potentialAction":[{"@type":"SearchAction","target":{"@type":"EntryPoint","urlTemplate":"https:\/\/www.iuma.ulpgc.es\/en\/?s={search_term_string}"},"query-input":{"@type":"PropertyValueSpecification","valueRequired":true,"valueName":"search_term_string"}}],"inLanguage":"en-US"}]}},"post_mailing_queue_ids":[],"_links":{"self":[{"href":"https:\/\/www.iuma.ulpgc.es\/en\/wp-json\/wp\/v2\/pages\/415","targetHints":{"allow":["GET"]}}],"collection":[{"href":"https:\/\/www.iuma.ulpgc.es\/en\/wp-json\/wp\/v2\/pages"}],"about":[{"href":"https:\/\/www.iuma.ulpgc.es\/en\/wp-json\/wp\/v2\/types\/page"}],"author":[{"embeddable":true,"href":"https:\/\/www.iuma.ulpgc.es\/en\/wp-json\/wp\/v2\/users\/1"}],"replies":[{"embeddable":true,"href":"https:\/\/www.iuma.ulpgc.es\/en\/wp-json\/wp\/v2\/comments?post=415"}],"version-history":[{"count":11,"href":"https:\/\/www.iuma.ulpgc.es\/en\/wp-json\/wp\/v2\/pages\/415\/revisions"}],"predecessor-version":[{"id":9211,"href":"https:\/\/www.iuma.ulpgc.es\/en\/wp-json\/wp\/v2\/pages\/415\/revisions\/9211"}],"wp:attachment":[{"href":"https:\/\/www.iuma.ulpgc.es\/en\/wp-json\/wp\/v2\/media?parent=415"}],"curies":[{"name":"wp","href":"https:\/\/api.w.org\/{rel}","templated":true}]}}