{"id":438,"date":"2023-05-15T11:41:36","date_gmt":"2023-05-15T10:41:36","guid":{"rendered":"https:\/\/www.iuma.ulpgc.es\/?page_id=438"},"modified":"2025-06-16T09:04:53","modified_gmt":"2025-06-16T09:04:53","slug":"inicio","status":"publish","type":"page","link":"https:\/\/www.iuma.ulpgc.es\/en\/","title":{"rendered":"Home"},"content":{"rendered":"<div class=\"wp-block-carrusel-block-my-block carrusel-larger_dots\"><ul class=\"ulpgcds-carrusel ulpgcds-carrusel--large slick-dotted\"><li><span class=\"ulpgcds-carrusel--large__img\"><a href=\"https:\/\/www.iuma.ulpgc.es\/en\/postgrado\/postgrado-metda\/\"><img decoding=\"async\" src=\"https:\/\/www.iuma.ulpgc.es\/wp-content\/uploads\/2025\/06\/baner_front_page_METDA-fp.jpg\" alt=\"M\u00e1ster Universitario en Electr\u00f3nica y Tecnolog\u00eda Digital Aplicada (METDA)\"\/><\/a><\/span><span class=\"ulpgcds-carrusel--large__box\"><span class=\"ulpgcds-carrusel__center\"><h2>Master's Degree in Electronics and Applied Digital Technology (METDA)<\/h2><a href=\"https:\/\/www.iuma.ulpgc.es\/en\/postgrado\/postgrado-metda\/\" class=\"ulpgcds-btn ulpgcds-btn--primary\">Access<\/a><\/span><\/span><\/li><li><span class=\"ulpgcds-carrusel--large__img\"><a href=\"https:\/\/www.iuma.ulpgc.es\/en\/postgrado\/\"><img decoding=\"async\" src=\"https:\/\/www.iuma.ulpgc.es\/wp-content\/uploads\/2024\/02\/banner-postgrado.jpg\" alt=\"Imagen de Estudios de postgrado\"\/><\/a><\/span><span class=\"ulpgcds-carrusel--large__box\"><span class=\"ulpgcds-carrusel__center\"><h2>Postgraduate studies<\/h2><a href=\"https:\/\/www.iuma.ulpgc.es\/en\/postgrado\/\" class=\"ulpgcds-btn ulpgcds-btn--primary\">Access<\/a><\/span><\/span><\/li><li><span class=\"ulpgcds-carrusel--large__img\"><a href=\"https:\/\/www.iuma.ulpgc.es\/en\/transferencia-tecnologia-y-colaboracion\/\"><img decoding=\"async\" src=\"https:\/\/www.iuma.ulpgc.es\/wp-content\/uploads\/2024\/02\/banner-patentes-transferencia.jpg\" alt=\"Imagen de Patentes y Transferencia de I+D+i\"\/><\/a><\/span><span class=\"ulpgcds-carrusel--large__box\"><span class=\"ulpgcds-carrusel__center\"><h2>Patents and Transfer of R&amp;D&amp;i<\/h2><a href=\"https:\/\/www.iuma.ulpgc.es\/en\/transferencia-tecnologia-y-colaboracion\/\" class=\"ulpgcds-btn ulpgcds-btn--primary\">Access<\/a><\/span><\/span><\/li><li><span class=\"ulpgcds-carrusel--large__img\"><a href=\"https:\/\/www.iuma.ulpgc.es\/en\/servicios\/\"><img decoding=\"async\" src=\"https:\/\/www.iuma.ulpgc.es\/wp-content\/uploads\/2024\/02\/banner-servicios.jpg\" alt=\"Imagen de Servicios a empresas\"\/><\/a><\/span><span class=\"ulpgcds-carrusel--large__box\"><span class=\"ulpgcds-carrusel__center\"><h2>Company Services<\/h2><a href=\"https:\/\/www.iuma.ulpgc.es\/en\/servicios\/\" class=\"ulpgcds-btn ulpgcds-btn--primary\">Access<\/a><\/span><\/span><\/li><li><span class=\"ulpgcds-carrusel--large__img\"><a href=\"https:\/\/www.iuma.ulpgc.es\/en\/proyectos\/\"><img decoding=\"async\" src=\"https:\/\/www.iuma.ulpgc.es\/wp-content\/uploads\/2024\/02\/banner-proyectos.jpg\" alt=\"Imagen de Proyectos desarrollados en el IUMA\"\/><\/a><\/span><span class=\"ulpgcds-carrusel--large__box\"><span class=\"ulpgcds-carrusel__center\"><h2>Projects developed at IUMA<\/h2><a href=\"https:\/\/www.iuma.ulpgc.es\/en\/proyectos\/\" class=\"ulpgcds-btn ulpgcds-btn--primary\">Access<\/a><\/span><\/span><\/li><li><span class=\"ulpgcds-carrusel--large__img\"><a href=\"https:\/\/www.iuma.ulpgc.es\/en\/publicaciones\/\"><img decoding=\"async\" src=\"https:\/\/www.iuma.ulpgc.es\/wp-content\/uploads\/2024\/02\/banner-publicaciones.jpg\" alt=\"Imagen de Publicaciones del IUMA\"\/><\/a><\/span><span class=\"ulpgcds-carrusel--large__box\"><span class=\"ulpgcds-carrusel__center\"><h2>IUMA Publications<\/h2><a href=\"https:\/\/www.iuma.ulpgc.es\/en\/publicaciones\/\" class=\"ulpgcds-btn ulpgcds-btn--primary\">Access<\/a><\/span><\/span><\/li><li><span class=\"ulpgcds-carrusel--large__img\"><a href=\"https:\/\/www.iuma.ulpgc.es\/en\/noticias-recientes\/\"><img decoding=\"async\" src=\"https:\/\/www.iuma.ulpgc.es\/wp-content\/uploads\/2024\/02\/banner-noticias.jpg\" alt=\"Imagen de Noticias Recientes\"\/><\/a><\/span><span class=\"ulpgcds-carrusel--large__box\"><span class=\"ulpgcds-carrusel__center\"><h2>Recent News<\/h2><a href=\"https:\/\/www.iuma.ulpgc.es\/en\/noticias-recientes\/\" class=\"ulpgcds-btn ulpgcds-btn--primary\">Access<\/a><\/span><\/span><\/li><li><span class=\"ulpgcds-carrusel--large__img\"><a href=\"https:\/\/www.iuma.ulpgc.es\/en\/trabajo-iuma\/\"><img decoding=\"async\" src=\"https:\/\/www.iuma.ulpgc.es\/wp-content\/uploads\/2024\/02\/banner-ofertas-de-trabajo.jpg\" alt=\"Imagen de \u00danete al IUMA\"\/><\/a><\/span><span class=\"ulpgcds-carrusel--large__box\"><span class=\"ulpgcds-carrusel__center\"><h2>Join IUMA<\/h2><a href=\"https:\/\/www.iuma.ulpgc.es\/en\/trabajo-iuma\/\" class=\"ulpgcds-btn ulpgcds-btn--primary\">Access<\/a><\/span><\/span><\/li><\/ul>\n\n\n\n\n\n\n\n\n\n\n\n\n\n<\/div>\n\n\n\n<h2 class=\"wp-block-heading title-xxl home_title-margin\">General Information<\/h2>\n\n\n\n<p class=\"subtitle-l wp-block-paragraph\">Institute for Applied Microelectronics (IUMA)<\/p>\n\n\n\n<div class=\"row\">\n<div class=\"col-4 col-sm-4\">\n<div class=\"wp-block-article-block-my-block ulpgcds-article  ulpgcds-article--short\"><a href=\"https:\/\/www.iuma.ulpgc.es\/en\/postgrado-metda\/\"><img decoding=\"async\" src=\"https:\/\/www.iuma.ulpgc.es\/wp-content\/uploads\/2025\/06\/baner_front_page_METDA-fp.jpg\" alt=\"Imagen del Master en Electr\u00f3nica y Telecomunicaci\u00f3n Aplicadas\"\/><h3>Master in Electronics and Applied Digital Technology<\/h3><\/a><div><p>Offers advanced courses in Microelectronics and Chip Design, Artificial Intelligence and Electronic Systems.<\/p><\/div><\/div>\n<\/div>\n\n\n\n<div class=\"col-4 col-sm-4\">\n<div class=\"wp-block-article-block-my-block ulpgcds-article  ulpgcds-article--short\"><a href=\"https:\/\/www.iuma.ulpgc.es\/en\/publicaciones\/\"><img decoding=\"async\" src=\"https:\/\/www.iuma.ulpgc.es\/wp-content\/uploads\/2021\/01\/Fotolia_2576654_XXL-scaled.jpg\" alt=\"Imagen de Publicaciones Cient\u00edficas\"\/><h3>Scientific Publications<\/h3><\/a><div><p>Our research activities are reflected in our scientific publications over the years.<\/p><\/div><\/div>\n<\/div>\n\n\n\n<div class=\"col-4 col-sm-4\">\n<div class=\"wp-block-article-block-my-block ulpgcds-article  ulpgcds-article--short\"><a href=\"https:\/\/www.iuma.ulpgc.es\/en\/servicios\/\"><img decoding=\"async\" src=\"https:\/\/www.iuma.ulpgc.es\/wp-content\/uploads\/2021\/01\/Fotolia_4050390_XL-scaled.jpg\" alt=\"Imagen de Servicios Externos\"\/><h3>External Services<\/h3><\/a><div><p>IUMA offers its services to those requiring support in ICT areas for the development of competitive solutions.<\/p><\/div><\/div>\n<\/div>\n<\/div>\n\n\n\n<div style=\"height:24px\" class=\"wp-block-spacing-block-my-block spacing-l mobile_hidden\"><\/div>\n\n\n\n<div class=\"wp-block-divider-block-my-block mobile_hidden\"><hr class=\"divider-2\"\/><\/div>\n\n\n\n<h2 class=\"wp-block-heading title-xxl home_title-margin\">Recent News<\/h2>\n\n\n\n<p class=\"subtitle-l wp-block-paragraph\">Latest news and events from the IUMA<\/p>\n\n\n<ul class='ulpgcds-carrusel ulpgcds-carrusel--medium carrusel_category_custom'><li>\n        <article class='ulpgcds-article'>\n          <a href='https:\/\/www.iuma.ulpgc.es\/en\/defensa-de-la-tesis-doctoral-de-antonio-jose-rodriguez-almeida\/'>\n      <img class='carrusel_img' src='https:\/\/www.iuma.ulpgc.es\/wp-content\/uploads\/2026\/04\/Foto_AntonioRodriguezAlmeida.jpg' alt='Imagen destacada de (Defensa de la tesis doctoral de Antonio Jos\u00e9 Rodr\u00edguez Almeida)'>\n            <div class='ulpgcds-article__date'>08 <span>Apr  <\/span> 2026<\/div>\n            <h3>PhD thesis defense of Antonio Jos\u00e9 Rodr\u00edguez Almeida<\/h3>\n          <\/a>\n          <p>The University Institute of Applied Microelectronics (IUMA) is pleased to announce the forthcoming defence of the doctoral thesis by researcher Mr Antonio Jos\u00e9 Rodr\u00edguez Almeida, supervised by Dr Gustavo Marreo Callic\u00f3 and Dr Himar Fabelo G\u00f3mez. This event will take place on Friday 10 April 2026 at 10:00 am in the Assembly Hall of the Electronics and Telecommunications Building, Tafira University Campus.<\/p>\n        <\/article>\n      <\/li><li>\n        <article class='ulpgcds-article'>\n          <a href='https:\/\/www.iuma.ulpgc.es\/en\/iuma-presente-acto-investidura-nuevos-doctores-ulpgc-curso-academico-2024-2025\/'>\n      <img class='carrusel_img' src='https:\/\/www.iuma.ulpgc.es\/wp-content\/uploads\/2026\/03\/birretes.png' alt='Imagen destacada de (Investidura de tres nuevos doctores del IUMA)'>\n            <div class='ulpgcds-article__date'>12 <span>Sea  <\/span> 2026<\/div>\n            <h3>Investiture of three new doctors from IUMA<\/h3>\n          <\/a>\n          <p>El pasado 28 de febrero,\u00a0en un acto solemne celebrado en el Paraninfo, la ULPGC ha investido a 69 nuevos doctores y doctoras que leyeron sus tesis en el curso acad\u00e9mico 2024\/2025. En el caso del&hellip;<\/p>\n        <\/article>\n      <\/li><li>\n        <article class='ulpgcds-article'>\n          <a href='https:\/\/www.iuma.ulpgc.es\/en\/un-investigador-del-iuma-logra-una-beca-fulbright-para-impulsar-la-ia-en-el-espacio\/'>\n      <img class='carrusel_img' src='https:\/\/www.iuma.ulpgc.es\/wp-content\/uploads\/2026\/02\/SamuelTorres.jpg' alt='Imagen destacada de (Un investigador del IUMA logra una beca Fulbright para impulsar la IA en el espacio)'>\n            <div class='ulpgcds-article__date'>24 <span>Feb  <\/span> 2026<\/div>\n            <h3>IUMA researcher wins Fulbright scholarship to advance AI in space<\/h3>\n          <\/a>\n          <p>Samuel Torres Fau, investigador de la Divisi\u00f3n de Sistemas Integrados (DSI) del IUMA y doctorando del programa de Tecnolog\u00edas de la Telecomunicaci\u00f3n e Ingenier\u00eda Computacional bajo la direcci\u00f3n de Roberto Sarmiento, ha obtenido una beca&hellip;<\/p>\n        <\/article>\n      <\/li><li>\n        <article class='ulpgcds-article'>\n          <a href='https:\/\/www.iuma.ulpgc.es\/en\/defensa-tesis-doctoral-laura-quintana\/'>\n      <img class='carrusel_img' src='https:\/\/www.iuma.ulpgc.es\/wp-content\/uploads\/2026\/02\/Laura_Quintana-e1771592491705.jpeg' alt='Imagen destacada de (Defensa de la tesis doctoral de Laura Quintana)'>\n            <div class='ulpgcds-article__date'>20 <span>Feb  <\/span> 2026<\/div>\n            <h3>PhD thesis defense of Laura Quintana<\/h3>\n          <\/a>\n          <p>The University Institute of Applied Microelectronics is pleased to announce the upcoming doctoral thesis defense of one of its researchers, Laura Quintana. This event will take place on Thursday, March 5, 2026, at 10:00 AM in the Auditorium of the Electronics and Telecommunications Building, Tafira University Campus.<\/p>\n        <\/article>\n      <\/li><li>\n        <article class='ulpgcds-article'>\n          <a href='https:\/\/www.iuma.ulpgc.es\/en\/el-iuma-desarrolla-un-sistema-hiperespectral-para-la-deteccion-temprana-de-corrosion-en-estructuras-metalicas\/'>\n      <img class='carrusel_img' src='https:\/\/www.iuma.ulpgc.es\/wp-content\/uploads\/2026\/02\/Imagen3.png' alt='Imagen destacada de (El IUMA desarrolla un sistema hiperespectral para la detecci\u00f3n temprana de corrosi\u00f3n en estructuras met\u00e1licas)'>\n            <div class='ulpgcds-article__date'>03 <span>Feb  <\/span> 2026<\/div>\n            <h3>IUMA develops a hyperspectral system for the early detection of corrosion in metal structures<\/h3>\n          <\/a>\n          <p>The Integrated Systems Design Division (DSI) of the University Institute of Applied Microelectronics (IUMA) at the University of Las Palmas de Gran Canaria is working on the development of an innovative system based on hyperspectral technology for the early detection of corrosion in metal structures. This technology makes it possible to identify corrosion in its very early stages, when the deterioration is not yet visible to the human eye. Thanks to spectral information, the system is capable of detecting corrosion processes on a microscopic scale and differentiating between different degrees of corrosion when the damage is more advanced.<\/p>\n        <\/article>\n      <\/li><li>\n        <article class='ulpgcds-article'>\n          <a href='https:\/\/www.iuma.ulpgc.es\/en\/navidad-2025\/'>\n      <img class='carrusel_img' src='https:\/\/www.iuma.ulpgc.es\/wp-content\/uploads\/2025\/12\/Feliz-navidad-English.jpg' alt='Imagen destacada de (Navidad 2025)'>\n            <div class='ulpgcds-article__date'>19 <span>Dec  <\/span> 2025<\/div>\n            <h3>Season's Greatings 2025<\/h3>\n          <\/a>\n          <p>Desde la Direcci\u00f3n del IUMA les deseamos unas felices fiestas de Navidad y que el 2026 sea un a\u00f1o de paz.\u00a0 \u00abLlevar\u00e9 la Navidad en mi coraz\u00f3n y procurar\u00e9 conservarla durante todo el a\u00f1o\u00bb\u00a0 \u00a0&hellip;<\/p>\n        <\/article>\n      <\/li><li>\n        <article class='ulpgcds-article'>\n          <a href='https:\/\/www.iuma.ulpgc.es\/en\/servicio-de-encapsulado-de-chips\/'>\n      <img class='carrusel_img' src='https:\/\/www.iuma.ulpgc.es\/wp-content\/uploads\/2024\/02\/Noticias-2-new-english.jpg' alt='Imagen destacada de (Servicio de Encapsulado de Chips)'>\n            <div class='ulpgcds-article__date'>19 <span>Dec  <\/span> 2025<\/div>\n            <h3>Servicio de Encapsulado de Chips<\/h3>\n          <\/a>\n          <p>El Consejo de Gobierno de la Universidad de Las Palmas de Gran Canaria, reunido en sesi\u00f3n extraordinaria el 16 de diciembre de 2025, ha aprobado la propuesta de creaci\u00f3n de los siguientes Servicios Cient\u00edficos: OpenCHEM,&hellip;<\/p>\n        <\/article>\n      <\/li><li>\n        <article class='ulpgcds-article'>\n          <a href='https:\/\/www.iuma.ulpgc.es\/en\/el-futuro-de-la-salud-y-el-bienenestar-from-chips-to-healthcare-services\/'>\n      <img class='carrusel_img' src='https:\/\/www.iuma.ulpgc.es\/wp-content\/uploads\/2025\/12\/ChipsHealthcare.jpg' alt='Imagen destacada de (El futuro de la salud y el bienenestar: From Chips to Healthcare Services)'>\n            <div class='ulpgcds-article__date'>02 <span>Dec  <\/span> 2025<\/div>\n            <h3>The future of health and wellbeing: From Chips to Healthcare Services<\/h3>\n          <\/a>\n          <p>El catedr\u00e1tico Juan Antonio Montiel Nelson, divisi\u00f3n MEMS del IUMA, es coautor del trabajo distribuido a nivel europeo por INSIDE, sobre la iniciativa que se est\u00e1 postulando para FOCUS TOPIC en el pr\u00f3ximo programa de&hellip;<\/p>\n        <\/article>\n      <\/li><li>\n        <article class='ulpgcds-article'>\n          <a href='https:\/\/www.iuma.ulpgc.es\/en\/congreso-chipnation-2025\/'>\n      <img class='carrusel_img' src='https:\/\/www.iuma.ulpgc.es\/wp-content\/uploads\/2025\/10\/chip-azul-scaled.jpg' alt='Imagen destacada de (El IUMA colabora en el Congreso Chipnation 2025)'>\n            <div class='ulpgcds-article__date'>30 <span>Oct  <\/span> 2025<\/div>\n            <h3>IUMA collaborates in the Chipnation 2025 Congress<\/h3>\n          <\/a>\n          <p>The Third National Semiconductor Industry Congress will be held on December 3, 4, and 5, 2025.<\/p>\n        <\/article>\n      <\/li><\/ul>","protected":false},"excerpt":{"rendered":"<p>Informaci\u00f3n General Instituto Universitario de Microelectr\u00f3nica Aplicada (IUMA) Noticias Recientes \u00daltimas novedades y eventos del IUMA<\/p>","protected":false},"author":1,"featured_media":0,"parent":0,"menu_order":0,"comment_status":"closed","ping_status":"closed","template":"index.php","meta":{"_crdt_document":"","footnotes":""},"class_list":["post-438","page","type-page","status-publish","hentry"],"yoast_head":"<!-- This site is optimized with the Yoast SEO plugin v27.4 - https:\/\/yoast.com\/product\/yoast-seo-wordpress\/ -->\n<title>Inicio - Instituto Universitario de Microelectr\u00f3nica Aplicada<\/title>\n<meta name=\"description\" content=\"El Instituto Universitario de Microelectr\u00f3nica Aplicada (IUMA) es un centro dedicado a la investigaci\u00f3n y formaci\u00f3n en microelectr\u00f3nica.\" \/>\n<meta name=\"robots\" content=\"index, follow, max-snippet:-1, max-image-preview:large, max-video-preview:-1\" \/>\n<link rel=\"canonical\" href=\"https:\/\/www.iuma.ulpgc.es\/en\/\" \/>\n<meta property=\"og:locale\" content=\"en_US\" \/>\n<meta property=\"og:type\" content=\"article\" \/>\n<meta property=\"og:title\" content=\"Inicio - Instituto Universitario de Microelectr\u00f3nica Aplicada\" \/>\n<meta property=\"og:description\" content=\"El Instituto Universitario de Microelectr\u00f3nica Aplicada (IUMA) es un centro dedicado a la investigaci\u00f3n y formaci\u00f3n en microelectr\u00f3nica.\" \/>\n<meta property=\"og:url\" content=\"https:\/\/www.iuma.ulpgc.es\/en\/\" \/>\n<meta property=\"og:site_name\" content=\"Instituto Universitario de Microelectr\u00f3nica Aplicada\" \/>\n<meta property=\"article:publisher\" content=\"https:\/\/www.facebook.com\/IUMA.ulpgc\" \/>\n<meta property=\"article:modified_time\" content=\"2025-06-16T09:04:53+00:00\" \/>\n<meta property=\"og:image\" content=\"https:\/\/www.iuma.ulpgc.es\/wp-content\/uploads\/2025\/06\/baner_front_page_METDA-fp.jpg\" \/>\n<meta name=\"twitter:card\" content=\"summary_large_image\" \/>\n<meta name=\"twitter:site\" content=\"@iumanews\" \/>\n<meta name=\"twitter:label1\" content=\"Est. reading time\" \/>\n\t<meta name=\"twitter:data1\" content=\"3 minutes\" \/>\n<script type=\"application\/ld+json\" class=\"yoast-schema-graph\">{\"@context\":\"https:\\\/\\\/schema.org\",\"@graph\":[{\"@type\":\"WebPage\",\"@id\":\"https:\\\/\\\/www.iuma.ulpgc.es\\\/\",\"url\":\"https:\\\/\\\/www.iuma.ulpgc.es\\\/\",\"name\":\"Inicio - Instituto Universitario de Microelectr\u00f3nica Aplicada\",\"isPartOf\":{\"@id\":\"https:\\\/\\\/www.iuma.ulpgc.es\\\/en\\\/#website\"},\"primaryImageOfPage\":{\"@id\":\"https:\\\/\\\/www.iuma.ulpgc.es\\\/#primaryimage\"},\"image\":{\"@id\":\"https:\\\/\\\/www.iuma.ulpgc.es\\\/#primaryimage\"},\"thumbnailUrl\":\"https:\\\/\\\/www.iuma.ulpgc.es\\\/wp-content\\\/uploads\\\/2025\\\/06\\\/baner_front_page_METDA-fp.jpg\",\"datePublished\":\"2023-05-15T10:41:36+00:00\",\"dateModified\":\"2025-06-16T09:04:53+00:00\",\"description\":\"El Instituto Universitario de Microelectr\u00f3nica Aplicada (IUMA) es un centro dedicado a la investigaci\u00f3n y formaci\u00f3n en microelectr\u00f3nica.\",\"breadcrumb\":{\"@id\":\"https:\\\/\\\/www.iuma.ulpgc.es\\\/#breadcrumb\"},\"inLanguage\":\"en-US\",\"potentialAction\":[{\"@type\":\"ReadAction\",\"target\":[\"https:\\\/\\\/www.iuma.ulpgc.es\\\/\"]}]},{\"@type\":\"ImageObject\",\"inLanguage\":\"en-US\",\"@id\":\"https:\\\/\\\/www.iuma.ulpgc.es\\\/#primaryimage\",\"url\":\"https:\\\/\\\/www.iuma.ulpgc.es\\\/wp-content\\\/uploads\\\/2025\\\/06\\\/baner_front_page_METDA-fp.jpg\",\"contentUrl\":\"https:\\\/\\\/www.iuma.ulpgc.es\\\/wp-content\\\/uploads\\\/2025\\\/06\\\/baner_front_page_METDA-fp.jpg\"},{\"@type\":\"BreadcrumbList\",\"@id\":\"https:\\\/\\\/www.iuma.ulpgc.es\\\/#breadcrumb\",\"itemListElement\":[{\"@type\":\"ListItem\",\"position\":1,\"name\":\"Home\",\"item\":\"https:\\\/\\\/www.iuma.ulpgc.es\\\/\"},{\"@type\":\"ListItem\",\"position\":2,\"name\":\"Inicio\"}]},{\"@type\":\"WebSite\",\"@id\":\"https:\\\/\\\/www.iuma.ulpgc.es\\\/en\\\/#website\",\"url\":\"https:\\\/\\\/www.iuma.ulpgc.es\\\/en\\\/\",\"name\":\"Instituto Universitario de Microelectr\u00f3nica Aplicada\",\"description\":\"El IUMA es un centro de I+D+i de la ULPGC\",\"potentialAction\":[{\"@type\":\"SearchAction\",\"target\":{\"@type\":\"EntryPoint\",\"urlTemplate\":\"https:\\\/\\\/www.iuma.ulpgc.es\\\/en\\\/?s={search_term_string}\"},\"query-input\":{\"@type\":\"PropertyValueSpecification\",\"valueRequired\":true,\"valueName\":\"search_term_string\"}}],\"inLanguage\":\"en-US\"}]}<\/script>\n<!-- \/ Yoast SEO plugin. -->","yoast_head_json":{"title":"Inicio - Instituto Universitario de Microelectr\u00f3nica Aplicada","description":"El Instituto Universitario de Microelectr\u00f3nica Aplicada (IUMA) es un centro dedicado a la investigaci\u00f3n y formaci\u00f3n en microelectr\u00f3nica.","robots":{"index":"index","follow":"follow","max-snippet":"max-snippet:-1","max-image-preview":"max-image-preview:large","max-video-preview":"max-video-preview:-1"},"canonical":"https:\/\/www.iuma.ulpgc.es\/en\/","og_locale":"en_US","og_type":"article","og_title":"Inicio - Instituto Universitario de Microelectr\u00f3nica Aplicada","og_description":"El Instituto Universitario de Microelectr\u00f3nica Aplicada (IUMA) es un centro dedicado a la investigaci\u00f3n y formaci\u00f3n en microelectr\u00f3nica.","og_url":"https:\/\/www.iuma.ulpgc.es\/en\/","og_site_name":"Instituto Universitario de Microelectr\u00f3nica Aplicada","article_publisher":"https:\/\/www.facebook.com\/IUMA.ulpgc","article_modified_time":"2025-06-16T09:04:53+00:00","og_image":[{"url":"https:\/\/www.iuma.ulpgc.es\/wp-content\/uploads\/2025\/06\/baner_front_page_METDA-fp.jpg","type":"","width":"","height":""}],"twitter_card":"summary_large_image","twitter_site":"@iumanews","twitter_misc":{"Est. reading time":"3 minutes"},"schema":{"@context":"https:\/\/schema.org","@graph":[{"@type":"WebPage","@id":"https:\/\/www.iuma.ulpgc.es\/","url":"https:\/\/www.iuma.ulpgc.es\/","name":"Inicio - Instituto Universitario de Microelectr\u00f3nica Aplicada","isPartOf":{"@id":"https:\/\/www.iuma.ulpgc.es\/en\/#website"},"primaryImageOfPage":{"@id":"https:\/\/www.iuma.ulpgc.es\/#primaryimage"},"image":{"@id":"https:\/\/www.iuma.ulpgc.es\/#primaryimage"},"thumbnailUrl":"https:\/\/www.iuma.ulpgc.es\/wp-content\/uploads\/2025\/06\/baner_front_page_METDA-fp.jpg","datePublished":"2023-05-15T10:41:36+00:00","dateModified":"2025-06-16T09:04:53+00:00","description":"El Instituto Universitario de Microelectr\u00f3nica Aplicada (IUMA) es un centro dedicado a la investigaci\u00f3n y formaci\u00f3n en microelectr\u00f3nica.","breadcrumb":{"@id":"https:\/\/www.iuma.ulpgc.es\/#breadcrumb"},"inLanguage":"en-US","potentialAction":[{"@type":"ReadAction","target":["https:\/\/www.iuma.ulpgc.es\/"]}]},{"@type":"ImageObject","inLanguage":"en-US","@id":"https:\/\/www.iuma.ulpgc.es\/#primaryimage","url":"https:\/\/www.iuma.ulpgc.es\/wp-content\/uploads\/2025\/06\/baner_front_page_METDA-fp.jpg","contentUrl":"https:\/\/www.iuma.ulpgc.es\/wp-content\/uploads\/2025\/06\/baner_front_page_METDA-fp.jpg"},{"@type":"BreadcrumbList","@id":"https:\/\/www.iuma.ulpgc.es\/#breadcrumb","itemListElement":[{"@type":"ListItem","position":1,"name":"Home","item":"https:\/\/www.iuma.ulpgc.es\/"},{"@type":"ListItem","position":2,"name":"Inicio"}]},{"@type":"WebSite","@id":"https:\/\/www.iuma.ulpgc.es\/en\/#website","url":"https:\/\/www.iuma.ulpgc.es\/en\/","name":"Institute for Applied Microelectronics","description":"El IUMA es un centro de I+D+i de la ULPGC","potentialAction":[{"@type":"SearchAction","target":{"@type":"EntryPoint","urlTemplate":"https:\/\/www.iuma.ulpgc.es\/en\/?s={search_term_string}"},"query-input":{"@type":"PropertyValueSpecification","valueRequired":true,"valueName":"search_term_string"}}],"inLanguage":"en-US"}]}},"post_mailing_queue_ids":[],"_links":{"self":[{"href":"https:\/\/www.iuma.ulpgc.es\/en\/wp-json\/wp\/v2\/pages\/438","targetHints":{"allow":["GET"]}}],"collection":[{"href":"https:\/\/www.iuma.ulpgc.es\/en\/wp-json\/wp\/v2\/pages"}],"about":[{"href":"https:\/\/www.iuma.ulpgc.es\/en\/wp-json\/wp\/v2\/types\/page"}],"author":[{"embeddable":true,"href":"https:\/\/www.iuma.ulpgc.es\/en\/wp-json\/wp\/v2\/users\/1"}],"replies":[{"embeddable":true,"href":"https:\/\/www.iuma.ulpgc.es\/en\/wp-json\/wp\/v2\/comments?post=438"}],"version-history":[{"count":118,"href":"https:\/\/www.iuma.ulpgc.es\/en\/wp-json\/wp\/v2\/pages\/438\/revisions"}],"predecessor-version":[{"id":9267,"href":"https:\/\/www.iuma.ulpgc.es\/en\/wp-json\/wp\/v2\/pages\/438\/revisions\/9267"}],"wp:attachment":[{"href":"https:\/\/www.iuma.ulpgc.es\/en\/wp-json\/wp\/v2\/media?parent=438"}],"curies":[{"name":"wp","href":"https:\/\/api.w.org\/{rel}","templated":true}]}}