{"id":9294,"date":"2025-09-04T12:03:29","date_gmt":"2025-09-04T12:03:29","guid":{"rendered":"https:\/\/www.iuma.ulpgc.es\/?page_id=9294"},"modified":"2025-11-25T13:35:47","modified_gmt":"2025-11-25T13:35:47","slug":"calendarios-horarios-2526","status":"publish","type":"page","link":"https:\/\/www.iuma.ulpgc.es\/en\/postgrado\/postgrado-metda\/calendarios-horarios-2526\/","title":{"rendered":"Calendars and schedules for the 25\/26 academic year"},"content":{"rendered":"<div class=\"wp-block-image\">\n<figure class=\"aligncenter size-large\"><img loading=\"lazy\" decoding=\"async\" width=\"1024\" height=\"336\" src=\"https:\/\/www.iuma.ulpgc.es\/wp-content\/uploads\/2025\/06\/Imagen1-e1749173808697-1024x336.png\" alt=\"\" class=\"wp-image-9176\" srcset=\"https:\/\/www.iuma.ulpgc.es\/wp-content\/uploads\/2025\/06\/Imagen1-e1749173808697-1024x336.png 1024w, https:\/\/www.iuma.ulpgc.es\/wp-content\/uploads\/2025\/06\/Imagen1-e1749173808697-300x98.png 300w, https:\/\/www.iuma.ulpgc.es\/wp-content\/uploads\/2025\/06\/Imagen1-e1749173808697-768x252.png 768w, https:\/\/www.iuma.ulpgc.es\/wp-content\/uploads\/2025\/06\/Imagen1-e1749173808697-18x6.png 18w, https:\/\/www.iuma.ulpgc.es\/wp-content\/uploads\/2025\/06\/Imagen1-e1749173808697.png 1066w\" sizes=\"auto, (max-width: 1024px) 100vw, 1024px\" \/><\/figure>\n<\/div>\n\n\n<h1 class=\"wp-block-heading page-title\">Master's Degree in Electronics and Applied Digital Technology (METDA)<\/h1>\n\n\n\n<p class=\"ulpgcds-highlighted-text ulpgcds-highlighted-text--orange wp-block-paragraph\"><a href=\"\/en\/postgrado\/postgrado-metda\/metda-more-info\/#Presentaci\u00f3n\">Presentation<\/a> | <a href=\"\/en\/postgrado\/postgrado-metda\/metda-more-info\/#Planestudios\">Syllabus<\/a> | <a href=\"\/en\/postgrado\/postgrado-metda\/metda-more-info\/#Acceso\">Access<\/a> | <a href=\"\/en\/postgrado\/postgrado-metda\/calendarios-horarios-2526\/\">Calendars and schedules<\/a> | <a href=\"\/en\/postgrado\/postgrado-metda\/formularios\/\">Forms<\/a><\/p>\n\n\n\n<h2 class=\"wp-block-heading\" id=\"Presentaci\u00f3n\">Academic calendar for the academic year <\/h2>\n\n\n\n<div class=\"wp-block-media-text is-stacked-on-mobile\" style=\"grid-template-columns:17% auto\"><figure class=\"wp-block-media-text__media\"><a href=\"https:\/\/nimbus.iuma.ulpgc.es\/s\/Zz337mzjHeP3fKA\" target=\"_blank\" rel=\" noreferrer noopener\"><img loading=\"lazy\" decoding=\"async\" width=\"660\" height=\"886\" src=\"https:\/\/www.iuma.ulpgc.es\/wp-content\/uploads\/2025\/09\/calendarioMasterULPGC2526-1.png\" alt=\"\" class=\"wp-image-9302 size-full\" srcset=\"https:\/\/www.iuma.ulpgc.es\/wp-content\/uploads\/2025\/09\/calendarioMasterULPGC2526-1.png 660w, https:\/\/www.iuma.ulpgc.es\/wp-content\/uploads\/2025\/09\/calendarioMasterULPGC2526-1-223x300.png 223w, https:\/\/www.iuma.ulpgc.es\/wp-content\/uploads\/2025\/09\/calendarioMasterULPGC2526-1-9x12.png 9w\" sizes=\"auto, (max-width: 660px) 100vw, 660px\" \/><\/a><\/figure><div class=\"wp-block-media-text__content\">\n<p class=\"wp-block-paragraph\"><a href=\"https:\/\/nimbus.iuma.ulpgc.es\/s\/Zz337mzjHeP3fKA\" target=\"_blank\" rel=\"noreferrer noopener\">ULPGC academic calendar for master's degree programs for the 2025\/2026 academic year<\/a>. It includes detailed information on the start and end dates of classes, vacation periods, exams, and submission dates for the Master's Thesis. During the second semester, dual training students must adapt to the work schedule of the company where they are doing their training.<\/p>\n<\/div><\/div>\n\n\n\n<h2 class=\"wp-block-heading\">Exam schedule<\/h2>\n\n\n\n<div class=\"wp-block-media-text is-stacked-on-mobile\" style=\"grid-template-columns:15% auto\"><figure class=\"wp-block-media-text__media\"><a href=\"https:\/\/nimbus.iuma.ulpgc.es\/s\/9nnAmn5CrzQFPtP\" target=\"_blank\" rel=\" noreferrer noopener\"><img loading=\"lazy\" decoding=\"async\" width=\"724\" height=\"1024\" src=\"https:\/\/www.iuma.ulpgc.es\/wp-content\/uploads\/2025\/09\/Calendario-de-examenes_Pagina_1-724x1024.png\" alt=\"\" class=\"wp-image-9312 size-full\" srcset=\"https:\/\/www.iuma.ulpgc.es\/wp-content\/uploads\/2025\/09\/Calendario-de-examenes_Pagina_1-724x1024.png 724w, https:\/\/www.iuma.ulpgc.es\/wp-content\/uploads\/2025\/09\/Calendario-de-examenes_Pagina_1-212x300.png 212w, https:\/\/www.iuma.ulpgc.es\/wp-content\/uploads\/2025\/09\/Calendario-de-examenes_Pagina_1-768x1086.png 768w, https:\/\/www.iuma.ulpgc.es\/wp-content\/uploads\/2025\/09\/Calendario-de-examenes_Pagina_1-1086x1536.png 1086w, https:\/\/www.iuma.ulpgc.es\/wp-content\/uploads\/2025\/09\/Calendario-de-examenes_Pagina_1-1448x2048.png 1448w, https:\/\/www.iuma.ulpgc.es\/wp-content\/uploads\/2025\/09\/Calendario-de-examenes_Pagina_1-8x12.png 8w, https:\/\/www.iuma.ulpgc.es\/wp-content\/uploads\/2025\/09\/Calendario-de-examenes_Pagina_1.png 1654w\" sizes=\"auto, (max-width: 724px) 100vw, 724px\" \/><\/a><\/figure><div class=\"wp-block-media-text__content\">\n<p class=\"wp-block-paragraph\"><a href=\"https:\/\/nimbus.iuma.ulpgc.es\/s\/9nnAmn5CrzQFPtP\" target=\"_blank\" rel=\"noreferrer noopener\">Exam Schedule for the 2025\/2026 academic year<\/a>. The exam dates are as follows:<\/p>\n\n\n\n<ul class=\"wp-block-list\">\n<li>Ordinary Call\n<ul class=\"wp-block-list\">\n<li>Semester 1 courses: January 26 to February 4, 2026<\/li>\n\n\n\n<li>Semester 2 courses: June 1 to 12, 2026<\/li>\n<\/ul>\n<\/li>\n\n\n\n<li>Extraordinary Call\n<ul class=\"wp-block-list\">\n<li>All subjects: June 15 to 30, 2026.<\/li>\n<\/ul>\n<\/li>\n<\/ul>\n<\/div><\/div>\n\n\n\n<h2 class=\"wp-block-heading\">Class schedule<\/h2>\n\n\n\n<div class=\"wp-block-media-text is-stacked-on-mobile\" style=\"grid-template-columns:15% auto\"><figure class=\"wp-block-media-text__media\"><a href=\"https:\/\/nimbus.iuma.ulpgc.es\/s\/iMSoy9CsXTJFjZp\" target=\"_blank\" rel=\" noreferrer noopener\"><img loading=\"lazy\" decoding=\"async\" width=\"724\" height=\"1024\" src=\"https:\/\/www.iuma.ulpgc.es\/wp-content\/uploads\/2025\/09\/Horario-METDA-Semestre-1-Curso-2526-1-724x1024.png\" alt=\"\" class=\"wp-image-9333 size-full\" srcset=\"https:\/\/www.iuma.ulpgc.es\/wp-content\/uploads\/2025\/09\/Horario-METDA-Semestre-1-Curso-2526-1-724x1024.png 724w, https:\/\/www.iuma.ulpgc.es\/wp-content\/uploads\/2025\/09\/Horario-METDA-Semestre-1-Curso-2526-1-212x300.png 212w, https:\/\/www.iuma.ulpgc.es\/wp-content\/uploads\/2025\/09\/Horario-METDA-Semestre-1-Curso-2526-1-768x1086.png 768w, https:\/\/www.iuma.ulpgc.es\/wp-content\/uploads\/2025\/09\/Horario-METDA-Semestre-1-Curso-2526-1-1086x1536.png 1086w, https:\/\/www.iuma.ulpgc.es\/wp-content\/uploads\/2025\/09\/Horario-METDA-Semestre-1-Curso-2526-1-1448x2048.png 1448w, https:\/\/www.iuma.ulpgc.es\/wp-content\/uploads\/2025\/09\/Horario-METDA-Semestre-1-Curso-2526-1-8x12.png 8w, https:\/\/www.iuma.ulpgc.es\/wp-content\/uploads\/2025\/09\/Horario-METDA-Semestre-1-Curso-2526-1.png 1654w\" sizes=\"auto, (max-width: 724px) 100vw, 724px\" \/><\/a><\/figure><div class=\"wp-block-media-text__content\">\n<p class=\"wp-block-paragraph\"><a href=\"https:\/\/nimbus.iuma.ulpgc.es\/s\/iMSoy9CsXTJFjZp\" target=\"_blank\" rel=\"noreferrer noopener\">Schedule for the first semester of the 2025\/2026 academic year<\/a>. Classes for the first semester begin on September 29, 2025, and end on January 23, 2026. Classes are held in the afternoon, from 4:00 p.m. to 8:00 p.m., Monday through Friday. Each subject is taught in two two-hour sessions.<\/p>\n<\/div><\/div>\n\n\n\n<div class=\"wp-block-media-text is-stacked-on-mobile\" style=\"grid-template-columns:15% auto\"><figure class=\"wp-block-media-text__media\"><a href=\"https:\/\/nimbus.iuma.ulpgc.es\/s\/Jd7GDAmBg2NxdwF\" target=\"_blank\" rel=\" noreferrer noopener\"><img loading=\"lazy\" decoding=\"async\" width=\"724\" height=\"1024\" src=\"https:\/\/www.iuma.ulpgc.es\/wp-content\/uploads\/2025\/09\/Horario-METDA-Semestre-2-Curso-2526-724x1024.png\" alt=\"\" class=\"wp-image-9305 size-full\" srcset=\"https:\/\/www.iuma.ulpgc.es\/wp-content\/uploads\/2025\/09\/Horario-METDA-Semestre-2-Curso-2526-724x1024.png 724w, https:\/\/www.iuma.ulpgc.es\/wp-content\/uploads\/2025\/09\/Horario-METDA-Semestre-2-Curso-2526-212x300.png 212w, https:\/\/www.iuma.ulpgc.es\/wp-content\/uploads\/2025\/09\/Horario-METDA-Semestre-2-Curso-2526-768x1086.png 768w, https:\/\/www.iuma.ulpgc.es\/wp-content\/uploads\/2025\/09\/Horario-METDA-Semestre-2-Curso-2526-1086x1536.png 1086w, https:\/\/www.iuma.ulpgc.es\/wp-content\/uploads\/2025\/09\/Horario-METDA-Semestre-2-Curso-2526-1448x2048.png 1448w, https:\/\/www.iuma.ulpgc.es\/wp-content\/uploads\/2025\/09\/Horario-METDA-Semestre-2-Curso-2526-8x12.png 8w, https:\/\/www.iuma.ulpgc.es\/wp-content\/uploads\/2025\/09\/Horario-METDA-Semestre-2-Curso-2526.png 1654w\" sizes=\"auto, (max-width: 724px) 100vw, 724px\" \/><\/a><\/figure><div class=\"wp-block-media-text__content\">\n<p class=\"wp-block-paragraph\"><a href=\"https:\/\/nimbus.iuma.ulpgc.es\/s\/Jd7GDAmBg2NxdwF\" target=\"_blank\" rel=\"noreferrer noopener\">Schedule for the second semester of the 2025\/2026 academic year<\/a>. Classes for the second semester begin on February 9, 2026, and end on May 29, 2026. Classes are held in the afternoon, from 3:30 p.m. to 8:00 p.m., Monday through Thursday. Each subject is taught in two sessions lasting an hour and a half.<\/p>\n<\/div><\/div>\n\n\n\n<p class=\"wp-block-paragraph\"><\/p>\n\n\n\n<p class=\"wp-block-paragraph\"><\/p>\n\n\n\n<div class=\"wp-block-buttons is-layout-flex wp-block-buttons-is-layout-flex\">\n<div class=\"wp-block-button\"><a class=\"wp-block-button__link wp-element-button\">For more information:<\/a><\/div>\n<\/div>\n\n\n\n<div class=\"wp-block-accordion-block-my-block ulpgcds-accordion\">\n<h3>Institute for Applied Microelectronics<\/h3>\n<p class=\"wp-block-paragraph\"><a href=\"https:\/\/www.iuma.ulpgc.es\/en\/\">iuma.ulpgc.es<\/a><br>Phone: +34 928 45 1086<br>e-mail: <a href=\"mailto:metda@iuma.ulpgc.es\">metda@iuma.ulpgc.es<\/a><\/p>\n\n\n\n\n<h3>Student Information Service<\/h3>\n<p class=\"wp-block-paragraph\">Phone: +34 928 45 10 72 \/ 74 \/ 75<br>Whatsapp: 660 599 038<br><a href=\"https:\/\/www.sie.ulpgc.es\" target=\"_blank\" rel=\"noreferrer noopener\">sie.ulpgc.es<\/a><\/p>\n\n\n\n\n<h3>Detailed information about the Master on the ULPGC website<\/h3>\n<p class=\"wp-block-paragraph\"><a href=\"https:\/\/www2.ulpgc.es\/plan-estudio\/5059\/actual\" data-type=\"link\" data-id=\"https:\/\/www.ulpgc.es\/plan-estudio\/5059\/actual\" target=\"_blank\" rel=\"noreferrer noopener\">Go to the information<\/a><\/p>\n\n\n\n\n<h3>Folleto informativo sobre el METDA<\/h3>\n<p class=\"wp-block-paragraph\"><a href=\"https:\/\/www.iuma.ulpgc.es\/wp-content\/uploads\/2025\/06\/folleto-5059.pdf\">Descargar folleto informativo<\/a> <\/p>\n\n<\/div>\n\n\n\n<p class=\"wp-block-paragraph\"><\/p>\n\n\n\n<p class=\"wp-block-paragraph\"><\/p>","protected":false},"excerpt":{"rendered":"<p>M\u00e1ster Universitario en Electr\u00f3nica y Tecnolog\u00eda Digital Aplicada (METDA) Presentaci\u00f3n | Plan de estudios | Acceso | Calendarios y horarios | Formularios Calendario acad\u00e9mico curso Calendario acad\u00e9mico de la ULPGC para estudios de m\u00e1ster para el curso 2025\/2026. Incluye informaci\u00f3n detallada del comienzo y finalizaci\u00f3n de clases, periodo de vacaciones, ex\u00e1menes y fechas de presentaci\u00f3n [&hellip;]<\/p>\n","protected":false},"author":1,"featured_media":9205,"parent":9150,"menu_order":0,"comment_status":"closed","ping_status":"closed","template":"page-templates\/page-sidebar.php","meta":{"_crdt_document":"","footnotes":""},"class_list":["post-9294","page","type-page","status-publish","has-post-thumbnail","hentry"],"yoast_head":"<!-- This site is optimized with the Yoast SEO plugin v27.5 - https:\/\/yoast.com\/product\/yoast-seo-wordpress\/ -->\n<title>Calendarios y horarios curso 25\/26 - Instituto Universitario de Microelectr\u00f3nica Aplicada<\/title>\n<meta name=\"description\" content=\"Instituto Universitario de Microelectr\u00f3nica Aplicada\" \/>\n<meta name=\"robots\" content=\"index, follow, max-snippet:-1, max-image-preview:large, max-video-preview:-1\" \/>\n<link rel=\"canonical\" href=\"https:\/\/www.iuma.ulpgc.es\/en\/postgrado\/postgrado-metda\/calendarios-horarios-2526\/\" \/>\n<meta property=\"og:locale\" content=\"en_US\" \/>\n<meta property=\"og:type\" content=\"article\" \/>\n<meta property=\"og:title\" content=\"Calendarios y horarios curso 25\/26 - Instituto Universitario de Microelectr\u00f3nica Aplicada\" \/>\n<meta property=\"og:description\" content=\"Instituto Universitario de Microelectr\u00f3nica Aplicada\" \/>\n<meta property=\"og:url\" content=\"https:\/\/www.iuma.ulpgc.es\/en\/postgrado\/postgrado-metda\/calendarios-horarios-2526\/\" \/>\n<meta property=\"og:site_name\" content=\"Instituto Universitario de Microelectr\u00f3nica Aplicada\" \/>\n<meta property=\"article:publisher\" content=\"https:\/\/www.facebook.com\/IUMA.ulpgc\" \/>\n<meta property=\"article:modified_time\" content=\"2025-11-25T13:35:47+00:00\" \/>\n<meta property=\"og:image\" content=\"https:\/\/www.iuma.ulpgc.es\/wp-content\/uploads\/2025\/06\/baner_front_page_METDA-fp.jpg\" \/>\n\t<meta property=\"og:image:width\" content=\"640\" \/>\n\t<meta property=\"og:image:height\" content=\"414\" \/>\n\t<meta property=\"og:image:type\" content=\"image\/jpeg\" \/>\n<meta name=\"twitter:card\" content=\"summary_large_image\" \/>\n<meta name=\"twitter:site\" content=\"@iumanews\" \/>\n<meta name=\"twitter:label1\" content=\"Est. reading time\" \/>\n\t<meta name=\"twitter:data1\" content=\"3 minutes\" \/>\n<script type=\"application\/ld+json\" class=\"yoast-schema-graph\">{\"@context\":\"https:\\\/\\\/schema.org\",\"@graph\":[{\"@type\":\"WebPage\",\"@id\":\"https:\\\/\\\/www.iuma.ulpgc.es\\\/postgrado\\\/postgrado-metda\\\/calendarios-horarios-2526\\\/\",\"url\":\"https:\\\/\\\/www.iuma.ulpgc.es\\\/postgrado\\\/postgrado-metda\\\/calendarios-horarios-2526\\\/\",\"name\":\"Calendarios y horarios curso 25\\\/26 - Instituto Universitario de Microelectr\u00f3nica Aplicada\",\"isPartOf\":{\"@id\":\"https:\\\/\\\/www.iuma.ulpgc.es\\\/en\\\/#website\"},\"primaryImageOfPage\":{\"@id\":\"https:\\\/\\\/www.iuma.ulpgc.es\\\/postgrado\\\/postgrado-metda\\\/calendarios-horarios-2526\\\/#primaryimage\"},\"image\":{\"@id\":\"https:\\\/\\\/www.iuma.ulpgc.es\\\/postgrado\\\/postgrado-metda\\\/calendarios-horarios-2526\\\/#primaryimage\"},\"thumbnailUrl\":\"https:\\\/\\\/www.iuma.ulpgc.es\\\/wp-content\\\/uploads\\\/2025\\\/06\\\/baner_front_page_METDA-fp.jpg\",\"datePublished\":\"2025-09-04T12:03:29+00:00\",\"dateModified\":\"2025-11-25T13:35:47+00:00\",\"description\":\"Instituto Universitario de Microelectr\u00f3nica Aplicada\",\"breadcrumb\":{\"@id\":\"https:\\\/\\\/www.iuma.ulpgc.es\\\/postgrado\\\/postgrado-metda\\\/calendarios-horarios-2526\\\/#breadcrumb\"},\"inLanguage\":\"en-US\",\"potentialAction\":[{\"@type\":\"ReadAction\",\"target\":[\"https:\\\/\\\/www.iuma.ulpgc.es\\\/postgrado\\\/postgrado-metda\\\/calendarios-horarios-2526\\\/\"]}]},{\"@type\":\"ImageObject\",\"inLanguage\":\"en-US\",\"@id\":\"https:\\\/\\\/www.iuma.ulpgc.es\\\/postgrado\\\/postgrado-metda\\\/calendarios-horarios-2526\\\/#primaryimage\",\"url\":\"https:\\\/\\\/www.iuma.ulpgc.es\\\/wp-content\\\/uploads\\\/2025\\\/06\\\/baner_front_page_METDA-fp.jpg\",\"contentUrl\":\"https:\\\/\\\/www.iuma.ulpgc.es\\\/wp-content\\\/uploads\\\/2025\\\/06\\\/baner_front_page_METDA-fp.jpg\",\"width\":640,\"height\":414,\"caption\":\"METDA\"},{\"@type\":\"BreadcrumbList\",\"@id\":\"https:\\\/\\\/www.iuma.ulpgc.es\\\/postgrado\\\/postgrado-metda\\\/calendarios-horarios-2526\\\/#breadcrumb\",\"itemListElement\":[{\"@type\":\"ListItem\",\"position\":1,\"name\":\"Home\",\"item\":\"https:\\\/\\\/www.iuma.ulpgc.es\\\/\"},{\"@type\":\"ListItem\",\"position\":2,\"name\":\"Postgrado\",\"item\":\"https:\\\/\\\/www.iuma.ulpgc.es\\\/postgrado\\\/\"},{\"@type\":\"ListItem\",\"position\":3,\"name\":\"METDA\",\"item\":\"https:\\\/\\\/www.iuma.ulpgc.es\\\/postgrado\\\/postgrado-metda\\\/\"},{\"@type\":\"ListItem\",\"position\":4,\"name\":\"Calendarios y horarios curso 25\\\/26\"}]},{\"@type\":\"WebSite\",\"@id\":\"https:\\\/\\\/www.iuma.ulpgc.es\\\/en\\\/#website\",\"url\":\"https:\\\/\\\/www.iuma.ulpgc.es\\\/en\\\/\",\"name\":\"Instituto Universitario de Microelectr\u00f3nica Aplicada\",\"description\":\"El IUMA es un centro de I+D+i de la ULPGC\",\"potentialAction\":[{\"@type\":\"SearchAction\",\"target\":{\"@type\":\"EntryPoint\",\"urlTemplate\":\"https:\\\/\\\/www.iuma.ulpgc.es\\\/en\\\/?s={search_term_string}\"},\"query-input\":{\"@type\":\"PropertyValueSpecification\",\"valueRequired\":true,\"valueName\":\"search_term_string\"}}],\"inLanguage\":\"en-US\"}]}<\/script>\n<!-- \/ Yoast SEO plugin. -->","yoast_head_json":{"title":"Calendarios y horarios curso 25\/26 - Instituto Universitario de Microelectr\u00f3nica Aplicada","description":"Institute for Applied Microelectronics","robots":{"index":"index","follow":"follow","max-snippet":"max-snippet:-1","max-image-preview":"max-image-preview:large","max-video-preview":"max-video-preview:-1"},"canonical":"https:\/\/www.iuma.ulpgc.es\/en\/postgrado\/postgrado-metda\/calendarios-horarios-2526\/","og_locale":"en_US","og_type":"article","og_title":"Calendarios y horarios curso 25\/26 - Instituto Universitario de Microelectr\u00f3nica Aplicada","og_description":"Instituto Universitario de Microelectr\u00f3nica Aplicada","og_url":"https:\/\/www.iuma.ulpgc.es\/en\/postgrado\/postgrado-metda\/calendarios-horarios-2526\/","og_site_name":"Instituto Universitario de Microelectr\u00f3nica Aplicada","article_publisher":"https:\/\/www.facebook.com\/IUMA.ulpgc","article_modified_time":"2025-11-25T13:35:47+00:00","og_image":[{"width":640,"height":414,"url":"https:\/\/www.iuma.ulpgc.es\/wp-content\/uploads\/2025\/06\/baner_front_page_METDA-fp.jpg","type":"image\/jpeg"}],"twitter_card":"summary_large_image","twitter_site":"@iumanews","twitter_misc":{"Est. reading time":"3 minutes"},"schema":{"@context":"https:\/\/schema.org","@graph":[{"@type":"WebPage","@id":"https:\/\/www.iuma.ulpgc.es\/postgrado\/postgrado-metda\/calendarios-horarios-2526\/","url":"https:\/\/www.iuma.ulpgc.es\/postgrado\/postgrado-metda\/calendarios-horarios-2526\/","name":"Calendarios y horarios curso 25\/26 - Instituto Universitario de Microelectr\u00f3nica Aplicada","isPartOf":{"@id":"https:\/\/www.iuma.ulpgc.es\/en\/#website"},"primaryImageOfPage":{"@id":"https:\/\/www.iuma.ulpgc.es\/postgrado\/postgrado-metda\/calendarios-horarios-2526\/#primaryimage"},"image":{"@id":"https:\/\/www.iuma.ulpgc.es\/postgrado\/postgrado-metda\/calendarios-horarios-2526\/#primaryimage"},"thumbnailUrl":"https:\/\/www.iuma.ulpgc.es\/wp-content\/uploads\/2025\/06\/baner_front_page_METDA-fp.jpg","datePublished":"2025-09-04T12:03:29+00:00","dateModified":"2025-11-25T13:35:47+00:00","description":"Institute for Applied Microelectronics","breadcrumb":{"@id":"https:\/\/www.iuma.ulpgc.es\/postgrado\/postgrado-metda\/calendarios-horarios-2526\/#breadcrumb"},"inLanguage":"en-US","potentialAction":[{"@type":"ReadAction","target":["https:\/\/www.iuma.ulpgc.es\/postgrado\/postgrado-metda\/calendarios-horarios-2526\/"]}]},{"@type":"ImageObject","inLanguage":"en-US","@id":"https:\/\/www.iuma.ulpgc.es\/postgrado\/postgrado-metda\/calendarios-horarios-2526\/#primaryimage","url":"https:\/\/www.iuma.ulpgc.es\/wp-content\/uploads\/2025\/06\/baner_front_page_METDA-fp.jpg","contentUrl":"https:\/\/www.iuma.ulpgc.es\/wp-content\/uploads\/2025\/06\/baner_front_page_METDA-fp.jpg","width":640,"height":414,"caption":"METDA"},{"@type":"BreadcrumbList","@id":"https:\/\/www.iuma.ulpgc.es\/postgrado\/postgrado-metda\/calendarios-horarios-2526\/#breadcrumb","itemListElement":[{"@type":"ListItem","position":1,"name":"Home","item":"https:\/\/www.iuma.ulpgc.es\/"},{"@type":"ListItem","position":2,"name":"Postgrado","item":"https:\/\/www.iuma.ulpgc.es\/postgrado\/"},{"@type":"ListItem","position":3,"name":"METDA","item":"https:\/\/www.iuma.ulpgc.es\/postgrado\/postgrado-metda\/"},{"@type":"ListItem","position":4,"name":"Calendarios y horarios curso 25\/26"}]},{"@type":"WebSite","@id":"https:\/\/www.iuma.ulpgc.es\/en\/#website","url":"https:\/\/www.iuma.ulpgc.es\/en\/","name":"Institute for Applied Microelectronics","description":"El IUMA es un centro de I+D+i de la ULPGC","potentialAction":[{"@type":"SearchAction","target":{"@type":"EntryPoint","urlTemplate":"https:\/\/www.iuma.ulpgc.es\/en\/?s={search_term_string}"},"query-input":{"@type":"PropertyValueSpecification","valueRequired":true,"valueName":"search_term_string"}}],"inLanguage":"en-US"}]}},"post_mailing_queue_ids":[],"_links":{"self":[{"href":"https:\/\/www.iuma.ulpgc.es\/en\/wp-json\/wp\/v2\/pages\/9294","targetHints":{"allow":["GET"]}}],"collection":[{"href":"https:\/\/www.iuma.ulpgc.es\/en\/wp-json\/wp\/v2\/pages"}],"about":[{"href":"https:\/\/www.iuma.ulpgc.es\/en\/wp-json\/wp\/v2\/types\/page"}],"author":[{"embeddable":true,"href":"https:\/\/www.iuma.ulpgc.es\/en\/wp-json\/wp\/v2\/users\/1"}],"replies":[{"embeddable":true,"href":"https:\/\/www.iuma.ulpgc.es\/en\/wp-json\/wp\/v2\/comments?post=9294"}],"version-history":[{"count":21,"href":"https:\/\/www.iuma.ulpgc.es\/en\/wp-json\/wp\/v2\/pages\/9294\/revisions"}],"predecessor-version":[{"id":9432,"href":"https:\/\/www.iuma.ulpgc.es\/en\/wp-json\/wp\/v2\/pages\/9294\/revisions\/9432"}],"up":[{"embeddable":true,"href":"https:\/\/www.iuma.ulpgc.es\/en\/wp-json\/wp\/v2\/pages\/9150"}],"wp:featuredmedia":[{"embeddable":true,"href":"https:\/\/www.iuma.ulpgc.es\/en\/wp-json\/wp\/v2\/media\/9205"}],"wp:attachment":[{"href":"https:\/\/www.iuma.ulpgc.es\/en\/wp-json\/wp\/v2\/media?parent=9294"}],"curies":[{"name":"wp","href":"https:\/\/api.w.org\/{rel}","templated":true}]}}