{"id":9423,"date":"2025-11-25T13:27:57","date_gmt":"2025-11-25T13:27:57","guid":{"rendered":"https:\/\/www.iuma.ulpgc.es\/?page_id=9423"},"modified":"2025-11-25T13:31:17","modified_gmt":"2025-11-25T13:31:17","slug":"formularios","status":"publish","type":"page","link":"https:\/\/www.iuma.ulpgc.es\/en\/postgrado\/postgrado-metda\/formularios\/","title":{"rendered":"Forms"},"content":{"rendered":"<div class=\"wp-block-image\">\n<figure class=\"aligncenter size-large\"><img loading=\"lazy\" decoding=\"async\" width=\"1024\" height=\"336\" src=\"https:\/\/www.iuma.ulpgc.es\/wp-content\/uploads\/2025\/06\/Imagen1-e1749173808697-1024x336.png\" alt=\"\" class=\"wp-image-9176\" srcset=\"https:\/\/www.iuma.ulpgc.es\/wp-content\/uploads\/2025\/06\/Imagen1-e1749173808697-1024x336.png 1024w, https:\/\/www.iuma.ulpgc.es\/wp-content\/uploads\/2025\/06\/Imagen1-e1749173808697-300x98.png 300w, https:\/\/www.iuma.ulpgc.es\/wp-content\/uploads\/2025\/06\/Imagen1-e1749173808697-768x252.png 768w, https:\/\/www.iuma.ulpgc.es\/wp-content\/uploads\/2025\/06\/Imagen1-e1749173808697-18x6.png 18w, https:\/\/www.iuma.ulpgc.es\/wp-content\/uploads\/2025\/06\/Imagen1-e1749173808697.png 1066w\" sizes=\"auto, (max-width: 1024px) 100vw, 1024px\" \/><\/figure>\n<\/div>\n\n\n<h1 class=\"wp-block-heading page-title\">M\u00e1ster Universitario en Electr\u00f3nica y Tecnolog\u00eda Digital Aplicada (METDA)<\/h1>\n\n\n\n<p class=\"ulpgcds-highlighted-text ulpgcds-highlighted-text--orange wp-block-paragraph\"><a href=\"\/postgrado\/postgrado-metda\/metda-more-info\/#Presentaci\u00f3n\">Presentaci\u00f3n<\/a> | <a href=\"\/postgrado\/postgrado-metda\/metda-more-info\/#Planestudios\">Plan de estudios<\/a> | <a href=\"\/postgrado\/postgrado-metda\/metda-more-info\/#Acceso\">Acceso<\/a> | <a href=\"\/postgrado\/postgrado-metda\/calendarios-horarios-2526\/\">Calendarios y horarios<\/a> |<a href=\"\/postgrado\/postgrado-metda\/formularios\/\">Formularios<\/a><\/p>\n\n\n\n<h2 class=\"wp-block-heading\" id=\"Presentaci\u00f3n\">Solicitud de Menci\u00f3n Dual<\/h2>\n\n\n\n<p class=\"wp-block-paragraph\"><\/p>\n\n\n\n<h3 class=\"wp-block-heading\">Procedimiento:<\/h3>\n\n\n\n<ul class=\"wp-block-list\">\n<li>Rellenar y firmar el documento de solicitud [<a href=\"https:\/\/nimbus.iuma.ulpgc.es\/s\/QFLFK8DpaHfNa3t\" target=\"_blank\" rel=\"noreferrer noopener\">Descargar<\/a>]<\/li>\n\n\n\n<li>Adjuntar el Curr\u00edculum Vitae. El formato es libre. Se recomienda utilizar el formato Europass (<a href=\"https:\/\/europass.europa.eu\/es\/create-europass-cv\" target=\"_blank\" rel=\"noreferrer noopener\">https:\/\/europass.europa.eu\/es\/create-europass-cv<\/a>).<\/li>\n\n\n\n<li>Ir a la Sede Electr\u00f3nica de la ULPGC y rellenar una instancia general dirigida al Director del IUMA e incluir los documentos anteriores en la solicitud.<\/li>\n<\/ul>\n\n\n\n<p class=\"wp-block-paragraph\"><\/p>\n\n\n\n<p class=\"wp-block-paragraph\"><\/p>\n\n\n\n<div class=\"wp-block-buttons is-layout-flex wp-block-buttons-is-layout-flex\">\n<div class=\"wp-block-button\"><a class=\"wp-block-button__link wp-element-button\">Para m\u00e1s informaci\u00f3n:<\/a><\/div>\n<\/div>\n\n\n\n<div class=\"wp-block-accordion-block-my-block ulpgcds-accordion\">\n<h3>Instituto Universitario de Microelectr\u00f3nica Aplicada<\/h3>\n<p class=\"wp-block-paragraph\"><a href=\"https:\/\/www.iuma.ulpgc.es\">iuma.ulpgc.es<\/a><br>Tel\u00e9fono: +34 928 45 1086<br>Correo electr\u00f3nico: <a href=\"mailto:metda@iuma.ulpgc.es\">metda@iuma.ulpgc.es<\/a><\/p>\n\n\n\n\n<h3>Servicio de Informaci\u00f3n del Estudiante<\/h3>\n<p class=\"wp-block-paragraph\">Tel. : +34 928 45 10 72 \/ 74 \/ 75<br>Whatsapp: 660 599 038<br><a href=\"https:\/\/www.sie.ulpgc.es\" target=\"_blank\" rel=\"noreferrer noopener\">sie.ulpgc.es<\/a><\/p>\n\n\n\n\n<h3>Informaci\u00f3n del Plan de Estudios en la web de la ULPGC<\/h3>\n<p class=\"wp-block-paragraph\"><a href=\"https:\/\/www2.ulpgc.es\/plan-estudio\/5059\/actual\" data-type=\"link\" data-id=\"https:\/\/www.ulpgc.es\/plan-estudio\/5059\/actual\" target=\"_blank\" rel=\"noreferrer noopener\">Ir al Plan de estudios<\/a><\/p>\n\n\n\n\n<h3>Folleto informativo sobre el METDA<\/h3>\n<p class=\"wp-block-paragraph\"><a href=\"https:\/\/www.iuma.ulpgc.es\/wp-content\/uploads\/2025\/06\/folleto-5059.pdf\">Descargar folleto informativo<\/a> <\/p>\n\n<\/div>\n\n\n\n<p class=\"wp-block-paragraph\"><\/p>\n\n\n\n<p class=\"wp-block-paragraph\"><\/p>\n","protected":false},"excerpt":{"rendered":"<p>M\u00e1ster Universitario en Electr\u00f3nica y Tecnolog\u00eda Digital Aplicada (METDA) Presentaci\u00f3n | Plan de estudios | Acceso | Calendarios y horarios |Formularios Solicitud de Menci\u00f3n Dual Procedimiento:<\/p>","protected":false},"author":1,"featured_media":9205,"parent":9150,"menu_order":0,"comment_status":"closed","ping_status":"closed","template":"page-templates\/page-sidebar.php","meta":{"_crdt_document":"","footnotes":""},"class_list":["post-9423","page","type-page","status-publish","has-post-thumbnail","hentry"],"yoast_head":"<!-- This site is optimized with the Yoast SEO plugin v27.3 - https:\/\/yoast.com\/product\/yoast-seo-wordpress\/ -->\n<title>Formularios - Instituto Universitario de Microelectr\u00f3nica Aplicada<\/title>\n<meta name=\"description\" content=\"Instituto Universitario de Microelectr\u00f3nica Aplicada\" \/>\n<meta name=\"robots\" content=\"index, follow, max-snippet:-1, max-image-preview:large, max-video-preview:-1\" \/>\n<link rel=\"canonical\" href=\"https:\/\/www.iuma.ulpgc.es\/en\/postgrado\/postgrado-metda\/formularios\/\" \/>\n<meta property=\"og:locale\" content=\"en_US\" \/>\n<meta property=\"og:type\" content=\"article\" \/>\n<meta property=\"og:title\" content=\"Formularios - Instituto Universitario de Microelectr\u00f3nica Aplicada\" \/>\n<meta property=\"og:description\" content=\"Instituto Universitario de Microelectr\u00f3nica Aplicada\" \/>\n<meta property=\"og:url\" content=\"https:\/\/www.iuma.ulpgc.es\/en\/postgrado\/postgrado-metda\/formularios\/\" \/>\n<meta property=\"og:site_name\" content=\"Instituto Universitario de Microelectr\u00f3nica Aplicada\" \/>\n<meta property=\"article:publisher\" content=\"https:\/\/www.facebook.com\/IUMA.ulpgc\" \/>\n<meta property=\"article:modified_time\" content=\"2025-11-25T13:31:17+00:00\" \/>\n<meta property=\"og:image\" content=\"https:\/\/www.iuma.ulpgc.es\/wp-content\/uploads\/2025\/06\/baner_front_page_METDA-fp.jpg\" \/>\n\t<meta property=\"og:image:width\" content=\"640\" \/>\n\t<meta property=\"og:image:height\" content=\"414\" \/>\n\t<meta property=\"og:image:type\" content=\"image\/jpeg\" \/>\n<meta name=\"twitter:card\" content=\"summary_large_image\" \/>\n<meta name=\"twitter:site\" content=\"@iumanews\" \/>\n<meta name=\"twitter:label1\" content=\"Est. reading time\" \/>\n\t<meta name=\"twitter:data1\" content=\"2 minutes\" \/>\n<script type=\"application\/ld+json\" class=\"yoast-schema-graph\">{\"@context\":\"https:\\\/\\\/schema.org\",\"@graph\":[{\"@type\":\"WebPage\",\"@id\":\"https:\\\/\\\/www.iuma.ulpgc.es\\\/postgrado\\\/postgrado-metda\\\/formularios\\\/\",\"url\":\"https:\\\/\\\/www.iuma.ulpgc.es\\\/postgrado\\\/postgrado-metda\\\/formularios\\\/\",\"name\":\"Formularios - Instituto Universitario de Microelectr\u00f3nica Aplicada\",\"isPartOf\":{\"@id\":\"https:\\\/\\\/www.iuma.ulpgc.es\\\/en\\\/#website\"},\"primaryImageOfPage\":{\"@id\":\"https:\\\/\\\/www.iuma.ulpgc.es\\\/postgrado\\\/postgrado-metda\\\/formularios\\\/#primaryimage\"},\"image\":{\"@id\":\"https:\\\/\\\/www.iuma.ulpgc.es\\\/postgrado\\\/postgrado-metda\\\/formularios\\\/#primaryimage\"},\"thumbnailUrl\":\"https:\\\/\\\/www.iuma.ulpgc.es\\\/wp-content\\\/uploads\\\/2025\\\/06\\\/baner_front_page_METDA-fp.jpg\",\"datePublished\":\"2025-11-25T13:27:57+00:00\",\"dateModified\":\"2025-11-25T13:31:17+00:00\",\"description\":\"Instituto Universitario de Microelectr\u00f3nica Aplicada\",\"breadcrumb\":{\"@id\":\"https:\\\/\\\/www.iuma.ulpgc.es\\\/postgrado\\\/postgrado-metda\\\/formularios\\\/#breadcrumb\"},\"inLanguage\":\"en-US\",\"potentialAction\":[{\"@type\":\"ReadAction\",\"target\":[\"https:\\\/\\\/www.iuma.ulpgc.es\\\/postgrado\\\/postgrado-metda\\\/formularios\\\/\"]}]},{\"@type\":\"ImageObject\",\"inLanguage\":\"en-US\",\"@id\":\"https:\\\/\\\/www.iuma.ulpgc.es\\\/postgrado\\\/postgrado-metda\\\/formularios\\\/#primaryimage\",\"url\":\"https:\\\/\\\/www.iuma.ulpgc.es\\\/wp-content\\\/uploads\\\/2025\\\/06\\\/baner_front_page_METDA-fp.jpg\",\"contentUrl\":\"https:\\\/\\\/www.iuma.ulpgc.es\\\/wp-content\\\/uploads\\\/2025\\\/06\\\/baner_front_page_METDA-fp.jpg\",\"width\":640,\"height\":414,\"caption\":\"METDA\"},{\"@type\":\"BreadcrumbList\",\"@id\":\"https:\\\/\\\/www.iuma.ulpgc.es\\\/postgrado\\\/postgrado-metda\\\/formularios\\\/#breadcrumb\",\"itemListElement\":[{\"@type\":\"ListItem\",\"position\":1,\"name\":\"Home\",\"item\":\"https:\\\/\\\/www.iuma.ulpgc.es\\\/\"},{\"@type\":\"ListItem\",\"position\":2,\"name\":\"Postgrado\",\"item\":\"https:\\\/\\\/www.iuma.ulpgc.es\\\/postgrado\\\/\"},{\"@type\":\"ListItem\",\"position\":3,\"name\":\"METDA\",\"item\":\"https:\\\/\\\/www.iuma.ulpgc.es\\\/postgrado\\\/postgrado-metda\\\/\"},{\"@type\":\"ListItem\",\"position\":4,\"name\":\"Formularios\"}]},{\"@type\":\"WebSite\",\"@id\":\"https:\\\/\\\/www.iuma.ulpgc.es\\\/en\\\/#website\",\"url\":\"https:\\\/\\\/www.iuma.ulpgc.es\\\/en\\\/\",\"name\":\"Instituto Universitario de Microelectr\u00f3nica Aplicada\",\"description\":\"El IUMA es un centro de I+D+i de la ULPGC\",\"potentialAction\":[{\"@type\":\"SearchAction\",\"target\":{\"@type\":\"EntryPoint\",\"urlTemplate\":\"https:\\\/\\\/www.iuma.ulpgc.es\\\/en\\\/?s={search_term_string}\"},\"query-input\":{\"@type\":\"PropertyValueSpecification\",\"valueRequired\":true,\"valueName\":\"search_term_string\"}}],\"inLanguage\":\"en-US\"}]}<\/script>\n<!-- \/ Yoast SEO plugin. -->","yoast_head_json":{"title":"Formularios - Instituto Universitario de Microelectr\u00f3nica Aplicada","description":"Institute for Applied Microelectronics","robots":{"index":"index","follow":"follow","max-snippet":"max-snippet:-1","max-image-preview":"max-image-preview:large","max-video-preview":"max-video-preview:-1"},"canonical":"https:\/\/www.iuma.ulpgc.es\/en\/postgrado\/postgrado-metda\/formularios\/","og_locale":"en_US","og_type":"article","og_title":"Formularios - Instituto Universitario de Microelectr\u00f3nica Aplicada","og_description":"Instituto Universitario de Microelectr\u00f3nica Aplicada","og_url":"https:\/\/www.iuma.ulpgc.es\/en\/postgrado\/postgrado-metda\/formularios\/","og_site_name":"Instituto Universitario de Microelectr\u00f3nica Aplicada","article_publisher":"https:\/\/www.facebook.com\/IUMA.ulpgc","article_modified_time":"2025-11-25T13:31:17+00:00","og_image":[{"width":640,"height":414,"url":"https:\/\/www.iuma.ulpgc.es\/wp-content\/uploads\/2025\/06\/baner_front_page_METDA-fp.jpg","type":"image\/jpeg"}],"twitter_card":"summary_large_image","twitter_site":"@iumanews","twitter_misc":{"Est. reading time":"2 minutes"},"schema":{"@context":"https:\/\/schema.org","@graph":[{"@type":"WebPage","@id":"https:\/\/www.iuma.ulpgc.es\/postgrado\/postgrado-metda\/formularios\/","url":"https:\/\/www.iuma.ulpgc.es\/postgrado\/postgrado-metda\/formularios\/","name":"Formularios - Instituto Universitario de Microelectr\u00f3nica Aplicada","isPartOf":{"@id":"https:\/\/www.iuma.ulpgc.es\/en\/#website"},"primaryImageOfPage":{"@id":"https:\/\/www.iuma.ulpgc.es\/postgrado\/postgrado-metda\/formularios\/#primaryimage"},"image":{"@id":"https:\/\/www.iuma.ulpgc.es\/postgrado\/postgrado-metda\/formularios\/#primaryimage"},"thumbnailUrl":"https:\/\/www.iuma.ulpgc.es\/wp-content\/uploads\/2025\/06\/baner_front_page_METDA-fp.jpg","datePublished":"2025-11-25T13:27:57+00:00","dateModified":"2025-11-25T13:31:17+00:00","description":"Institute for Applied Microelectronics","breadcrumb":{"@id":"https:\/\/www.iuma.ulpgc.es\/postgrado\/postgrado-metda\/formularios\/#breadcrumb"},"inLanguage":"en-US","potentialAction":[{"@type":"ReadAction","target":["https:\/\/www.iuma.ulpgc.es\/postgrado\/postgrado-metda\/formularios\/"]}]},{"@type":"ImageObject","inLanguage":"en-US","@id":"https:\/\/www.iuma.ulpgc.es\/postgrado\/postgrado-metda\/formularios\/#primaryimage","url":"https:\/\/www.iuma.ulpgc.es\/wp-content\/uploads\/2025\/06\/baner_front_page_METDA-fp.jpg","contentUrl":"https:\/\/www.iuma.ulpgc.es\/wp-content\/uploads\/2025\/06\/baner_front_page_METDA-fp.jpg","width":640,"height":414,"caption":"METDA"},{"@type":"BreadcrumbList","@id":"https:\/\/www.iuma.ulpgc.es\/postgrado\/postgrado-metda\/formularios\/#breadcrumb","itemListElement":[{"@type":"ListItem","position":1,"name":"Home","item":"https:\/\/www.iuma.ulpgc.es\/"},{"@type":"ListItem","position":2,"name":"Postgrado","item":"https:\/\/www.iuma.ulpgc.es\/postgrado\/"},{"@type":"ListItem","position":3,"name":"METDA","item":"https:\/\/www.iuma.ulpgc.es\/postgrado\/postgrado-metda\/"},{"@type":"ListItem","position":4,"name":"Formularios"}]},{"@type":"WebSite","@id":"https:\/\/www.iuma.ulpgc.es\/en\/#website","url":"https:\/\/www.iuma.ulpgc.es\/en\/","name":"Institute for Applied Microelectronics","description":"El IUMA es un centro de I+D+i de la ULPGC","potentialAction":[{"@type":"SearchAction","target":{"@type":"EntryPoint","urlTemplate":"https:\/\/www.iuma.ulpgc.es\/en\/?s={search_term_string}"},"query-input":{"@type":"PropertyValueSpecification","valueRequired":true,"valueName":"search_term_string"}}],"inLanguage":"en-US"}]}},"post_mailing_queue_ids":[],"_links":{"self":[{"href":"https:\/\/www.iuma.ulpgc.es\/en\/wp-json\/wp\/v2\/pages\/9423","targetHints":{"allow":["GET"]}}],"collection":[{"href":"https:\/\/www.iuma.ulpgc.es\/en\/wp-json\/wp\/v2\/pages"}],"about":[{"href":"https:\/\/www.iuma.ulpgc.es\/en\/wp-json\/wp\/v2\/types\/page"}],"author":[{"embeddable":true,"href":"https:\/\/www.iuma.ulpgc.es\/en\/wp-json\/wp\/v2\/users\/1"}],"replies":[{"embeddable":true,"href":"https:\/\/www.iuma.ulpgc.es\/en\/wp-json\/wp\/v2\/comments?post=9423"}],"version-history":[{"count":7,"href":"https:\/\/www.iuma.ulpgc.es\/en\/wp-json\/wp\/v2\/pages\/9423\/revisions"}],"predecessor-version":[{"id":9430,"href":"https:\/\/www.iuma.ulpgc.es\/en\/wp-json\/wp\/v2\/pages\/9423\/revisions\/9430"}],"up":[{"embeddable":true,"href":"https:\/\/www.iuma.ulpgc.es\/en\/wp-json\/wp\/v2\/pages\/9150"}],"wp:featuredmedia":[{"embeddable":true,"href":"https:\/\/www.iuma.ulpgc.es\/en\/wp-json\/wp\/v2\/media\/9205"}],"wp:attachment":[{"href":"https:\/\/www.iuma.ulpgc.es\/en\/wp-json\/wp\/v2\/media?parent=9423"}],"curies":[{"name":"wp","href":"https:\/\/api.w.org\/{rel}","templated":true}]}}