{"id":1033,"date":"2023-05-03T11:22:31","date_gmt":"2023-05-03T10:22:31","guid":{"rendered":"https:\/\/www.iuma.ulpgc.es\/gustavo\/?page_id=1033"},"modified":"2023-11-27T09:51:26","modified_gmt":"2023-11-27T09:51:26","slug":"javier-santana-nunez","status":"publish","type":"page","link":"https:\/\/www.iuma.ulpgc.es\/gustavo\/javier-santana-nunez\/","title":{"rendered":"Javier Santana N\u00fa\u00f1ez"},"content":{"rendered":"\n<div class=\"wp-block-group is-nowrap is-layout-flex wp-container-core-group-is-layout-64989fb1 wp-block-group-is-layout-flex\">\n<div class=\"wp-block-group is-vertical is-layout-flex wp-container-core-group-is-layout-b7faace9 wp-block-group-is-layout-flex\">\n<figure class=\"wp-block-image size-thumbnail\"><img loading=\"lazy\" decoding=\"async\" width=\"150\" height=\"150\" src=\"https:\/\/www.iuma.ulpgc.es\/gustavo\/wp-content\/uploads\/2023\/06\/1674747282318-150x150.jpeg\" alt=\"\" class=\"wp-image-1047\" srcset=\"https:\/\/www.iuma.ulpgc.es\/gustavo\/wp-content\/uploads\/2023\/06\/1674747282318-150x150.jpeg 150w, https:\/\/www.iuma.ulpgc.es\/gustavo\/wp-content\/uploads\/2023\/06\/1674747282318-300x300.jpeg 300w, https:\/\/www.iuma.ulpgc.es\/gustavo\/wp-content\/uploads\/2023\/06\/1674747282318.jpeg 600w\" sizes=\"auto, (max-width: 150px) 100vw, 150px\" \/><\/figure>\n\n\n\n<h2 class=\"wp-block-heading\">Contact Information<\/h2>\n\n\n\n<p><strong>University Institute of Applied Microelectronics<\/strong><\/p>\n\n\n\n<p>University of Las Palmas de Gran Canaria, Espa\u00f1a<\/p>\n\n\n\n<p>Email:&nbsp;<\/p>\n\n\n\n<p>jsnunez@iuma.ulpgc.es<\/p>\n<\/div>\n\n\n\n<div style=\"height:100px;width:0px\" aria-hidden=\"true\" class=\"wp-block-spacer wp-container-content-6388d5dc\"><\/div>\n\n\n\n<div class=\"wp-block-group is-vertical is-layout-flex wp-container-core-group-is-layout-b7faace9 wp-block-group-is-layout-flex\">\n<p>Javier Santana N\u00fa\u00f1ez\u00a0, graduated in 2023 with a bachelor\u2019s degree in Industrial Electronics and Automation Engineering from the University of Las Palmas de Gran Canaria (ULPGC), Spain. He developed his bachelor thesis at the Research Institute for Applied Microelectronics (IUMA) of the ULPGC, focusing on designing and evaluating hyperspectral image registration techniques. Currently, he is working at IUMA as a researcher and starting his PhD Thesis. In parallel, he is coursing a Master of Science degree in Intelligent Systems and Numerical Applications Applied to Engineering, focusing on developing intelligent systems, such as neural networks, computer vision, and scientific research skills. His research interests are related to microscopic hyperspectral imaging applied to biological samples analysis, especially for histopathology applications.<\/p>\n<\/div>\n<\/div>\n\n\n\n<div style=\"height:50px\" aria-hidden=\"true\" class=\"wp-block-spacer\"><\/div>\n\n\n\n<div class=\"wp-block-group is-vertical is-content-justification-center is-layout-flex wp-container-core-group-is-layout-0472769e wp-block-group-is-layout-flex\">\n<div class=\"wp-block-group wp-container-content-9cfa9a5a is-nowrap is-layout-flex wp-container-core-group-is-layout-ad2f72ca wp-block-group-is-layout-flex\">\n<figure class=\"wp-block-image size-thumbnail is-resized wp-container-content-9cfa9a5a\"><a href=\"https:\/\/scholar.google.com\/citations?hl=es&amp;user=BocfSg8AAAAJ\" target=\"_blank\" rel=\"noreferrer noopener\"><img loading=\"lazy\" decoding=\"async\" width=\"150\" height=\"150\" src=\"https:\/\/www.iuma.ulpgc.es\/gustavo\/wp-content\/uploads\/2023\/04\/scholar-150x150.png\" alt=\"\" class=\"wp-image-797\" style=\"width:100px;height:undefinedpx\" srcset=\"https:\/\/www.iuma.ulpgc.es\/gustavo\/wp-content\/uploads\/2023\/04\/scholar-150x150.png 150w, https:\/\/www.iuma.ulpgc.es\/gustavo\/wp-content\/uploads\/2023\/04\/scholar-300x300.png 300w, https:\/\/www.iuma.ulpgc.es\/gustavo\/wp-content\/uploads\/2023\/04\/scholar-768x768.png 768w, https:\/\/www.iuma.ulpgc.es\/gustavo\/wp-content\/uploads\/2023\/04\/scholar.png 1024w\" sizes=\"auto, (max-width: 150px) 100vw, 150px\" \/><\/a><\/figure>\n\n\n\n<figure class=\"wp-block-image size-thumbnail is-resized wp-container-content-9cfa9a5a\"><a href=\"https:\/\/orcid.org\/0009-0000-5029-5239\" target=\"_blank\" rel=\"noreferrer noopener\"><img loading=\"lazy\" decoding=\"async\" width=\"150\" height=\"150\" src=\"https:\/\/www.iuma.ulpgc.es\/gustavo\/wp-content\/uploads\/2023\/04\/ORCID_iDpng-150x150.png\" alt=\"\" class=\"wp-image-798\" style=\"width:100px;height:undefinedpx\" srcset=\"https:\/\/www.iuma.ulpgc.es\/gustavo\/wp-content\/uploads\/2023\/04\/ORCID_iDpng-150x150.png 150w, https:\/\/www.iuma.ulpgc.es\/gustavo\/wp-content\/uploads\/2023\/04\/ORCID_iDpng-300x300.png 300w, https:\/\/www.iuma.ulpgc.es\/gustavo\/wp-content\/uploads\/2023\/04\/ORCID_iDpng-1024x1024.png 1024w, https:\/\/www.iuma.ulpgc.es\/gustavo\/wp-content\/uploads\/2023\/04\/ORCID_iDpng-768x768.png 768w, https:\/\/www.iuma.ulpgc.es\/gustavo\/wp-content\/uploads\/2023\/04\/ORCID_iDpng-1536x1536.png 1536w, https:\/\/www.iuma.ulpgc.es\/gustavo\/wp-content\/uploads\/2023\/04\/ORCID_iDpng.png 2048w\" sizes=\"auto, (max-width: 150px) 100vw, 150px\" \/><\/a><\/figure>\n\n\n\n<figure class=\"wp-block-image size-thumbnail is-resized wp-container-content-9cfa9a5a\"><a href=\"www.linkedin.com\/in\/javier-santana-n\u00fa\u00f1ez\" target=\"_blank\" rel=\"noreferrer noopener\"><img loading=\"lazy\" decoding=\"async\" width=\"150\" height=\"150\" src=\"https:\/\/www.iuma.ulpgc.es\/gustavo\/wp-content\/uploads\/2023\/04\/LinkedIn-150x150.png\" alt=\"\" class=\"wp-image-799\" style=\"width:100px;height:undefinedpx\" srcset=\"https:\/\/www.iuma.ulpgc.es\/gustavo\/wp-content\/uploads\/2023\/04\/LinkedIn-150x150.png 150w, https:\/\/www.iuma.ulpgc.es\/gustavo\/wp-content\/uploads\/2023\/04\/LinkedIn-300x300.png 300w, https:\/\/www.iuma.ulpgc.es\/gustavo\/wp-content\/uploads\/2023\/04\/LinkedIn.png 640w\" sizes=\"auto, (max-width: 150px) 100vw, 150px\" \/><\/a><\/figure>\n<\/div>\n\n\n\n<figure class=\"wp-block-image size-full is-resized wp-container-content-9cfa9a5a\"><a href=\"https:\/\/cvn.fecyt.es\/0009-0000-5029-5239\"><img loading=\"lazy\" decoding=\"async\" width=\"732\" height=\"83\" src=\"https:\/\/www.iuma.ulpgc.es\/gustavo\/wp-content\/uploads\/2023\/04\/cvn_CVG.bmp\" alt=\"\" class=\"wp-image-831\" style=\"width:300px;height:undefinedpx\"\/><\/a><\/figure>\n<\/div>\n","protected":false},"excerpt":{"rendered":"<p>Contact Information University Institute of Applied Microelectronics University of Las Palmas de Gran Canaria, Espa\u00f1a Email:&nbsp; jsnunez@iuma.ulpgc.es Javier Santana N\u00fa\u00f1ez\u00a0, graduated in 2023 with a bachelor\u2019s degree in Industrial Electronics and Automation Engineering from the University of Las Palmas de Gran Canaria (ULPGC), Spain. He developed his bachelor thesis at the Research Institute for Applied &hellip; <a href=\"https:\/\/www.iuma.ulpgc.es\/gustavo\/javier-santana-nunez\/\" class=\"more-link\">Continue reading <span class=\"screen-reader-text\">Javier Santana N\u00fa\u00f1ez<\/span> <span class=\"meta-nav\">&rarr;<\/span><\/a><\/p>\n","protected":false},"author":1,"featured_media":0,"parent":0,"menu_order":0,"comment_status":"closed","ping_status":"closed","template":"","meta":{"footnotes":""},"class_list":["post-1033","page","type-page","status-publish","hentry"],"_links":{"self":[{"href":"https:\/\/www.iuma.ulpgc.es\/gustavo\/wp-json\/wp\/v2\/pages\/1033","targetHints":{"allow":["GET"]}}],"collection":[{"href":"https:\/\/www.iuma.ulpgc.es\/gustavo\/wp-json\/wp\/v2\/pages"}],"about":[{"href":"https:\/\/www.iuma.ulpgc.es\/gustavo\/wp-json\/wp\/v2\/types\/page"}],"author":[{"embeddable":true,"href":"https:\/\/www.iuma.ulpgc.es\/gustavo\/wp-json\/wp\/v2\/users\/1"}],"replies":[{"embeddable":true,"href":"https:\/\/www.iuma.ulpgc.es\/gustavo\/wp-json\/wp\/v2\/comments?post=1033"}],"version-history":[{"count":20,"href":"https:\/\/www.iuma.ulpgc.es\/gustavo\/wp-json\/wp\/v2\/pages\/1033\/revisions"}],"predecessor-version":[{"id":1196,"href":"https:\/\/www.iuma.ulpgc.es\/gustavo\/wp-json\/wp\/v2\/pages\/1033\/revisions\/1196"}],"wp:attachment":[{"href":"https:\/\/www.iuma.ulpgc.es\/gustavo\/wp-json\/wp\/v2\/media?parent=1033"}],"curies":[{"name":"wp","href":"https:\/\/api.w.org\/{rel}","templated":true}]}}