{"id":125,"date":"2014-01-29T12:23:14","date_gmt":"2014-01-29T12:23:14","guid":{"rendered":"https:\/\/www.iuma.ulpgc.es\/gustavo\/?page_id=125"},"modified":"2023-02-13T22:44:15","modified_gmt":"2023-02-13T22:44:15","slug":"patents","status":"publish","type":"page","link":"https:\/\/www.iuma.ulpgc.es\/gustavo\/research-works\/patents\/","title":{"rendered":"Patents"},"content":{"rendered":"<ul>\n<li style=\"text-align: justify;\"><strong>Method of Non-Invasive Detection of Tumour and\/or Healthy <\/strong><strong>Tissue and Hyperspectral Imaging Apparatus<\/strong><br \/>\n<span style=\"line-height: 1.714285714; font-size: 1rem;\">&#8211; Gustavo Marrero Callico; Himar Fabelo Gomez; Samuel Ortega Sarmiento; Bogdan Stanciulescu; Ravi Kiran Bangalore<br \/>\n<\/span><span style=\"line-height: 1.714285714; font-size: 1rem;\">&#8211; PCT\/EP2016\/078477<br \/>\n<span style=\"line-height: 1.714285714; font-size: 1rem;\">&#8211; 22\/11\/2016<\/span><\/span><\/li>\n<li style=\"text-align: justify;\"><strong>Self\u2010Adaptive Video Super\u2010Resolution Technique with Variable Upscale Factor<br \/>\n<\/strong>&#8211; Roberto Sarmiento Rodr\u00edguez; Antonio N\u00fa\u00f1ez Ord\u00f3\u00f1ez; Kamran Eshraghian; Jos\u00e9 Francisco L\u00f3pez Feliciano; Valent\u00edn de Armas Sosa; F\u00e9lix Bernardo Tobajas Guerrero; Sebasti\u00e1n Miguel L\u00f3pez Su\u00e1rez; Gustavo Iv\u00e1n Marrero Callic\u00f3<br \/>\n<span style=\"line-height: 1.714285714; font-size: 1rem;\">&#8211; <span style=\"line-height: 1.714285714; font-size: 1rem;\">SPEP-11369629 &#8211;\u00a0<\/span><span style=\"line-height: 1.714285714; font-size: 1rem;\">Australia<br \/>\n&#8211; 23\/11\/2008 <\/span><\/span><\/li>\n<\/ul>\n","protected":false},"excerpt":{"rendered":"<p>Method of Non-Invasive Detection of Tumour and\/or Healthy Tissue and Hyperspectral Imaging Apparatus &#8211; Gustavo Marrero Callico; Himar Fabelo Gomez; Samuel Ortega Sarmiento; Bogdan Stanciulescu; Ravi Kiran Bangalore &#8211; PCT\/EP2016\/078477 &#8211; 22\/11\/2016 Self\u2010Adaptive Video Super\u2010Resolution Technique with Variable Upscale Factor &#8211; Roberto Sarmiento Rodr\u00edguez; Antonio N\u00fa\u00f1ez Ord\u00f3\u00f1ez; Kamran Eshraghian; Jos\u00e9 Francisco L\u00f3pez Feliciano; Valent\u00edn de &hellip; <a href=\"https:\/\/www.iuma.ulpgc.es\/gustavo\/research-works\/patents\/\" class=\"more-link\">Continue reading <span class=\"screen-reader-text\">Patents<\/span> <span class=\"meta-nav\">&rarr;<\/span><\/a><\/p>\n","protected":false},"author":1,"featured_media":0,"parent":10,"menu_order":0,"comment_status":"closed","ping_status":"open","template":"","meta":{"footnotes":""},"class_list":["post-125","page","type-page","status-publish","hentry"],"_links":{"self":[{"href":"https:\/\/www.iuma.ulpgc.es\/gustavo\/wp-json\/wp\/v2\/pages\/125","targetHints":{"allow":["GET"]}}],"collection":[{"href":"https:\/\/www.iuma.ulpgc.es\/gustavo\/wp-json\/wp\/v2\/pages"}],"about":[{"href":"https:\/\/www.iuma.ulpgc.es\/gustavo\/wp-json\/wp\/v2\/types\/page"}],"author":[{"embeddable":true,"href":"https:\/\/www.iuma.ulpgc.es\/gustavo\/wp-json\/wp\/v2\/users\/1"}],"replies":[{"embeddable":true,"href":"https:\/\/www.iuma.ulpgc.es\/gustavo\/wp-json\/wp\/v2\/comments?post=125"}],"version-history":[{"count":4,"href":"https:\/\/www.iuma.ulpgc.es\/gustavo\/wp-json\/wp\/v2\/pages\/125\/revisions"}],"predecessor-version":[{"id":415,"href":"https:\/\/www.iuma.ulpgc.es\/gustavo\/wp-json\/wp\/v2\/pages\/125\/revisions\/415"}],"up":[{"embeddable":true,"href":"https:\/\/www.iuma.ulpgc.es\/gustavo\/wp-json\/wp\/v2\/pages\/10"}],"wp:attachment":[{"href":"https:\/\/www.iuma.ulpgc.es\/gustavo\/wp-json\/wp\/v2\/media?parent=125"}],"curies":[{"name":"wp","href":"https:\/\/api.w.org\/{rel}","templated":true}]}}