{"id":134,"date":"2014-01-29T12:44:31","date_gmt":"2014-01-29T12:44:31","guid":{"rendered":"https:\/\/www.iuma.ulpgc.es\/gustavo\/?page_id=134"},"modified":"2023-03-02T11:56:52","modified_gmt":"2023-03-02T11:56:52","slug":"books","status":"publish","type":"page","link":"https:\/\/www.iuma.ulpgc.es\/gustavo\/publications\/books\/","title":{"rendered":"Books"},"content":{"rendered":"<ul>\n<li><strong>Prueba 1<\/strong>. Libro nuevo.<br \/>\n<hr \/>\n<\/li>\n<li><strong>Embedded Systems Design with FPGAs. <\/strong><strong>Run-Time Scalable Architecture for Deblocking Filtering in H.264\/AVC \u2013 SVC Video Codecs<\/strong><br \/>\nAndr\u00e9s Otero; Teresa Cervero; Eduardo de la Torre; Sebasti\u00e1n L\u00f3pez; Gustavo Marrero Callic\u00f3; Teresa Riesgo; Roberto Sarmiento. Editorial Springer 2013. Pp. 173 -199, 2012. ISBN: 978-1-4614-1361-5<\/li>\n<li>\n<hr \/>\n<p><strong>Pr\u00e1cticas de Laboratorio de Electr\u00f3nica III<\/strong><br \/>\n<em><em>Jos\u00e9 Cabrera Pe\u00f1a, Roberto Esper-Cha\u00edn Falc\u00f3n. Javier Garc\u00eda Garc\u00eda. Nieves\u00a0Hern\u00e1ndez Gonz\u00e1lez, Gustavo Marrero Callic\u00f3, F\u00e9lix B. Tobajas Guerrero\u00a0<\/em><\/em>Oct, 1999 &#8211; ULPGC &#8211; ISBN: 84\u201387526\u201369\u20131<\/li>\n<li>\n<hr \/>\n<p><strong>Ejercicios de Electr\u00f3nica Digital<\/strong><br \/>\n<em>Pedro Hern\u00e1ndez, Gustavo Marrero, Alfonso Medina\u00a0<\/em>Jan, 2000 &#8211; ULPGC &#8211; ISBN:\u00a084-87526-74-8<\/li>\n<li>\n<hr \/>\n<p><strong>Pr\u00e1cticas de Electr\u00f3nica II<\/strong><br \/>\n<em>Pedro Hern\u00e1ndez Fern\u00e1ndez, Nieves Hern\u00e1ndez Gonz\u00e1lez, Manuel Enr\u00edquez Chaves,\u00a0Javier Garc\u00eda Garc\u00eda, Gustavo Marrero Callic\u00f3, Jorge Portillo M\u00e9niz<\/em>\u00a0Mar, 2000 &#8211; ULPGC &#8211; ISBN:\u00a084\u201387526\u201375\u20136<\/li>\n<li>\n<hr \/>\n<p><strong>Pr\u00e1cticas de Circuitos Anal\u00f3gicos<\/strong><br \/>\n<em>Gustavo Marrero Callic\u00f3, F\u00e9lix B. Tobajas Guerrero y Sebasti\u00e1n L\u00f3pez Su\u00e1rez\u00a0<\/em>Sep, 2004 &#8211; ULPGC &#8211; ISBN:\u00a084-688-8095-7<\/li>\n<li>\n<hr \/>\n<p><strong>Problemas de Electr\u00f3nica Industrial<\/strong><br \/>\nRoberto Sarmiento, Sebasti\u00e1n L\u00f3pez, Jos\u00e9 L\u00f3pez Feliciano, Gustavo\u00a0Marrero Callic\u00f3<br \/>\nEditado e Impreso por el Servicio de Reprograf\u00eda y Encuadernaci\u00f3n de la Universidad de Las Palmas de Gran Canaria. 2010. ISBN: 978-84-693-2280-2<\/li>\n<li>\n<hr \/>\n<p><strong>Pr\u00e1cticas de Electr\u00f3nica Digital<\/strong><br \/>\n<em>Gustavo Marrero Callic\u00f3; Pedro Hern\u00e1ndez Fern\u00e1ndez; Jorge Portillo M\u00e9niz; Nieves Hern\u00e1ndez Gonz\u00e1lez. <\/em>Mar, 2001. Servicio de Reprograf\u00eda y Encuadernaci\u00f3n de la Universidad de Las Palmas de Gran Canaria.<\/li>\n<li>\n<hr \/>\n<p><strong>Pr\u00e1cticas de Electr\u00f3nica Anal\u00f3gica<\/strong><br \/>\n<em>Jos\u00e9 Cabrera Pe\u00f1a; Roberto Esper-Cha\u00edn Falc\u00f3n; Nieves Hern\u00e1ndez Gonz\u00e1lez; Gustavo Marrero Callic\u00f3; Salvador Perdomo Gonz\u00e1lez;<\/em> F\u00e9lix Tobajas Guerrero.<\/li>\n<li>\n<hr \/>\n<p><strong>Pr\u00e1cticas de Laboratorio de Electr\u00f3nica III<\/strong><br \/>\n<em>Jose Cabrera Pe\u00f1a; Roberto Esper-Cha\u00edn Falc\u00f3n; Javier Garc\u00eda Garc\u00eda; Nieves Hern\u00e1ndez Gonz\u00e1lez; Gustavo Marrero Callic\u00f3; F\u00e9lix Tobajas Guerrero.<\/em> pp. 1 &#8211; 167. Servicio de Reprograf\u00eda y Encuadernaci\u00f3n de la Universidad de Las Palmas de Gran Canaria. ISBN 84-87526-69-1<\/li>\n<\/ul>\n","protected":false},"excerpt":{"rendered":"<p>Prueba 1. Libro nuevo. Embedded Systems Design with FPGAs. Run-Time Scalable Architecture for Deblocking Filtering in H.264\/AVC \u2013 SVC Video Codecs Andr\u00e9s Otero; Teresa Cervero; Eduardo de la Torre; Sebasti\u00e1n L\u00f3pez; Gustavo Marrero Callic\u00f3; Teresa Riesgo; Roberto Sarmiento. Editorial Springer 2013. Pp. 173 -199, 2012. ISBN: 978-1-4614-1361-5 Pr\u00e1cticas de Laboratorio de Electr\u00f3nica III Jos\u00e9 Cabrera &hellip; <a href=\"https:\/\/www.iuma.ulpgc.es\/gustavo\/publications\/books\/\" class=\"more-link\">Continue reading <span class=\"screen-reader-text\">Books<\/span> <span class=\"meta-nav\">&rarr;<\/span><\/a><\/p>\n","protected":false},"author":1,"featured_media":0,"parent":7,"menu_order":0,"comment_status":"closed","ping_status":"open","template":"","meta":{"footnotes":""},"class_list":["post-134","page","type-page","status-publish","hentry"],"_links":{"self":[{"href":"https:\/\/www.iuma.ulpgc.es\/gustavo\/wp-json\/wp\/v2\/pages\/134","targetHints":{"allow":["GET"]}}],"collection":[{"href":"https:\/\/www.iuma.ulpgc.es\/gustavo\/wp-json\/wp\/v2\/pages"}],"about":[{"href":"https:\/\/www.iuma.ulpgc.es\/gustavo\/wp-json\/wp\/v2\/types\/page"}],"author":[{"embeddable":true,"href":"https:\/\/www.iuma.ulpgc.es\/gustavo\/wp-json\/wp\/v2\/users\/1"}],"replies":[{"embeddable":true,"href":"https:\/\/www.iuma.ulpgc.es\/gustavo\/wp-json\/wp\/v2\/comments?post=134"}],"version-history":[{"count":6,"href":"https:\/\/www.iuma.ulpgc.es\/gustavo\/wp-json\/wp\/v2\/pages\/134\/revisions"}],"predecessor-version":[{"id":427,"href":"https:\/\/www.iuma.ulpgc.es\/gustavo\/wp-json\/wp\/v2\/pages\/134\/revisions\/427"}],"up":[{"embeddable":true,"href":"https:\/\/www.iuma.ulpgc.es\/gustavo\/wp-json\/wp\/v2\/pages\/7"}],"wp:attachment":[{"href":"https:\/\/www.iuma.ulpgc.es\/gustavo\/wp-json\/wp\/v2\/media?parent=134"}],"curies":[{"name":"wp","href":"https:\/\/api.w.org\/{rel}","templated":true}]}}