{"id":29,"date":"2013-10-17T09:39:51","date_gmt":"2013-10-17T08:39:51","guid":{"rendered":"https:\/\/www.iuma.ulpgc.es\/gustavo\/?page_id=29"},"modified":"2023-04-27T10:57:24","modified_gmt":"2023-04-27T09:57:24","slug":"projects","status":"publish","type":"page","link":"https:\/\/www.iuma.ulpgc.es\/gustavo\/research-works\/projects\/","title":{"rendered":"Previous Projects"},"content":{"rendered":"<ol>\n<li style=\"text-align: justify;\"><strong> (Watching the risk factors: Artificial intelligence and the personalized prevention and management of chronic conditions (GA &#8211; 101017385)<\/strong><br \/>\n&#8211; Universidad de las Palmas de Gran Canaria<br \/>\n&#8211; Gustavo Marrero Callic\u00f3<br \/>\n&#8211; 01\/01\/2021 &#8211; 31\/12\/2024<\/li>\n<li style=\"text-align: justify;\">\n<hr \/>\n<p><strong>Talent Imagenes hiperespectrales para aplicaciones de inteligencia artificial (PID2020-116417RB-C42)<\/strong><br \/>\n&#8211; Universidad de las Palmas de Gran Canaria<br \/>\n&#8211; Gustavo Marrero Callic\u00f3; Sebasti\u00e1n L\u00f3pez Suarez<br \/>\n&#8211; 01\/09\/2021 &#8211; 01\/09\/2024<\/li>\n<li style=\"text-align: justify;\">\n<hr \/>\n<p><strong>Efectividad y coste-efectividad del Ozono en el manejo de pacientes con dolor por neuropat\u00eda perif\u00e9rica inducida por quimioterapia: Ensayo cl\u00ednico aleatorizado, tripe ciego (FED BF1-19-03)<\/strong><br \/>\n&#8211; Hospital Universitario de Gran Canaria Doctor Negr\u00edn y Complejo Hospitalario Materno Insular<br \/>\n&#8211; Bernardino Clavo Varas; Delvys Rodriguez Abreu<br \/>\n&#8211; 01\/01\/2020 &#8211; 01\/01\/2023<\/li>\n<li style=\"text-align: justify;\">\n<hr \/>\n<p><strong>Efectividad y coste-efectividad del Ozono en el manejo de pacientes con dolor por neuropat\u00eda perif\u00e9rica inducida por quimioterapia: Ensayo cl\u00ednico aleatorizado, triple ciego (EudraCT 2019-000821-37)<\/strong><br \/>\n&#8211; Hospital Universitario de Gran Canaria Dr. Negr\u00edn<br \/>\n&#8211; Bernardino Clavo Varas<br \/>\n&#8211; 01\/01\/2020 &#8211; 01\/01\/2023<\/li>\n<li style=\"text-align: justify;\">\n<hr \/>\n<p><strong>O3NPIQ &#8211; Effectiveness and cost-effectiveness of Ozone therapy in patients with pain secondary to chemotherapy-induced peripheral neuropathy. Randomized, triple-blind clinical trial (Clinical Trial: EudraCT 2019-000821-37)-(BF1-19-03)-(PI 19\/00458)- (016\/2019)<\/strong><br \/>\n&#8211; Hospital Universitario de Gran Canaria Dr. Negr\u00edn<br \/>\n&#8211; Bernardino Clavo Varas<br \/>\n&#8211; 01\/01\/2020 &#8211; 01\/01\/2023<\/li>\n<li style=\"text-align: justify;\">\n<hr \/>\n<p><strong>Dolor por neuropat\u00eda perif\u00e9rica inducida por quimioterapia: Valor diagn\u00f3stico y predictivo de la imagen hiperespectral en pacientes del ensayo cl\u00ednico &#8220;O3NPIQ&#8221;<\/strong><br \/>\n&#8211; Hospital Universitario de Gran Canaria Dr. Negr\u00edn<br \/>\n&#8211; Bernardino Clavo Varas<br \/>\n&#8211; 01\/01\/2020 &#8211; 01\/01\/2022<\/li>\n<li style=\"text-align: justify;\">\n<hr \/>\n<p><strong>PLATINO &#8211; Plataforma HW\/SW Distribuida para el Procesamiento Inteligente de Informaci\u00f3n Sensorial Heterog\u00e9nea en Aplicaciones de Supervisi\u00f3n de Grandes Espacios Naturales (TEC2017-86722-C4-1-R)<\/strong><br \/>\n&#8211; Universidad de las Palmas de Gran Canaria<br \/>\n&#8211; Gustavo Marrero Callic\u00f3; Sebasti\u00e1n L\u00f3pez<br \/>\n&#8211; 01\/01\/2018 &#8211; 31\/12\/2020<\/li>\n<li style=\"text-align: justify;\">\n<hr \/>\n<p><strong>Efectividad y coste-efectividad del Ozono en el manejo de pacientes con cardiopat\u00eda isqu\u00e9mica refractaria a tratamiento m\u00e9dico y quir\u00fargico: Ensayo cl\u00ednico controlado, aleatorizado, triple ciego (EudraCT 2018-000201-24)<\/strong><br \/>\n&#8211; Hospital Universitario de Gran Canaria Dr. Negr\u00edn<br \/>\n&#8211; Bernardino Clavo<br \/>\n&#8211; 01\/01\/2018 &#8211; 31\/12\/2019<\/li>\n<li style=\"text-align: justify;\">\n<hr \/>\n<p><strong>Efectividad y coste-efectividad del Ozono en el manejo de pacientes con cardiopat\u00eda isqu\u00e9mica refractaria a tratamiento m\u00e9dico y quir\u00fargico: Ensayo cl\u00ednico controlado, aleatorizado, triple ciego (PIFUN44\/17)<\/strong><br \/>\n&#8211; Hospital Universitario de Gran Canaria Dr. Negr\u00edn<br \/>\n&#8211; Bernardino Clavo; Celestina Amador<br \/>\n&#8211; 01\/01\/2018 &#8211; 31\/12\/2019<\/li>\n<li style=\"text-align: justify;\">\n<hr \/>\n<p><strong>O3Cardio &#8211; Effectiveness and cost-effectiveness of Ozone therapy in patients with ischemic heart disease refractory to medical and surgical treatment: Randomized, triple-blind clinical trial (Clinical Trial: EudraCT 2018-000201-24)-(PIFUN44\/17)\u00a0<\/strong><br \/>\n&#8211; Hospital Universitario de Gran Canaria Dr. Negr\u00edn<br \/>\n&#8211; Bernardino Clavo; Celestina Amador<br \/>\n&#8211; 01\/01\/2018 &#8211; 31\/12\/2019<\/li>\n<li style=\"text-align: justify;\">\n<hr \/>\n<p><strong>ITHaCA &#8211; IdenTificacion Hiperespectral de tumores CerebrAles (ProID2017010164)<\/strong><br \/>\n&#8211; Universidad de las Palmas de Gran Canaria<br \/>\n&#8211; Gustavo Marrero Callic\u00f3<br \/>\n&#8211; 01\/01\/2018 &#8211; 31\/12\/2019<\/li>\n<li style=\"text-align: justify;\">\n<hr \/>\n<p><strong>ENABLE-S3-European Initiative to Enable Validation for Highly Automated Safe and Secure Systems<\/strong><br \/>\n&#8211; Uni\u00f3n Europea (ECSEL Call 2015-2)<br \/>\n&#8211; Jose Lopez Feliciano<br \/>\n&#8211; 01\/05\/2016 &#8211; 30\/04\/2019<\/li>\n<li style=\"text-align: justify;\">\n<hr \/>\n<p><strong>ENABLE-S3-Iniciativa Europea para Facilitar la Validaci\u00f3n de Sistemas Seguros y Altamente Automatizados<\/strong><br \/>\n&#8211; : Gobierno de Espa\u00f1a. Ministerio de Econom\u00eda y Competitividad<br \/>\n&#8211; Jose L\u00f3pez Feliciano<br \/>\n&#8211; 01\/05\/2016 &#8211; 30\/04\/2019<\/li>\n<li style=\"text-align: justify;\">\n<hr \/>\n<p><strong>REBECA &#8211; Sistemas electr\u00f3nicos empotrados confiables para control en ciudades bajo situaciones at\u00edpicas (TEC2014-58036-C4-4-R)<\/strong><br \/>\n&#8211; Universidad de las Palmas de Gran Canaria<br \/>\n&#8211; Roberto Sarmiento<br \/>\n&#8211; 01\/01\/2015 &#8211; 31\/12\/2017<\/li>\n<li style=\"text-align: justify;\">\n<hr \/>\n<p><strong>HELICoiD &#8211; HypErspectraL Imaging Cancer Detection (CNECT-ICT-618080)<\/strong><br \/>\n&#8211; Universidad de las Palmas de Gran Canaria<br \/>\n&#8211; Gustavo Marrero Callic\u00f3; Jes\u00fas Morera Molina; Alejandra Guillen; Yang Guang-Zhong; Carlos Correcher; Pedro Branco; Eduardo Juarez; Bogdan Stanciulescu; Diederik Bulters<br \/>\n&#8211; 01\/01\/2014 &#8211; 31\/12\/2016<\/li>\n<li style=\"text-align: justify;\">\n<hr \/>\n<p><strong>Sistema de Adquisici\u00f3n de Im\u00e1genes H\u00edper-Espectrales de Alta Definici\u00f3n Espacial y Espectral<\/strong><br \/>\n&#8211; Instituto Universitario de Microelectr\u00f3nica Aplicada<br \/>\n&#8211; Gustavo Marrero Callic\u00f3<br \/>\n&#8211; 01\/01\/2013 &#8211; 31\/12\/2015<\/li>\n<li style=\"text-align: justify;\">\n<hr \/>\n<p><strong>DREAMS: Dinamically Reconfigurable Embedded Platforms For Networked Context-Aware Multimedia Systems (TEC2011-28666-C04-04)<\/strong><br \/>\n&#8211; Ministerio de Ciencia e Innovaci\u00f3n.<br \/>\n&#8211; Universidad Polit\u00e9cnica de Madrid, ULPGC, Universidad de Castilla la Mancha y Universidad de Cantabria.<br \/>\n&#8211; Teresa Riesgo Alcaide (UPM y general); Roberto Sarmiento Rodr\u00edguez (ULPGC)<br \/>\n&#8211; 01\/01\/2012 &#8211; 01\/10\/2015<\/li>\n<li style=\"text-align: justify;\">\n<hr \/>\n<p><strong>PccMuTe: Power Consumption Control in Multimedia Terminals (TEC2009-14672-C02-01)<\/strong><br \/>\n&#8211; Ministerio de Educaci\u00f3n y Ciencia.<br \/>\n&#8211; Universidad Polit\u00e9cnica de Madrid (UPM) y Universidad de las Palmas de Gran Canaria (ULPGC)<br \/>\n&#8211; Dr. Cesar Sanz \u00c1lvaro (UPM), Dr. Antonio N\u00fa\u00f1ez Ord\u00f3\u00f1ez (ULPGC)<br \/>\n&#8211; 01\/10\/2009 &#8211; 01\/10\/2012<\/li>\n<li style=\"text-align: justify;\">\n<hr \/>\n<p><strong>DR.SIMON : Dynamic Reconfigurability for Scalability In Multimedia Oriented Network (TEC2008-06846-C02-02)<\/strong><br \/>\n&#8211; Ministerio de Ciencia e Innovaci\u00f3n.<br \/>\n&#8211; Universidad Polit\u00e9cnica de Madrid (UPM) y Universidad de las Palmas de Gran Canaria.(ULPGC)<br \/>\n&#8211; Dra. Teresa Riesgo (UPM) y Dr. Roberto Sarmiento Rodr\u00edguez (ULPGC)<br \/>\n&#8211; 01\/01\/2009 &#8211; 31\/12\/2011<\/li>\n<li style=\"text-align: justify;\">\n<hr \/>\n<p><strong>PRISMA. Procesado de Imagen y de Se\u00f1al Multidimensional (TEC2009-05545-E)<\/strong><br \/>\n&#8211; CSIC, UCM, UPM, ULPGC, UPC, UB, UPCT, GreenLight y Alava Ing.<br \/>\n&#8211; Gabriel Crist\u00f3bal P\u00e9rez<br \/>\n&#8211; 01\/09\/2009 &#8211; 01\/01\/2011<\/li>\n<li style=\"text-align: justify;\">\n<hr \/>\n<p><strong>PRISMA. Procesado de Imagen y de Se\u00f1al Multidimensional (TEC2007-30709-E)<\/strong><br \/>\n&#8211; CSIC, UCM, UPM, ULPGC, UPC, UB, UPCT, GreenLight y Alava Ing<br \/>\n&#8211; Gabriel Crist\u00f3bal P\u00e9rez<br \/>\n&#8211; 01\/10\/2008 &#8211; 30\/09\/2009<\/li>\n<li style=\"text-align: justify;\">\n<hr \/>\n<p><strong>PRISMA. Procesado de Imagen y de Se\u00f1al Multidimensional (TEC2006-28099-E)<\/strong><br \/>\n&#8211; CSIC, UCM, UPM, ULPGC, UPC, UB, UPCT, GreenLight y Alava Ing.<br \/>\n&#8211; Gabriel Crist\u00f3bal P\u00e9rez<br \/>\n&#8211; 01\/10\/2007 &#8211; 01\/10\/2008<\/li>\n<li style=\"text-align: justify;\">\n<hr \/>\n<p><strong>PRISMA. Procesado de Imagen y de Se\u00f1al Multidimensional (TEC2005-24739-E)<\/strong><br \/>\n&#8211; CSIC, UCM, UPM, ULPGC, UPC, UB, UPCT, GreenLight y Alava Ing.<br \/>\n&#8211; Gabriel Crist\u00f3bal P\u00e9rez<br \/>\n&#8211; 01\/05\/2006 &#8211; 31\/05\/2008<\/li>\n<li style=\"text-align: justify;\">\n<hr \/>\n<p><strong>Prototipado de aceleradores hardware para sistemas de codificaci\u00f3n h\u00edbrida de v\u00eddeo basados en el est\u00e1ndar H.264\/AVC (ULPGC07-018)<\/strong><br \/>\n&#8211; Instituto Universitario de Microelectr\u00f3nica Aplicada<br \/>\n&#8211; Sebasti\u00e1n L\u00f3pez Suarez<br \/>\n&#8211; 01\/01\/2008 &#8211; 31\/12\/2009<\/li>\n<li style=\"text-align: justify;\">\n<hr \/>\n<p><strong>ARTEMI+ &#8211; Arquitecturas para Terminales Multimedia Port\u00e1tiles Multirred y Multiest\u00e1ndar (TEC2006-13599-C02-02\/MIC)<br \/>\n<\/strong>&#8211; Ministerio de Educaci\u00f3n y Ciencia.<br \/>\n&#8211; Universidad Polit\u00e9cnica de Madrid y Universidad de las Palmas de Gran Canaria.<br \/>\n&#8211; Dr. Cesar Sanz \u00c1lvaro (UPM); Dr. Antonio N\u00fa\u00f1ez Ord\u00f3\u00f1ez (ULPGC)<br \/>\n&#8211; 01\/10\/2006 &#8211; 30\/09\/2009<\/li>\n<li style=\"text-align: justify;\">\n<hr \/>\n<p><strong>ENDIVIA: Entorno de dise\u00f1o basado en IPs con soporte para verificaci\u00f3n y depuraci\u00f3n, integraci\u00f3n con redes en chip y aplicaciones multimedia (TEC2005-018138-C02-01\/MIC)<\/strong><br \/>\n&#8211; Comisi\u00f3n Interministerial de Ciencia y Tecnolog\u00eda, CICYT<br \/>\n&#8211; IUMA (coordinador) y UPM<br \/>\n&#8211; Dr. Roberto Sarmiento Rodr\u00edguez (ULPGC)<br \/>\n&#8211; 31\/12\/2005 &#8211; 30\/12\/2008<\/li>\n<li style=\"text-align: justify;\">\n<hr \/>\n<p><strong>Algoritmos de s\u00faper-resoluci\u00f3n en tiempo real para la mejora de calidad de im\u00e1genes en secuencias de v\u00eddeo con movimiento complejo<\/strong><br \/>\n&#8211; ULPGC y IUMA<br \/>\n&#8211; Dr. Gustavo Marrero Callic\u00f3 (ULPGC)<br \/>\n&#8211; 01\/12\/2005 \u2014\u00a001\/12\/2006<\/li>\n<li style=\"text-align: justify;\">\n<hr \/>\n<p><strong>ARTEMI: Metodolog\u00edas para el dise\u00f1o de sistemas complejos sobre arquitecturas configurables. Aplicaci\u00f3n al dise\u00f1o de terminales multimedia para redes de difusi\u00f3n (TIC2003-09687-C02-02)<\/strong><br \/>\n&#8211; Ministerio de Ciencia y Tecnolog\u00eda<br \/>\n&#8211; IUMA-ULPGC, Universidad Polit\u00e9cnica de Madrid (UPM)<br \/>\n&#8211; Dr. Cesar Sanz \u00c1lvaro (UPM) y Dr. Antonio N\u00fa\u00f1ez Ord\u00f3\u00f1ez (ULPGC)<br \/>\n&#8211; 01\/12\/2003 &#8211; 30\/11\/2006<\/li>\n<li style=\"text-align: justify;\">\n<hr \/>\n<p><strong>CAMELLIA : Core for Ambient and Mobile intELLigent Imaging Applications ( IST-2001-34410)<\/strong><br \/>\n&#8211; Comunidad Europea, programa IST<br \/>\n&#8211; IUMA-ULPGC, Philips Electronics, Univ. Hannover, Renault, Escuela de Minas de Paris<br \/>\n&#8211; Wido Kruijtzer (Philips Research, Pa\u00edses Bajos)<br \/>\n&#8211; 01\/04\/2002 \u2014\u00a030\/03\/2005<\/li>\n<li style=\"text-align: justify;\">\n<hr \/>\n<p><strong>PROTO3D: Sistema Modular de Prototipado Electr\u00f3nico en Tres Dimensiones (TIC2001-3576)<\/strong><br \/>\n&#8211; MEC &#8211; Plan Nacional de I+D+I (2000-2003)<br \/>\n&#8211; Dr. Aurelio Vega Mart\u00ednez (ULPGC)<br \/>\n&#8211; 28\/12\/2001\u00a0\u2014\u00a028\/12\/2004<\/li>\n<li style=\"text-align: justify;\">\n<hr \/>\n<p><strong>DPISI: Dise\u00f1o de Procesadores Integrados para Smart Imaging (COGF2002\/017)<\/strong><br \/>\n&#8211; Gobierno de Canarias<br \/>\n&#8211; IUMA-ULPGC<br \/>\n&#8211; Dr. Antonio N\u00fa\u00f1ez Ord\u00f3\u00f1ez (ULPGC)<br \/>\n&#8211; 01\/01\/2002\u00a0\u2014\u00a031\/12\/2002<\/p>\n<hr \/>\n<\/li>\n<li style=\"text-align: justify;\"><strong>DSIPS: Desarrollo de Sistemas Integrados para Procesado de Se\u00f1al (TIC 97-0953)<\/strong><br \/>\n&#8211; Comisi\u00f3n Interministerial de Ciencia y Tecnolog\u00eda<br \/>\n&#8211; ULPGC<br \/>\n&#8211; Dr. Antonio N\u00fa\u00f1ez Ord\u00f3\u00f1ez (ULPGC)<br \/>\n&#8211; 01\/08\/97 \u2014 31\/07\/2000<\/li>\n<li style=\"text-align: justify;\">\n<hr \/>\n<p><strong>Red FAVI: Programa Europeo ALFA con Iberoamerica<\/strong><br \/>\n&#8211; Comunidad Europea, DG II<br \/>\n&#8211; Univ. De Piura, Univ. Ibague, Univ Gent, ULPGC, Univ. Santigago de Chile<br \/>\n&#8211; Dr. Antonio N\u00fa\u00f1ez Ord\u00f3\u00f1ez (ULPGC); Dr. Antonio Mabres (Universidad de Piura, Per\u00fa).<br \/>\n&#8211; 01\/09\/95 \u2014 31\/08\/97<\/li>\n<li style=\"text-align: justify;\">\n<hr \/>\n<p><strong>BENEFIT &#8211; Concerned Action for Stimulation and Support of East-West <\/strong><strong>Collaboration in the Areas of Microelectronics and Signal Processing- Comunidad Europea, DG II<\/strong><br \/>\n&#8211; Universidad de las Palmas de Gran Canaria<br \/>\n&#8211; Dr. Antonio N\u00fa\u00f1ez Ord\u00f3\u00f1ez (ULPGC)<br \/>\n&#8211; 1995 &#8211; 1998<\/li>\n<li>\n<hr \/>\n<p style=\"text-align: justify;\"><strong>Sistema RDSI para la peque\u00f1a y mediana empresa<\/strong><br \/>\n&#8211; Universidad de las Palmas de Gran Canaria<br \/>\n&#8211; 13\/12\/1996 &#8211; 31\/05\/1997<\/p>\n<\/li>\n<\/ol>\n","protected":false},"excerpt":{"rendered":"<p>(Watching the risk factors: Artificial intelligence and the personalized prevention and management of chronic conditions (GA &#8211; 101017385) &#8211; Universidad de las Palmas de Gran Canaria &#8211; Gustavo Marrero Callic\u00f3 &#8211; 01\/01\/2021 &#8211; 31\/12\/2024 Talent Imagenes hiperespectrales para aplicaciones de inteligencia artificial (PID2020-116417RB-C42) &#8211; Universidad de las Palmas de Gran Canaria &#8211; Gustavo Marrero Callic\u00f3; &hellip; <a href=\"https:\/\/www.iuma.ulpgc.es\/gustavo\/research-works\/projects\/\" class=\"more-link\">Continue reading <span class=\"screen-reader-text\">Previous Projects<\/span> <span class=\"meta-nav\">&rarr;<\/span><\/a><\/p>\n","protected":false},"author":1,"featured_media":0,"parent":10,"menu_order":0,"comment_status":"closed","ping_status":"closed","template":"","meta":{"footnotes":""},"class_list":["post-29","page","type-page","status-publish","hentry"],"_links":{"self":[{"href":"https:\/\/www.iuma.ulpgc.es\/gustavo\/wp-json\/wp\/v2\/pages\/29","targetHints":{"allow":["GET"]}}],"collection":[{"href":"https:\/\/www.iuma.ulpgc.es\/gustavo\/wp-json\/wp\/v2\/pages"}],"about":[{"href":"https:\/\/www.iuma.ulpgc.es\/gustavo\/wp-json\/wp\/v2\/types\/page"}],"author":[{"embeddable":true,"href":"https:\/\/www.iuma.ulpgc.es\/gustavo\/wp-json\/wp\/v2\/users\/1"}],"replies":[{"embeddable":true,"href":"https:\/\/www.iuma.ulpgc.es\/gustavo\/wp-json\/wp\/v2\/comments?post=29"}],"version-history":[{"count":7,"href":"https:\/\/www.iuma.ulpgc.es\/gustavo\/wp-json\/wp\/v2\/pages\/29\/revisions"}],"predecessor-version":[{"id":469,"href":"https:\/\/www.iuma.ulpgc.es\/gustavo\/wp-json\/wp\/v2\/pages\/29\/revisions\/469"}],"up":[{"embeddable":true,"href":"https:\/\/www.iuma.ulpgc.es\/gustavo\/wp-json\/wp\/v2\/pages\/10"}],"wp:attachment":[{"href":"https:\/\/www.iuma.ulpgc.es\/gustavo\/wp-json\/wp\/v2\/media?parent=29"}],"curies":[{"name":"wp","href":"https:\/\/api.w.org\/{rel}","templated":true}]}}