{"id":430,"date":"2023-04-27T09:42:46","date_gmt":"2023-04-27T08:42:46","guid":{"rendered":"https:\/\/www.iuma.ulpgc.es\/gustavo\/?page_id=430"},"modified":"2023-11-27T09:46:27","modified_gmt":"2023-11-27T09:46:27","slug":"team","status":"publish","type":"page","link":"https:\/\/www.iuma.ulpgc.es\/gustavo\/team\/","title":{"rendered":"Team"},"content":{"rendered":"\n<div class=\"wp-block-group is-content-justification-center is-nowrap is-layout-flex wp-container-core-group-is-layout-35f56f29 wp-block-group-is-layout-flex\">\n<div class=\"wp-block-group is-vertical is-content-justification-center is-layout-flex wp-container-core-group-is-layout-4b2eccd6 wp-block-group-is-layout-flex\">\n<div class=\"wp-block-group\"><div class=\"wp-block-group__inner-container is-layout-constrained wp-block-group-is-layout-constrained\">\n<figure class=\"wp-block-image size-full is-resized is-style-default\"><a href=\"https:\/\/www.iuma.ulpgc.es\/gustavo\/gustavo-marrero-callico\/\"><img loading=\"lazy\" decoding=\"async\" width=\"891\" height=\"1113\" src=\"https:\/\/www.iuma.ulpgc.es\/gustavo\/wp-content\/uploads\/2023\/04\/Foto_GMC.jpg\" alt=\"\" class=\"wp-image-438\" style=\"object-fit:cover;width:223px;height:275px\" srcset=\"https:\/\/www.iuma.ulpgc.es\/gustavo\/wp-content\/uploads\/2023\/04\/Foto_GMC.jpg 891w, https:\/\/www.iuma.ulpgc.es\/gustavo\/wp-content\/uploads\/2023\/04\/Foto_GMC-240x300.jpg 240w, https:\/\/www.iuma.ulpgc.es\/gustavo\/wp-content\/uploads\/2023\/04\/Foto_GMC-820x1024.jpg 820w, https:\/\/www.iuma.ulpgc.es\/gustavo\/wp-content\/uploads\/2023\/04\/Foto_GMC-768x959.jpg 768w\" sizes=\"auto, (max-width: 891px) 100vw, 891px\" \/><\/a><\/figure>\n\n\n\n<h1 class=\"wp-block-heading has-text-align-center has-medium-font-size\" style=\"font-style:normal;font-weight:700;text-transform:capitalize\"><strong>Gustavo Marrero<\/strong><\/h1>\n\n\n\n<p class=\"has-text-align-center\"><em>Principal Investigator<\/em><\/p>\n<\/div><\/div>\n\n\n\n<div class=\"wp-block-group wp-container-content-9cfa9a5a\"><div class=\"wp-block-group__inner-container is-layout-constrained wp-block-group-is-layout-constrained\">\n<figure class=\"wp-block-image size-full is-resized\"><a href=\"https:\/\/www.iuma.ulpgc.es\/gustavo\/eduardo-quevedo-gutierrez\/\"><img loading=\"lazy\" decoding=\"async\" width=\"385\" height=\"533\" src=\"https:\/\/www.iuma.ulpgc.es\/gustavo\/wp-content\/uploads\/2023\/04\/eduardo-quevedojpg-2.jpg\" alt=\"\" class=\"wp-image-975\" style=\"object-fit:cover;width:223px;height:275px\" srcset=\"https:\/\/www.iuma.ulpgc.es\/gustavo\/wp-content\/uploads\/2023\/04\/eduardo-quevedojpg-2.jpg 385w, https:\/\/www.iuma.ulpgc.es\/gustavo\/wp-content\/uploads\/2023\/04\/eduardo-quevedojpg-2-217x300.jpg 217w\" sizes=\"auto, (max-width: 385px) 100vw, 385px\" \/><\/a><\/figure>\n\n\n\n<h1 class=\"wp-block-heading has-text-align-center has-medium-font-size\" style=\"font-style:normal;font-weight:700;text-transform:capitalize\"><strong>Eduardo Quevedo<\/strong><\/h1>\n\n\n\n<p class=\"has-text-align-center\"><em>Associate professor<\/em><\/p>\n<\/div><\/div>\n\n\n\n<div class=\"wp-block-group\"><div class=\"wp-block-group__inner-container is-layout-constrained wp-block-group-is-layout-constrained\">\n<figure class=\"wp-block-image size-full is-resized\"><a href=\"https:\/\/www.iuma.ulpgc.es\/gustavo\/abian-hernandez\/\"><img loading=\"lazy\" decoding=\"async\" width=\"473\" height=\"591\" src=\"https:\/\/www.iuma.ulpgc.es\/gustavo\/wp-content\/uploads\/2023\/11\/abian.jpg\" alt=\"\" class=\"wp-image-1178\" style=\"object-fit:cover;width:223px;height:275px\" srcset=\"https:\/\/www.iuma.ulpgc.es\/gustavo\/wp-content\/uploads\/2023\/11\/abian.jpg 473w, https:\/\/www.iuma.ulpgc.es\/gustavo\/wp-content\/uploads\/2023\/11\/abian-240x300.jpg 240w\" sizes=\"auto, (max-width: 473px) 100vw, 473px\" \/><\/a><\/figure>\n\n\n\n<h1 class=\"wp-block-heading has-text-align-center has-medium-font-size\" style=\"font-style:normal;font-weight:700;text-transform:capitalize\"><strong>Abi\u00e1n Hern\u00e1ndez<\/strong><\/h1>\n\n\n\n<p class=\"has-text-align-center\"><em>PhD Student<\/em><\/p>\n<\/div><\/div>\n\n\n\n<div class=\"wp-block-group\"><div class=\"wp-block-group__inner-container is-layout-constrained wp-block-group-is-layout-constrained\">\n<figure class=\"wp-block-image size-large is-resized\"><a href=\"https:\/\/www.iuma.ulpgc.es\/gustavo\/antonio-rodriguez-almeida\/\"><img loading=\"lazy\" decoding=\"async\" width=\"819\" height=\"1024\" src=\"https:\/\/www.iuma.ulpgc.es\/gustavo\/wp-content\/uploads\/2023\/04\/Foto_ARA-819x1024.jpeg\" alt=\"\" class=\"wp-image-445\" style=\"object-fit:cover;width:223px;height:275px\" srcset=\"https:\/\/www.iuma.ulpgc.es\/gustavo\/wp-content\/uploads\/2023\/04\/Foto_ARA-819x1024.jpeg 819w, https:\/\/www.iuma.ulpgc.es\/gustavo\/wp-content\/uploads\/2023\/04\/Foto_ARA-240x300.jpeg 240w, https:\/\/www.iuma.ulpgc.es\/gustavo\/wp-content\/uploads\/2023\/04\/Foto_ARA-768x961.jpeg 768w, https:\/\/www.iuma.ulpgc.es\/gustavo\/wp-content\/uploads\/2023\/04\/Foto_ARA-1228x1536.jpeg 1228w, https:\/\/www.iuma.ulpgc.es\/gustavo\/wp-content\/uploads\/2023\/04\/Foto_ARA.jpeg 1434w\" sizes=\"auto, (max-width: 819px) 100vw, 819px\" \/><\/a><\/figure>\n\n\n\n<h1 class=\"wp-block-heading has-text-align-center has-medium-font-size\" style=\"font-style:normal;font-weight:700;text-transform:capitalize\"><strong>Antonio Rodr\u00edguez<\/strong><\/h1>\n\n\n\n<p class=\"has-text-align-center\"><em>PhD Student<\/em><\/p>\n<\/div><\/div>\n\n\n\n<div class=\"wp-block-group\"><div class=\"wp-block-group__inner-container is-layout-constrained wp-block-group-is-layout-constrained\">\n<figure class=\"wp-block-image size-full is-resized\"><a href=\"https:\/\/www.iuma.ulpgc.es\/gustavo\/guillermo-socorro-marrero\/\"><img loading=\"lazy\" decoding=\"async\" width=\"199\" height=\"188\" src=\"https:\/\/www.iuma.ulpgc.es\/gustavo\/wp-content\/uploads\/2023\/06\/Guillermi.png\" alt=\"\" class=\"wp-image-1045\" style=\"object-fit:cover;width:223px;height:275px\"\/><\/a><\/figure>\n\n\n\n<h1 class=\"wp-block-heading has-text-align-center has-medium-font-size\" style=\"font-style:normal;font-weight:700;text-transform:capitalize\"><strong>Guillermo Socorro<\/strong><\/h1>\n\n\n\n<p class=\"has-text-align-center\"><em>PhD Student<\/em><\/p>\n<\/div><\/div>\n<\/div>\n\n\n\n<div style=\"height:100px;width:0px\" aria-hidden=\"true\" class=\"wp-block-spacer wp-container-content-6388d5dc\"><\/div>\n\n\n\n<div style=\"height:100px;width:0px\" aria-hidden=\"true\" class=\"wp-block-spacer wp-container-content-6388d5dc\"><\/div>\n\n\n\n<div class=\"wp-block-group is-vertical is-content-justification-center is-layout-flex wp-container-core-group-is-layout-4b2eccd6 wp-block-group-is-layout-flex\">\n<div class=\"wp-block-group\"><div class=\"wp-block-group__inner-container is-layout-constrained wp-block-group-is-layout-constrained\">\n<figure class=\"wp-block-image size-full is-resized\"><a href=\"https:\/\/www.iuma.ulpgc.es\/gustavo\/himar-fabelo\/\"><img loading=\"lazy\" decoding=\"async\" width=\"802\" height=\"1002\" src=\"https:\/\/www.iuma.ulpgc.es\/gustavo\/wp-content\/uploads\/2023\/04\/Foto_HFG.jpg\" alt=\"\" class=\"wp-image-439\" style=\"object-fit:cover;width:223px;height:275px\" srcset=\"https:\/\/www.iuma.ulpgc.es\/gustavo\/wp-content\/uploads\/2023\/04\/Foto_HFG.jpg 802w, https:\/\/www.iuma.ulpgc.es\/gustavo\/wp-content\/uploads\/2023\/04\/Foto_HFG-240x300.jpg 240w, https:\/\/www.iuma.ulpgc.es\/gustavo\/wp-content\/uploads\/2023\/04\/Foto_HFG-768x960.jpg 768w\" sizes=\"auto, (max-width: 802px) 100vw, 802px\" \/><\/a><\/figure>\n\n\n\n<h1 class=\"wp-block-heading has-text-align-center has-medium-font-size\" style=\"font-style:normal;font-weight:700;text-transform:capitalize\"><strong>Himar Fabelo<\/strong><\/h1>\n\n\n\n<p class=\"has-text-align-center\"><em>Postdoctoral Fellow<\/em><\/p>\n<\/div><\/div>\n\n\n\n<div class=\"wp-block-group\"><div class=\"wp-block-group__inner-container is-layout-constrained wp-block-group-is-layout-constrained\">\n<figure class=\"wp-block-image size-full is-resized\"><a href=\"https:\/\/www.iuma.ulpgc.es\/gustavo\/francisco-balea-fernandez\/\"><img loading=\"lazy\" decoding=\"async\" width=\"98\" height=\"123\" src=\"https:\/\/www.iuma.ulpgc.es\/gustavo\/wp-content\/uploads\/2023\/04\/Foto_FB.jpg\" alt=\"\" class=\"wp-image-448\" style=\"object-fit:cover;width:223px;height:275px\"\/><\/a><\/figure>\n\n\n\n<h1 class=\"wp-block-heading has-text-align-center has-medium-font-size\" style=\"font-style:normal;font-weight:700;text-transform:capitalize\"><strong>Francisco Balea<\/strong><\/h1>\n\n\n\n<p class=\"has-text-align-center\"><em>Associate professor<\/em><\/p>\n<\/div><\/div>\n\n\n\n<div class=\"wp-block-group\"><div class=\"wp-block-group__inner-container is-layout-constrained wp-block-group-is-layout-constrained\">\n<figure class=\"wp-block-image size-full is-resized\"><a href=\"https:\/\/www.iuma.ulpgc.es\/gustavo\/beatriz-martinez-vega\/\"><img loading=\"lazy\" decoding=\"async\" width=\"600\" height=\"747\" src=\"https:\/\/www.iuma.ulpgc.es\/gustavo\/wp-content\/uploads\/2023\/05\/Bea_Photo.jpeg\" alt=\"\" class=\"wp-image-1012\" style=\"object-fit:cover;width:223px;height:275px\" srcset=\"https:\/\/www.iuma.ulpgc.es\/gustavo\/wp-content\/uploads\/2023\/05\/Bea_Photo.jpeg 600w, https:\/\/www.iuma.ulpgc.es\/gustavo\/wp-content\/uploads\/2023\/05\/Bea_Photo-241x300.jpeg 241w\" sizes=\"auto, (max-width: 600px) 100vw, 600px\" \/><\/a><\/figure>\n\n\n\n<h1 class=\"wp-block-heading has-text-align-center has-medium-font-size\" style=\"font-style:normal;font-weight:700;text-transform:capitalize\"><strong>Beatriz Mart\u00ednez<\/strong><\/h1>\n\n\n\n<p class=\"has-text-align-center\"><em>PhD Student<\/em><\/p>\n<\/div><\/div>\n\n\n\n<div class=\"wp-block-group\"><div class=\"wp-block-group__inner-container is-layout-constrained wp-block-group-is-layout-constrained\">\n<figure class=\"wp-block-image size-full is-resized\"><a href=\"https:\/\/www.iuma.ulpgc.es\/gustavo\/maria-castro-fernandez\/\"><img loading=\"lazy\" decoding=\"async\" width=\"640\" height=\"800\" src=\"https:\/\/www.iuma.ulpgc.es\/gustavo\/wp-content\/uploads\/2023\/04\/Foto_MC.jpg\" alt=\"\" class=\"wp-image-446\" style=\"object-fit:cover;width:223px;height:275px\" srcset=\"https:\/\/www.iuma.ulpgc.es\/gustavo\/wp-content\/uploads\/2023\/04\/Foto_MC.jpg 640w, https:\/\/www.iuma.ulpgc.es\/gustavo\/wp-content\/uploads\/2023\/04\/Foto_MC-240x300.jpg 240w\" sizes=\"auto, (max-width: 640px) 100vw, 640px\" \/><\/a><\/figure>\n\n\n\n<h1 class=\"wp-block-heading has-text-align-center has-medium-font-size\" style=\"font-style:normal;font-weight:700;text-transform:capitalize\"><strong>Maria Castro<\/strong><\/h1>\n\n\n\n<p class=\"has-text-align-center\"><em>PhD Student<\/em><\/p>\n<\/div><\/div>\n\n\n\n<div class=\"wp-block-group\"><div class=\"wp-block-group__inner-container is-layout-constrained wp-block-group-is-layout-constrained\">\n<figure class=\"wp-block-image size-full is-resized\"><a href=\"https:\/\/www.iuma.ulpgc.es\/gustavo\/javier-santana-nunez\/\"><img loading=\"lazy\" decoding=\"async\" width=\"600\" height=\"600\" src=\"https:\/\/www.iuma.ulpgc.es\/gustavo\/wp-content\/uploads\/2023\/06\/1674747282318.jpeg\" alt=\"\" class=\"wp-image-1047\" style=\"object-fit:cover;width:223px;height:275px\" srcset=\"https:\/\/www.iuma.ulpgc.es\/gustavo\/wp-content\/uploads\/2023\/06\/1674747282318.jpeg 600w, https:\/\/www.iuma.ulpgc.es\/gustavo\/wp-content\/uploads\/2023\/06\/1674747282318-300x300.jpeg 300w, https:\/\/www.iuma.ulpgc.es\/gustavo\/wp-content\/uploads\/2023\/06\/1674747282318-150x150.jpeg 150w\" sizes=\"auto, (max-width: 600px) 100vw, 600px\" \/><\/a><\/figure>\n\n\n\n<h1 class=\"wp-block-heading has-text-align-center has-medium-font-size\" style=\"font-style:normal;font-weight:700;text-transform:capitalize\"><strong>Javier Santana<\/strong><\/h1>\n\n\n\n<p class=\"has-text-align-center\"><em>Research Assistant<\/em><\/p>\n<\/div><\/div>\n<\/div>\n\n\n\n<div style=\"height:100px;width:0px\" aria-hidden=\"true\" class=\"wp-block-spacer wp-container-content-6388d5dc\"><\/div>\n\n\n\n<div style=\"height:100px;width:0px\" aria-hidden=\"true\" class=\"wp-block-spacer wp-container-content-6388d5dc\"><\/div>\n\n\n\n<div class=\"wp-block-group is-vertical is-content-justification-center is-layout-flex wp-container-core-group-is-layout-88a7ed2c wp-block-group-is-layout-flex\">\n<div class=\"wp-block-group\"><div class=\"wp-block-group__inner-container is-layout-constrained wp-block-group-is-layout-constrained\">\n<figure class=\"wp-block-image size-full is-resized\"><a href=\"https:\/\/www.iuma.ulpgc.es\/gustavo\/samuel-ortega\/\"><img loading=\"lazy\" decoding=\"async\" width=\"399\" height=\"499\" src=\"https:\/\/www.iuma.ulpgc.es\/gustavo\/wp-content\/uploads\/2023\/04\/Foto_SoS.jpg\" alt=\"\" class=\"wp-image-440\" style=\"object-fit:cover;width:223px;height:275px\" srcset=\"https:\/\/www.iuma.ulpgc.es\/gustavo\/wp-content\/uploads\/2023\/04\/Foto_SoS.jpg 399w, https:\/\/www.iuma.ulpgc.es\/gustavo\/wp-content\/uploads\/2023\/04\/Foto_SoS-240x300.jpg 240w\" sizes=\"auto, (max-width: 399px) 100vw, 399px\" \/><\/a><\/figure>\n\n\n\n<h1 class=\"wp-block-heading has-text-align-center has-medium-font-size\" style=\"font-style:normal;font-weight:700;text-transform:capitalize\"><strong>Samuel Ortega<\/strong><\/h1>\n\n\n\n<p class=\"has-text-align-center\"><em>Postdoctoral Fellow<\/em><\/p>\n<\/div><\/div>\n\n\n\n<div class=\"wp-block-group\"><div class=\"wp-block-group__inner-container is-layout-constrained wp-block-group-is-layout-constrained\">\n<figure class=\"wp-block-image size-full is-resized\"><a href=\"https:\/\/www.iuma.ulpgc.es\/gustavo\/raquel-leon\/\"><img loading=\"lazy\" decoding=\"async\" width=\"176\" height=\"222\" src=\"https:\/\/www.iuma.ulpgc.es\/gustavo\/wp-content\/uploads\/2023\/04\/Foto_SLM.jpg\" alt=\"\" class=\"wp-image-441\" style=\"object-fit:cover;width:223px;height:275px\"\/><\/a><\/figure>\n\n\n\n<h1 class=\"wp-block-heading has-text-align-center has-medium-font-size\" style=\"font-style:normal;font-weight:700;text-transform:capitalize\"><strong>Raquel Le\u00f3n<\/strong><\/h1>\n\n\n\n<p class=\"has-text-align-center\"><em>PhD Student<\/em><\/p>\n<\/div><\/div>\n\n\n\n<div class=\"wp-block-group\"><div class=\"wp-block-group__inner-container is-layout-constrained wp-block-group-is-layout-constrained\">\n<figure class=\"wp-block-image size-large is-resized\"><a href=\"https:\/\/www.iuma.ulpgc.es\/gustavo\/laura-quintana-quintana\/\"><img loading=\"lazy\" decoding=\"async\" width=\"819\" height=\"1024\" src=\"https:\/\/www.iuma.ulpgc.es\/gustavo\/wp-content\/uploads\/2023\/04\/Foto_LQQ-819x1024.png\" alt=\"\" class=\"wp-image-444\" style=\"object-fit:cover;width:223px;height:275px\" srcset=\"https:\/\/www.iuma.ulpgc.es\/gustavo\/wp-content\/uploads\/2023\/04\/Foto_LQQ-819x1024.png 819w, https:\/\/www.iuma.ulpgc.es\/gustavo\/wp-content\/uploads\/2023\/04\/Foto_LQQ-240x300.png 240w, https:\/\/www.iuma.ulpgc.es\/gustavo\/wp-content\/uploads\/2023\/04\/Foto_LQQ-768x960.png 768w, https:\/\/www.iuma.ulpgc.es\/gustavo\/wp-content\/uploads\/2023\/04\/Foto_LQQ.png 1200w\" sizes=\"auto, (max-width: 819px) 100vw, 819px\" \/><\/a><\/figure>\n\n\n\n<h1 class=\"wp-block-heading has-text-align-center has-medium-font-size\" style=\"font-style:normal;font-weight:700;text-transform:capitalize\"><strong>Laura Quintana<\/strong><\/h1>\n\n\n\n<p class=\"has-text-align-center\"><em>PhD Student<\/em><\/p>\n<\/div><\/div>\n\n\n\n<div class=\"wp-block-group\"><div class=\"wp-block-group__inner-container is-layout-constrained wp-block-group-is-layout-constrained\">\n<figure class=\"wp-block-image size-full is-resized\"><a href=\"https:\/\/www.iuma.ulpgc.es\/gustavo\/carlos-vega\/\"><img loading=\"lazy\" decoding=\"async\" width=\"260\" height=\"326\" src=\"https:\/\/www.iuma.ulpgc.es\/gustavo\/wp-content\/uploads\/2023\/04\/Foto_CVG.jpg\" alt=\"\" class=\"wp-image-447\" style=\"object-fit:cover;width:223px;height:275px\" srcset=\"https:\/\/www.iuma.ulpgc.es\/gustavo\/wp-content\/uploads\/2023\/04\/Foto_CVG.jpg 260w, https:\/\/www.iuma.ulpgc.es\/gustavo\/wp-content\/uploads\/2023\/04\/Foto_CVG-239x300.jpg 239w\" sizes=\"auto, (max-width: 260px) 100vw, 260px\" \/><\/a><\/figure>\n\n\n\n<h1 class=\"wp-block-heading has-text-align-center has-medium-font-size\" style=\"font-style:normal;font-weight:700\"><strong>Carlos Ve<\/strong>ga<\/h1>\n\n\n\n<p class=\"has-text-align-center\"><em>PhD Student<\/em><\/p>\n<\/div><\/div>\n\n\n\n<div class=\"wp-block-group\"><div class=\"wp-block-group__inner-container is-layout-constrained wp-block-group-is-layout-constrained\">\n<figure class=\"wp-block-image size-medium is-resized\"><a href=\"https:\/\/www.iuma.ulpgc.es\/gustavo\/nerea-marquez\/\"><img loading=\"lazy\" decoding=\"async\" width=\"200\" height=\"300\" src=\"https:\/\/www.iuma.ulpgc.es\/gustavo\/wp-content\/uploads\/2023\/09\/WhatsApp-Image-2023-09-05-at-08.42.19-200x300.jpeg\" alt=\"\" class=\"wp-image-1079\" style=\"object-fit:cover;width:223px;height:275px\" srcset=\"https:\/\/www.iuma.ulpgc.es\/gustavo\/wp-content\/uploads\/2023\/09\/WhatsApp-Image-2023-09-05-at-08.42.19-200x300.jpeg 200w, https:\/\/www.iuma.ulpgc.es\/gustavo\/wp-content\/uploads\/2023\/09\/WhatsApp-Image-2023-09-05-at-08.42.19-683x1024.jpeg 683w, https:\/\/www.iuma.ulpgc.es\/gustavo\/wp-content\/uploads\/2023\/09\/WhatsApp-Image-2023-09-05-at-08.42.19-768x1152.jpeg 768w, https:\/\/www.iuma.ulpgc.es\/gustavo\/wp-content\/uploads\/2023\/09\/WhatsApp-Image-2023-09-05-at-08.42.19-1024x1536.jpeg 1024w, https:\/\/www.iuma.ulpgc.es\/gustavo\/wp-content\/uploads\/2023\/09\/WhatsApp-Image-2023-09-05-at-08.42.19.jpeg 1067w\" sizes=\"auto, (max-width: 200px) 100vw, 200px\" \/><\/a><\/figure>\n\n\n\n<h1 class=\"wp-block-heading has-text-align-center has-medium-font-size\" style=\"font-style:normal;font-weight:700\"><strong>Nerea M\u00e1rquez<\/strong><\/h1>\n\n\n\n<p class=\"has-text-align-center\"><em><em>Research Assistant<\/em><\/em><\/p>\n<\/div><\/div>\n<\/div>\n<\/div>\n","protected":false},"excerpt":{"rendered":"<p>Gustavo Marrero Principal Investigator Eduardo Quevedo Associate professor Abi\u00e1n Hern\u00e1ndez PhD Student Antonio Rodr\u00edguez PhD Student Guillermo Socorro PhD Student Himar Fabelo Postdoctoral Fellow Francisco Balea Associate professor Beatriz Mart\u00ednez PhD Student Maria Castro PhD Student Javier Santana Research Assistant Samuel Ortega Postdoctoral Fellow Raquel Le\u00f3n PhD Student Laura Quintana PhD Student Carlos Vega PhD &hellip; <a href=\"https:\/\/www.iuma.ulpgc.es\/gustavo\/team\/\" class=\"more-link\">Continue reading <span class=\"screen-reader-text\">Team<\/span> <span class=\"meta-nav\">&rarr;<\/span><\/a><\/p>\n","protected":false},"author":1,"featured_media":0,"parent":0,"menu_order":0,"comment_status":"closed","ping_status":"closed","template":"","meta":{"footnotes":""},"class_list":["post-430","page","type-page","status-publish","hentry"],"_links":{"self":[{"href":"https:\/\/www.iuma.ulpgc.es\/gustavo\/wp-json\/wp\/v2\/pages\/430","targetHints":{"allow":["GET"]}}],"collection":[{"href":"https:\/\/www.iuma.ulpgc.es\/gustavo\/wp-json\/wp\/v2\/pages"}],"about":[{"href":"https:\/\/www.iuma.ulpgc.es\/gustavo\/wp-json\/wp\/v2\/types\/page"}],"author":[{"embeddable":true,"href":"https:\/\/www.iuma.ulpgc.es\/gustavo\/wp-json\/wp\/v2\/users\/1"}],"replies":[{"embeddable":true,"href":"https:\/\/www.iuma.ulpgc.es\/gustavo\/wp-json\/wp\/v2\/comments?post=430"}],"version-history":[{"count":132,"href":"https:\/\/www.iuma.ulpgc.es\/gustavo\/wp-json\/wp\/v2\/pages\/430\/revisions"}],"predecessor-version":[{"id":1195,"href":"https:\/\/www.iuma.ulpgc.es\/gustavo\/wp-json\/wp\/v2\/pages\/430\/revisions\/1195"}],"wp:attachment":[{"href":"https:\/\/www.iuma.ulpgc.es\/gustavo\/wp-json\/wp\/v2\/media?parent=430"}],"curies":[{"name":"wp","href":"https:\/\/api.w.org\/{rel}","templated":true}]}}