{"id":7,"date":"2013-10-17T09:04:58","date_gmt":"2013-10-17T09:04:58","guid":{"rendered":"https:\/\/www.iuma.ulpgc.es\/gustavo\/?page_id=7"},"modified":"2021-04-07T15:28:06","modified_gmt":"2021-04-07T14:28:06","slug":"publications","status":"publish","type":"page","link":"https:\/\/www.iuma.ulpgc.es\/gustavo\/publications\/","title":{"rendered":"Publications"},"content":{"rendered":"<p><strong>Books<\/strong><\/p>\n<ul>\n<li><strong>Pr\u00e1cticas de Laboratorio de Electr\u00f3nica III<\/strong><br \/>\n<em><em><span style=\"line-height: 1.714285714; font-size: 1rem;\">Jos\u00e9 Cabrera Pe\u00f1a, Roberto Esper-Cha\u00edn Falc\u00f3n. Javier Garc\u00eda Garc\u00eda. Nieves\u00a0<\/span><span style=\"line-height: 1.714285714; font-size: 1rem;\">Hern\u00e1ndez Gonz\u00e1lez, Gustavo Marrero Callic\u00f3, F\u00e9lix B. Tobajas Guerrero <\/span><\/em><\/em><span style=\"line-height: 1.714285714; font-size: 1rem;\">Oct, 1999 &#8211; ULPGC &#8211; I<\/span><span style=\"line-height: 1.714285714; font-size: 1rem;\">SBN: 84\u201387526\u201369\u20131<\/span><\/li>\n<\/ul>\n<ul>\n<li><strong>Ejercicios de Electr\u00f3nica Digital<\/strong><br \/>\n<em>Pedro Hern\u00e1ndez, Gustavo Marrero, Alfonso Medina <\/em><span style=\"line-height: 1.714285714; font-size: 1rem;\">Jan, 2000 &#8211; ULPGC &#8211; ISBN:\u00a0<\/span>84-87526-74-8<\/li>\n<\/ul>\n<ul>\n<li><strong>Pr\u00e1cticas de Electr\u00f3nica II<\/strong><br \/>\n<em>Pedro Hern\u00e1ndez Fern\u00e1ndez, Nieves Hern\u00e1ndez Gonz\u00e1lez, Manuel Enr\u00edquez Chaves,\u00a0Javier Garc\u00eda Garc\u00eda, Gustavo Marrero Callic\u00f3, Jorge Portillo M\u00e9niz<\/em> Mar, 2000 &#8211; ULPGC &#8211; ISBN:\u00a084\u201387526\u201375\u20136<\/li>\n<\/ul>\n<ul>\n<li><strong>Pr\u00e1cticas de Circuitos Anal\u00f3gicos<\/strong><br \/>\n<em>Gustavo Marrero Callic\u00f3, F\u00e9lix B. Tobajas Guerrero y Sebasti\u00e1n L\u00f3pez Su\u00e1rez <\/em>Sep, 2004 &#8211; ULPGC &#8211; ISBN:\u00a084-688-8095-7<\/li>\n<\/ul>\n<ul>\n<li><strong>Problemas de Electr\u00f3nica Industrial<\/strong><br \/>\n<span style=\"line-height: 1.714285714; font-size: 1rem;\">Roberto Sarmiento, Sebasti\u00e1n L\u00f3pez, Jos\u00e9 L\u00f3pez Feliciano, Gustavo\u00a0Marrero Callic\u00f3<br \/>\n<\/span><span style=\"line-height: 1.714285714; font-size: 1rem;\">Editado e Impreso por el Servicio de Reprograf\u00eda y Encuadernaci\u00f3n de la\u00a0Universidad de Las Palmas de Gran Canaria. ISBN: 978-84-693-2280-2<br \/>\n<\/span><\/li>\n<\/ul>\n<ul>\n<li><span style=\"line-height: 1.714285714; font-size: 1rem;\"><strong>Embedded Systems Design with FPGAs<br \/>\n<\/strong><span style=\"line-height: 1.714285714; font-size: 1rem;\">Roberto Sarmiento, Sebasti\u00e1n L\u00f3pez, Jos\u00e9 L\u00f3pez Feliciano, Gustavo\u00a0Marrero Callic\u00f3<br \/>\n<\/span><\/span>Editorial Springer. Pp. 1-300, 2012. ISBN: 978-1-4614-1361-5<\/li>\n<\/ul>\n<p><strong>Journal Papers<\/strong><\/p>\n<ul>\n<li><strong>Adaptive motion vector post-processing for low cost rate-distortion optimisation<\/strong><br \/>\n<em>S. L\u00f3pez, G.M. Callic\u00f3, J.F. L\u00f3pez y R. Sarmiento<\/em><br \/>\n<span style=\"line-height: 1.714285714; font-size: 1rem;\"><span style=\"line-height: 1.714285714; font-size: 1rem;\"><span style=\"line-height: 1.714285714; font-size: 1rem;\">IEE Electronic Letters &#8211;\u00a0<\/span><\/span><\/span>Hertford, Reino Unido <span style=\"line-height: 1.714285714; font-size: 1rem;\">&#8211;\u00a0Dec, 2003 &#8211;\u00a0<\/span>ISSN: 0013-5194<\/li>\n<\/ul>\n<ul>\n<li><strong>Low-cost Super-Resolution Algorithms Implementation over a HW\/SW Video Compression Platform<\/strong><br \/>\n<em>G.M. Callic\u00f3, S. L\u00f3pez, R.P. Llopis, J.F. L\u00f3pez, A. N\u00fa\u00f1ez, R. Sethuraman y R. Sarmiento<br \/>\n<\/em>EURASIP. Journal on Applied Signal Processing. Special Issue on Super-Resolution\u00a0Hertford, Reino Unido\u00a0&#8211;\u00a02006 &#8211;\u00a0ISSN: 0013-5194<\/li>\n<\/ul>\n<ul>\n<li><span style=\"line-height: 1.714285714; font-size: 1rem;\"><strong>Compresi\u00f3n de video mediante t\u00e9cnicas de post-procesamiento<\/strong><br \/>\nS. L\u00f3pez, G.M. Callic\u00f3, J.F. L\u00f3pez y R. Sarmiento<br \/>\n<\/span><span style=\"line-height: 1.714285714; font-size: 1rem;\">Vector Plus, pp. 27-36. 2005.<br \/>\n<\/span><span style=\"line-height: 1.714285714; font-size: 1rem;\"><br \/>\n<\/span><\/li>\n<li><span style=\"line-height: 1.714285714; font-size: 1rem;\"><span style=\"line-height: 1.714285714; font-size: 1rem;\"><strong>Region-Based Super-Resolution for Compression<\/strong><br \/>\nD. Barreto, L.D. Alvarez, R. Molina, A.K. Katsaggelos, and G.M. Callic\u00f3<br \/>\n<\/span><\/span><span style=\"line-height: 1.714285714; font-size: 1rem;\"><span style=\"line-height: 1.714285714; font-size: 1rem;\">Multidimensional Systems and Signal Processing, vol. 18, pp.59-81, 2007.<\/span><\/span><\/li>\n<\/ul>\n<ul>\n<li><span style=\"line-height: 1.714285714; font-size: 1rem;\"><span style=\"line-height: 1.714285714; font-size: 1rem;\"><strong>Towards a Configurable SoC MPEG-4 Advanced Simple Profile Decoder<\/strong><br \/>\n<\/span><\/span>Luz Garc\u00eda, V\u00edctor Reyes, D\u00e1cil Barreto, Gustavo Marrero Callic\u00f3,\u00a0<span style=\"line-height: 1.714285714; font-size: 1rem;\"><span style=\"line-height: 1.714285714; font-size: 1rem;\">Tomas Bautista , Antonio N\u00fa\u00f1ez<br \/>\n<span style=\"line-height: 1.714285714; font-size: 1rem;\">IEE Proceedings-Computers and Digital Techniques, pp.451-460, 2007.<\/span><\/span><\/span><\/li>\n<\/ul>\n<ul>\n<li><span style=\"line-height: 1.714285714; font-size: 1rem;\"><span style=\"line-height: 1.714285714; font-size: 1rem;\"><strong>A Novel High Performance Architecture for H.264\/AVC Deblocking Filtering<\/strong><br \/>\n<\/span><\/span>Sebasti\u00e1n L\u00f3pez, F\u00e9lix Tobajas, Gustavo M. Callic\u00f3, Pedro A. P\u00e9rez,\u00a0<span style=\"line-height: 1.714285714; font-size: 1rem;\"><span style=\"line-height: 1.714285714; font-size: 1rem;\">Valent\u00edn de Armas, Jos\u00e9 F. L\u00f3pez and Roberto Sarmiento<br \/>\n<span style=\"line-height: 1.714285714; font-size: 1rem;\">ETRI Journal, vol. 29, pp.396-398, 2007. ISSN: 1225-6463<\/span><\/span><\/span><\/li>\n<\/ul>\n<ul>\n<li><span style=\"line-height: 1.714285714; font-size: 1rem;\"><span style=\"line-height: 1.714285714; font-size: 1rem;\"><strong>Mobile receiver design increases the resolution of compressed video<\/strong><br \/>\n<\/span><\/span>Gustavo M. Callic\u00f3 and Antonio Nunez<br \/>\n<span style=\"line-height: 1.714285714; font-size: 1rem;\">SPIE newsroom Electronic Imaging &amp; Signal Processing, 2007. ISSN:\u00a0<\/span><span style=\"line-height: 1.714285714; font-size: 1rem;\"><span style=\"line-height: 1.714285714; font-size: 1rem;\">1818-2259<\/span><\/span><\/li>\n<\/ul>\n<ul>\n<li><strong><span style=\"line-height: 1.714285714; font-size: 1rem;\">T\u00e9cnicas de s\u00faper-resoluci\u00f3n para la mejora de calidad en secuencias de v\u00eddeo\u00a0<\/span><\/strong><span style=\"line-height: 1.714285714; font-size: 1rem;\"><span style=\"line-height: 1.714285714; font-size: 1rem;\"><strong>comprimido<\/strong><br \/>\n<\/span><\/span>Gustavo Marrero Callic\u00f3, D\u00e1cil Barreto Dos Santos, Sebasti\u00e1n L\u00f3pez\u00a0<span style=\"line-height: 1.714285714; font-size: 1rem;\">Su\u00e1rez, Carlos Tarajano Beracoechea, Jos\u00e9 L\u00f3pez Feliciano, Roberto Sarmiento Rodr\u00edguez y\u00a0<\/span><span style=\"line-height: 1.714285714; font-size: 1rem;\"><span style=\"line-height: 1.714285714; font-size: 1rem;\">Antonio N\u00fa\u00f1ez Ord\u00f3\u00f1ez<br \/>\n<span style=\"line-height: 1.714285714; font-size: 1rem;\">Vector Plus, pp. 34-45. 2008.<\/span><\/span><\/span><\/li>\n<\/ul>\n<ul>\n<li><span style=\"line-height: 1.714285714; font-size: 1rem;\"><span style=\"line-height: 1.714285714; font-size: 1rem;\"><strong>An Efficient Double-Filter Hardware Architecture for H.264\/AVC Deblocking Filtering<\/strong><br \/>\n<\/span><\/span>F\u00e9lix Tobajas, Gustavo M. Callic\u00f3, Pedro A. P\u00e9rez, Valent\u00edn de Armas\u00a0Sosa and Roberto Sarmiento<br \/>\n<span style=\"line-height: 1.714285714; font-size: 1rem;\">IEEE Transaction on Consumer Electronics, vol. 54, pp. 131-139, 2008.\u00a0<\/span><span style=\"line-height: 1.714285714; font-size: 1rem;\"><span style=\"line-height: 1.714285714; font-size: 1rem;\">ISSN 0098-3063<\/span><\/span><\/li>\n<\/ul>\n<ul>\n<li><span style=\"line-height: 1.714285714; font-size: 1rem;\"><span style=\"line-height: 1.714285714; font-size: 1rem;\"><strong>A Flexible Template for H.264\/AVC Block Matching Motion Estimation Architectures<\/strong><br \/>\n<\/span><\/span>Sebastian L\u00f3pez, Gustavo M. Callic\u00f3, Jos\u00e9 L\u00f3pez, F\u00e9lix Tobajas,\u00a0Valent\u00edn de Armas Sosa and Roberto Sarmiento<br \/>\n<span style=\"line-height: 1.714285714; font-size: 1rem;\">IEEE Transaction on Consumer Electronics, vol. 54, pp-845-851, 2008.\u00a0<\/span><span style=\"line-height: 1.714285714; font-size: 1rem;\"><span style=\"line-height: 1.714285714; font-size: 1rem;\">ISSN 0098-3063<\/span><\/span><\/li>\n<\/ul>\n<ul>\n<li><strong><span style=\"line-height: 1.714285714; font-size: 1rem;\">Analysis of Fast Block Matching Motion Estimation Algorithms for Video\u00a0<\/span><span style=\"line-height: 1.714285714; font-size: 1rem;\"><span style=\"line-height: 1.714285714; font-size: 1rem;\">Super-Resolution Systems<br \/>\n<\/span><\/span><\/strong>Gustavo M. Callic\u00f3, Sebastian L\u00f3pez, Oliver Sosa, Jos\u00e9 L\u00f3pez and\u00a0Roberto Sarmiento<br \/>\n<span style=\"line-height: 1.714285714; font-size: 1rem;\">IEEE Transaction on Consumer Electronics, vol. 54, pp. 1430-1438, 2008.\u00a0<\/span><span style=\"line-height: 1.714285714; font-size: 1rem;\"><span style=\"line-height: 1.714285714; font-size: 1rem;\">ISSN 0098-3063<\/span><\/span><\/li>\n<\/ul>\n<ul>\n<li><span style=\"line-height: 1.714285714; font-size: 1rem;\"><strong>Grouped Approach for the Design of H.264\/AVC Motion Estimation Architectures<\/strong><br \/>\nSebastian Lopez, Gustavo M. Callico, Felix B. Tobajas, Valentin De\u00a0<\/span><span style=\"line-height: 1.714285714; font-size: 1rem;\"><span style=\"line-height: 1.714285714; font-size: 1rem;\">Armas, Jose F. Lopez, and Roberto Sarmiento<br \/>\n<span style=\"line-height: 1.714285714; font-size: 1rem;\">ETRI Journal, vol. 30, pp. 862-864, 2008. ISSN: 1225-6463<\/span><\/span><\/span><\/li>\n<\/ul>\n<ul>\n<li><span style=\"line-height: 1.714285714; font-size: 1rem;\"><span style=\"line-height: 1.714285714; font-size: 1rem;\"><strong>A Novel Real-Time DSP-Based Video Super-Resolution System<\/strong><br \/>\n<\/span><\/span>Sebastian Lopez, Gustavo M. Callico, F\u00e9lix Tobajas, Jose F. Lopez, and\u00a0Roberto Sarmiento<br \/>\n<span style=\"line-height: 1.714285714; font-size: 1rem;\">IEEE Transaction on Consumer Electronics, vol. 55, pp. 2264-2270, 2009.\u00a0<\/span><span style=\"line-height: 1.714285714; font-size: 1rem;\"><span style=\"line-height: 1.714285714; font-size: 1rem;\">ISSN 0098-3063<\/span><\/span><\/li>\n<\/ul>\n<ul>\n<li><strong><span style=\"line-height: 1.714285714; font-size: 1rem;\">Efficient FPGA Implementation of a High-Quality Super-Resolution Algorithm with\u00a0<\/span><\/strong><span style=\"line-height: 1.714285714; font-size: 1rem;\"><strong>Real-Time Performance<\/strong><br \/>\nTomasz Szydzik, Gustavo M. Callico and Antonio Nunez<br \/>\n<\/span><span style=\"line-height: 1.714285714; font-size: 1rem;\">IEEE Transaction on Consumer Electronics, vol. 57, pp. 664-672, 2011.\u00a0<\/span><span style=\"line-height: 1.714285714; font-size: 1rem;\">ISSN 0098-3063<\/span><\/li>\n<\/ul>\n<ul>\n<li><span style=\"font-size: 1rem; line-height: 1.714285714;\"><strong>Performance Evaluation of the H.264\/AVC Video Coding Standard for Lossy\u00a0Hyperspectral Image Compression<\/strong><br \/>\nLucana Santos, Sebasti\u00e1n L\u00f3pez, Gustavo M. Callic\u00f3, Jos\u00e9 F. L\u00f3pez, and\u00a0<\/span><span style=\"line-height: 1.714285714; font-size: 1rem;\">Roberto Sarmiento<br \/>\n<\/span><span style=\"line-height: 1.714285714; font-size: 1rem;\">IEEE Journal of Selected Topics in Applied Earth Observations and Remote\u00a0<\/span><span style=\"line-height: 1.714285714; font-size: 1rem;\">Sensing, vol.5 , pp. 451-461, 2012.<\/p>\n<p><\/span><\/li>\n<li><span style=\"line-height: 1.714285714; font-size: 1rem;\"><strong>A Low-Computational-Complexity Algorithm for Hyperspectral Endmember<\/strong> Extraction:\u00a0<\/span><span style=\"line-height: 1.714285714; font-size: 1rem;\"><span style=\"line-height: 1.714285714; font-size: 1rem;\">Modified Vertex Component Analysis<br \/>\n<\/span><\/span>Sebastian Lopez, Pablo Horstrand, Gustavo M. Callico, Jose F. Lopez\u00a0and Roberto Sarmiento<br \/>\n<span style=\"line-height: 1.714285714; font-size: 1rem;\">IEEE Geoscience and Remote Sensing Letters, vol. 9, pp.502-506, 2012.\u00a0<\/span><span style=\"line-height: 1.714285714; font-size: 1rem;\">ISSN: 1545-598X<\/p>\n<p><\/span><\/li>\n<li><b>Curve-Based Classification Approach for Hyperspectral Dermatologic Data Processing.<\/b><br \/>\nSting Uteng, Eduardo Quevedo, Gustavo Marrero Callic\u00f3, Irene Casta\u00f1o, Gregorio Carretero, Pablo Almeida, Aday Garcia, Javier A. Hern\u00e1ndez, Fred Godtliebsen. Sensors. 21 &#8211; 3-680 (20\/01\/2020) ISSN: 1424 &#8211; 8220<\/li>\n<li><strong>Hyperspectral Imaging for <\/strong><strong>Glioblastoma Surgery: Improving Tumor Identification Using a Deep Spectral-Spatial Approach<\/strong><br \/>\nFrancesca Manni; Fons van der Sommen; Himar Fabelo; Svitlana Zinger; Caifeng Shan; Erik Edstr\u00f6m; Adrian Elmi-Terander; Samuel Ortega; Gustavo Marrero Callic\u00f3; Peter H. N. de With.<br \/>\nSensors. 20 &#8211; 23, pp. 1 &#8211; 20. (05\/12\/2020) ISSN: 1424-8220<\/li>\n<li><strong>Hyperspectral and multispectral imaging in digital and computational pathology: a systematic review<br \/>\n<\/strong>Samuel Ortega; Martin Halicek; Himar Fabelo; Gustavo Marrero Callico; Baowei Fei. Biomedical Optics Express. 11 &#8211; 6, pp. 3195 &#8211; 3233. (01\/06\/2020) ISSN: 2156-7085<\/li>\n<li><strong><span style=\"font-size: 1rem;\">Extended Blind End-member <\/span>and Abundance Extraction for Biomedical Imaging Applications<br \/>\n<\/strong>Daniel Ulises Campos-Delgado; Omar Gutierrez-Navarro; Jose J. Rico-Jimenez; Elvis Duran; Himar Fabelo; S. Ortega; Gustavo Marrero Callico; Javier A. Jo.<br \/>\nIEEE Access. 7, pp. 178539 &#8211; 178552. (12\/12\/2019) ISSN: 2169-353<br \/>\n<strong><br \/>\n<\/strong><\/li>\n<li><strong>Most Relevant Spectral Bands Identification for Brain Cancer Detection Using Hyperspectral Imaging.<\/strong><br \/>\nBeatriz Martinez; Raquel Leon; Himar Fabelo; Samuel Ortega; Juan F. Pi\u00f1eiro; Adam Szolna; Maria Hernandez;Carlos Espino; Aruma J. O\u2019Shanahan; David Carrera; Sara Bisshopp; Coralia Sosa; Mariano Marquez; Rafael Camacho; Maria de la Luz Plaza; Jesus Morera; Gustavo M. Callico.<br \/>\nSensors. 19 &#8211; 24, pp. 1 &#8211; 28.(12\/12\/2019) ISSN: 1424-8220<\/li>\n<li><strong> Parallel Implementations Assessment of a Spatial-Spectral Classifier for Hyperspectral Clinical Applications.<br \/>\n<\/strong>Raquel Lazcano; Daniel Madro\u00f1al; Giordana Florimbi; Jaime Sancho; Sergio Sanchez; Raquel Leon; Himar Fabelo; Samuel Ortega; Emanuele Torti; Ruben Salvador; Margarita Marrero-Martin; Francesco Leporati; Eduardo Juarez; Gustavo Marrero Callico; C\u00e9sar Sanz.<strong><br \/>\n<\/strong>IEEE Access. 7, pp. 152316 &#8211; 152333 (02\/09\/2019) ISSN: 2169-3536<\/li>\n<li><strong>Hyperspectral Push-Broom Microscope Development and Characterization.<\/strong><br \/>\nSamuel Ortega; Raul Guerra; Maria Diaz; Himar Fabelo; Sebastian Lopez; Gustavo Marrero Callico; Roberto Sarmiento.<br \/>\nIEEE Access. 7, pp. 122473 &#8211; 122491. (29\/08\/2019) ISSN: 2169-3536<\/li>\n<li><strong>In-Vivo and Ex-Vivo Tissue Analysis through Hyperspectral Imaging Techniques: Revealing the Invisible Features of Cancer<br \/>\n<\/strong>Martin Halicek; Himar Fabelo; Samuel Ortega; Gustavo Marrero Callico; Baowei Fei.<br \/>\nCancers. 11(6) &#8211; 756, pp. 1 &#8211; 30 (30\/05\/2019) ISSN: 2072-6694<br \/>\n<strong><br \/>\n<\/strong><\/li>\n<li><strong>In-Vivo Hyperspectral Human Brain Image Database for Brain Cancer Detection.<\/strong><br \/>\nHimar Fabelo; Samuel Ortega; Adam Szolna; Diederik Bulters; Juan F. Pi\u00f1eiro; Silvester Kabwama; Aruma J-O\u2019Shanahan; Harry Bulstrode; Sara Bisshopp; B. Ravi Kiran; Daniele Ravi; Raquel Lazcano; Daniel Madro\u00f1al; Coralia Sosa; Carlos Espino; Mariano Marquez; Mar\u00eda De La Luz Plaza; Rafael Camacho; David Carrera; Maria<br \/>\nHern\u00e1ndez; Gustavo Marrero Callico; Jesus Morera; Bogdan Stanciulescu; Guang-Zhong Yang; Ruben Salvador; Eduardo Juarez; Cesar Sanz; Roberto Sarmiento.<br \/>\nIEEE Access. 7, pp. 39098 &#8211; 39116. (14\/03\/2019).\u00a0 ISSN: 2169-3536<\/li>\n<li><strong>Deep Learning-Based Framework for In Vivo Identification of Glioblastoma Tumor using Hyperspectral Images of Human Brain.<\/strong><br \/>\nHimar Fabelo; Martin Halicek; Samuel Ortega; Maysan Shahedi; Adam Szolna; Juan Francisco Pi\u00f1eiro; Coralia Sosa; Aruma J. O\u2019Shanahan; Sara Bisshopp; Carlos Espino; Mariano Marquez; Mar\u00eda Hern\u00e1ndez; David Carrera; Jes\u00fas Morera; Gustavo Marrero Callico; Roberto Sarmiento; Baowei Fei.<br \/>\nSensors. 19 &#8211; 4, pp. 1 &#8211; 25. (22\/02\/2019) ISSN: 1424-8220<\/li>\n<li><strong>SVM Optimization for Brain Tumor Identification Using Infrared Spectroscopic Samples.<br \/>\n<\/strong>Himar Fabelo; Samuel Ortega; Elizabeth Casselden; Jane Loh; Harry Bulstrode; Ardalan Zolnourian; Paul Grundy; Gustavo Marrero Callico; Diederik Bulters; Roberto Sarmiento.<br \/>\nSensors. 18 &#8211; 12, pp. 1 &#8211; 15. ( 18\/12\/2018) ISSN: 1424-8220<br \/>\n<strong><br \/>\n<\/strong><\/li>\n<li><strong> Accelerating the K-Nearest Neighbors Filtering Algorithm to Optimize the<\/strong><br \/>\n<strong>Real-Time Classification of Human Brain Tumor in Hyperspectral Images.<br \/>\n<\/strong>Giordana Florimbi; Himar Fabelo; Emanuele Torti; Raquel Lezcano; Daniel Madro\u00f1al; Samuel Ortega; Ruben Salvador; Francesco Leporati; Giovanni Danese; Abelardo Baez-Quevedo; Gustavo Marrero Callico; Eduardo Juarez; Cesar Sanz; Roberto Sarmiento.<br \/>\nSensors. 18 &#8211; 7, pp. 2314-1 &#8211; 2314-20. (17\/07\/2018) . ISSN: 1424-8220<br \/>\n<strong><br \/>\n<\/strong><\/li>\n<li><strong> An Intraoperative Visualization System Using Hyperspectral Imaging to Aid in Brain Tumor Delineation.<br \/>\n<\/strong>Himar Fabelo; Samuel Ortega; Raquel Lezcano; Daniel Madro\u00f1al; Gustavo Marrero Callico; Eduardo Juarez; Ruben Salvador; Diederik Bulters; Harry Bulstrode; Adam Szolna; Juan F. Pi\u00f1eiro; Coralia Sosa; Aruma J. O\u2019Shanahan; Sara Bishop; Maria Hernandez; Jesus Morera; Daniele Ravi; B. Ravi Kiran; Aurelio Vega; Abelardo<br \/>\nBaez-Quevedo; Guang-Zhong Yang; Bogdan Stanciulescu; Roberto Sarmiento.<br \/>\nSensors. 18 &#8211; 2, pp. 430-1 &#8211; 430-21. (01\/02\/2018). ISSN: 1424-8220<br \/>\n<strong><br \/>\n<\/strong><\/li>\n<li><strong> Detecting brain tumor in pathological slides using hyperspectral imaging.<br \/>\n<\/strong>Samuel Ortega; Himar Fabelo; Rafael Camacho; Mar\u00eda de Luz Plaza; Gustavo Marrero Callico; Roberto Sarmiento.<br \/>\nBiomedical Optics Express. 9 &#8211; 2, pp. 818 &#8211; 831. (25\/01\/2018) ISSN: 2156-7085<br \/>\n<strong><br \/>\n<\/strong><\/li>\n<li><strong>Manifold Embedding and Semantic Segmentation for Intraoperative Guidance with Hyperspectral Brain Imaging.<br \/>\n<\/strong>Daniele Ravi; Himar Fabelo; Gustavo Marrero Callico; Guang Zhong Yang.<br \/>\nIEEE Transactions on Medical Imaging. 36 &#8211; 9, pp. 1845 &#8211; 1857. (01\/09\/2017)<br \/>\nISSN: 0278-0062<\/li>\n<\/ul>\n","protected":false},"excerpt":{"rendered":"<p>Books Pr\u00e1cticas de Laboratorio de Electr\u00f3nica III Jos\u00e9 Cabrera Pe\u00f1a, Roberto Esper-Cha\u00edn Falc\u00f3n. Javier Garc\u00eda Garc\u00eda. Nieves\u00a0Hern\u00e1ndez Gonz\u00e1lez, Gustavo Marrero Callic\u00f3, F\u00e9lix B. Tobajas Guerrero Oct, 1999 &#8211; ULPGC &#8211; ISBN: 84\u201387526\u201369\u20131 Ejercicios de Electr\u00f3nica Digital Pedro Hern\u00e1ndez, Gustavo Marrero, Alfonso Medina Jan, 2000 &#8211; ULPGC &#8211; ISBN:\u00a084-87526-74-8 Pr\u00e1cticas de Electr\u00f3nica II Pedro Hern\u00e1ndez Fern\u00e1ndez, &hellip; <a href=\"https:\/\/www.iuma.ulpgc.es\/gustavo\/publications\/\" class=\"more-link\">Continue reading <span class=\"screen-reader-text\">Publications<\/span> <span class=\"meta-nav\">&rarr;<\/span><\/a><\/p>\n","protected":false},"author":1,"featured_media":0,"parent":0,"menu_order":0,"comment_status":"closed","ping_status":"closed","template":"","meta":{"footnotes":""},"class_list":["post-7","page","type-page","status-publish","hentry"],"_links":{"self":[{"href":"https:\/\/www.iuma.ulpgc.es\/gustavo\/wp-json\/wp\/v2\/pages\/7","targetHints":{"allow":["GET"]}}],"collection":[{"href":"https:\/\/www.iuma.ulpgc.es\/gustavo\/wp-json\/wp\/v2\/pages"}],"about":[{"href":"https:\/\/www.iuma.ulpgc.es\/gustavo\/wp-json\/wp\/v2\/types\/page"}],"author":[{"embeddable":true,"href":"https:\/\/www.iuma.ulpgc.es\/gustavo\/wp-json\/wp\/v2\/users\/1"}],"replies":[{"embeddable":true,"href":"https:\/\/www.iuma.ulpgc.es\/gustavo\/wp-json\/wp\/v2\/comments?post=7"}],"version-history":[{"count":15,"href":"https:\/\/www.iuma.ulpgc.es\/gustavo\/wp-json\/wp\/v2\/pages\/7\/revisions"}],"predecessor-version":[{"id":244,"href":"https:\/\/www.iuma.ulpgc.es\/gustavo\/wp-json\/wp\/v2\/pages\/7\/revisions\/244"}],"wp:attachment":[{"href":"https:\/\/www.iuma.ulpgc.es\/gustavo\/wp-json\/wp\/v2\/media?parent=7"}],"curies":[{"name":"wp","href":"https:\/\/api.w.org\/{rel}","templated":true}]}}