{"id":733,"date":"2023-04-28T11:26:08","date_gmt":"2023-04-28T10:26:08","guid":{"rendered":"https:\/\/www.iuma.ulpgc.es\/gustavo\/?page_id=733"},"modified":"2023-09-29T10:54:32","modified_gmt":"2023-09-29T09:54:32","slug":"himar-fabelo","status":"publish","type":"page","link":"https:\/\/www.iuma.ulpgc.es\/gustavo\/himar-fabelo\/","title":{"rendered":"Himar Fabelo"},"content":{"rendered":"\n<div class=\"wp-block-group is-nowrap is-layout-flex wp-container-core-group-is-layout-64989fb1 wp-block-group-is-layout-flex\">\n<div class=\"wp-block-group is-vertical is-layout-flex wp-container-core-group-is-layout-b7faace9 wp-block-group-is-layout-flex\">\n<figure class=\"wp-block-image size-thumbnail\"><img loading=\"lazy\" decoding=\"async\" width=\"150\" height=\"150\" src=\"https:\/\/www.iuma.ulpgc.es\/gustavo\/wp-content\/uploads\/2023\/04\/Foto_HFG-150x150.jpg\" alt=\"\" class=\"wp-image-439\"\/><\/figure>\n\n\n\n<h2 class=\"wp-block-heading\">Contact Information<\/h2>\n\n\n\n<p><strong>University Institute of Applied Microelectronics<\/strong><\/p>\n\n\n\n<p>University of Las Palmas de Gran Canaria, Espa\u00f1a<\/p>\n\n\n\n<p>Email:&nbsp;<\/p>\n\n\n\n<p>hfabelo@iuma.ulpgc.es<\/p>\n<\/div>\n\n\n\n<div style=\"height:100px;width:0px\" aria-hidden=\"true\" class=\"wp-block-spacer wp-container-content-6388d5dc\"><\/div>\n\n\n\n<div class=\"wp-block-group is-vertical is-layout-flex wp-container-core-group-is-layout-b7faace9 wp-block-group-is-layout-flex\">\n<p><strong>Himar Fabelo&nbsp;<\/strong>received the Telecommunication Engineering and the master\u2019s and Ph.D. degrees in Telecommunication Technologies from the University of Las Palmas de Gran Canaria (ULPGC), Spain, in 2013, 2014 and 2019. He achieved the&nbsp;<strong>Cum Laude<\/strong>&nbsp;qualification and the&nbsp;<strong>International Mention<\/strong>, and the&nbsp;<strong>Extraordinary Prize of PhD<\/strong>&nbsp;of 2018\/2019. In 2015, he started to work as a&nbsp;<strong>Coordination Assistant and Researcher in the HELICoiD European Project<\/strong>, with the goal of applying hyperspectral imaging (HSI) for intraoperative brain cancer detection. In 2017, he obtained the&nbsp;<strong>Predoctoral Research Grant<\/strong>&nbsp;of the ULPGC and, in 2019, he achieved the&nbsp;<strong>Postdoctoral Orientation Period (POP)<\/strong>&nbsp;contract. He has conducted his research activity in the Integrated System Design Division, Institute for Applied Microelectronics of the ULPGC, in the field of electronics and bioengineering. In 2018, he performed a research stay in the Department of Bioengineering at&nbsp;<strong>The University of Texas at Dallas (UTD)<\/strong>, under the supervision of&nbsp;<strong>Prof. Baowei Fei<\/strong>, working in medical HSI analysis using deep learning algorithms.<\/p>\n\n\n\n<p>He has performed several international collaborations, having&nbsp;more than&nbsp;<strong>25 journal publications&nbsp;with many relevant research institutions<\/strong>. He has published&nbsp;more than&nbsp;<strong>30 international conference papers<\/strong>. He was invited as a&nbsp;<strong>Keynote Speaker at the Photonex 2016 \u2013HSI Conference<\/strong>&nbsp;and he has act as a&nbsp;<strong>reviewer of more than 10 different journals<\/strong>. He published an&nbsp;<strong>international patent<\/strong>&nbsp;(PCT\/EP2016\/078477). He received the&nbsp;<strong>\u201cRobert F. Wagner All-Conference Best Student Paper Award\u201d<\/strong>&nbsp;at the SPIE Medical Imaging 2019, the&nbsp;<strong>\u201cBest Demo Night Award\u201d<\/strong>&nbsp;in the DASIP 2016 conference and the&nbsp;<strong>\u201cBest Paper Award\u201d<\/strong>&nbsp;in the JCE 2015 conference. He also received the&nbsp;<strong>First Prize<\/strong>&nbsp;in the category \u00abPhD\u2019s, Master\u2019s, Degree\u2019s project\u00bb of the&nbsp;<strong>\u201cPremios C\u00e1tedra Telef\u00f3nica de Investigaci\u00f3n, Innovaci\u00f3n y Cultura Cient\u00edfica 2019-ULPGC\u201d<\/strong>.<\/p>\n\n\n\n<p>Currently, he is starting his&nbsp;<strong>second PhD in Research in Biomedicine<\/strong>&nbsp;at the ULPGC, and he is also currently working in the continuation of the HSI application human brain cancer detection in real-time during neurosurgical operations, collaborating with different international institutions.<\/p>\n<\/div>\n<\/div>\n\n\n\n<div style=\"height:50px\" aria-hidden=\"true\" class=\"wp-block-spacer\"><\/div>\n\n\n\n<div class=\"wp-block-group is-vertical is-content-justification-center is-layout-flex wp-container-core-group-is-layout-4b2eccd6 wp-block-group-is-layout-flex\">\n<div class=\"wp-block-group wp-container-content-9cfa9a5a is-nowrap is-layout-flex wp-container-core-group-is-layout-ad2f72ca wp-block-group-is-layout-flex\">\n<figure class=\"wp-block-image size-full is-resized wp-container-content-9cfa9a5a\"><a href=\"https:\/\/scholar.google.com.au\/citations?hl=en&amp;user=bB3DKhkAAAAJ\" target=\"_blank\" rel=\"noreferrer noopener\"><img decoding=\"async\" src=\"https:\/\/www.iuma.ulpgc.es\/gustavo\/wp-content\/uploads\/2023\/04\/scholar.png\" alt=\"\" class=\"wp-image-797\" style=\"width:100px\" width=\"100\" srcset=\"https:\/\/www.iuma.ulpgc.es\/gustavo\/wp-content\/uploads\/2023\/04\/scholar.png 1024w, https:\/\/www.iuma.ulpgc.es\/gustavo\/wp-content\/uploads\/2023\/04\/scholar-300x300.png 300w, https:\/\/www.iuma.ulpgc.es\/gustavo\/wp-content\/uploads\/2023\/04\/scholar-150x150.png 150w, https:\/\/www.iuma.ulpgc.es\/gustavo\/wp-content\/uploads\/2023\/04\/scholar-768x768.png 768w\" sizes=\"(max-width: 1024px) 100vw, 1024px\" \/><\/a><\/figure>\n\n\n\n<figure class=\"wp-block-image size-large is-resized wp-container-content-9cfa9a5a\"><a href=\"https:\/\/orcid.org\/0000-0002-7519-954X\t\" target=\"_blank\" rel=\"noreferrer noopener\"><img decoding=\"async\" src=\"https:\/\/www.iuma.ulpgc.es\/gustavo\/wp-content\/uploads\/2023\/04\/ORCID_iDpng-1024x1024.png\" alt=\"\" class=\"wp-image-798\" style=\"width:100px\" width=\"100\" srcset=\"https:\/\/www.iuma.ulpgc.es\/gustavo\/wp-content\/uploads\/2023\/04\/ORCID_iDpng-1024x1024.png 1024w, https:\/\/www.iuma.ulpgc.es\/gustavo\/wp-content\/uploads\/2023\/04\/ORCID_iDpng-300x300.png 300w, https:\/\/www.iuma.ulpgc.es\/gustavo\/wp-content\/uploads\/2023\/04\/ORCID_iDpng-150x150.png 150w, https:\/\/www.iuma.ulpgc.es\/gustavo\/wp-content\/uploads\/2023\/04\/ORCID_iDpng-768x768.png 768w, https:\/\/www.iuma.ulpgc.es\/gustavo\/wp-content\/uploads\/2023\/04\/ORCID_iDpng-1536x1536.png 1536w, https:\/\/www.iuma.ulpgc.es\/gustavo\/wp-content\/uploads\/2023\/04\/ORCID_iDpng.png 2048w\" sizes=\"(max-width: 1024px) 100vw, 1024px\" \/><\/a><\/figure>\n\n\n\n<figure class=\"wp-block-image size-full is-resized wp-container-content-9cfa9a5a\"><a href=\"https:\/\/www.linkedin.com\/in\/sortegasarmiento\/\" target=\"_blank\" rel=\"noreferrer noopener\"><img decoding=\"async\" src=\"https:\/\/www.iuma.ulpgc.es\/gustavo\/wp-content\/uploads\/2023\/04\/LinkedIn.png\" alt=\"\" class=\"wp-image-799\" style=\"width:100px\" width=\"100\" srcset=\"https:\/\/www.iuma.ulpgc.es\/gustavo\/wp-content\/uploads\/2023\/04\/LinkedIn.png 640w, https:\/\/www.iuma.ulpgc.es\/gustavo\/wp-content\/uploads\/2023\/04\/LinkedIn-300x300.png 300w, https:\/\/www.iuma.ulpgc.es\/gustavo\/wp-content\/uploads\/2023\/04\/LinkedIn-150x150.png 150w\" sizes=\"(max-width: 640px) 100vw, 640px\" \/><\/a><\/figure>\n<\/div>\n\n\n\n<figure class=\"wp-block-image size-full is-resized wp-container-content-9cfa9a5a\"><a href=\"https:\/\/cvn.fecyt.es\/0000-0002-7519-954X\" target=\"_blank\" rel=\"noreferrer noopener\"><img decoding=\"async\" src=\"https:\/\/www.iuma.ulpgc.es\/gustavo\/wp-content\/uploads\/2023\/04\/cvn_CVG.bmp\" alt=\"\" class=\"wp-image-831\" style=\"width:300px\" width=\"300\"\/><\/a><\/figure>\n<\/div>\n","protected":false},"excerpt":{"rendered":"<p>Contact Information University Institute of Applied Microelectronics University of Las Palmas de Gran Canaria, Espa\u00f1a Email:&nbsp; hfabelo@iuma.ulpgc.es Himar Fabelo&nbsp;received the Telecommunication Engineering and the master\u2019s and Ph.D. degrees in Telecommunication Technologies from the University of Las Palmas de Gran Canaria (ULPGC), Spain, in 2013, 2014 and 2019. He achieved the&nbsp;Cum Laude&nbsp;qualification and the&nbsp;International Mention, and &hellip; <a href=\"https:\/\/www.iuma.ulpgc.es\/gustavo\/himar-fabelo\/\" class=\"more-link\">Continue reading <span class=\"screen-reader-text\">Himar Fabelo<\/span> <span class=\"meta-nav\">&rarr;<\/span><\/a><\/p>\n","protected":false},"author":1,"featured_media":0,"parent":0,"menu_order":0,"comment_status":"closed","ping_status":"closed","template":"","meta":{"footnotes":""},"class_list":["post-733","page","type-page","status-publish","hentry"],"_links":{"self":[{"href":"https:\/\/www.iuma.ulpgc.es\/gustavo\/wp-json\/wp\/v2\/pages\/733","targetHints":{"allow":["GET"]}}],"collection":[{"href":"https:\/\/www.iuma.ulpgc.es\/gustavo\/wp-json\/wp\/v2\/pages"}],"about":[{"href":"https:\/\/www.iuma.ulpgc.es\/gustavo\/wp-json\/wp\/v2\/types\/page"}],"author":[{"embeddable":true,"href":"https:\/\/www.iuma.ulpgc.es\/gustavo\/wp-json\/wp\/v2\/users\/1"}],"replies":[{"embeddable":true,"href":"https:\/\/www.iuma.ulpgc.es\/gustavo\/wp-json\/wp\/v2\/comments?post=733"}],"version-history":[{"count":25,"href":"https:\/\/www.iuma.ulpgc.es\/gustavo\/wp-json\/wp\/v2\/pages\/733\/revisions"}],"predecessor-version":[{"id":1165,"href":"https:\/\/www.iuma.ulpgc.es\/gustavo\/wp-json\/wp\/v2\/pages\/733\/revisions\/1165"}],"wp:attachment":[{"href":"https:\/\/www.iuma.ulpgc.es\/gustavo\/wp-json\/wp\/v2\/media?parent=733"}],"curies":[{"name":"wp","href":"https:\/\/api.w.org\/{rel}","templated":true}]}}