{"id":853,"date":"2023-04-28T11:49:40","date_gmt":"2023-04-28T10:49:40","guid":{"rendered":"https:\/\/www.iuma.ulpgc.es\/gustavo\/?page_id=853"},"modified":"2023-09-29T10:55:31","modified_gmt":"2023-09-29T09:55:31","slug":"raquel-leon","status":"publish","type":"page","link":"https:\/\/www.iuma.ulpgc.es\/gustavo\/raquel-leon\/","title":{"rendered":"Raquel Le\u00f3n"},"content":{"rendered":"\n<div class=\"wp-block-group is-nowrap is-layout-flex wp-container-core-group-is-layout-64989fb1 wp-block-group-is-layout-flex\">\n<div class=\"wp-block-group is-vertical is-layout-flex wp-container-core-group-is-layout-b7faace9 wp-block-group-is-layout-flex\">\n<figure class=\"wp-block-image size-thumbnail\"><img loading=\"lazy\" decoding=\"async\" width=\"150\" height=\"150\" src=\"https:\/\/www.iuma.ulpgc.es\/gustavo\/wp-content\/uploads\/2023\/04\/Foto_SLM-150x150.jpg\" alt=\"\" class=\"wp-image-441\"\/><\/figure>\n\n\n\n<h2 class=\"wp-block-heading\">Contact Information<\/h2>\n\n\n\n<p><strong>University Institute of Applied Microelectronics<\/strong><\/p>\n\n\n\n<p>University of Las Palmas de Gran Canaria, Espa\u00f1a<\/p>\n\n\n\n<p>Email:&nbsp;<\/p>\n\n\n\n<p>slmartin@iuma.ulpgc.es<\/p>\n<\/div>\n\n\n\n<div style=\"height:100px;width:0px\" aria-hidden=\"true\" class=\"wp-block-spacer wp-container-content-6388d5dc\"><\/div>\n\n\n\n<div class=\"wp-block-group is-vertical is-layout-flex wp-container-core-group-is-layout-b7faace9 wp-block-group-is-layout-flex\">\n<p><strong>Raquel Le\u00f3n Mart\u00edn<\/strong>&nbsp;received a telecommunication engineer degree and a research Master\u2019s degree in telecommunication technologies from the ULPGC, Spain in 2017 and 2018, respectively. Since then, she has been conducting research in the Integrated System Design Division, Institute for Applied Microelectronics (IUMA), ULPGC, in the field of electronics and bioengineering. In 2018, she started work as a researcher on the ITHaCA project (hyperspectral identification of brain tumors). In 2020. she obtained a predoctoral research grant from the Canary Islands Government. Currently, she is a Ph.D. student in telecommunication technologies and computer engineering, and her current research interests include use of HSI for real-time cancer detection. She has co-supervised 11 Degree Final Projects and Master\u2019s Thesis at the ULPGC and has published 8 conference papers and 7 journal papers (4 Q1-JCR y 3 Q2-JCR).<\/p>\n<\/div>\n<\/div>\n\n\n\n<div style=\"height:50px\" aria-hidden=\"true\" class=\"wp-block-spacer\"><\/div>\n\n\n\n<div class=\"wp-block-group is-vertical is-content-justification-center is-layout-flex wp-container-core-group-is-layout-4b2eccd6 wp-block-group-is-layout-flex\">\n<div class=\"wp-block-group wp-container-content-9cfa9a5a is-nowrap is-layout-flex wp-container-core-group-is-layout-ad2f72ca wp-block-group-is-layout-flex\">\n<figure class=\"wp-block-image size-full is-resized wp-container-content-9cfa9a5a\"><a href=\"https:\/\/scholar.google.com\/citations?user=VJUYmsoAAAAJ&amp;hl=en\" target=\"_blank\" rel=\"noreferrer noopener\"><img decoding=\"async\" src=\"https:\/\/www.iuma.ulpgc.es\/gustavo\/wp-content\/uploads\/2023\/04\/scholar.png\" alt=\"\" class=\"wp-image-797\" style=\"width:100px\" width=\"100\" srcset=\"https:\/\/www.iuma.ulpgc.es\/gustavo\/wp-content\/uploads\/2023\/04\/scholar.png 1024w, https:\/\/www.iuma.ulpgc.es\/gustavo\/wp-content\/uploads\/2023\/04\/scholar-300x300.png 300w, https:\/\/www.iuma.ulpgc.es\/gustavo\/wp-content\/uploads\/2023\/04\/scholar-150x150.png 150w, https:\/\/www.iuma.ulpgc.es\/gustavo\/wp-content\/uploads\/2023\/04\/scholar-768x768.png 768w\" sizes=\"(max-width: 1024px) 100vw, 1024px\" \/><\/a><\/figure>\n\n\n\n<figure class=\"wp-block-image size-large is-resized wp-container-content-9cfa9a5a\"><a href=\"https:\/\/orcid.org\/0000-0002-4287-3200\" target=\"_blank\" rel=\"noreferrer noopener\"><img decoding=\"async\" src=\"https:\/\/www.iuma.ulpgc.es\/gustavo\/wp-content\/uploads\/2023\/04\/ORCID_iDpng-1024x1024.png\" alt=\"\" class=\"wp-image-798\" style=\"width:100px\" width=\"100\" srcset=\"https:\/\/www.iuma.ulpgc.es\/gustavo\/wp-content\/uploads\/2023\/04\/ORCID_iDpng-1024x1024.png 1024w, https:\/\/www.iuma.ulpgc.es\/gustavo\/wp-content\/uploads\/2023\/04\/ORCID_iDpng-300x300.png 300w, https:\/\/www.iuma.ulpgc.es\/gustavo\/wp-content\/uploads\/2023\/04\/ORCID_iDpng-150x150.png 150w, https:\/\/www.iuma.ulpgc.es\/gustavo\/wp-content\/uploads\/2023\/04\/ORCID_iDpng-768x768.png 768w, https:\/\/www.iuma.ulpgc.es\/gustavo\/wp-content\/uploads\/2023\/04\/ORCID_iDpng-1536x1536.png 1536w, https:\/\/www.iuma.ulpgc.es\/gustavo\/wp-content\/uploads\/2023\/04\/ORCID_iDpng.png 2048w\" sizes=\"(max-width: 1024px) 100vw, 1024px\" \/><\/a><\/figure>\n\n\n\n<figure class=\"wp-block-image size-full is-resized wp-container-content-9cfa9a5a\"><a href=\"https:\/\/www.linkedin.com\/in\/raquel-le%C3%B3n-101305182\/\" target=\"_blank\" rel=\"noreferrer noopener\"><img decoding=\"async\" src=\"https:\/\/www.iuma.ulpgc.es\/gustavo\/wp-content\/uploads\/2023\/04\/LinkedIn.png\" alt=\"\" class=\"wp-image-799\" style=\"width:100px\" width=\"100\" srcset=\"https:\/\/www.iuma.ulpgc.es\/gustavo\/wp-content\/uploads\/2023\/04\/LinkedIn.png 640w, https:\/\/www.iuma.ulpgc.es\/gustavo\/wp-content\/uploads\/2023\/04\/LinkedIn-300x300.png 300w, https:\/\/www.iuma.ulpgc.es\/gustavo\/wp-content\/uploads\/2023\/04\/LinkedIn-150x150.png 150w\" sizes=\"(max-width: 640px) 100vw, 640px\" \/><\/a><\/figure>\n<\/div>\n\n\n\n<figure class=\"wp-block-image size-full is-resized wp-container-content-9cfa9a5a\"><a href=\"https:\/\/cvn.fecyt.es\/0000-0002-4287-3200\" target=\"_blank\" rel=\"noreferrer noopener\"><img decoding=\"async\" src=\"https:\/\/www.iuma.ulpgc.es\/gustavo\/wp-content\/uploads\/2023\/04\/cvn_CVG.bmp\" alt=\"\" class=\"wp-image-831\" style=\"width:300px\" width=\"300\"\/><\/a><\/figure>\n<\/div>\n","protected":false},"excerpt":{"rendered":"<p>Contact Information University Institute of Applied Microelectronics University of Las Palmas de Gran Canaria, Espa\u00f1a Email:&nbsp; slmartin@iuma.ulpgc.es Raquel Le\u00f3n Mart\u00edn&nbsp;received a telecommunication engineer degree and a research Master\u2019s degree in telecommunication technologies from the ULPGC, Spain in 2017 and 2018, respectively. Since then, she has been conducting research in the Integrated System Design Division, Institute &hellip; <a href=\"https:\/\/www.iuma.ulpgc.es\/gustavo\/raquel-leon\/\" class=\"more-link\">Continue reading <span class=\"screen-reader-text\">Raquel Le\u00f3n<\/span> <span class=\"meta-nav\">&rarr;<\/span><\/a><\/p>\n","protected":false},"author":1,"featured_media":0,"parent":0,"menu_order":0,"comment_status":"closed","ping_status":"closed","template":"","meta":{"footnotes":""},"class_list":["post-853","page","type-page","status-publish","hentry"],"_links":{"self":[{"href":"https:\/\/www.iuma.ulpgc.es\/gustavo\/wp-json\/wp\/v2\/pages\/853","targetHints":{"allow":["GET"]}}],"collection":[{"href":"https:\/\/www.iuma.ulpgc.es\/gustavo\/wp-json\/wp\/v2\/pages"}],"about":[{"href":"https:\/\/www.iuma.ulpgc.es\/gustavo\/wp-json\/wp\/v2\/types\/page"}],"author":[{"embeddable":true,"href":"https:\/\/www.iuma.ulpgc.es\/gustavo\/wp-json\/wp\/v2\/users\/1"}],"replies":[{"embeddable":true,"href":"https:\/\/www.iuma.ulpgc.es\/gustavo\/wp-json\/wp\/v2\/comments?post=853"}],"version-history":[{"count":6,"href":"https:\/\/www.iuma.ulpgc.es\/gustavo\/wp-json\/wp\/v2\/pages\/853\/revisions"}],"predecessor-version":[{"id":1168,"href":"https:\/\/www.iuma.ulpgc.es\/gustavo\/wp-json\/wp\/v2\/pages\/853\/revisions\/1168"}],"wp:attachment":[{"href":"https:\/\/www.iuma.ulpgc.es\/gustavo\/wp-json\/wp\/v2\/media?parent=853"}],"curies":[{"name":"wp","href":"https:\/\/api.w.org\/{rel}","templated":true}]}}