{"id":1753,"date":"2022-10-20T10:21:45","date_gmt":"2022-10-20T10:21:45","guid":{"rendered":"https:\/\/www.iuma.ulpgc.es\/meta\/?page_id=1753"},"modified":"2022-11-05T23:32:48","modified_gmt":"2022-11-05T23:32:48","slug":"preguntas-frecuentes","status":"publish","type":"page","link":"https:\/\/www.iuma.ulpgc.es\/meta\/preguntas-frecuentes\/","title":{"rendered":"Preguntas frecuentes"},"content":{"rendered":"<p><a id=\"expAll\" class=\"col\" href=\"#\/\">Expandir\/Contraer<\/a><\/p>\n<details>\n<summary><b>\u00bfCu\u00e1ndo me tengo que matricular?<\/b><\/summary>\n<p><i>Antes de realizar la matr\u00edcula debes realizar la preinscripci\u00f3n en el m\u00e1ster para baremar tu solicitud y asignar plaza en su caso. Los <a href=\"https:\/\/www.ulpgc.es\/masteres-administracion\">plazos de preinscripci\u00f3n y matr\u00edcula<\/a> vienen fijados por la Unidad de Postgrado y Doctorado de la ULPGC.<\/i><\/p>\n<\/details><details>\n<summary><b>Estoy finalizando un Grado \u00bfpuedo matricularme en este M\u00e1ster?<\/b><\/summary>\n<p><i>Si est\u00e1s terminando el grado debes hacer la preinscripci\u00f3n lo antes posible si no lo has hecho previamente. <a href=\"https:\/\/www.ulpgc.es\/masteres-administracion\">Ver la informaci\u00f3n sobre procedimientos de matriculaci\u00f3n de M\u00e1ster de la ULPGC<\/a>. En cualquier caso, si tienes previsto presentar tu Trabajo Fin de Grado en convocatoria especial puedes matricularte en el META de forma provisional , en el caso de que se te haya asignado plaza, y demostrar que has adquirido y pagado el t\u00edtulo antes del 30 de enero del curso en vigor para hacer definitiva la matr\u00edcula. Puedes asistir a clase durante el primer semestre y completar tu TFG en plazo (depende del centro), y as\u00ed no perder un curso completo de formaci\u00f3n de M\u00e1ster. Evidentemente ello te supondr\u00e1 un esfuerzo adicional. Para cada caso concreto debes contactar con la <a href=\"https:\/\/www.iuma.ulpgc.es\/meta\/personas-de-contacto-meta\/\">Administraci\u00f3n del M\u00e1ster<\/a>.<\/i><\/p>\n<\/details><details>\n<summary><b>\u00bfCu\u00e1nto dura el m\u00e1ster?<\/b><\/summary>\n<p><i>El META dura un curso acad\u00e9mico, con un total de 60 cr\u00e9ditos, incluyendo el Trabajo Fin de Master<\/i><\/p>\n<\/details><details>\n<summary><b>\u00bfPuedo realizar el m\u00e1ster en un a\u00f1o?<\/b><\/summary>\n<p><i>S\u00ed. El META est\u00e1 dise\u00f1ado para ser realizado en un a\u00f1o (curso acad\u00e9mico) de tal forma que, es posible alcanzar los requisitos de 300 Cr\u00e9ditos exigidos para alcanzar un nivel MECES-3.<\/i><\/p>\n<\/details><details>\n<summary><b>\u00bfCu\u00e1ntas asignaturas hay que cursar?<\/b><\/summary>\n<p><i>En\u00a0 el primer semestre se cursan 6 asignaturas obligatorias (30 cr\u00e9ditos). En el segundo semestre se cursan 4 asignaturas optativas (18 cr\u00e9ditos) y el Trabajo Fin de M\u00e1ster (12 cr\u00e9ditos).<\/i><\/p>\n<\/details><details>\n<summary><b>\u00bfSe ofertar\u00e1n todas las asignaturas que figuran en el Plan de Estudios?<\/b><\/summary>\n<p><i>S\u00ed. En la actualidad se ofertan TODAS las asignaturas incluidas en el plan de estudio. En el primer semestre todas las asignaturas son obligatorias. En el segundo semestre todas las asignaturas son optativas. Se ofertan 8 asignaturas (36 cr\u00e9ditos) y el estudiante tiene que superar 4 asignaturas (18 cr\u00e9ditos).<\/i><\/p>\n<\/details><details>\n<summary><b>El horario de docencia \u00bfser\u00e1 por las ma\u00f1anas o por las tardes?<\/b><\/summary>\n<p><i>El META se imparte en la actualidad en <a href=\"https:\/\/www.iuma.ulpgc.es\/meta\/documentos\/curso_2022_2023\/horario\/Horario%20META%202022-2023.pdf\">horario de tarde de 15:00 a 20 horas y de lunes a jueves<\/a>.\u00a0<\/i><\/p>\n<\/details><details>\n<summary><b>Si trabajo y no me es posible asistir todos los d\u00edas \u00bfpuedo matricularme de unas pocas asignaturas?<\/b><\/summary>\n<p><i>En este caso, las normas de progreso y permanencia de la ULPGC te consideran como estudiante a tiempo parcial. Hay distintas modalidades y plazos definidos por el Consejo Social de la ULPGC. Para cada caso concreto y los procedimientos a realizar debes contactar con la <a href=\"https:\/\/www.iuma.ulpgc.es\/meta\/personas-de-contacto-meta\/\">Administraci\u00f3n del M\u00e1ster<\/a>.<\/i><\/p>\n<\/details><details>\n<summary><b>\u00bfHay que realizar un Trabajo Fin de M\u00e1ster?<\/b><\/summary>\n<p><i>S\u00ed. El META exige la realizaci\u00f3n de un Trabajo Fin de M\u00e1ster que representa 12 cr\u00e9ditos, cuantificado en unas 300 horas efectivas, que se realiza en el segundo semestre del curso en r\u00e9gimen de tutor\u00eda bajo la supervisi\u00f3n de un profesor del M\u00e1ster. Generalmente est\u00e1 relacionada con las \u00e1reas de actividad del IUMA, en sus l\u00edneas de I+D. En <a href=\"https:\/\/www.iuma.ulpgc.es\/meta\/trabajos-fin-de-master\/\">este enlace<\/a> puedes consultar los TFMs presentados hasta la fecha.<\/i><\/p>\n<\/details><details>\n<summary><b>\u00bfSe puede cursar el M\u00e1ster a distancia?<\/b><\/summary>\n<p><i>No. El m\u00e1ster es presencial y la asistencia es obligatoria, regulada por las normas de la ULPGC.<\/i><\/p>\n<\/details><details>\n<summary><b>\u00bfCu\u00e1nto cuesta la matr\u00edcula del M\u00e1ster?<\/b><\/summary>\n<p><i>Los precios de la <a href=\"https:\/\/www.gobiernodecanarias.org\/universidades\/ensenanzas\/matriculas_tasas_precios\/\">matr\u00edcula est\u00e1n regulados por decreto del Gobierno de Canarias<\/a>. A modo de ejemplo, para el curso 2022\/2023 el coste en primera matr\u00edcula del cr\u00e9dito del m\u00e1ster es de 15,15 Euros, lo que supone un coste de unos 909 Euros por los 60 cr\u00e9ditos que conforman el META. Es necesario tener en cuenta las tasas adicionales que son aplicables. Este coste se puede pagar en modalidad de pago fraccionado (6 plazos). Si disfrutas de una beca con cargo a los Presupuestos Generales del Estado o a los Presupuestos Generales de la Comunidad Aut\u00f3noma de Canarias normalmente est\u00e1n exentas de abonar los precios p\u00fablicos asociados el coste de la matr\u00edcula. Debes verificar que tu beca cumple estos requisitos.<\/i><\/p>\n<\/details><details>\n<summary><b>\u00bfPuedo solicitar una beca para cursar el M\u00e1ster?<\/b><\/summary>\n<p><i>S\u00ed. Existen distintas becas ofertadas por los Cabildos Insulares, el <a href=\"https:\/\/www.gobiernodecanarias.org\/educacion\/web\/estudiantes\/becas_ayudas_subvenciones\/\">Gobierno de Canarias<\/a>, por el <a href=\"https:\/\/www.becaseducacion.gob.es\/becas-y-ayudas.html\">Ministerio de Educaci\u00f3n y Formaci\u00f3n Profesional<\/a> y por el propio IUMA (se anuncian en la informaci\u00f3n detallada del curso en esta misma web). La ULPGC mantiene informaci\u00f3n de plazos y procedimientos en la p\u00e1gina web del <a href=\"https:\/\/www.ulpgc.es\/becas\">Servicio de Becas y Ayudas<\/a> de la ULPGC. Si est\u00e1s terminando el Grado, presentando el TFG en la convocatoria Especial y quieres seguir estudiando en el META, consulta con el\u00a0 <a href=\"https:\/\/www.ulpgc.es\/becas\">Servicio de Becas y Ayudas<\/a> la posibilidad de mantener la beca solicitada para el grado.<\/i><\/p>\n<\/details>\n\n\n<script type=\"text\/javascript\">\n\/\/ Reference the toggle link\nconst xa = document.getElementById('expAll');\n\n\/\/ Register link on click event\nxa.addEventListener('click', function(e) {\n\n  \/* Toggle the two classes that represent \"state\"\n  || determined when link is clicked\n  *\/\n  e.currentTarget.classList.toggle('exp');\n  e.currentTarget.classList.toggle('col');\n\n  \/\/ Collect all <details> into a NodeList\n  const details = document.querySelectorAll('details');\n\n  \/* Convert NodeList into an array then iterate\n  || through it...\n  *\/\n  Array.from(details).forEach(function(obj, idx) {\n\n    \/* If the link has the class .exp...\n    || make each <detail>'s open attribute true\n    *\/\n    if (e.currentTarget.classList.contains('exp')) {\n      obj.open = true;\n      \/\/ Otherwise remove [open]\n    } else {\n      obj.removeAttribute('open');\n    }\n\n  });\n\n}, false);\n<\/script>","protected":false},"excerpt":{"rendered":"<p>Expandir\/Contraer \u00bfCu\u00e1ndo me tengo que matricular? Antes de realizar la matr\u00edcula debes realizar la preinscripci\u00f3n en el m\u00e1ster para baremar tu solicitud y asignar plaza en su caso. Los plazos de preinscripci\u00f3n y matr\u00edcula vienen fijados por la Unidad de Postgrado y Doctorado de la ULPGC. Estoy finalizando un Grado \u00bfpuedo matricularme en este M\u00e1ster? [&hellip;]<\/p>","protected":false},"author":3,"featured_media":0,"parent":0,"menu_order":0,"comment_status":"closed","ping_status":"closed","template":"","meta":{"footnotes":""},"class_list":["post-1753","page","type-page","status-publish","czr-hentry"],"_links":{"self":[{"href":"https:\/\/www.iuma.ulpgc.es\/meta\/wp-json\/wp\/v2\/pages\/1753","targetHints":{"allow":["GET"]}}],"collection":[{"href":"https:\/\/www.iuma.ulpgc.es\/meta\/wp-json\/wp\/v2\/pages"}],"about":[{"href":"https:\/\/www.iuma.ulpgc.es\/meta\/wp-json\/wp\/v2\/types\/page"}],"author":[{"embeddable":true,"href":"https:\/\/www.iuma.ulpgc.es\/meta\/wp-json\/wp\/v2\/users\/3"}],"replies":[{"embeddable":true,"href":"https:\/\/www.iuma.ulpgc.es\/meta\/wp-json\/wp\/v2\/comments?post=1753"}],"version-history":[{"count":28,"href":"https:\/\/www.iuma.ulpgc.es\/meta\/wp-json\/wp\/v2\/pages\/1753\/revisions"}],"predecessor-version":[{"id":1891,"href":"https:\/\/www.iuma.ulpgc.es\/meta\/wp-json\/wp\/v2\/pages\/1753\/revisions\/1891"}],"wp:attachment":[{"href":"https:\/\/www.iuma.ulpgc.es\/meta\/wp-json\/wp\/v2\/media?parent=1753"}],"curies":[{"name":"wp","href":"https:\/\/api.w.org\/{rel}","templated":true}]}}