{"id":606,"date":"2018-03-01T13:41:48","date_gmt":"2018-03-01T13:41:48","guid":{"rendered":"https:\/\/www.iuma.ulpgc.es\/mtt\/?page_id=606"},"modified":"2022-11-09T10:47:54","modified_gmt":"2022-11-09T10:47:54","slug":"estudiantes-egresados","status":"publish","type":"page","link":"https:\/\/www.iuma.ulpgc.es\/meta\/estudiantes-egresados\/","title":{"rendered":"Estudiantes egresados"},"content":{"rendered":"<h2>Motivaci\u00f3n<\/h2>\n<p>En las diferentes ediciones del <a href=\"https:\/\/www.iuma.ulpgc.es\/meta\/\" target=\"_blank\" rel=\"noopener\">M\u00e1ster en Electr\u00f3nica y Telecomunicaci\u00f3n Aplicadas<\/a> han\u00a0 obtenido su titulaci\u00f3n un n\u00famero significativo de profesionales que ejercen su labor en diferentes empresas del sector o se dedican a labores de investigaci\u00f3n habiendo obtenido el correspondiente t\u00edtulo de doctor o est\u00e1n en fase de obtenerlo, teniendo en cuenta que este M\u00e1ster da acceso directo en la actualidad al <a href=\"https:\/\/www.iuma.ulpgc.es\/t2ic\/es\/\" target=\"_blank\" rel=\"noopener\">Doctorado en Tecnolog\u00edas de Telecomunicaci\u00f3n e Ingenier\u00eda Computacional (T2IC)<\/a>.<\/p>\n<p>Es inter\u00e9s del IUMA mantener contacto con los estudiantes egresados por diferentes motivos. Por una parte, tener una realimentaci\u00f3n de la investigaci\u00f3n y desarrollo que se realiza en la industria para reforzar el car\u00e1cter aplicado de la investigaci\u00f3n que se realiza en el IUMA. Por otra, para facilitar la colaboraci\u00f3n Universidad-Empresa, manteniendo v\u00ednculos estables.<\/p>\n<h2>Opiniones de los egresados<\/h2>\n<p><!-- Irene --><\/p>\n<div class=\"egresados\">\n<p><img loading=\"lazy\" decoding=\"async\" class=\"wp-image-1786 size-thumbnail alignleft\" style=\"border-radius: 3px;\" src=\"https:\/\/www.iuma.ulpgc.es\/meta\/wp-content\/uploads\/2022\/10\/irene_merino-scaled-e1666780060164-150x150.jpg\" alt=\"Irene Merino Fern\u00e1ndez\" width=\"150\" height=\"150\" \/><strong>Irene Merino Fern\u00e1ndez<\/strong> complet\u00f3 los estudios de M\u00e1ster\u00a0 Universitario en Electr\u00f3nica y Telecomunicaci\u00f3n Aplicadas (META) en el curso 2020\/2021 realizando su Trabajo Fin de M\u00e1ster titulado\u00a0 \u00ab<a href=\"https:\/\/www.iuma.ulpgc.es\/tfm_meta\/trabajo-fin-master.php?id=76\" target=\"_blank\" rel=\"noopener\">An\u00e1lisis y dise\u00f1o de arrays de antenas en fase para constelaciones de sat\u00e9lites LEO<\/a>\u00ab, en las \u00e1reas de \u00ab<em>patch antenna, antenna array, Ka-band, Ku-band, K-band<\/em>\u00ab. En la actualidad, trabaja como investigadora predoctoral en la Universidad de Las Palmas de Gran Canaria, y su \u00e1rea de actividad principal es\u00a0 el <em>beamforming digita<\/em>l aplicado a <em>arrays<\/em> de antenas en fase. Igualmente, realiza el doctorado en Tecnolog\u00edas de la Telecomunicaci\u00f3n e Ingenier\u00eda Computacional . De enero a mayo del 2022 realiz\u00f3 pr\u00e1cticas en la empresa canaria Wireless Innovative MMIC (WIMMIC), donde sus labores inclu\u00edan el dise\u00f1o RFIC.<\/p>\n<blockquote class=\"egresados\"><p>Irene opina que \u00abel m\u00e1ster te abre muchas posibilidades que tal vez no contemplamos cuando empezamos el grado, est\u00e1 orientado a un perfil investigador, ya sea para realizar unos estudios de doctorado, o trabajar con empresas en departamentos de I+D+i. Es un m\u00e1ster bien organizado, donde todos los profesores se preocupan del aprendizaje individual de cada estudiante, prestando la ayuda que sea necesaria. Recomiendo la realizaci\u00f3n de este m\u00e1ster, sobre todo si tienes un perfil investigador, o si no tienes muy claro con qu\u00e9 quieres seguir, ya que toca muchos \u00e1mbitos de la electr\u00f3nica y la telecomunicaci\u00f3n\u00bb.<\/p><\/blockquote>\n<\/div>\n<p><!-- Irene \/--><\/p>\n<p><!-- Carlos --><\/p>\n<div class=\"egresados\">\n<p><img loading=\"lazy\" decoding=\"async\" class=\"alignright wp-image-1777 size-thumbnail\" style=\"border-radius: 3px;\" src=\"https:\/\/www.iuma.ulpgc.es\/meta\/wp-content\/uploads\/2022\/10\/DSC2800_DxO-scaled-e1666614009771-150x150.jpg\" alt=\"Carlos Vega Garc\u00eda\" width=\"150\" height=\"150\" \/><strong>Carlos Vega Garc\u00eda<\/strong> complet\u00f3 los estudios de M\u00e1ster Universitario en Electr\u00f3nica y Telecomunicaci\u00f3n Aplicadas (META) en el curso 2020\/2021 realizando su Trabajo Fin de M\u00e1ster titulado \u00ab<a href=\"https:\/\/www.iuma.ulpgc.es\/tfm_meta\/trabajo-fin-master.php?id=77\" target=\"_blank\" rel=\"noopener\">Detecci\u00f3n y clasificaci\u00f3n de componentes electr\u00f3nicos mediante algoritmos de <em>Deep Learning<\/em><\/a>\u00ab, en las \u00e1reas de \u00ab<em>electronic component detection; electronic component classification; PCB; uncertainty analysis; deep learning<\/em>\u00bb con el que ha obtenido la calificaci\u00f3n de Matr\u00edcula de Honor. En la actualidad, trabaja como investigador predoctoral y su \u00e1rea de actividad principal es el desarrollo de algoritmos de <em>deep learning<\/em> y el desarrollo de sistemas electr\u00f3nicos y de instrumentaci\u00f3n. Igualmente, realiza estudios de doctorado en el proyecto titulado \u00abClassification and diagnosis of heterogeneous data sources using artificial intelligence with a probabilistic approach and real-time restrictions\u00bb.<\/p>\n<blockquote class=\"egresados\"><p>Carlos indica que \u00abel m\u00e1ster del IUMA es una buena oportunidad de aprendizaje y desarrollo profesional. Los contenidos impartidos en el \u00e1rea de sistemas electr\u00f3nicos, inteligencia artificial, programaci\u00f3n y comunicaciones son muy pr\u00e1cticos y con un gran inter\u00e9s de cara al mundo profesional. Lo recomiendo para todas las personas interesadas en el mundo del I+D tanto a nivel p\u00fablico como privado\u00bb.<\/p><\/blockquote>\n<\/div>\n<p><!-- Carlos \/--><\/p>\n<p><!-- Laura--><\/p>\n<div class=\"egresados\">\n<p><img loading=\"lazy\" decoding=\"async\" class=\"alignleft wp-image-1781 size-thumbnail\" style=\"border-radius: 3px;\" src=\"https:\/\/www.iuma.ulpgc.es\/meta\/wp-content\/uploads\/2022\/10\/canva-photo-editor-e1666701669155-150x150.png\" alt=\"Laura Quintana Quintana\" width=\"150\" height=\"150\" \/><strong>Laura Quintana Quintana<\/strong>\u00a0complet\u00f3 los estudios de M\u00e1ster Universitario en Electr\u00f3nica y Telecomunicaci\u00f3n Aplicadas en el curso 2019\/2020 realizando su Trabajo Fin de M\u00e1ster titulado \u00ab<a href=\"https:\/\/www.iuma.ulpgc.es\/tfm_meta\/trabajo-fin-master.php?id=75\" target=\"_blank\" rel=\"noopener\">Stitching Algorithms for Automatic Assembly of Hyperspectral Histological Images<\/a>\u00ab, con el cual ha obtenido la calificaci\u00f3n de Matr\u00edcula de Honor y m\u00e1s tarde el Premio de Orden Promocional en dicha titulaci\u00f3n. En la actualidad, Laura es estudiante de doctorado del en el IUMA y su principal \u00e1rea de actividad es el <em>estudio de la tecnolog\u00eda hiperespectral en aplicaciones m\u00e9dicas<\/em>.<\/p>\n<blockquote class=\"egresados\"><p>Laura nos dice que \u00abel paso por el META ha sido una experiencia enriquecedora. La amplia diversidad de asignaturas ofertadas me ha permitido indagar en las diferentes tem\u00e1ticas de investigaci\u00f3n que se realizan en el IUMA, decant\u00e1ndose finalmente por el campo de medicina hiperespectral. Adem\u00e1s, otras asignaturas como M\u00e9todos de investigaci\u00f3n cient\u00edfica, Programaci\u00f3n avanzada o Ciencia y anal\u00edtica de datos me han sido de gran ayuda posteriormente en mi vida profesional. En conclusi\u00f3n, esta titulaci\u00f3n me ha abierto las puertas al mundo de la investigaci\u00f3n, con la cual estoy ahora muy apasionada.\u00bb.<\/p><\/blockquote>\n<\/div>\n<p><!-- Laura \/--><\/p>\n<p><!-- Gabriel --><\/p>\n<div class=\"egresados\">\n<p><img loading=\"lazy\" decoding=\"async\" class=\"alignright wp-image-1838 size-thumbnail\" style=\"border-radius: 3px;\" src=\"https:\/\/www.iuma.ulpgc.es\/meta\/wp-content\/uploads\/2022\/10\/zPerfilSinFoto-150x150.jpg\" alt=\"Gabriel Santana Quintana\" width=\"150\" height=\"150\" \/><strong>Gabriel Santana Quintana<\/strong> complet\u00f3 los estudios de M\u00e1ster Universitario en Electr\u00f3nica y Telecomunicaci\u00f3n Aplicadas (META) en el curso 2021\/2022 realizando su Trabajo Fin de M\u00e1ster titulado <a href=\"https:\/\/www.iuma.ulpgc.es\/tfm_meta\/trabajo-fin-master.php?id=81\" target=\"_blank\" rel=\"noopener\">Metodolog\u00eda de dise\u00f1o de sistemas de control para dispositivos SoC FPGA<\/a>, en las \u00e1reas de \u00ab<em>PV; SoC FPGA; FPGA; MPPT; DPVAR; SIL; MIL; SoCIL; Matlab\/Simulink<\/em>\u00bb que ha obtenido matr\u00edcula de honor. En la actualidad, trabaja como t\u00e9cnico de proyectos y su \u00e1reas de actividad incluyen el dise\u00f1o ASIC, FPGA y redes CNN.<\/p>\n<blockquote class=\"egresados\"><p>Gabriel opina que \u00abel m\u00e1ster META te confiere una diversidad de conocimientos actualizados seg\u00fan el estado del arte y te prepara tanto para el mundo laboral como investigador en los temas que se imparten. Adem\u00e1s, te da las herramientas y las bases necesarias para poder expandir los conocimientos adquiridos durante el m\u00e1ster\u00bb.<\/p><\/blockquote>\n<\/div>\n<p><!-- Gabriel \/--><\/p>\n<p><!-- Selenia --><\/p>\n<div class=\"egresados\">\n<p><img loading=\"lazy\" decoding=\"async\" class=\"alignleft wp-image-1838 size-thumbnail\" style=\"border-radius: 3px;\" src=\"https:\/\/www.iuma.ulpgc.es\/meta\/wp-content\/uploads\/2022\/11\/selenia-150x150.png\" alt=\"Selenia Mar\u00eda Medina Hern\u00e1ndez\" width=\"150\" height=\"150\" \/><strong>Selenia Mar\u00eda Medina Hern\u00e1ndez<\/strong> complet\u00f3 los estudios de M\u00e1ster Universitario en Electr\u00f3nica y Telecomunicaci\u00f3n Aplicadas (META) en el curso 2021\/2022 realizando su Trabajo Fin de M\u00e1ster titulado <a href=\"https:\/\/www.iuma.ulpgc.es\/tfm_meta\/trabajo-fin-master.php?id=84\" target=\"_blank\" rel=\"noopener\">Sistema basado en SoC FPGA Zynq para aplicaciones en el campo de la astrof\u00edsica<\/a>, en las \u00e1reas de \u00ab<em>DAS, Zynq, ADC, HLS, Zedboard, baremetal application, validation<\/em>\u00ab. En la actualidad, trabaja como T\u00e9cnica de Proyectos y su \u00e1rea de actividad principal es el dise\u00f1o de SoC FPGA para adquisici\u00f3n y procesamiento de se\u00f1ales a alta velocidad y con alta resoluci\u00f3n y en el dise\u00f1o ASIC. Cuenta con experiencia laboral en el desarrollo de Sistemas de Adquisici\u00f3n y Procesamiento de Datos basados en FPGA orientados al campo de la astrof\u00edsica.<\/p>\n<blockquote class=\"egresados\"><p>Selenia Mar\u00eda opina que \u00abel M\u00e1ster en Electr\u00f3nica y Telecomunicaci\u00f3n Aplicada me ha abierto las puertas al mundo laboral y la posibilidad de trabajar junto con grandes profesionales del dise\u00f1o electr\u00f3nico integrado\u00bb.<\/p><\/blockquote>\n<\/div>\n<p><!-- Selenia \/--><\/p>\n<p><!-- Ad\u00e1n --><\/p>\n<div class=\"egresados\">\n<p><img loading=\"lazy\" decoding=\"async\" class=\"alignright wp-image-1838 size-thumbnail\" style=\"border-radius: 3px;\" src=\"https:\/\/www.iuma.ulpgc.es\/meta\/wp-content\/uploads\/2022\/11\/Adan-150x150.jpeg\" alt=\"Ad\u00e1n Jim\u00e9nez Delgado\" width=\"150\" height=\"150\" \/><strong>Ad\u00e1n Enrique Jim\u00e9nez Delgado<\/strong> complet\u00f3 los estudios de M\u00e1ster Universitario en Electr\u00f3nica y Telecomunicaci\u00f3n Aplicadas (META) en el curso 2019\/2020, realizando su Trabajo Fin de M\u00e1ster titulado <a href=\"https:\/\/www.iuma.ulpgc.es\/tfm_meta\/trabajo-fin-master.php?id=73\" target=\"_blank\" rel=\"noopener\">Desarrollo de un sistema de compresi\u00f3n y transmisi\u00f3n de im\u00e1genes hiperespectrales tomadas desde plataformas de vuelo no tripuladas<\/a>, en las \u00e1reas de \u00ab<em>Teledetecci\u00f3n, UAV, compresi\u00f3n de im\u00e1genes, transmisi\u00f3n de datos, tecnolog\u00eda espectral, remote sensing UAV, image compression, data transmission, hyperspectral technology<\/em>\u00ab. En la actualidad, trabaja como funcionario en la Administraci\u00f3n General del Estado y su \u00e1rea de actividad principal es la gesti\u00f3n de sistemas inform\u00e1ticos.<\/p>\n<blockquote class=\"egresados\"><p>Ad\u00e1n opina que \u00abel m\u00e1ster ofrece unas posibilidades muy interesantes de acercarse al mundo de la investigaci\u00f3n, la oferta de asignaturas es bastante atractiva y permite no solo hacerse una idea de en qu\u00e9 consistir\u00e1 una futurible labor investigadora, sino tambi\u00e9n de ahondar\/descubrir otras \u00e1reas de gran relevancia e inter\u00e9s desde un prisma mucho m\u00e1s anal\u00edtico\u00bb.<\/p><\/blockquote>\n<\/div>\n<p><!-- Ad\u00e1n \/--><\/p>\n<p><!-- Gemma --><\/p>\n<div class=\"egresados\">\n<p><img loading=\"lazy\" decoding=\"async\" class=\"alignleft wp-image-1838 size-thumbnail\" style=\"border-radius: 3px;\" src=\"https:\/\/www.iuma.ulpgc.es\/meta\/wp-content\/uploads\/2022\/11\/IMG_0206-150x150.jpeg\" alt=\"Gemma Berciano\" width=\"150\" height=\"150\" \/><strong>Gemma Berciano Rodr\u00edguez<\/strong> complet\u00f3 los estudios de M\u00e1ster Universitario en Electr\u00f3nica y Telecomunicaci\u00f3n Aplicadas (META) en el curso 2020\/2021 realizando su Trabajo Fin de M\u00e1ster titulado <a href=\"https:\/\/www.iuma.ulpgc.es\/tfm_meta\/trabajo-fin-master.php?id=78\" target=\"_blank\" rel=\"noopener\">Sistema de control y comunicaciones de un perfilador marino<\/a>, en las \u00e1reas de \u00ab<em>control, UAV, comunicaciones<\/em>\u00ab. Ha estado trabajando como becaria en la empresa privada durante 1 a\u00f1o. En la actualidad (nov. 2022), est\u00e1 en fase de mejora de trabajo.<\/p>\n<blockquote class=\"egresados\"><p>Gemma opina que \u00abel M\u00e1ster en Electr\u00f3nica y Telecomunicaci\u00f3n Aplicada toca muchos temas interesantes gracias a sus diversas asignaturas que sirven de ayuda a la futura orientaci\u00f3n laboral, permitiendo que el alumnado descubra qu\u00e9 rama le llama m\u00e1s la atenci\u00f3n y enfocarse en ella una vez termine el m\u00e1ster.\u00bb<\/p><\/blockquote>\n<\/div>\n<p><!-- Gemma \/--><\/p>\n<p><!-- Adri\u00e1n --><\/p>\n<div class=\"egresados\">\n<p><a href=\"https:\/\/www.iuma.ulpgc.es\/meta\/wp-content\/uploads\/2022\/11\/RodriguezMolinaAdrian_foto-META-scaled-e1667989731730.jpg\"><img loading=\"lazy\" decoding=\"async\" class=\"wp-image-1899 size-thumbnail alignright\" style=\"border-radius: 3px;\" src=\"https:\/\/www.iuma.ulpgc.es\/meta\/wp-content\/uploads\/2022\/11\/RodriguezMolinaAdrian_foto-META-scaled-e1667989731730-150x150.jpg\" alt=\"\" width=\"150\" height=\"150\" \/><\/a><strong>Adri\u00e1n Rodr\u00edguez Molina <\/strong>complet\u00f3 los estudios de M\u00e1ster Universitario en Electr\u00f3nica y Telecomunicaci\u00f3n Aplicadas (META) en el curso 2020\/2021 realizando su Trabajo Fin de M\u00e1ster titulado <a href=\"https:\/\/www.iuma.ulpgc.es\/tfm_meta\/trabajo-fin-master.php?id=79\" target=\"_blank\" rel=\"noopener\">An\u00e1lisis de las prestaciones de una capa convolutiva de una red neuronal sintetizada en una FPGA mediante herramientas de alto nivel<\/a>, en las \u00e1reas de \u00abHigh-Level Synthesis, FPGA, convolutional neural network, on-board video processing\u00bb. En la actualidad, trabaja como investigador predoctoral y su \u00e1rea de actividad principal es procesamiento de im\u00e1genes tomadas desde UAVs. Igualmente, realiza el doctorado en Tecnolog\u00edas de la Telecomunicaci\u00f3n e Ingenier\u00eda Computacional.<\/p>\n<blockquote class=\"egresados\"><p>Adri\u00e1n opina que \u00abel m\u00e1ster del META es una gran elecci\u00f3n si se pretende iniciar una carrera dentro del campo del I+D, ya que cuenta con asignaturas actualizadas y con profesores que se dedican activamente en la investigaci\u00f3n, ofreciendo al estudiante la experiencia de aquellos que se encuentran m\u00e1s inmersos en ese campo. Adem\u00e1s de esto, para aquellos que no tengan claro como continuar su carrera, la variedad de asignaturas optativas ofrece la posibilidad de probar distintos \u00e1mbitos y as\u00ed tener m\u00e1s claros los caminos a seguir y la compatibilidad que se tiene con ellos\u00bb.<\/p><\/blockquote>\n<\/div>\n<p><!-- Adri\u00e1n \/--><\/p>","protected":false},"excerpt":{"rendered":"<p>Motivaci\u00f3n En las diferentes ediciones del M\u00e1ster en Electr\u00f3nica y Telecomunicaci\u00f3n Aplicadas han\u00a0 obtenido su titulaci\u00f3n un n\u00famero significativo de profesionales que ejercen su labor en diferentes empresas del sector o se dedican a labores de investigaci\u00f3n habiendo obtenido el correspondiente t\u00edtulo de doctor o est\u00e1n en fase de obtenerlo, teniendo en cuenta que este [&hellip;]<\/p>","protected":false},"author":2,"featured_media":0,"parent":0,"menu_order":0,"comment_status":"closed","ping_status":"closed","template":"","meta":{"footnotes":""},"class_list":["post-606","page","type-page","status-publish","czr-hentry"],"_links":{"self":[{"href":"https:\/\/www.iuma.ulpgc.es\/meta\/wp-json\/wp\/v2\/pages\/606","targetHints":{"allow":["GET"]}}],"collection":[{"href":"https:\/\/www.iuma.ulpgc.es\/meta\/wp-json\/wp\/v2\/pages"}],"about":[{"href":"https:\/\/www.iuma.ulpgc.es\/meta\/wp-json\/wp\/v2\/types\/page"}],"author":[{"embeddable":true,"href":"https:\/\/www.iuma.ulpgc.es\/meta\/wp-json\/wp\/v2\/users\/2"}],"replies":[{"embeddable":true,"href":"https:\/\/www.iuma.ulpgc.es\/meta\/wp-json\/wp\/v2\/comments?post=606"}],"version-history":[{"count":72,"href":"https:\/\/www.iuma.ulpgc.es\/meta\/wp-json\/wp\/v2\/pages\/606\/revisions"}],"predecessor-version":[{"id":1904,"href":"https:\/\/www.iuma.ulpgc.es\/meta\/wp-json\/wp\/v2\/pages\/606\/revisions\/1904"}],"wp:attachment":[{"href":"https:\/\/www.iuma.ulpgc.es\/meta\/wp-json\/wp\/v2\/media?parent=606"}],"curies":[{"name":"wp","href":"https:\/\/api.w.org\/{rel}","templated":true}]}}