{"id":271,"date":"2015-05-12T09:15:31","date_gmt":"2015-05-12T09:15:31","guid":{"rendered":"http:\/\/www.iuma.ulpgc.es\/mtt\/?page_id=271"},"modified":"2024-03-01T15:05:45","modified_gmt":"2024-03-01T15:05:45","slug":"trabajos-fin-de-master","status":"publish","type":"page","link":"https:\/\/www.iuma.ulpgc.es\/mtt\/trabajos-fin-de-master\/","title":{"rendered":"Trabajos Fin de M\u00e1ster"},"content":{"rendered":"\n<!-- iframe plugin v.6.0 wordpress.org\/plugins\/iframe\/ -->\n<iframe loading=\"lazy\" src=\"https:\/\/www.iuma.ulpgc.es\/mtt\/tfm\/listado-trabajo-fin-master.php\" width=\"100%\" height=\"1024\" scrolling=\"yes\" class=\"iframe-class\" frameborder=\"0\"><\/iframe>\n","protected":false},"excerpt":{"rendered":"","protected":false},"author":1,"featured_media":0,"parent":0,"menu_order":0,"comment_status":"closed","ping_status":"open","template":"","meta":{"footnotes":""},"class_list":["post-271","page","type-page","status-publish","czr-hentry"],"yoast_head":"<!-- This site is optimized with the Yoast SEO plugin v27.3 - https:\/\/yoast.com\/product\/yoast-seo-wordpress\/ -->\n<title>Trabajos Fin de M\u00e1ster - M\u00e1ster en Tecnolog\u00edas de Telecomunicaci\u00f3n<\/title>\n<meta name=\"description\" content=\"Listado de los Trabajos Fin de M\u00e1ster del M\u00e1ster en Tecnolog\u00edas de Telecomunicaci\u00f3n del Instituto Universitario de Microelectr\u00f3nica Aplicada\" \/>\n<meta name=\"robots\" content=\"index, follow, max-snippet:-1, max-image-preview:large, max-video-preview:-1\" \/>\n<link rel=\"canonical\" href=\"https:\/\/www.iuma.ulpgc.es\/mtt\/trabajos-fin-de-master\/\" \/>\n<meta property=\"og:locale\" content=\"es_ES\" \/>\n<meta property=\"og:type\" content=\"article\" \/>\n<meta property=\"og:title\" content=\"Trabajos Fin de M\u00e1ster - M\u00e1ster en Tecnolog\u00edas de Telecomunicaci\u00f3n\" \/>\n<meta property=\"og:description\" content=\"Listado de los Trabajos Fin de M\u00e1ster del M\u00e1ster en Tecnolog\u00edas de Telecomunicaci\u00f3n del Instituto Universitario de Microelectr\u00f3nica Aplicada\" \/>\n<meta property=\"og:url\" content=\"https:\/\/www.iuma.ulpgc.es\/mtt\/trabajos-fin-de-master\/\" \/>\n<meta property=\"og:site_name\" content=\"Instituto Universitario de Microelectr\u00f3nica Aplicada\" \/>\n<meta property=\"article:modified_time\" content=\"2024-03-01T15:05:45+00:00\" \/>\n<meta name=\"twitter:card\" content=\"summary_large_image\" \/>\n<meta name=\"twitter:label1\" content=\"Tiempo de lectura\" \/>\n\t<meta name=\"twitter:data1\" content=\"1 minuto\" \/>\n<script type=\"application\/ld+json\" class=\"yoast-schema-graph\">{\"@context\":\"https:\\\/\\\/schema.org\",\"@graph\":[{\"@type\":\"WebPage\",\"@id\":\"https:\\\/\\\/www.iuma.ulpgc.es\\\/mtt\\\/trabajos-fin-de-master\\\/\",\"url\":\"https:\\\/\\\/www.iuma.ulpgc.es\\\/mtt\\\/trabajos-fin-de-master\\\/\",\"name\":\"Trabajos Fin de M\u00e1ster - M\u00e1ster en Tecnolog\u00edas de Telecomunicaci\u00f3n\",\"isPartOf\":{\"@id\":\"https:\\\/\\\/www.iuma.ulpgc.es\\\/mtt\\\/#website\"},\"datePublished\":\"2015-05-12T09:15:31+00:00\",\"dateModified\":\"2024-03-01T15:05:45+00:00\",\"description\":\"Listado de los Trabajos Fin de M\u00e1ster del M\u00e1ster en Tecnolog\u00edas de Telecomunicaci\u00f3n del Instituto Universitario de Microelectr\u00f3nica Aplicada\",\"breadcrumb\":{\"@id\":\"https:\\\/\\\/www.iuma.ulpgc.es\\\/mtt\\\/trabajos-fin-de-master\\\/#breadcrumb\"},\"inLanguage\":\"es\",\"potentialAction\":[{\"@type\":\"ReadAction\",\"target\":[\"https:\\\/\\\/www.iuma.ulpgc.es\\\/mtt\\\/trabajos-fin-de-master\\\/\"]}]},{\"@type\":\"BreadcrumbList\",\"@id\":\"https:\\\/\\\/www.iuma.ulpgc.es\\\/mtt\\\/trabajos-fin-de-master\\\/#breadcrumb\",\"itemListElement\":[{\"@type\":\"ListItem\",\"position\":1,\"name\":\"Portada\",\"item\":\"https:\\\/\\\/www.iuma.ulpgc.es\\\/mtt\\\/\"},{\"@type\":\"ListItem\",\"position\":2,\"name\":\"Trabajos Fin de M\u00e1ster\"}]},{\"@type\":\"WebSite\",\"@id\":\"https:\\\/\\\/www.iuma.ulpgc.es\\\/mtt\\\/#website\",\"url\":\"https:\\\/\\\/www.iuma.ulpgc.es\\\/mtt\\\/\",\"name\":\"Instituto Universitario de Microelectr\u00f3nica Aplicada\",\"description\":\"M\u00e1ster en Tecnolog\u00edas de Telecomunicaci\u00f3n (En extinci\u00f3n)\",\"potentialAction\":[{\"@type\":\"SearchAction\",\"target\":{\"@type\":\"EntryPoint\",\"urlTemplate\":\"https:\\\/\\\/www.iuma.ulpgc.es\\\/mtt\\\/?s={search_term_string}\"},\"query-input\":{\"@type\":\"PropertyValueSpecification\",\"valueRequired\":true,\"valueName\":\"search_term_string\"}}],\"inLanguage\":\"es\"}]}<\/script>\n<!-- \/ Yoast SEO plugin. -->","yoast_head_json":{"title":"Trabajos Fin de M\u00e1ster - M\u00e1ster en Tecnolog\u00edas de Telecomunicaci\u00f3n","description":"Listado de los Trabajos Fin de M\u00e1ster del M\u00e1ster en Tecnolog\u00edas de Telecomunicaci\u00f3n del Instituto Universitario de Microelectr\u00f3nica Aplicada","robots":{"index":"index","follow":"follow","max-snippet":"max-snippet:-1","max-image-preview":"max-image-preview:large","max-video-preview":"max-video-preview:-1"},"canonical":"https:\/\/www.iuma.ulpgc.es\/mtt\/trabajos-fin-de-master\/","og_locale":"es_ES","og_type":"article","og_title":"Trabajos Fin de M\u00e1ster - M\u00e1ster en Tecnolog\u00edas de Telecomunicaci\u00f3n","og_description":"Listado de los Trabajos Fin de M\u00e1ster del M\u00e1ster en Tecnolog\u00edas de Telecomunicaci\u00f3n del Instituto Universitario de Microelectr\u00f3nica Aplicada","og_url":"https:\/\/www.iuma.ulpgc.es\/mtt\/trabajos-fin-de-master\/","og_site_name":"Instituto Universitario de Microelectr\u00f3nica Aplicada","article_modified_time":"2024-03-01T15:05:45+00:00","twitter_card":"summary_large_image","twitter_misc":{"Tiempo de lectura":"1 minuto"},"schema":{"@context":"https:\/\/schema.org","@graph":[{"@type":"WebPage","@id":"https:\/\/www.iuma.ulpgc.es\/mtt\/trabajos-fin-de-master\/","url":"https:\/\/www.iuma.ulpgc.es\/mtt\/trabajos-fin-de-master\/","name":"Trabajos Fin de M\u00e1ster - M\u00e1ster en Tecnolog\u00edas de Telecomunicaci\u00f3n","isPartOf":{"@id":"https:\/\/www.iuma.ulpgc.es\/mtt\/#website"},"datePublished":"2015-05-12T09:15:31+00:00","dateModified":"2024-03-01T15:05:45+00:00","description":"Listado de los Trabajos Fin de M\u00e1ster del M\u00e1ster en Tecnolog\u00edas de Telecomunicaci\u00f3n del Instituto Universitario de Microelectr\u00f3nica Aplicada","breadcrumb":{"@id":"https:\/\/www.iuma.ulpgc.es\/mtt\/trabajos-fin-de-master\/#breadcrumb"},"inLanguage":"es","potentialAction":[{"@type":"ReadAction","target":["https:\/\/www.iuma.ulpgc.es\/mtt\/trabajos-fin-de-master\/"]}]},{"@type":"BreadcrumbList","@id":"https:\/\/www.iuma.ulpgc.es\/mtt\/trabajos-fin-de-master\/#breadcrumb","itemListElement":[{"@type":"ListItem","position":1,"name":"Portada","item":"https:\/\/www.iuma.ulpgc.es\/mtt\/"},{"@type":"ListItem","position":2,"name":"Trabajos Fin de M\u00e1ster"}]},{"@type":"WebSite","@id":"https:\/\/www.iuma.ulpgc.es\/mtt\/#website","url":"https:\/\/www.iuma.ulpgc.es\/mtt\/","name":"Instituto Universitario de Microelectr\u00f3nica Aplicada","description":"M\u00e1ster en Tecnolog\u00edas de Telecomunicaci\u00f3n (En extinci\u00f3n)","potentialAction":[{"@type":"SearchAction","target":{"@type":"EntryPoint","urlTemplate":"https:\/\/www.iuma.ulpgc.es\/mtt\/?s={search_term_string}"},"query-input":{"@type":"PropertyValueSpecification","valueRequired":true,"valueName":"search_term_string"}}],"inLanguage":"es"}]}},"_links":{"self":[{"href":"https:\/\/www.iuma.ulpgc.es\/mtt\/wp-json\/wp\/v2\/pages\/271","targetHints":{"allow":["GET"]}}],"collection":[{"href":"https:\/\/www.iuma.ulpgc.es\/mtt\/wp-json\/wp\/v2\/pages"}],"about":[{"href":"https:\/\/www.iuma.ulpgc.es\/mtt\/wp-json\/wp\/v2\/types\/page"}],"author":[{"embeddable":true,"href":"https:\/\/www.iuma.ulpgc.es\/mtt\/wp-json\/wp\/v2\/users\/1"}],"replies":[{"embeddable":true,"href":"https:\/\/www.iuma.ulpgc.es\/mtt\/wp-json\/wp\/v2\/comments?post=271"}],"version-history":[{"count":4,"href":"https:\/\/www.iuma.ulpgc.es\/mtt\/wp-json\/wp\/v2\/pages\/271\/revisions"}],"predecessor-version":[{"id":885,"href":"https:\/\/www.iuma.ulpgc.es\/mtt\/wp-json\/wp\/v2\/pages\/271\/revisions\/885"}],"wp:attachment":[{"href":"https:\/\/www.iuma.ulpgc.es\/mtt\/wp-json\/wp\/v2\/media?parent=271"}],"curies":[{"name":"wp","href":"https:\/\/api.w.org\/{rel}","templated":true}]}}