{"id":345,"date":"2015-05-27T11:37:36","date_gmt":"2015-05-27T11:37:36","guid":{"rendered":"http:\/\/www.iuma.ulpgc.es\/mtt\/?page_id=345"},"modified":"2015-06-12T09:26:13","modified_gmt":"2015-06-12T09:26:13","slug":"titulo","status":"publish","type":"page","link":"https:\/\/www.iuma.ulpgc.es\/mtt\/titulo\/","title":{"rendered":"T\u00edtulo"},"content":{"rendered":"<p>El <strong>M\u00e1ster Universitario en Tecnolog\u00edas de Telecomunicaci\u00f3n<\/strong> <strong>(MTT)<\/strong> procede de la adaptaci\u00f3n al proceso de Bolonia, concretamente al Real Decreto 1393\/2007 y a la normativa de aplicaci\u00f3n desarrollada por el Gobierno de Canarias y por la ULPGC, del Programa de <em>Doctorado Ingenier\u00eda de Telecomunicaci\u00f3n Avanzada (DITA)<\/em> que viene imparti\u00e9ndose en la ULPGC desde hace 15 a\u00f1os y que dispone de <strong>Menci\u00f3n de Calidad<\/strong> de la Agencia Nacional de Evaluaci\u00f3n de la Calidad (ANECA) con referencia MCD2008-00059, RESOLUCI\u00d3N de 20 de octubre de 2008, de la Secretar\u00eda de Estado de Universidades, por la que se concede la Menci\u00f3n de Calidad a los estudios de doctorado de las universidades espa\u00f1olas para el curso acad\u00e9mico 2008-2009, y per\u00edodo de validez de la menci\u00f3n de calidad de 2008-2009 a 2011-2012, BOE 273 del mi\u00e9rcoles 12 de noviembre de 2008.<img loading=\"lazy\" decoding=\"async\" class=\"  wp-image-224 alignright\" src=\"https:\/\/www.iuma.ulpgc.es\/mtt\/wp-content\/uploads\/2015\/04\/titulo.jpg\" alt=\"Students reading and laughing, isolated on white\" width=\"309\" height=\"443\" srcset=\"https:\/\/www.iuma.ulpgc.es\/mtt\/wp-content\/uploads\/2015\/04\/titulo.jpg 415w, https:\/\/www.iuma.ulpgc.es\/mtt\/wp-content\/uploads\/2015\/04\/titulo-209x300.jpg 209w\" sizes=\"auto, (max-width: 309px) 100vw, 309px\" \/><\/p>\n<p>El centro acad\u00e9mico responsable del m\u00e1ster es el <a href=\"http:\/\/www.iuma.ulpgc.es\" target=\"_blank\">Instituto Universitario de Microelectr\u00f3nica Aplicada (IUMA)<\/a>, centro de investigaci\u00f3n aplicada con orientaci\u00f3n a los Sistemas de Informaci\u00f3n y Comunicaciones.<\/p>\n<p><strong>Perfil de Ingreso<\/strong><\/p>\n<p>El M\u00e1ster est\u00e1 concebido para que sea cursado por Graduados en Ingenier\u00eda en Tecnolog\u00edas de la Telecomunicaci\u00f3n, Ingenieros de Telecomunicaci\u00f3n, y otros titulados con gran inter\u00e9s en los sistemas electr\u00f3nicos y telem\u00e1ticos de colectivos como Ingenieros Industriales, Ingenieros en Inform\u00e1tica, y en general a los profesionales de estas \u00e1reas que cumplan los requisitos establecidos para el ingreso.<\/p>\n<p><strong>Perfil de Egreso<\/strong><\/p>\n<p>Para establecer las competencias generales que adquieren los estudiantes egresados del t\u00edtulo de M\u00e1ster Universitario en Tecnolog\u00edas de la Telecomunicaci\u00f3n, adem\u00e1s de los Descriptores de Dubl\u00edn, se han tenido en cuenta diversos marcos de referencia, entre los cuales se encuentran los principios recogidos en el Real Decreto 1393\/2007, el Marco Europeo de Cualificaciones (MEC), y el Marco Espa\u00f1ol de Cualificaciones para la Educaci\u00f3n Superior (MECES). Por otro lado, para establecer las competencias espec\u00edficas que deben adquirir los estudiantes egresados del t\u00edtulo se ha tenido en cuenta las competencias espec\u00edficas establecidas por la ULPGC para todas sus titulaciones de Grado.<\/p>\n<p>El M\u00e1ster en Tecnolog\u00edas de la Telecomunicaci\u00f3n es un t\u00edtulo orientado a la investigaci\u00f3n, por lo tanto, el perfil de egreso de sus titulados es el de un titulado orientado a la investigaci\u00f3n en el \u00e1rea de las TICs, preparado para afrontar la realizaci\u00f3n de una tesis doctoral.<\/p>\n<p><strong>Estructura<\/strong><br \/>\nEl M\u00e1ster en Tecnolog\u00edas de Telecomunicaci\u00f3n\u00a0tiene un total de <strong>60\u00a0cr\u00e9ditos ECTS<\/strong>\u00a0que\u00a0se encuentran estructurados en los siguientes\u00a0m\u00f3dulos con sus correspondientes asignaturas:<\/p>\n<div id=\"estructura\" class=\"accordion\">\n<div class=\"accordion-group\">\n<div class=\"accordion-heading\"><a class=\"accordion-toggle\" href=\"#collapseOne\" data-parent=\"#estructura\" data-toggle=\"collapse\">M\u00f3dulo Metodol\u00f3gico (12 cr\u00e9ditos ECTS)<\/a><\/div>\n<div id=\"collapseOne\" class=\"accordion-body collapse\">\n<div class=\"accordion-inner\">\n<table class=\"table\">\n<thead>\n<tr>\n<th>Asignatura<\/th>\n<th>Cr\u00e9ditos<\/th>\n<th>Semestre<\/th>\n<\/tr>\n<\/thead>\n<tbody>\n<tr class=\"success\">\n<td>M\u00e9todos de investigaci\u00f3n cient\u00edfica y t\u00e9cnica aplicados a ingenier\u00eda de telecomunicaci\u00f3n<\/td>\n<td>6<\/td>\n<td>2<\/td>\n<\/tr>\n<tr>\n<td>M\u00e9todos estad\u00edsticos. Modelado y simulaci\u00f3n. Tratamiento y presentaci\u00f3n de datos. B\u00fasqueda y gesti\u00f3n de documentaci\u00f3n cient\u00edfica. Redacci\u00f3n de proyectos de investigaci\u00f3n, anteproyectos de m\u00e1ster y anteproyectos de tesis doctoral. Gesti\u00f3n de proyectos de investigaci\u00f3n. Normativa, est\u00e1ndares, patentes, legislaci\u00f3n.<\/td>\n<td colspan=\"2\"><\/td>\n<\/tr>\n<tr class=\"success\">\n<td>Matem\u00e1ticas avanzadas para telecomunicaci\u00f3n<\/td>\n<td>6<\/td>\n<td>1<\/td>\n<\/tr>\n<tr>\n<td>Ecuaciones diof\u00e1nticas. Aritm\u00e9tica modular y Combinatoria. Grafos, grafos eulerianos y hamiltonianos. \u00c1rboles. Planaridad y coloraci\u00f3n de grafos. M\u00e9todos num\u00e9ricos, algoritmos y estabilidad. Problemas de m\u00ednimos cuadrados y optimizaci\u00f3n no lineal. Interpolaci\u00f3n trigonom\u00e9trica. La DFT y la FFT en teor\u00eda de se\u00f1ales. Interpolaci\u00f3n polinomial y aplicaciones. Problemas de valores iniciales y de contorno. M\u00e9todos de diferencias. M\u00e9todo de los elementos finitos.<\/td>\n<td colspan=\"2\"><\/td>\n<\/tr>\n<\/tbody>\n<\/table>\n<\/div>\n<\/div>\n<\/div>\n<div class=\"accordion-group\">\n<div class=\"accordion-heading\"><a class=\"accordion-toggle\" href=\"#collapseTwo\" data-parent=\"#estructura\" data-toggle=\"collapse\">M\u00f3dulo Fundamental (24 cr\u00e9ditos ECTS)<\/a><\/div>\n<div id=\"collapseTwo\" class=\"accordion-body collapse\">\n<div class=\"accordion-inner\">\n<table class=\"table\">\n<thead>\n<tr>\n<th>Asignatura<\/th>\n<th>Cr\u00e9ditos<\/th>\n<th>Semestre<\/th>\n<\/tr>\n<\/thead>\n<tbody>\n<tr class=\"success\">\n<td>Dise\u00f1o de circuitos integrados de radiofrecuencia para telecomunicaciones<\/td>\n<td>6<\/td>\n<td>1<\/td>\n<\/tr>\n<tr>\n<td>Estudio de los Sistemas de Radiofrecuencia. Conceptos b\u00e1sicos de los sistemas de RF, ganancia, linealidad, ruido, sensibilidad y rango din\u00e1mico y sus implicaciones en los sistemas de RF. T\u00e9cnicas de modulaci\u00f3n y demodulaci\u00f3n. T\u00e9cnicas de acceso m\u00faltiple. Estudio de las diferentes arquitecturas de transmisores y receptores, implicaciones que la elecci\u00f3n de una u otra tienen en las prestaciones finales del sistema. Circuitos de Radiofrecuencia y de Se\u00f1al Mixta: implementaci\u00f3n pr\u00e1ctica de cada uno de los circuitos que componen un sistema de RF. Conceptos fundamentales sobre adaptaci\u00f3n de impedancias y sobre los dispositivos de RF. Estudio de los circuitos de RF: amplificadores de bajo ruido (LNA), mezcladores, osciladores, filtros activos, conversores A\/D y D\/A.<\/td>\n<td colspan=\"2\"><\/td>\n<\/tr>\n<tr class=\"success\">\n<td>Dise\u00f1o de sistemas en chip para telecomunicaciones<\/td>\n<td>6<\/td>\n<td>1<\/td>\n<\/tr>\n<tr>\n<td>Introducci\u00f3n a los circuitos y sistemas integrados. Proceso de fabricaci\u00f3n de un circuito integrado. Tecnolog\u00edas de dise\u00f1o de un sistema electr\u00f3nico. M\u00e9todos de dise\u00f1o de un sistema electr\u00f3nico. T\u00e9cnicas de validaci\u00f3n de sistemas electr\u00f3nicos. Aplicaciones pr\u00e1cticas en el campo de las comunicaciones.<\/td>\n<td colspan=\"2\"><\/td>\n<\/tr>\n<tr class=\"success\">\n<td>Instrumentaci\u00f3n y equipos para sistemas de telecomunicaci\u00f3n<\/td>\n<td>6<\/td>\n<td>1<\/td>\n<\/tr>\n<tr>\n<td>Introducci\u00f3n a los sistemas de medida electr\u00f3nica y a los sistemas de control. Terminolog\u00eda. An\u00e1lisis estad\u00edstico y calibraci\u00f3n. Transductores y Acondicionadores. Interferencias, Pantallas y Blindajes. Normativas de Compatibilidad Electromagn\u00e9tica. Masa y Puestas a Tierras. Equipos de Instrumentaci\u00f3n Avanzada. El est\u00e1ndar IEEE-488. El bus VXI. Buses de campo y dispositivos utilizados en entornos industriales. Sistemas SCADA. Drivers y desarrollo de aplicaciones.<\/td>\n<td colspan=\"2\"><\/td>\n<\/tr>\n<tr class=\"success\">\n<td>Protocolos y servicios de telecomunicaci\u00f3n<\/td>\n<td>6<\/td>\n<td>1<\/td>\n<\/tr>\n<tr>\n<td>Gesti\u00f3n de red. Conceptos de gesti\u00f3n de red. ASN.1. SMI y MIB II. SNMP. CMIP y TMN. Seguridad de Red. Conceptos de seguridad. Algoritmos y protocolos. Seguridad en Internet. Pol\u00edtica de Telecomunicaciones en Europa y Espa\u00f1a. Proceso de la Liberalizaci\u00f3n de las Telecomunicaciones<\/td>\n<td colspan=\"2\"><\/td>\n<\/tr>\n<\/tbody>\n<\/table>\n<\/div>\n<\/div>\n<\/div>\n<div class=\"accordion-group\">\n<div class=\"accordion-heading\"><a class=\"accordion-toggle\" href=\"#collapseThree\" data-parent=\"#estructura\" data-toggle=\"collapse\">M\u00f3dulo de Especializaci\u00f3n (24 cr\u00e9ditos ECTS &#8211; a legir 12)<\/a><\/div>\n<div id=\"collapseThree\" class=\"accordion-body collapse\">\n<div class=\"accordion-inner\">\n<table class=\"table\">\n<thead>\n<tr>\n<th>Asignatura<\/th>\n<th>Cr\u00e9ditos<\/th>\n<th>Semestre<\/th>\n<\/tr>\n<\/thead>\n<tbody>\n<tr class=\"success\">\n<td>Sistemas microelectromec\u00e1nicos y nano-electr\u00f3nica<\/td>\n<td>3<\/td>\n<td>2<\/td>\n<\/tr>\n<tr>\n<td>Introducci\u00f3n a la MST y a los MEMS. Los l\u00edmites de la tecnolog\u00eda de semiconductores. Tecnolog\u00edas emergentes. I+D en nanotecnolog\u00eda. Terminolog\u00eda y aplicaciones. Aplicaciones en electr\u00f3nica de consumo y telecomunicaciones. Aplicaciones en la industria automovil\u00edstica. Dispositivos MEMS para seguridad activa, seguridad pasiva y comfort. Aplicaciones en medicina y qu\u00edmica. Dispositivos MEMS para microcirug\u00eda, tele-manipulaci\u00f3n y cirug\u00eda m\u00ednimamente invasiva. Implantes de retina e implantes cocleares. DNA-chips. Aplicaciones medioambientales. Microf\u00e1bricas y micro-laboratorios. Sensores para medir la contaminaci\u00f3n y la calidad del aire, del agua, del suelo. Microf\u00edsica y Escalado. Notaci\u00f3n de Trimmer. Las cuatro fuerzas de la naturaleza. La notaci\u00f3n de Trimmer y el efecto del escalado sobre las fuerzas. Materiales, Microactuadores y Microsensores. Definiciones y medidas de prestaciones. Tecnolog\u00edas b\u00e1sicas. Clasificaci\u00f3n y ejemplos. Microflu\u00eddrica. Rango de aplicaciones y principales beneficios. El coeficiente de Reynold. Los coeficientes de Weber y de Bond. Caracter\u00edsticas comunes de los sistemas microflu\u00eddricos. Introducci\u00f3n a la nanotecnolog\u00eda. Aplicaciones en medicina. Proyectos y desarrollos actuales en diagn\u00f3stico y terapia basados en nanom\u00e1quinas. Aplicaciones para la industria aeroespacial. Aplicaciones medioambientales. Fuentes de energ\u00eda biocompatibles. Investigaciones y desarrollos actuales.<\/td>\n<td colspan=\"2\"><\/td>\n<\/tr>\n<tr class=\"success\">\n<td>Sistemas reconfigurables para multimedia<\/td>\n<td>3<\/td>\n<td>2<\/td>\n<\/tr>\n<tr>\n<td>Estado presente de los sistemas multimedia. Sensores de im\u00e1genes y espacios colorim\u00e9tricos. Sistema visual humano. Procesamiento de im\u00e1genes y v\u00eddeo digital. Im\u00e1genes multi e h\u00edper-espectrales. M\u00e9todos de mejora de imagen y v\u00eddeo digital. Algoritmos de s\u00faper-resoluci\u00f3n. Est\u00e1ndares avanzados de compresi\u00f3n de imagen y v\u00eddeo. H.264\/AVC y SVC. Televisi\u00f3n digital: est\u00e1ndares de radiodifusi\u00f3n y transmisi\u00f3n por Internet. Arquitecturas para sistemas multimedia. Reconfigurabilidad est\u00e1tica y din\u00e1mica.<\/td>\n<td colspan=\"2\"><\/td>\n<\/tr>\n<tr class=\"success\">\n<td>Dispositivos electr\u00f3nicos y \u00f3pticos avanzados<\/td>\n<td>3<\/td>\n<td>2<\/td>\n<\/tr>\n<tr>\n<td>Evoluci\u00f3n de las tecnolog\u00edas electr\u00f3nicas. Estudio de los materiales semiconductores. Modelado de los dispositivos electr\u00f3nicos b\u00e1sicos. Introducci\u00f3n a la nanoelectr\u00f3nica. Evoluci\u00f3n de la microelectr\u00f3nica. Dispositivos electr\u00f3nicos avanzados. Estudio de los dispositivos electr\u00f3nicos avanzados basados en heteroestructuras. Aplicaciones en sistemas de telecomunicaci\u00f3n. Estudio de componentes pasivos para circuitos integrados para radiofrecuencia. Estudio de transistores para aplicaciones en alta frecuencia. Dispositivos optoelectr\u00f3nicos y sus aplicaciones. Dispositivos detectores de radiaci\u00f3n, fotorresistencias, dispositivos optoelectr\u00f3nicos avanzados. Dispositivos emisores de radiaci\u00f3n, LEDs y diodos l\u00e1ser. Optoelectr\u00f3nica org\u00e1nica.<\/td>\n<td colspan=\"2\"><\/td>\n<\/tr>\n<tr class=\"success\">\n<td>Sistemas y arquitecturas para transmisi\u00f3n y conmutaci\u00f3n de datos<\/td>\n<td>3<\/td>\n<td>2<\/td>\n<\/tr>\n<tr>\n<td>Interfaces de alta velocidad: Introducci\u00f3n a transmisi\u00f3n de datos de alta velocidad, integridad de la se\u00f1al, interfaces el\u00e9ctricos de alta velocidad, interface \u00f3pticos de alta velocidad, arquitecturas de enlaces serie de alta velocidad. Sistemas de transmisi\u00f3n de datos de alta velocidad: antecedentes PHD, jerarqu\u00eda digital s\u00edncrona, ATM, Frame relay. Principios de conmutaci\u00f3n de datos: conmutaci\u00f3n espacial, conmutaci\u00f3n l\u00f3gica, conmutaci\u00f3n temporal, caracterizaci\u00f3n de los conmutadores, soporte de clases de servicios, aplicaciones. Arquitecturas para conmutaci\u00f3n, introducci\u00f3n, arquitecturas cl\u00e1sicas, sistemas basados en crosspoints, conmutaci\u00f3n sin memoria, conmutaci\u00f3n con memoria, arquitecturas para conmutaci\u00f3n l\u00f3gica. Conmutadores comerciales: conmutadores de capa 1, conmutadores de capa 2, conmutadores de capa 3, conmutadores de capa 3+.<\/td>\n<td colspan=\"2\"><\/td>\n<\/tr>\n<tr class=\"success\">\n<td>Redes de sensores y sistemas de informaci\u00f3n geogr\u00e1fica<\/td>\n<td>3<\/td>\n<td>2<\/td>\n<\/tr>\n<tr>\n<td>Redes de sensores inal\u00e1mbricos: Perspectiva hist\u00f3rica, campos de aplicaciones: aplicaciones industriales, dom\u00f3tica, redes personales, eCity. Est\u00e1ndares en redes de sensores: Introducci\u00f3n, arquitectura, IEEE 802.15.4, est\u00e1ndares basados en IEEE 802.15.4 (ZigBee , 6LoWPAN, otras estrategias), Z-Wave, Wipro y Bluetooth Low Energy, RFID), Tecnolog\u00edas emergentes. Dispositivos comerciales para redes de sensores. Aplicaciones. Sistemas de georreferencia: geolocalizaci\u00f3n, geograf\u00eda f\u00edsica, radiolocalizaci\u00f3n, GSM\/comunicaciones m\u00f3viles, GPS, GALILEO, otros sistemas de georreferencia, dispositivos comerciales para geolocalizaci\u00f3n, aplicaciones. Sistemas de Informaci\u00f3n Geogr\u00e1fica (SIG): neogeograf\u00eda, sistemas de informaci\u00f3n geogr\u00e1fica y geosem\u00e1ntica, sistemas Web, desarrollo de aplicaciones.<\/td>\n<td colspan=\"2\"><\/td>\n<\/tr>\n<tr class=\"success\">\n<td>Seguridad y privacidad en Redes de Telecomunicaci\u00f3n<\/td>\n<td>3<\/td>\n<td>2<\/td>\n<\/tr>\n<tr>\n<td>Conceptos b\u00e1sicos de criptograf\u00eda: cifrado sim\u00e9trico , cifrado asim\u00e9trico, huella digital , privacidad y confidencialidad, firma electr\u00f3nica, sobre digital, infraestructura de clave p\u00fablica, certificados X-509, est\u00e1ndar PKCS. Token para seguridad: OTPs, calculadoras de desaf\u00edo\/respuesta, smartcards. Seguridad en las comunicaciones en red: protecci\u00f3n frente a ataques en redes TCP\/IP, IPv6, SSL. Legislaci\u00f3n vigente sobre seguridad y firma electr\u00f3nica: firma electr\u00f3nica, DNI electr\u00f3nico, LOPD.<\/td>\n<td colspan=\"2\"><\/td>\n<\/tr>\n<tr class=\"success\">\n<td>Bases de datos y miner\u00eda de datos<\/td>\n<td>3<\/td>\n<td>2<\/td>\n<\/tr>\n<tr>\n<td>Introducci\u00f3n a la miner\u00eda de datos. Proceso de extracci\u00f3n de conocimiento: conceptos, instancias y atributos, representaci\u00f3n del conocimiento. T\u00e9cnicas de miner\u00eda de datos. T\u00e9cnicas de evaluaci\u00f3n. M\u00e9todos de construcci\u00f3n de multiclasificadores. Miner\u00eda de datos y extracci\u00f3n de conocimiento en bases de datos.<\/td>\n<td colspan=\"2\"><\/td>\n<\/tr>\n<tr class=\"success\">\n<td>Aplicaciones sobre sistemas de telecomunicaciones en movilidad<\/td>\n<td>3<\/td>\n<td>2<\/td>\n<\/tr>\n<tr>\n<td>La evoluci\u00f3n de las redes m\u00f3viles. Introducci\u00f3n al desarrollo de aplicaciones m\u00f3viles. Sistemas operativos para dispositivos m\u00f3viles. Tecnolog\u00edas de desarrollos. El futuro del sector. La Web M\u00f3vil.<\/td>\n<td colspan=\"2\"><\/td>\n<\/tr>\n<\/tbody>\n<\/table>\n<\/div>\n<\/div>\n<\/div>\n<\/div>","protected":false},"excerpt":{"rendered":"<p>El M\u00e1ster Universitario en Tecnolog\u00edas de Telecomunicaci\u00f3n (MTT) procede de la adaptaci\u00f3n al proceso de Bolonia, concretamente al Real Decreto 1393\/2007 y a la normativa de aplicaci\u00f3n desarrollada por el Gobierno de Canarias y por la ULPGC, del Programa de Doctorado Ingenier\u00eda de Telecomunicaci\u00f3n Avanzada (DITA) que viene imparti\u00e9ndose en la ULPGC desde hace 15 [&hellip;]<\/p>","protected":false},"author":1,"featured_media":66,"parent":0,"menu_order":0,"comment_status":"closed","ping_status":"open","template":"","meta":{"footnotes":""},"class_list":["post-345","page","type-page","status-publish","has-post-thumbnail","czr-hentry"],"yoast_head":"<!-- This site is optimized with the Yoast SEO plugin v27.3 - https:\/\/yoast.com\/product\/yoast-seo-wordpress\/ -->\n<title>T\u00edtulo del M\u00e1ster en Tecnolog\u00edas de Telecomunicaci\u00f3n<\/title>\n<meta name=\"description\" content=\"Informaci\u00f3n del t\u00edtulo de M\u00e1ster en Tecnolog\u00edas de Telecomunicaci\u00f3n del Instituto Universitario de Microelectr\u00f3nica Aplicada\" \/>\n<meta name=\"robots\" content=\"index, follow, max-snippet:-1, max-image-preview:large, max-video-preview:-1\" \/>\n<link rel=\"canonical\" href=\"https:\/\/www.iuma.ulpgc.es\/mtt\/titulo\/\" \/>\n<meta property=\"og:locale\" content=\"es_ES\" \/>\n<meta property=\"og:type\" content=\"article\" \/>\n<meta property=\"og:title\" content=\"T\u00edtulo del M\u00e1ster en Tecnolog\u00edas de Telecomunicaci\u00f3n\" \/>\n<meta property=\"og:description\" content=\"Informaci\u00f3n del t\u00edtulo de M\u00e1ster en Tecnolog\u00edas de Telecomunicaci\u00f3n del Instituto Universitario de Microelectr\u00f3nica Aplicada\" \/>\n<meta property=\"og:url\" content=\"https:\/\/www.iuma.ulpgc.es\/mtt\/titulo\/\" \/>\n<meta property=\"og:site_name\" content=\"Instituto Universitario de Microelectr\u00f3nica Aplicada\" \/>\n<meta property=\"article:modified_time\" content=\"2015-06-12T09:26:13+00:00\" \/>\n<meta property=\"og:image\" content=\"https:\/\/www.iuma.ulpgc.es\/mtt\/wp-content\/uploads\/2015\/03\/presentacion.jpg\" \/>\n\t<meta property=\"og:image:width\" content=\"270\" \/>\n\t<meta property=\"og:image:height\" content=\"250\" \/>\n\t<meta property=\"og:image:type\" content=\"image\/jpeg\" \/>\n<meta name=\"twitter:card\" content=\"summary_large_image\" \/>\n<meta name=\"twitter:label1\" content=\"Tiempo de lectura\" \/>\n\t<meta name=\"twitter:data1\" content=\"9 minutos\" \/>\n<script type=\"application\/ld+json\" class=\"yoast-schema-graph\">{\"@context\":\"https:\\\/\\\/schema.org\",\"@graph\":[{\"@type\":\"WebPage\",\"@id\":\"https:\\\/\\\/www.iuma.ulpgc.es\\\/mtt\\\/titulo\\\/\",\"url\":\"https:\\\/\\\/www.iuma.ulpgc.es\\\/mtt\\\/titulo\\\/\",\"name\":\"T\u00edtulo del M\u00e1ster en Tecnolog\u00edas de Telecomunicaci\u00f3n\",\"isPartOf\":{\"@id\":\"https:\\\/\\\/www.iuma.ulpgc.es\\\/mtt\\\/#website\"},\"primaryImageOfPage\":{\"@id\":\"https:\\\/\\\/www.iuma.ulpgc.es\\\/mtt\\\/titulo\\\/#primaryimage\"},\"image\":{\"@id\":\"https:\\\/\\\/www.iuma.ulpgc.es\\\/mtt\\\/titulo\\\/#primaryimage\"},\"thumbnailUrl\":\"https:\\\/\\\/www.iuma.ulpgc.es\\\/mtt\\\/wp-content\\\/uploads\\\/2015\\\/03\\\/presentacion.jpg\",\"datePublished\":\"2015-05-27T11:37:36+00:00\",\"dateModified\":\"2015-06-12T09:26:13+00:00\",\"description\":\"Informaci\u00f3n del t\u00edtulo de M\u00e1ster en Tecnolog\u00edas de Telecomunicaci\u00f3n del Instituto Universitario de Microelectr\u00f3nica Aplicada\",\"breadcrumb\":{\"@id\":\"https:\\\/\\\/www.iuma.ulpgc.es\\\/mtt\\\/titulo\\\/#breadcrumb\"},\"inLanguage\":\"es\",\"potentialAction\":[{\"@type\":\"ReadAction\",\"target\":[\"https:\\\/\\\/www.iuma.ulpgc.es\\\/mtt\\\/titulo\\\/\"]}]},{\"@type\":\"ImageObject\",\"inLanguage\":\"es\",\"@id\":\"https:\\\/\\\/www.iuma.ulpgc.es\\\/mtt\\\/titulo\\\/#primaryimage\",\"url\":\"https:\\\/\\\/www.iuma.ulpgc.es\\\/mtt\\\/wp-content\\\/uploads\\\/2015\\\/03\\\/presentacion.jpg\",\"contentUrl\":\"https:\\\/\\\/www.iuma.ulpgc.es\\\/mtt\\\/wp-content\\\/uploads\\\/2015\\\/03\\\/presentacion.jpg\",\"width\":270,\"height\":250},{\"@type\":\"BreadcrumbList\",\"@id\":\"https:\\\/\\\/www.iuma.ulpgc.es\\\/mtt\\\/titulo\\\/#breadcrumb\",\"itemListElement\":[{\"@type\":\"ListItem\",\"position\":1,\"name\":\"Portada\",\"item\":\"https:\\\/\\\/www.iuma.ulpgc.es\\\/mtt\\\/\"},{\"@type\":\"ListItem\",\"position\":2,\"name\":\"T\u00edtulo\"}]},{\"@type\":\"WebSite\",\"@id\":\"https:\\\/\\\/www.iuma.ulpgc.es\\\/mtt\\\/#website\",\"url\":\"https:\\\/\\\/www.iuma.ulpgc.es\\\/mtt\\\/\",\"name\":\"Instituto Universitario de Microelectr\u00f3nica Aplicada\",\"description\":\"M\u00e1ster en Tecnolog\u00edas de Telecomunicaci\u00f3n (En extinci\u00f3n)\",\"potentialAction\":[{\"@type\":\"SearchAction\",\"target\":{\"@type\":\"EntryPoint\",\"urlTemplate\":\"https:\\\/\\\/www.iuma.ulpgc.es\\\/mtt\\\/?s={search_term_string}\"},\"query-input\":{\"@type\":\"PropertyValueSpecification\",\"valueRequired\":true,\"valueName\":\"search_term_string\"}}],\"inLanguage\":\"es\"}]}<\/script>\n<!-- \/ Yoast SEO plugin. -->","yoast_head_json":{"title":"T\u00edtulo del M\u00e1ster en Tecnolog\u00edas de Telecomunicaci\u00f3n","description":"Informaci\u00f3n del t\u00edtulo de M\u00e1ster en Tecnolog\u00edas de Telecomunicaci\u00f3n del Instituto Universitario de Microelectr\u00f3nica Aplicada","robots":{"index":"index","follow":"follow","max-snippet":"max-snippet:-1","max-image-preview":"max-image-preview:large","max-video-preview":"max-video-preview:-1"},"canonical":"https:\/\/www.iuma.ulpgc.es\/mtt\/titulo\/","og_locale":"es_ES","og_type":"article","og_title":"T\u00edtulo del M\u00e1ster en Tecnolog\u00edas de Telecomunicaci\u00f3n","og_description":"Informaci\u00f3n del t\u00edtulo de M\u00e1ster en Tecnolog\u00edas de Telecomunicaci\u00f3n del Instituto Universitario de Microelectr\u00f3nica Aplicada","og_url":"https:\/\/www.iuma.ulpgc.es\/mtt\/titulo\/","og_site_name":"Instituto Universitario de Microelectr\u00f3nica Aplicada","article_modified_time":"2015-06-12T09:26:13+00:00","og_image":[{"width":270,"height":250,"url":"https:\/\/www.iuma.ulpgc.es\/mtt\/wp-content\/uploads\/2015\/03\/presentacion.jpg","type":"image\/jpeg"}],"twitter_card":"summary_large_image","twitter_misc":{"Tiempo de lectura":"9 minutos"},"schema":{"@context":"https:\/\/schema.org","@graph":[{"@type":"WebPage","@id":"https:\/\/www.iuma.ulpgc.es\/mtt\/titulo\/","url":"https:\/\/www.iuma.ulpgc.es\/mtt\/titulo\/","name":"T\u00edtulo del M\u00e1ster en Tecnolog\u00edas de Telecomunicaci\u00f3n","isPartOf":{"@id":"https:\/\/www.iuma.ulpgc.es\/mtt\/#website"},"primaryImageOfPage":{"@id":"https:\/\/www.iuma.ulpgc.es\/mtt\/titulo\/#primaryimage"},"image":{"@id":"https:\/\/www.iuma.ulpgc.es\/mtt\/titulo\/#primaryimage"},"thumbnailUrl":"https:\/\/www.iuma.ulpgc.es\/mtt\/wp-content\/uploads\/2015\/03\/presentacion.jpg","datePublished":"2015-05-27T11:37:36+00:00","dateModified":"2015-06-12T09:26:13+00:00","description":"Informaci\u00f3n del t\u00edtulo de M\u00e1ster en Tecnolog\u00edas de Telecomunicaci\u00f3n del Instituto Universitario de Microelectr\u00f3nica Aplicada","breadcrumb":{"@id":"https:\/\/www.iuma.ulpgc.es\/mtt\/titulo\/#breadcrumb"},"inLanguage":"es","potentialAction":[{"@type":"ReadAction","target":["https:\/\/www.iuma.ulpgc.es\/mtt\/titulo\/"]}]},{"@type":"ImageObject","inLanguage":"es","@id":"https:\/\/www.iuma.ulpgc.es\/mtt\/titulo\/#primaryimage","url":"https:\/\/www.iuma.ulpgc.es\/mtt\/wp-content\/uploads\/2015\/03\/presentacion.jpg","contentUrl":"https:\/\/www.iuma.ulpgc.es\/mtt\/wp-content\/uploads\/2015\/03\/presentacion.jpg","width":270,"height":250},{"@type":"BreadcrumbList","@id":"https:\/\/www.iuma.ulpgc.es\/mtt\/titulo\/#breadcrumb","itemListElement":[{"@type":"ListItem","position":1,"name":"Portada","item":"https:\/\/www.iuma.ulpgc.es\/mtt\/"},{"@type":"ListItem","position":2,"name":"T\u00edtulo"}]},{"@type":"WebSite","@id":"https:\/\/www.iuma.ulpgc.es\/mtt\/#website","url":"https:\/\/www.iuma.ulpgc.es\/mtt\/","name":"Instituto Universitario de Microelectr\u00f3nica Aplicada","description":"M\u00e1ster en Tecnolog\u00edas de Telecomunicaci\u00f3n (En extinci\u00f3n)","potentialAction":[{"@type":"SearchAction","target":{"@type":"EntryPoint","urlTemplate":"https:\/\/www.iuma.ulpgc.es\/mtt\/?s={search_term_string}"},"query-input":{"@type":"PropertyValueSpecification","valueRequired":true,"valueName":"search_term_string"}}],"inLanguage":"es"}]}},"_links":{"self":[{"href":"https:\/\/www.iuma.ulpgc.es\/mtt\/wp-json\/wp\/v2\/pages\/345","targetHints":{"allow":["GET"]}}],"collection":[{"href":"https:\/\/www.iuma.ulpgc.es\/mtt\/wp-json\/wp\/v2\/pages"}],"about":[{"href":"https:\/\/www.iuma.ulpgc.es\/mtt\/wp-json\/wp\/v2\/types\/page"}],"author":[{"embeddable":true,"href":"https:\/\/www.iuma.ulpgc.es\/mtt\/wp-json\/wp\/v2\/users\/1"}],"replies":[{"embeddable":true,"href":"https:\/\/www.iuma.ulpgc.es\/mtt\/wp-json\/wp\/v2\/comments?post=345"}],"version-history":[{"count":2,"href":"https:\/\/www.iuma.ulpgc.es\/mtt\/wp-json\/wp\/v2\/pages\/345\/revisions"}],"predecessor-version":[{"id":734,"href":"https:\/\/www.iuma.ulpgc.es\/mtt\/wp-json\/wp\/v2\/pages\/345\/revisions\/734"}],"wp:featuredmedia":[{"embeddable":true,"href":"https:\/\/www.iuma.ulpgc.es\/mtt\/wp-json\/wp\/v2\/media\/66"}],"wp:attachment":[{"href":"https:\/\/www.iuma.ulpgc.es\/mtt\/wp-json\/wp\/v2\/media?parent=345"}],"curies":[{"name":"wp","href":"https:\/\/api.w.org\/{rel}","templated":true}]}}