{"id":378,"date":"2015-05-28T08:54:04","date_gmt":"2015-05-28T08:54:04","guid":{"rendered":"http:\/\/www.iuma.ulpgc.es\/mtt\/?page_id=378"},"modified":"2015-06-12T09:20:28","modified_gmt":"2015-06-12T09:20:28","slug":"acceso-admision","status":"publish","type":"page","link":"https:\/\/www.iuma.ulpgc.es\/mtt\/acceso-admision\/","title":{"rendered":"Acceso\/Admisi\u00f3n"},"content":{"rendered":"<h3>Acceso<\/h3>\n<p>Para el acceso a las ense\u00f1anzas oficiales del m\u00e1ster ser\u00e1 necesario:<\/p>\n<ul>\n<li>Estar en posesi\u00f3n de un t\u00edtulo universitario oficial espa\u00f1ol u otro expedido por una instituci\u00f3n de educaci\u00f3n superior del Espacio Europeo de Educaci\u00f3n Superior que facultan en el pa\u00eds expedidor del t\u00edtulo para el acceso a ense\u00f1anzas de m\u00e1ster.<img loading=\"lazy\" decoding=\"async\" class=\" size-full wp-image-390 alignright\" src=\"https:\/\/www.iuma.ulpgc.es\/mtt\/wp-content\/uploads\/2015\/05\/admision.png\" alt=\"Criterios de acceso en el MTT\" width=\"350\" height=\"342\" srcset=\"https:\/\/www.iuma.ulpgc.es\/mtt\/wp-content\/uploads\/2015\/05\/admision.png 350w, https:\/\/www.iuma.ulpgc.es\/mtt\/wp-content\/uploads\/2015\/05\/admision-300x293.png 300w\" sizes=\"auto, (max-width: 350px) 100vw, 350px\" \/><\/li>\n<li>Estar en posesi\u00f3n de un t\u00edtulo universitario oficial de licenciado\/a (o equivalente) espa\u00f1ol u homologado obtenido conforme a anteriores sistemas de educaci\u00f3n universitaria.<\/li>\n<li>La ULPGC (previa autorizaci\u00f3n, mediante Resoluci\u00f3n del Rector) podr\u00e1 admitir a otros titulados que acrediten un nivel de formaci\u00f3n equivalente al correspondiente t\u00edtulo espa\u00f1ol de Grado en Ingenier\u00eda en Tecnolog\u00edas de la Telecomunicaci\u00f3n que faculten para el acceso a estudios de Postgrado. Esta admisi\u00f3n no implicar\u00e1 en ning\u00fan caso el reconocimiento del t\u00edtulo a otros efectos que el de cursar los estudios de Postgrado.<\/li>\n<li>Igualmente, podr\u00e1n acceder al M\u00e1ster aquellos alumnos que hayan obtenido uno de los futuros t\u00edtulos de grado, conforme a lo dispuesto en el R.D. 1393\/2007, de 29 de Octubre, con atribuciones profesionales dentro de las ramas de Ingenier\u00eda de Telecomunicaci\u00f3n e Ingenier\u00eda Industrial (conforme a la Resoluci\u00f3n de 15 de Enero de 2009 de la Secretar\u00eda de Estado de Universidades).<\/li>\n<li>Adem\u00e1s, podr\u00e1n acceder al M\u00e1ster aquellos alumnos que posean un t\u00edtulo de grado (conforme a lo dispuesto en el R.D. 1393\/2007, de 29 de Octubre) relacionado con las \u00e1reas de las Comunicaciones y la Tecnolog\u00eda Electr\u00f3nica. En estos casos, ser\u00e1 preciso el visto bueno de los coordinadores acad\u00e9micos del M\u00e1ster, tras analizar el dise\u00f1o curricular de cada uno de los aspirantes y las asignaturas cursadas dentro del grado obtenido.<\/li>\n<\/ul>\n<h3>Admisi\u00f3n<\/h3>\n<p>La solicitud de admisi\u00f3n se presentar\u00e1 en el Instituto Universitario de Microelectr\u00f3nica Aplicada. Es importante tener en cuenta que hay dos modelos de impresos de solicitud de admisi\u00f3n en un Programa de Postgrado:<\/p>\n<ul>\n<li><strong>PP-1a:<\/strong>\u00a0para los alumnos con estudios universitarios espa\u00f1oles o M\u00e1ster en Tecnolog\u00edas de Telecomunicaci\u00f3n o extranjeros homologados por el MEC.<\/li>\n<li><strong>PP-1b:<\/strong>\u00a0para los alumnos con estudios extranjeros no homologados. En este \u00faltimo caso hay que tener especial cuidado en que los documentos que presenten los alumnos est\u00e9n legalizados y traducidos por un traductor oficial.<\/li>\n<\/ul>\n<blockquote><p>IMPORTANTE: Tanto las solicitudes de admisi\u00f3n como de matriculaci\u00f3n y toda la informaci\u00f3n acerca de la normativa aplicable en los estudios de Postgrado los podr\u00e1 encontrar en la direcci\u00f3n\u00a0<a href=\"http:\/\/www.ulpgc.es\/index.php?pagina=posgrados_oficiales&amp;ver=inicio\" target=\"_blank\">M\u00e1steres Universitarios de la ULPGC<\/a>.<\/p><\/blockquote>\n<p><img loading=\"lazy\" decoding=\"async\" class=\"alignright wp-image-392 size-full\" src=\"https:\/\/www.iuma.ulpgc.es\/mtt\/wp-content\/uploads\/2015\/05\/estudiantes_mtt.jpg\" alt=\"Acceso\/admisi\u00f3n al M\u00e1ster en Tecnolog\u00edas de Telecomunicaci\u00f3n\" width=\"450\" height=\"341\" srcset=\"https:\/\/www.iuma.ulpgc.es\/mtt\/wp-content\/uploads\/2015\/05\/estudiantes_mtt.jpg 450w, https:\/\/www.iuma.ulpgc.es\/mtt\/wp-content\/uploads\/2015\/05\/estudiantes_mtt-300x227.jpg 300w\" sizes=\"auto, (max-width: 450px) 100vw, 450px\" \/><br \/>\nCon respecto a la documentaci\u00f3n a presentar, \u00e9sta se regir\u00e1 por los siguientes apartados:<\/p>\n<ul>\n<li>Los solicitantes que est\u00e9n en posesi\u00f3n de un <strong>t\u00edtulo universitario superior expedido por una universidad espa\u00f1ola<\/strong>, deber\u00e1n acompa\u00f1ar a la solicitud <strong>POP-1a<\/strong> debidamente cumplimentada y firmada, la siguiente documentaci\u00f3n:\n<ul>\n<li>Copia compulsada u original y copia para su cotejo del D.N.I. o Pasaporte<\/li>\n<li>Copia compulsada u original y copia para su cotejo del t\u00edtulo universitario o del resguardo de haber abonado los derechos de expedici\u00f3n.<\/li>\n<li>Certificaci\u00f3n acad\u00e9mica personal de los estudios universitarios superiores que le dan acceso al M\u00e1ster (Calificaciones de primer y segundo ciclo de estudios universitarios)<\/li>\n<li>Curr\u00edculum Vitae (con los m\u00e9ritos debidamente justificados).<\/li>\n<\/ul>\n<\/li>\n<li>Los solicitantes que est\u00e9n en posesi\u00f3n de un <strong>t\u00edtulo universitario superior extranjero homologado por el MEC<\/strong>, deber\u00e1n acompa\u00f1ar a la solicitud <strong>POP-1a<\/strong> debidamente cumplimentada y firmada, la siguiente documentaci\u00f3n:\n<ul>\n<li>Copia compulsada u original y copia para su cotejo del DNI o Pasaporte, o en su defecto NIE.<\/li>\n<li>Copia compulsada u original y copia para su cotejo de la credencial de homologaci\u00f3n expedida por el MEC.<\/li>\n<li>Copia compulsada u original y copia para su cotejo de la Certificaci\u00f3n Acad\u00e9mica de los estudios realizados, expedida por la universidad extranjera, en la que conste entre otros extremos, la duraci\u00f3n en a\u00f1os de los estudios cursados,\u00a0relaci\u00f3n de asignaturas cursadas y aprobadas con la carga horaria de cada una de ellas, sistema universitario de calificaciones indicando la nota m\u00ednima y m\u00e1xima para aprobar y los puntos en los que se basa la escala e intervalos de\u00a0puntuaci\u00f3n.<\/li>\n<li>Curr\u00edculum Vitae (con los m\u00e9ritos debidamente justificados).<\/li>\n<\/ul>\n<\/li>\n<li>Los alumnos con <strong>t\u00edtulo universitario superior extranjero sin homologar<\/strong> deber\u00e1n presentar el impreso <strong>POP-1b<\/strong> acompa\u00f1ado de toda la documentaci\u00f3n que se indica:\n<ul>\n<li>Copia compulsada u original y copia para su cotejo del DNI o Pasaporte, o en su defecto NIE.<\/li>\n<li>Copia compulsada u original y copia para su cotejo de la credencial de homologaci\u00f3n expedida por el MEC.<\/li>\n<li>Copia compulsada u original y copia para su cotejo de la certificaci\u00f3n acad\u00e9mica de los estudios realizados expedida por la universidad extranjera, en la que conste entre otros extremos, la duraci\u00f3n en a\u00f1os de los estudios cursados,\u00a0relaci\u00f3n de asignaturas cursadas y aprobadas con la carga horaria de cada una de ellas, sistema universitario de calificaciones indicando la nota m\u00ednima para aprobar y los puntos en los que se basa la escala e intervalos de puntuaci\u00f3n.<\/li>\n<li>Copia compulsada u original y copia para su cotejo de la certificaci\u00f3n, expedida por la Universidad extranjera, acreditativa de que los estudios realizados facultan en el pa\u00eds correspondiente para el acceso a los estudios de Postgrado.<\/li>\n<li>Curr\u00edculum vitae (con los m\u00e9ritos debidamente justificados).<\/li>\n<\/ul>\n<\/li>\n<\/ul>\n<p>&nbsp;<\/p>","protected":false},"excerpt":{"rendered":"<p>Acceso Para el acceso a las ense\u00f1anzas oficiales del m\u00e1ster ser\u00e1 necesario: Estar en posesi\u00f3n de un t\u00edtulo universitario oficial espa\u00f1ol u otro expedido por una instituci\u00f3n de educaci\u00f3n superior del Espacio Europeo de Educaci\u00f3n Superior que facultan en el pa\u00eds expedidor del t\u00edtulo para el acceso a ense\u00f1anzas de m\u00e1ster. Estar en posesi\u00f3n de [&hellip;]<\/p>","protected":false},"author":1,"featured_media":0,"parent":0,"menu_order":0,"comment_status":"closed","ping_status":"open","template":"","meta":{"footnotes":""},"class_list":["post-378","page","type-page","status-publish","czr-hentry"],"yoast_head":"<!-- This site is optimized with the Yoast SEO plugin v27.3 - https:\/\/yoast.com\/product\/yoast-seo-wordpress\/ -->\n<title>Acceso\/Admisi\u00f3n al M\u00e1ster en Tecnolog\u00edas de Telecomunicaci\u00f3n<\/title>\n<meta name=\"description\" content=\"Requisitos para el acceso\/admisi\u00f3n al M\u00e1ster en Tecnolog\u00edas de Telecomunicaci\u00f3n del Instituto Universitario de Microelectr\u00f3nica Aplicada\" \/>\n<meta name=\"robots\" content=\"index, follow, max-snippet:-1, max-image-preview:large, max-video-preview:-1\" \/>\n<link rel=\"canonical\" href=\"https:\/\/www.iuma.ulpgc.es\/mtt\/acceso-admision\/\" \/>\n<meta property=\"og:locale\" content=\"es_ES\" \/>\n<meta property=\"og:type\" content=\"article\" \/>\n<meta property=\"og:title\" content=\"Acceso\/Admisi\u00f3n al M\u00e1ster en Tecnolog\u00edas de Telecomunicaci\u00f3n\" \/>\n<meta property=\"og:description\" content=\"Requisitos para el acceso\/admisi\u00f3n al M\u00e1ster en Tecnolog\u00edas de Telecomunicaci\u00f3n del Instituto Universitario de Microelectr\u00f3nica Aplicada\" \/>\n<meta property=\"og:url\" content=\"https:\/\/www.iuma.ulpgc.es\/mtt\/acceso-admision\/\" \/>\n<meta property=\"og:site_name\" content=\"Instituto Universitario de Microelectr\u00f3nica Aplicada\" \/>\n<meta property=\"article:modified_time\" content=\"2015-06-12T09:20:28+00:00\" \/>\n<meta property=\"og:image\" content=\"https:\/\/www.iuma.ulpgc.es\/mtt\/wp-content\/uploads\/2015\/05\/admision.png\" \/>\n<meta name=\"twitter:card\" content=\"summary_large_image\" \/>\n<meta name=\"twitter:label1\" content=\"Tiempo de lectura\" \/>\n\t<meta name=\"twitter:data1\" content=\"5 minutos\" \/>\n<script type=\"application\/ld+json\" class=\"yoast-schema-graph\">{\"@context\":\"https:\\\/\\\/schema.org\",\"@graph\":[{\"@type\":\"WebPage\",\"@id\":\"https:\\\/\\\/www.iuma.ulpgc.es\\\/mtt\\\/acceso-admision\\\/\",\"url\":\"https:\\\/\\\/www.iuma.ulpgc.es\\\/mtt\\\/acceso-admision\\\/\",\"name\":\"Acceso\\\/Admisi\u00f3n al M\u00e1ster en Tecnolog\u00edas de Telecomunicaci\u00f3n\",\"isPartOf\":{\"@id\":\"https:\\\/\\\/www.iuma.ulpgc.es\\\/mtt\\\/#website\"},\"primaryImageOfPage\":{\"@id\":\"https:\\\/\\\/www.iuma.ulpgc.es\\\/mtt\\\/acceso-admision\\\/#primaryimage\"},\"image\":{\"@id\":\"https:\\\/\\\/www.iuma.ulpgc.es\\\/mtt\\\/acceso-admision\\\/#primaryimage\"},\"thumbnailUrl\":\"https:\\\/\\\/www.iuma.ulpgc.es\\\/mtt\\\/wp-content\\\/uploads\\\/2015\\\/05\\\/admision.png\",\"datePublished\":\"2015-05-28T08:54:04+00:00\",\"dateModified\":\"2015-06-12T09:20:28+00:00\",\"description\":\"Requisitos para el acceso\\\/admisi\u00f3n al M\u00e1ster en Tecnolog\u00edas de Telecomunicaci\u00f3n del Instituto Universitario de Microelectr\u00f3nica Aplicada\",\"breadcrumb\":{\"@id\":\"https:\\\/\\\/www.iuma.ulpgc.es\\\/mtt\\\/acceso-admision\\\/#breadcrumb\"},\"inLanguage\":\"es\",\"potentialAction\":[{\"@type\":\"ReadAction\",\"target\":[\"https:\\\/\\\/www.iuma.ulpgc.es\\\/mtt\\\/acceso-admision\\\/\"]}]},{\"@type\":\"ImageObject\",\"inLanguage\":\"es\",\"@id\":\"https:\\\/\\\/www.iuma.ulpgc.es\\\/mtt\\\/acceso-admision\\\/#primaryimage\",\"url\":\"https:\\\/\\\/www.iuma.ulpgc.es\\\/mtt\\\/wp-content\\\/uploads\\\/2015\\\/05\\\/admision.png\",\"contentUrl\":\"https:\\\/\\\/www.iuma.ulpgc.es\\\/mtt\\\/wp-content\\\/uploads\\\/2015\\\/05\\\/admision.png\",\"width\":350,\"height\":342},{\"@type\":\"BreadcrumbList\",\"@id\":\"https:\\\/\\\/www.iuma.ulpgc.es\\\/mtt\\\/acceso-admision\\\/#breadcrumb\",\"itemListElement\":[{\"@type\":\"ListItem\",\"position\":1,\"name\":\"Portada\",\"item\":\"https:\\\/\\\/www.iuma.ulpgc.es\\\/mtt\\\/\"},{\"@type\":\"ListItem\",\"position\":2,\"name\":\"Acceso\\\/Admisi\u00f3n\"}]},{\"@type\":\"WebSite\",\"@id\":\"https:\\\/\\\/www.iuma.ulpgc.es\\\/mtt\\\/#website\",\"url\":\"https:\\\/\\\/www.iuma.ulpgc.es\\\/mtt\\\/\",\"name\":\"Instituto Universitario de Microelectr\u00f3nica Aplicada\",\"description\":\"M\u00e1ster en Tecnolog\u00edas de Telecomunicaci\u00f3n (En extinci\u00f3n)\",\"potentialAction\":[{\"@type\":\"SearchAction\",\"target\":{\"@type\":\"EntryPoint\",\"urlTemplate\":\"https:\\\/\\\/www.iuma.ulpgc.es\\\/mtt\\\/?s={search_term_string}\"},\"query-input\":{\"@type\":\"PropertyValueSpecification\",\"valueRequired\":true,\"valueName\":\"search_term_string\"}}],\"inLanguage\":\"es\"}]}<\/script>\n<!-- \/ Yoast SEO plugin. -->","yoast_head_json":{"title":"Acceso\/Admisi\u00f3n al M\u00e1ster en Tecnolog\u00edas de Telecomunicaci\u00f3n","description":"Requisitos para el acceso\/admisi\u00f3n al M\u00e1ster en Tecnolog\u00edas de Telecomunicaci\u00f3n del Instituto Universitario de Microelectr\u00f3nica Aplicada","robots":{"index":"index","follow":"follow","max-snippet":"max-snippet:-1","max-image-preview":"max-image-preview:large","max-video-preview":"max-video-preview:-1"},"canonical":"https:\/\/www.iuma.ulpgc.es\/mtt\/acceso-admision\/","og_locale":"es_ES","og_type":"article","og_title":"Acceso\/Admisi\u00f3n al M\u00e1ster en Tecnolog\u00edas de Telecomunicaci\u00f3n","og_description":"Requisitos para el acceso\/admisi\u00f3n al M\u00e1ster en Tecnolog\u00edas de Telecomunicaci\u00f3n del Instituto Universitario de Microelectr\u00f3nica Aplicada","og_url":"https:\/\/www.iuma.ulpgc.es\/mtt\/acceso-admision\/","og_site_name":"Instituto Universitario de Microelectr\u00f3nica Aplicada","article_modified_time":"2015-06-12T09:20:28+00:00","og_image":[{"url":"https:\/\/www.iuma.ulpgc.es\/mtt\/wp-content\/uploads\/2015\/05\/admision.png","type":"","width":"","height":""}],"twitter_card":"summary_large_image","twitter_misc":{"Tiempo de lectura":"5 minutos"},"schema":{"@context":"https:\/\/schema.org","@graph":[{"@type":"WebPage","@id":"https:\/\/www.iuma.ulpgc.es\/mtt\/acceso-admision\/","url":"https:\/\/www.iuma.ulpgc.es\/mtt\/acceso-admision\/","name":"Acceso\/Admisi\u00f3n al M\u00e1ster en Tecnolog\u00edas de Telecomunicaci\u00f3n","isPartOf":{"@id":"https:\/\/www.iuma.ulpgc.es\/mtt\/#website"},"primaryImageOfPage":{"@id":"https:\/\/www.iuma.ulpgc.es\/mtt\/acceso-admision\/#primaryimage"},"image":{"@id":"https:\/\/www.iuma.ulpgc.es\/mtt\/acceso-admision\/#primaryimage"},"thumbnailUrl":"https:\/\/www.iuma.ulpgc.es\/mtt\/wp-content\/uploads\/2015\/05\/admision.png","datePublished":"2015-05-28T08:54:04+00:00","dateModified":"2015-06-12T09:20:28+00:00","description":"Requisitos para el acceso\/admisi\u00f3n al M\u00e1ster en Tecnolog\u00edas de Telecomunicaci\u00f3n del Instituto Universitario de Microelectr\u00f3nica Aplicada","breadcrumb":{"@id":"https:\/\/www.iuma.ulpgc.es\/mtt\/acceso-admision\/#breadcrumb"},"inLanguage":"es","potentialAction":[{"@type":"ReadAction","target":["https:\/\/www.iuma.ulpgc.es\/mtt\/acceso-admision\/"]}]},{"@type":"ImageObject","inLanguage":"es","@id":"https:\/\/www.iuma.ulpgc.es\/mtt\/acceso-admision\/#primaryimage","url":"https:\/\/www.iuma.ulpgc.es\/mtt\/wp-content\/uploads\/2015\/05\/admision.png","contentUrl":"https:\/\/www.iuma.ulpgc.es\/mtt\/wp-content\/uploads\/2015\/05\/admision.png","width":350,"height":342},{"@type":"BreadcrumbList","@id":"https:\/\/www.iuma.ulpgc.es\/mtt\/acceso-admision\/#breadcrumb","itemListElement":[{"@type":"ListItem","position":1,"name":"Portada","item":"https:\/\/www.iuma.ulpgc.es\/mtt\/"},{"@type":"ListItem","position":2,"name":"Acceso\/Admisi\u00f3n"}]},{"@type":"WebSite","@id":"https:\/\/www.iuma.ulpgc.es\/mtt\/#website","url":"https:\/\/www.iuma.ulpgc.es\/mtt\/","name":"Instituto Universitario de Microelectr\u00f3nica Aplicada","description":"M\u00e1ster en Tecnolog\u00edas de Telecomunicaci\u00f3n (En extinci\u00f3n)","potentialAction":[{"@type":"SearchAction","target":{"@type":"EntryPoint","urlTemplate":"https:\/\/www.iuma.ulpgc.es\/mtt\/?s={search_term_string}"},"query-input":{"@type":"PropertyValueSpecification","valueRequired":true,"valueName":"search_term_string"}}],"inLanguage":"es"}]}},"_links":{"self":[{"href":"https:\/\/www.iuma.ulpgc.es\/mtt\/wp-json\/wp\/v2\/pages\/378","targetHints":{"allow":["GET"]}}],"collection":[{"href":"https:\/\/www.iuma.ulpgc.es\/mtt\/wp-json\/wp\/v2\/pages"}],"about":[{"href":"https:\/\/www.iuma.ulpgc.es\/mtt\/wp-json\/wp\/v2\/types\/page"}],"author":[{"embeddable":true,"href":"https:\/\/www.iuma.ulpgc.es\/mtt\/wp-json\/wp\/v2\/users\/1"}],"replies":[{"embeddable":true,"href":"https:\/\/www.iuma.ulpgc.es\/mtt\/wp-json\/wp\/v2\/comments?post=378"}],"version-history":[{"count":3,"href":"https:\/\/www.iuma.ulpgc.es\/mtt\/wp-json\/wp\/v2\/pages\/378\/revisions"}],"predecessor-version":[{"id":741,"href":"https:\/\/www.iuma.ulpgc.es\/mtt\/wp-json\/wp\/v2\/pages\/378\/revisions\/741"}],"wp:attachment":[{"href":"https:\/\/www.iuma.ulpgc.es\/mtt\/wp-json\/wp\/v2\/media?parent=378"}],"curies":[{"name":"wp","href":"https:\/\/api.w.org\/{rel}","templated":true}]}}