{"id":67,"date":"2015-03-25T13:55:28","date_gmt":"2015-03-25T13:55:28","guid":{"rendered":"http:\/\/www.iuma.ulpgc.es\/mtt\/?page_id=67"},"modified":"2015-06-12T09:30:30","modified_gmt":"2015-06-12T09:30:30","slug":"objetivos-competencias","status":"publish","type":"page","link":"https:\/\/www.iuma.ulpgc.es\/mtt\/objetivos-competencias\/","title":{"rendered":"Objetivos-Competencias"},"content":{"rendered":"<p><strong>Objetivos<\/strong><\/p>\n<p>A lo largo del curso se adquirir\u00e1n capacidades, tanto desde el punto de vista metodol\u00f3gico como instrumental, que faciliten al estudiante su inserci\u00f3n en departamentos de investigaci\u00f3n de empresas del sector, o la continuaci\u00f3n de su investigaci\u00f3n en el desarrollo de un tema de inter\u00e9s encaminado a obtener el t\u00edtulo de doctor. Para ello, se pretende ofrecer una opci\u00f3n de postgrado con criterios de calidad similares a los de otras instituciones de prestigio nacional e internacional, fomentando, entre otros objetivos, los siguientes:<\/p>\n<ul>\n<li>Dar una formaci\u00f3n completa a los estudiantes en todas las facetas vinculadas a las Telecomunicaciones actuales, desde un punto de vista de:<img loading=\"lazy\" decoding=\"async\" class=\"alignright wp-image-242 size-medium\" src=\"https:\/\/www.iuma.ulpgc.es\/mtt\/wp-content\/uploads\/2015\/04\/objetivos_2-300x224.jpg\" alt=\"Objetivos- competencias del M\u00e1ster en Tecnolog\u00edas de Telecomunicaci\u00f3n\" width=\"300\" height=\"224\" srcset=\"https:\/\/www.iuma.ulpgc.es\/mtt\/wp-content\/uploads\/2015\/04\/objetivos_2-300x224.jpg 300w, https:\/\/www.iuma.ulpgc.es\/mtt\/wp-content\/uploads\/2015\/04\/objetivos_2.jpg 550w\" sizes=\"auto, (max-width: 300px) 100vw, 300px\" \/>\n<ul>\n<li>la investigaci\u00f3n fundamental, orientada a la b\u00fasqueda de nuevos resultados\u00a0te\u00f3ricos de gran relevancia, as\u00ed como a la creaci\u00f3n de nuevas l\u00edneas de investigaci\u00f3n<\/li>\n<li>la investigaci\u00f3n aplicada, orientada a la transferencia tecnol\u00f3gica de alta calidad<\/li>\n<\/ul>\n<\/li>\n<li>Favorecer la integraci\u00f3n de los estudiantes de este M\u00e1ster en grupos de trabajo de investigaci\u00f3n nacionales e internacionales, actuando como cient\u00edficos y tecn\u00f3logos.<\/li>\n<li>Proporcionar a los estudiantes los conocimientos necesarios para difundir de manera efectiva resultados y conocimientos adquiridos, para una mejor transferencia tecnol\u00f3gica tanto en el entorno de centros de investigaci\u00f3n como de empresas.<\/li>\n<\/ul>\n<p><strong>Competencias<\/strong><\/p>\n<p>Los estudiantes deben adquirir durante sus estudios una serie de competencias que son exigibles para poder otorgar el t\u00edtulo de\u00a0M\u00e1ster de Investigaci\u00f3n en Tecnolog\u00edas de Telecomunicaci\u00f3n.<\/p>\n<div id=\"competencias\" class=\"accordion\">\n<div class=\"accordion-group\">\n<div class=\"accordion-heading\"><a class=\"accordion-toggle\" href=\"#collapseOne\" data-parent=\"#competencias\" data-toggle=\"collapse\">Competencias generales<\/a><\/div>\n<div id=\"collapseOne\" class=\"accordion-body collapse\">\n<div class=\"accordion-inner\">\n<table class=\"table table-striped\">\n<thead>\n<tr>\n<th>Competencia<\/th>\n<th>Descripci\u00f3n<\/th>\n<\/tr>\n<\/thead>\n<tbody>\n<tr class=\"\">\n<td>CG1<\/td>\n<td>Poseer y comprender conocimientos que se basan en los t\u00edpicamente asociados al grado y los ampl\u00edan y mejoran, lo que les aporta una base o posibilidad para ser originales en el desarrollo y\/o aplicaci\u00f3n de ideas a menudo en un contexto de investigaci\u00f3n y de su \u00e1mbito de especializaci\u00f3n profesional<\/td>\n<\/tr>\n<tr class=\"info\">\n<td>CG2<\/td>\n<td>Saber aplicar los conocimientos adquiridos y su capacidad de resoluci\u00f3n de problemas en entornos nuevos o poco conocidos dentro de contextos m\u00e1s amplios (o multidisciplinares) relacionados con la Ingenier\u00eda de Telecomunicaci\u00f3n<\/td>\n<\/tr>\n<tr class=\"\">\n<td>CG3<\/td>\n<td>Ser capaces de integrar conocimientos y enfrentarse a la complejidad de formular juicios a partir de una informaci\u00f3n que, siendo limitada, incluya reflexiones sobre las responsabilidades sociales y \u00e9ticas vinculadas a la aplicaci\u00f3n de sus conocimientos y juicios<\/td>\n<\/tr>\n<tr class=\"info\">\n<td>CG4<\/td>\n<td>Saber comunicar conclusiones, as\u00ed como los conocimientos y razones \u00faltimas que las sustentan, a p\u00fablicos especializados y no especializados de un modo claro y sin ambig\u00fcedades<\/td>\n<\/tr>\n<tr class=\"\">\n<td>CG5<\/td>\n<td>Poseer las habilidades de aprendizaje que permitan continuar estudiando de un modo que habr\u00e1 de ser en gran medida autodirigido o aut\u00f3nomo<\/td>\n<\/tr>\n<tr class=\"info\">\n<td>CG6<\/td>\n<td>Liderar equipos y organizaciones, promoviendo el libre intercambio de ideas y experiencias, la b\u00fasqueda de soluciones originales y el compromiso permanente con la excelencia<\/td>\n<\/tr>\n<tr class=\"\">\n<td>CG7<\/td>\n<td>Impulsar responsablemente todas las formas de conocimiento y de acci\u00f3n que puedan contribuir al enriquecimiento del capital econ\u00f3mico, social y cultural de la sociedad en la que el estudiante desarrolla su pr\u00e1ctica profesional y en la que ejerce sus derechos y deberes de ciudadan\u00eda<\/td>\n<\/tr>\n<tr class=\"info\">\n<td>CG8<\/td>\n<td>Ser capaces de realizar y presentar un estado del arte de un \u00e1rea de investigaci\u00f3n en Ingenier\u00eda de Telecomunicaci\u00f3n<\/td>\n<\/tr>\n<tr class=\"\">\n<td>CG9<\/td>\n<td>Adquirir capacidad para la gesti\u00f3n y organizaci\u00f3n de la informaci\u00f3n<\/td>\n<\/tr>\n<tr class=\"info\">\n<td>CG10<\/td>\n<td>Adquirir capacidad para concebir, dise\u00f1ar, poner en pr\u00e1ctica y adoptar un proceso de investigaci\u00f3n<\/td>\n<\/tr>\n<tr class=\"\">\n<td>CG11<\/td>\n<td>Adquirir conocimientos que aporten una base para ser original en el desarrollo y\/o aplicaci\u00f3n de ideas en un contexto de investigaci\u00f3n<\/td>\n<\/tr>\n<tr class=\"info\">\n<td>CG12<\/td>\n<td>Liderar equipos y organizaciones, promoviendo el libre intercambio de ideas y experiencias, la b\u00fasqueda de soluciones originales y el compromiso permanente con la excelencia<\/td>\n<\/tr>\n<tr class=\"\">\n<td>CG13<\/td>\n<td>Impulsar responsablemente todas las formas de conocimiento y de acci\u00f3n que puedan contribuir al enriquecimiento del capital econ\u00f3mico, social y cultural de la sociedad en la que se desarrolla su pr\u00e1ctica profesional y en la que ejerce sus derechos y deberes de ciudadan\u00eda<\/td>\n<\/tr>\n<\/tbody>\n<\/table>\n<\/div>\n<\/div>\n<\/div>\n<div class=\"accordion-group\">\n<div class=\"accordion-heading\"><a class=\"accordion-toggle\" href=\"#collapseTwo\" data-parent=\"#competencias\" data-toggle=\"collapse\">Competencias nucleares<\/a><\/div>\n<div id=\"collapseTwo\" class=\"accordion-body collapse\">\n<div class=\"accordion-inner\">\n<table class=\"table table-striped\">\n<thead>\n<tr>\n<th>Competencia<\/th>\n<th>Descripci\u00f3n<\/th>\n<\/tr>\n<\/thead>\n<tbody>\n<tr class=\"\">\n<td>CN1<\/td>\n<td>Comunicarse de forma adecuada y respetuosa con diferentes audiencias (clientes, colaboradores, promotores, agentes sociales, etc.), utilizando los soportes y v\u00edas de comunicaci\u00f3n m\u00e1s apropiados (especialmente las nuevas tecnolog\u00edas de la informaci\u00f3n y la comunicaci\u00f3n) de modo que pueda llegar a comprender los intereses, necesidades y preocupaciones de las personas y organizaciones, as\u00ed como expresar claramente el sentido de la misi\u00f3n que tiene encomendada y la forma en que puede contribuir, con sus competencias y conocimientos profesionales, a la satisfacci\u00f3n de esos intereses, necesidades y preocupaciones.<\/td>\n<\/tr>\n<tr class=\"info\">\n<td>CN2<\/td>\n<td>Cooperar con otras personas y organizaciones en la realizaci\u00f3n eficaz de funciones y tareas propias de su perfil profesional, desarrollando una actitud reflexiva sobre sus propias competencias y conocimientos profesionales y una actitud comprensiva y emp\u00e1tica hacia las competencias y conocimientos de otros profesionales.<\/td>\n<\/tr>\n<tr class=\"\">\n<td>CN3<\/td>\n<td>Contribuir a la mejora continua de su profesi\u00f3n as\u00ed como de las organizaciones en las que desarrolla sus pr\u00e1cticas a trav\u00e9s de la participaci\u00f3n activa en procesos de investigaci\u00f3n, desarrollo e innovaci\u00f3n.<\/td>\n<\/tr>\n<tr class=\"info\">\n<td>CN4<\/td>\n<td>Comprometerse activamente en el desarrollo de pr\u00e1cticas profesionales respetuosas con los derechos humanos as\u00ed como con las normas \u00e9ticas propias de su \u00e1mbito profesional para generar confianza en los beneficiarios de su profesi\u00f3n y obtener la legitimidad y la autoridad que la sociedad le reconoce.<\/td>\n<\/tr>\n<tr class=\"\">\n<td>CN5<\/td>\n<td>Participar activamente en la integraci\u00f3n multicultural que favorezca el pleno desarrollo humano, la convivencia y la justicia social.<\/td>\n<\/tr>\n<\/tbody>\n<\/table>\n<\/div>\n<\/div>\n<\/div>\n<div class=\"accordion-group\">\n<div class=\"accordion-heading\"><a class=\"accordion-toggle\" href=\"#collapseThree\" data-parent=\"#competencias\" data-toggle=\"collapse\">Competencias espec\u00edficas<\/a><\/div>\n<div id=\"collapseThree\" class=\"accordion-body collapse\">\n<div class=\"accordion-inner\">El M\u00e1ster de Investigaci\u00f3n en Tecnolog\u00edas de Telecomunicaci\u00f3n otorga al menos una competencia espec\u00edfica en cada una de las asignaturas obligatorias y troncales del programa.<\/p>\n<table class=\"table table-striped\">\n<thead>\n<tr>\n<th>Competencia<\/th>\n<th>Descripci\u00f3n<\/th>\n<\/tr>\n<\/thead>\n<tbody>\n<tr class=\"\">\n<td>CEA1<\/td>\n<td>Conocer las bases de la metodolog\u00eda de investigaci\u00f3n en tecnolog\u00edas de Ingenier\u00eda de Telecomunicaci\u00f3n y de la realizaci\u00f3n de la tesis doctoral. M\u00e9todo cient\u00edficoexperimental hipot\u00e9tico-deductivo, m\u00e9todos tecnol\u00f3gicos y m\u00e9todos de ingenier\u00eda.<\/td>\n<\/tr>\n<tr class=\"info\">\n<td>CEA2<\/td>\n<td>Comprender y manejar con soltura los conceptos fundamentales de matem\u00e1ticas avanzadas para telecomunicaci\u00f3n.<\/td>\n<\/tr>\n<tr class=\"\">\n<td>CEB1<\/td>\n<td>Comprender y manejar con soltura los conceptos fundamentales de dise\u00f1o de circuitos integrados de radiofrecuencia para telecomunicaciones<\/td>\n<\/tr>\n<tr class=\"info\">\n<td>CEB2<\/td>\n<td>Conocer los fundamentos de dise\u00f1o de sistemas en chip para telecomunicaciones.<\/td>\n<\/tr>\n<tr class=\"\">\n<td>CEB3<\/td>\n<td>Conocer los fundamentos de Instrumentaci\u00f3n y equipos para sistemas de telecomunicaci\u00f3n<\/td>\n<\/tr>\n<tr class=\"info\">\n<td>CEB3<\/td>\n<td>Conocer los fundamentos de Protocolos y servicios de telecomunicaci\u00f3n.<\/td>\n<\/tr>\n<\/tbody>\n<\/table>\n<\/div>\n<\/div>\n<\/div>\n<\/div>","protected":false},"excerpt":{"rendered":"<p>Objetivos A lo largo del curso se adquirir\u00e1n capacidades, tanto desde el punto de vista metodol\u00f3gico como instrumental, que faciliten al estudiante su inserci\u00f3n en departamentos de investigaci\u00f3n de empresas del sector, o la continuaci\u00f3n de su investigaci\u00f3n en el desarrollo de un tema de inter\u00e9s encaminado a obtener el t\u00edtulo de doctor. Para ello, [&hellip;]<\/p>","protected":false},"author":1,"featured_media":0,"parent":0,"menu_order":0,"comment_status":"closed","ping_status":"open","template":"","meta":{"footnotes":""},"class_list":["post-67","page","type-page","status-publish","czr-hentry"],"yoast_head":"<!-- This site is optimized with the Yoast SEO plugin v27.3 - https:\/\/yoast.com\/product\/yoast-seo-wordpress\/ -->\n<title>Objetivos-Competencias del M\u00e1ster en Tecnolog\u00edas de Telecomunicaci\u00f3n<\/title>\n<meta name=\"description\" content=\"Descripci\u00f3n de los objetivos y competencias del M\u00e1ster en Tecnolog\u00edas de Telecomunicaci\u00f3n del Instituto Universitario de Microelectr\u00f3nica Aplicada\" \/>\n<meta name=\"robots\" content=\"index, follow, max-snippet:-1, max-image-preview:large, max-video-preview:-1\" \/>\n<link rel=\"canonical\" href=\"https:\/\/www.iuma.ulpgc.es\/mtt\/objetivos-competencias\/\" \/>\n<meta property=\"og:locale\" content=\"es_ES\" \/>\n<meta property=\"og:type\" content=\"article\" \/>\n<meta property=\"og:title\" content=\"Objetivos-Competencias del M\u00e1ster en Tecnolog\u00edas de Telecomunicaci\u00f3n\" \/>\n<meta property=\"og:description\" content=\"Descripci\u00f3n de los objetivos y competencias del M\u00e1ster en Tecnolog\u00edas de Telecomunicaci\u00f3n del Instituto Universitario de Microelectr\u00f3nica Aplicada\" \/>\n<meta property=\"og:url\" content=\"https:\/\/www.iuma.ulpgc.es\/mtt\/objetivos-competencias\/\" \/>\n<meta property=\"og:site_name\" content=\"Instituto Universitario de Microelectr\u00f3nica Aplicada\" \/>\n<meta property=\"article:modified_time\" content=\"2015-06-12T09:30:30+00:00\" \/>\n<meta property=\"og:image\" content=\"https:\/\/www.iuma.ulpgc.es\/mtt\/wp-content\/uploads\/2015\/04\/objetivos_2-300x224.jpg\" \/>\n<meta name=\"twitter:card\" content=\"summary_large_image\" \/>\n<meta name=\"twitter:label1\" content=\"Tiempo de lectura\" \/>\n\t<meta name=\"twitter:data1\" content=\"5 minutos\" \/>\n<script type=\"application\/ld+json\" class=\"yoast-schema-graph\">{\"@context\":\"https:\\\/\\\/schema.org\",\"@graph\":[{\"@type\":\"WebPage\",\"@id\":\"https:\\\/\\\/www.iuma.ulpgc.es\\\/mtt\\\/objetivos-competencias\\\/\",\"url\":\"https:\\\/\\\/www.iuma.ulpgc.es\\\/mtt\\\/objetivos-competencias\\\/\",\"name\":\"Objetivos-Competencias del M\u00e1ster en Tecnolog\u00edas de Telecomunicaci\u00f3n\",\"isPartOf\":{\"@id\":\"https:\\\/\\\/www.iuma.ulpgc.es\\\/mtt\\\/#website\"},\"primaryImageOfPage\":{\"@id\":\"https:\\\/\\\/www.iuma.ulpgc.es\\\/mtt\\\/objetivos-competencias\\\/#primaryimage\"},\"image\":{\"@id\":\"https:\\\/\\\/www.iuma.ulpgc.es\\\/mtt\\\/objetivos-competencias\\\/#primaryimage\"},\"thumbnailUrl\":\"https:\\\/\\\/www.iuma.ulpgc.es\\\/mtt\\\/wp-content\\\/uploads\\\/2015\\\/04\\\/objetivos_2-300x224.jpg\",\"datePublished\":\"2015-03-25T13:55:28+00:00\",\"dateModified\":\"2015-06-12T09:30:30+00:00\",\"description\":\"Descripci\u00f3n de los objetivos y competencias del M\u00e1ster en Tecnolog\u00edas de Telecomunicaci\u00f3n del Instituto Universitario de Microelectr\u00f3nica Aplicada\",\"breadcrumb\":{\"@id\":\"https:\\\/\\\/www.iuma.ulpgc.es\\\/mtt\\\/objetivos-competencias\\\/#breadcrumb\"},\"inLanguage\":\"es\",\"potentialAction\":[{\"@type\":\"ReadAction\",\"target\":[\"https:\\\/\\\/www.iuma.ulpgc.es\\\/mtt\\\/objetivos-competencias\\\/\"]}]},{\"@type\":\"ImageObject\",\"inLanguage\":\"es\",\"@id\":\"https:\\\/\\\/www.iuma.ulpgc.es\\\/mtt\\\/objetivos-competencias\\\/#primaryimage\",\"url\":\"https:\\\/\\\/www.iuma.ulpgc.es\\\/mtt\\\/wp-content\\\/uploads\\\/2015\\\/04\\\/objetivos_2.jpg\",\"contentUrl\":\"https:\\\/\\\/www.iuma.ulpgc.es\\\/mtt\\\/wp-content\\\/uploads\\\/2015\\\/04\\\/objetivos_2.jpg\",\"width\":550,\"height\":410},{\"@type\":\"BreadcrumbList\",\"@id\":\"https:\\\/\\\/www.iuma.ulpgc.es\\\/mtt\\\/objetivos-competencias\\\/#breadcrumb\",\"itemListElement\":[{\"@type\":\"ListItem\",\"position\":1,\"name\":\"Portada\",\"item\":\"https:\\\/\\\/www.iuma.ulpgc.es\\\/mtt\\\/\"},{\"@type\":\"ListItem\",\"position\":2,\"name\":\"Objetivos-Competencias\"}]},{\"@type\":\"WebSite\",\"@id\":\"https:\\\/\\\/www.iuma.ulpgc.es\\\/mtt\\\/#website\",\"url\":\"https:\\\/\\\/www.iuma.ulpgc.es\\\/mtt\\\/\",\"name\":\"Instituto Universitario de Microelectr\u00f3nica Aplicada\",\"description\":\"M\u00e1ster en Tecnolog\u00edas de Telecomunicaci\u00f3n (En extinci\u00f3n)\",\"potentialAction\":[{\"@type\":\"SearchAction\",\"target\":{\"@type\":\"EntryPoint\",\"urlTemplate\":\"https:\\\/\\\/www.iuma.ulpgc.es\\\/mtt\\\/?s={search_term_string}\"},\"query-input\":{\"@type\":\"PropertyValueSpecification\",\"valueRequired\":true,\"valueName\":\"search_term_string\"}}],\"inLanguage\":\"es\"}]}<\/script>\n<!-- \/ Yoast SEO plugin. -->","yoast_head_json":{"title":"Objetivos-Competencias del M\u00e1ster en Tecnolog\u00edas de Telecomunicaci\u00f3n","description":"Descripci\u00f3n de los objetivos y competencias del M\u00e1ster en Tecnolog\u00edas de Telecomunicaci\u00f3n del Instituto Universitario de Microelectr\u00f3nica Aplicada","robots":{"index":"index","follow":"follow","max-snippet":"max-snippet:-1","max-image-preview":"max-image-preview:large","max-video-preview":"max-video-preview:-1"},"canonical":"https:\/\/www.iuma.ulpgc.es\/mtt\/objetivos-competencias\/","og_locale":"es_ES","og_type":"article","og_title":"Objetivos-Competencias del M\u00e1ster en Tecnolog\u00edas de Telecomunicaci\u00f3n","og_description":"Descripci\u00f3n de los objetivos y competencias del M\u00e1ster en Tecnolog\u00edas de Telecomunicaci\u00f3n del Instituto Universitario de Microelectr\u00f3nica Aplicada","og_url":"https:\/\/www.iuma.ulpgc.es\/mtt\/objetivos-competencias\/","og_site_name":"Instituto Universitario de Microelectr\u00f3nica Aplicada","article_modified_time":"2015-06-12T09:30:30+00:00","og_image":[{"url":"https:\/\/www.iuma.ulpgc.es\/mtt\/wp-content\/uploads\/2015\/04\/objetivos_2-300x224.jpg","type":"","width":"","height":""}],"twitter_card":"summary_large_image","twitter_misc":{"Tiempo de lectura":"5 minutos"},"schema":{"@context":"https:\/\/schema.org","@graph":[{"@type":"WebPage","@id":"https:\/\/www.iuma.ulpgc.es\/mtt\/objetivos-competencias\/","url":"https:\/\/www.iuma.ulpgc.es\/mtt\/objetivos-competencias\/","name":"Objetivos-Competencias del M\u00e1ster en Tecnolog\u00edas de Telecomunicaci\u00f3n","isPartOf":{"@id":"https:\/\/www.iuma.ulpgc.es\/mtt\/#website"},"primaryImageOfPage":{"@id":"https:\/\/www.iuma.ulpgc.es\/mtt\/objetivos-competencias\/#primaryimage"},"image":{"@id":"https:\/\/www.iuma.ulpgc.es\/mtt\/objetivos-competencias\/#primaryimage"},"thumbnailUrl":"https:\/\/www.iuma.ulpgc.es\/mtt\/wp-content\/uploads\/2015\/04\/objetivos_2-300x224.jpg","datePublished":"2015-03-25T13:55:28+00:00","dateModified":"2015-06-12T09:30:30+00:00","description":"Descripci\u00f3n de los objetivos y competencias del M\u00e1ster en Tecnolog\u00edas de Telecomunicaci\u00f3n del Instituto Universitario de Microelectr\u00f3nica Aplicada","breadcrumb":{"@id":"https:\/\/www.iuma.ulpgc.es\/mtt\/objetivos-competencias\/#breadcrumb"},"inLanguage":"es","potentialAction":[{"@type":"ReadAction","target":["https:\/\/www.iuma.ulpgc.es\/mtt\/objetivos-competencias\/"]}]},{"@type":"ImageObject","inLanguage":"es","@id":"https:\/\/www.iuma.ulpgc.es\/mtt\/objetivos-competencias\/#primaryimage","url":"https:\/\/www.iuma.ulpgc.es\/mtt\/wp-content\/uploads\/2015\/04\/objetivos_2.jpg","contentUrl":"https:\/\/www.iuma.ulpgc.es\/mtt\/wp-content\/uploads\/2015\/04\/objetivos_2.jpg","width":550,"height":410},{"@type":"BreadcrumbList","@id":"https:\/\/www.iuma.ulpgc.es\/mtt\/objetivos-competencias\/#breadcrumb","itemListElement":[{"@type":"ListItem","position":1,"name":"Portada","item":"https:\/\/www.iuma.ulpgc.es\/mtt\/"},{"@type":"ListItem","position":2,"name":"Objetivos-Competencias"}]},{"@type":"WebSite","@id":"https:\/\/www.iuma.ulpgc.es\/mtt\/#website","url":"https:\/\/www.iuma.ulpgc.es\/mtt\/","name":"Instituto Universitario de Microelectr\u00f3nica Aplicada","description":"M\u00e1ster en Tecnolog\u00edas de Telecomunicaci\u00f3n (En extinci\u00f3n)","potentialAction":[{"@type":"SearchAction","target":{"@type":"EntryPoint","urlTemplate":"https:\/\/www.iuma.ulpgc.es\/mtt\/?s={search_term_string}"},"query-input":{"@type":"PropertyValueSpecification","valueRequired":true,"valueName":"search_term_string"}}],"inLanguage":"es"}]}},"_links":{"self":[{"href":"https:\/\/www.iuma.ulpgc.es\/mtt\/wp-json\/wp\/v2\/pages\/67","targetHints":{"allow":["GET"]}}],"collection":[{"href":"https:\/\/www.iuma.ulpgc.es\/mtt\/wp-json\/wp\/v2\/pages"}],"about":[{"href":"https:\/\/www.iuma.ulpgc.es\/mtt\/wp-json\/wp\/v2\/types\/page"}],"author":[{"embeddable":true,"href":"https:\/\/www.iuma.ulpgc.es\/mtt\/wp-json\/wp\/v2\/users\/1"}],"replies":[{"embeddable":true,"href":"https:\/\/www.iuma.ulpgc.es\/mtt\/wp-json\/wp\/v2\/comments?post=67"}],"version-history":[{"count":3,"href":"https:\/\/www.iuma.ulpgc.es\/mtt\/wp-json\/wp\/v2\/pages\/67\/revisions"}],"predecessor-version":[{"id":484,"href":"https:\/\/www.iuma.ulpgc.es\/mtt\/wp-json\/wp\/v2\/pages\/67\/revisions\/484"}],"wp:attachment":[{"href":"https:\/\/www.iuma.ulpgc.es\/mtt\/wp-json\/wp\/v2\/media?parent=67"}],"curies":[{"name":"wp","href":"https:\/\/api.w.org\/{rel}","templated":true}]}}