{"id":117,"date":"2018-10-30T13:17:28","date_gmt":"2018-10-30T13:17:28","guid":{"rendered":"https:\/\/www.iuma.ulpgc.es\/sgc\/?page_id=117"},"modified":"2020-07-13T13:16:23","modified_gmt":"2020-07-13T12:16:23","slug":"comision","status":"publish","type":"page","link":"https:\/\/www.iuma.ulpgc.es\/sgc\/comision\/","title":{"rendered":"Comisi\u00f3n"},"content":{"rendered":"<p>La comisi\u00f3n del Sistema de Garant\u00eda de Calidad del Instituto Universitario de Microelectr\u00f3nica Aplicada est\u00e1 formada por los siguientes miembros:<\/p>\n<ul>\n<li>El Director del IUMA que act\u00faa como Presidente de la Comisi\u00f3n: <strong>Dr. D. Aurelio Vega Mart\u00ednez<\/strong><\/li>\n<li>El Subdirector de Calidad del IUMA, elegido por la Comisi\u00f3n Ejecutiva del Instituto: <strong>Dr. D. Miguel \u00c1ngel Padr\u00f3n Medina<\/strong><\/li>\n<\/ul>\n<p>Un representante, profesor doctor adscrito al IUMA, por cada una de las siete divisiones del Instituto, elegidos por la Comisi\u00f3n Ejecutiva del Instituto, a propuesta de cada divisi\u00f3n:<\/p>\n<ul>\n<li>Por la Divisi\u00f3n de Equipos y Sistemas de Comunicaci\u00f3n (COM): <strong>Dr. D. Roberto Esper-Cha\u00edn Falc\u00f3n<\/strong><\/li>\n<li>Por la Divisi\u00f3n de Dise\u00f1o de Sistemas Integrados (DSI): <strong>Dr. D. Valent\u00edn de Armas Sosa<\/strong><\/li>\n<li>Por la Divisi\u00f3n de Tecnolog\u00eda de la Informaci\u00f3n (TI): <strong>Dr. D. Fernando de la Puente Arrate<\/strong><\/li>\n<li>Por la Divisi\u00f3n de Microelectr\u00f3nica y Microsistemas (MEMS): <strong>Dr. D. Carlos Javier Sosa Gonz\u00e1lez<\/strong><\/li>\n<li>Por la Divisi\u00f3n de sistemas industriales y CAD (SICAD): <strong>Dr. D. Aurelio Vega Mart\u00ednez<\/strong><\/li>\n<li>Por la Divisi\u00f3n de Tecnolog\u00eda Microelectr\u00f3nica (TME): <strong>Dr. D. Benito Gonz\u00e1lez P\u00e9rez<\/strong><\/li>\n<li>Por la Divisi\u00f3n de Matem\u00e1ticas, Gr\u00e1ficos y Computaci\u00f3n (MAGiC): <strong>Dr. D. Miguel Angel Padr\u00f3n Medina<\/strong><\/li>\n<li>Un representante del PAS: <strong>D. Enrique Montesdeoca Ojeda<\/strong><\/li>\n<li>Un representante de entre los estudiantes de postgrado del IUMA: Vacante<\/li>\n<\/ul>\n","protected":false},"excerpt":{"rendered":"<p>La comisi\u00f3n del Sistema de Garant\u00eda de Calidad del Instituto Universitario de Microelectr\u00f3nica Aplicada est\u00e1 formada por los siguientes miembros: [&hellip;]<\/p>\n","protected":false},"author":1,"featured_media":0,"parent":0,"menu_order":0,"comment_status":"closed","ping_status":"closed","template":"","meta":{"footnotes":""},"class_list":["post-117","page","type-page","status-publish","hentry"],"_links":{"self":[{"href":"https:\/\/www.iuma.ulpgc.es\/sgc\/wp-json\/wp\/v2\/pages\/117","targetHints":{"allow":["GET"]}}],"collection":[{"href":"https:\/\/www.iuma.ulpgc.es\/sgc\/wp-json\/wp\/v2\/pages"}],"about":[{"href":"https:\/\/www.iuma.ulpgc.es\/sgc\/wp-json\/wp\/v2\/types\/page"}],"author":[{"embeddable":true,"href":"https:\/\/www.iuma.ulpgc.es\/sgc\/wp-json\/wp\/v2\/users\/1"}],"replies":[{"embeddable":true,"href":"https:\/\/www.iuma.ulpgc.es\/sgc\/wp-json\/wp\/v2\/comments?post=117"}],"version-history":[{"count":3,"href":"https:\/\/www.iuma.ulpgc.es\/sgc\/wp-json\/wp\/v2\/pages\/117\/revisions"}],"predecessor-version":[{"id":456,"href":"https:\/\/www.iuma.ulpgc.es\/sgc\/wp-json\/wp\/v2\/pages\/117\/revisions\/456"}],"wp:attachment":[{"href":"https:\/\/www.iuma.ulpgc.es\/sgc\/wp-json\/wp\/v2\/media?parent=117"}],"curies":[{"name":"wp","href":"https:\/\/api.w.org\/{rel}","templated":true}]}}