{"id":127,"date":"2018-10-30T13:33:15","date_gmt":"2018-10-30T13:33:15","guid":{"rendered":"https:\/\/www.iuma.ulpgc.es\/sgc\/?page_id=127"},"modified":"2018-11-06T07:02:18","modified_gmt":"2018-11-06T07:02:18","slug":"estructura","status":"publish","type":"page","link":"https:\/\/www.iuma.ulpgc.es\/sgc\/estructura\/","title":{"rendered":"Estructura"},"content":{"rendered":"<p>El Sistema de Garant\u00eda se basa en un conjunto de manuales y procedimientos que establecen los procesos de gesti\u00f3n y evaluaci\u00f3n de la docencia.<\/p>\n<p><img loading=\"lazy\" decoding=\"async\" class=\"aligncenter wp-image-144 size-medium\" src=\"https:\/\/www.iuma.ulpgc.es\/sgc\/wp-content\/uploads\/sgc_estructura-300x200.png\" alt=\"\" width=\"300\" height=\"200\" srcset=\"https:\/\/www.iuma.ulpgc.es\/sgc\/wp-content\/uploads\/sgc_estructura-300x200.png 300w, https:\/\/www.iuma.ulpgc.es\/sgc\/wp-content\/uploads\/sgc_estructura-768x512.png 768w, https:\/\/www.iuma.ulpgc.es\/sgc\/wp-content\/uploads\/sgc_estructura-272x182.png 272w, https:\/\/www.iuma.ulpgc.es\/sgc\/wp-content\/uploads\/sgc_estructura.png 857w\" sizes=\"auto, (max-width: 300px) 100vw, 300px\" \/><\/p>\n<p>El <a href=\"https:\/\/www.iuma.ulpgc.es\/sgc\/wp-content\/uploads\/SGC_IUMA_2012_R02.pdf\" target=\"_blank\" rel=\"noopener\">Sistema de Garant\u00eda de Calidad del IUMA (revisi\u00f3n 02)<\/a> aprobado en comisi\u00f3n ejecutiva el <strong>23 de Mayo de 2014<\/strong> se articula en base a tres partes fundamentales:<\/p>\n<ul>\n<li><a href=\"https:\/\/www.iuma.ulpgc.es\/sgc\/manual-sistema-garantia-calidad-iuma-r02\/\">Manual del Sistema de Garant\u00eda de Calidad del IUMA (revisi\u00f3n 02)<\/a><\/li>\n<li><a href=\"https:\/\/www.iuma.ulpgc.es\/sgc\/manual-de-procedimientos-iuma-r02\/\">Manual de Procedimientos del IUMA (revisi\u00f3n 02)<\/a><\/li>\n<li><a href=\"http:\/\/www.calidad.ulpgc.es\/index.php\/m-sgc\/m-pinst\" target=\"_blank\" rel=\"noopener\">Procedimientos institucionales de la Universidad de Las Palmas de Gran Canaria<\/a><\/li>\n<\/ul>\n<p>La estructura del anterior <a href=\"https:\/\/www.iuma.ulpgc.es\/sgc\/wp-content\/uploads\/SGC_IUMA_R01b.pdf\" target=\"_blank\" rel=\"noopener\">Sistema de Garant\u00eda de Calidad del IUMA (revisi\u00f3n 01)<\/a> se puede consultar en el siguiente <a href=\"https:\/\/www.iuma.ulpgc.es\/sgc\/sistema-garantia-calidad-iuma-r01\/\">enlace<\/a>.<\/p>\n","protected":false},"excerpt":{"rendered":"<p>El Sistema de Garant\u00eda se basa en un conjunto de manuales y procedimientos que establecen los procesos de gesti\u00f3n y [&hellip;]<\/p>\n","protected":false},"author":1,"featured_media":0,"parent":0,"menu_order":0,"comment_status":"closed","ping_status":"closed","template":"","meta":{"footnotes":""},"class_list":["post-127","page","type-page","status-publish","hentry"],"_links":{"self":[{"href":"https:\/\/www.iuma.ulpgc.es\/sgc\/wp-json\/wp\/v2\/pages\/127","targetHints":{"allow":["GET"]}}],"collection":[{"href":"https:\/\/www.iuma.ulpgc.es\/sgc\/wp-json\/wp\/v2\/pages"}],"about":[{"href":"https:\/\/www.iuma.ulpgc.es\/sgc\/wp-json\/wp\/v2\/types\/page"}],"author":[{"embeddable":true,"href":"https:\/\/www.iuma.ulpgc.es\/sgc\/wp-json\/wp\/v2\/users\/1"}],"replies":[{"embeddable":true,"href":"https:\/\/www.iuma.ulpgc.es\/sgc\/wp-json\/wp\/v2\/comments?post=127"}],"version-history":[{"count":9,"href":"https:\/\/www.iuma.ulpgc.es\/sgc\/wp-json\/wp\/v2\/pages\/127\/revisions"}],"predecessor-version":[{"id":337,"href":"https:\/\/www.iuma.ulpgc.es\/sgc\/wp-json\/wp\/v2\/pages\/127\/revisions\/337"}],"wp:attachment":[{"href":"https:\/\/www.iuma.ulpgc.es\/sgc\/wp-json\/wp\/v2\/media?parent=127"}],"curies":[{"name":"wp","href":"https:\/\/api.w.org\/{rel}","templated":true}]}}