{"id":164,"date":"2018-11-05T09:06:06","date_gmt":"2018-11-05T09:06:06","guid":{"rendered":"https:\/\/www.iuma.ulpgc.es\/sgc\/?page_id=164"},"modified":"2018-11-05T09:41:00","modified_gmt":"2018-11-05T09:41:00","slug":"manual-de-procedimientos-iuma-r02","status":"publish","type":"page","link":"https:\/\/www.iuma.ulpgc.es\/sgc\/manual-de-procedimientos-iuma-r02\/","title":{"rendered":"Manual de Procedimientos del IUMA  (revisi\u00f3n 02)"},"content":{"rendered":"<p><strong>\u00a0Procedimientos Estrat\u00e9gicos<\/strong><\/p>\n\n<!-- Generado usando Document Gallery. Obtenga el suyo aqu\u00ed:http:\/\/wordpress.org\/extend\/plugins\/document-gallery -->\n<table id=\"document-gallery-1\" class=\"document-gallery\" data-shortcode='{\"id\":-1,\"include\":\"\",\"exclude\":\"\",\"columns\":1,\"order\":\"ASC\",\"orderby\":\"title\",\"relation\":\"AND\",\"limit\":-1,\"mime_types\":\"application,video,text,audio,image\",\"new_window\":true,\"paginate\":true,\"post_status\":\"any\",\"post_type\":\"attachment\",\"fancy\":false,\"attachment_pg\":false,\"descriptions\":true,\"skip\":0,\"media_category\":\"sgc_proc_estrategicos_r02\"}'><tr class=\"document-icon-row descriptions\"><td><a href=\"https:\/\/www.iuma.ulpgc.es\/sgc\/wp-content\/uploads\/PEC01_R02_Politica_Docente_del_IUMA.pdf\" target=\"_blank\"><img decoding=\"async\" src=\"https:\/\/www.iuma.ulpgc.es\/sgc\/wp-content\/plugins\/document-gallery\/src\/assets\/icons\/pdf.png\" height=\"32px\" width=\"32px\"><span class=\"title\">PEC 01 Procedimiento estrat\u00e9gico para la elaboraci\u00f3n y actualizaci\u00f3n de la pol\u00edtica docente del IUMA (copia no controlada)<\/title><\/td><td>180 KB<\/td><\/tr><\/table>\n<p><strong>\u00a0Procedimientos Clave<\/strong><\/p>\n\n<!-- Generado usando Document Gallery. Obtenga el suyo aqu\u00ed:http:\/\/wordpress.org\/extend\/plugins\/document-gallery -->\n<table id=\"document-gallery-2\" class=\"document-gallery\" data-shortcode='{\"id\":-1,\"include\":\"\",\"exclude\":\"\",\"columns\":1,\"order\":\"ASC\",\"orderby\":\"title\",\"relation\":\"AND\",\"limit\":-1,\"mime_types\":\"application,video,text,audio,image\",\"new_window\":true,\"paginate\":true,\"post_status\":\"any\",\"post_type\":\"attachment\",\"fancy\":false,\"attachment_pg\":false,\"descriptions\":true,\"skip\":0,\"media_category\":\"sgc_proc_clave_r02\"}'><tr class=\"document-icon-row descriptions\"><td><a href=\"https:\/\/www.iuma.ulpgc.es\/sgc\/wp-content\/uploads\/PCC01_R02_Perfil_Ingreso_Captacion_Estudiantes.pdf\" target=\"_blank\"><img decoding=\"async\" src=\"https:\/\/www.iuma.ulpgc.es\/sgc\/wp-content\/plugins\/document-gallery\/src\/assets\/icons\/pdf.png\" height=\"32px\" width=\"32px\"><span class=\"title\">PCC 01 Procedimiento clave para la actualizaci\u00f3n del perfil de ingreso y la captaci\u00f3n de estudiantes (copia no controlada)<\/title><\/td><td>224 KB<\/td><\/tr><tr class=\"document-icon-row descriptions\"><td><a href=\"https:\/\/www.iuma.ulpgc.es\/sgc\/wp-content\/uploads\/PCC02_R02_Planificacion_Ensenanza.pdf\" target=\"_blank\"><img decoding=\"async\" src=\"https:\/\/www.iuma.ulpgc.es\/sgc\/wp-content\/plugins\/document-gallery\/src\/assets\/icons\/pdf.png\" height=\"32px\" width=\"32px\"><span class=\"title\">PCC 02 Procedimiento clave para la planificaci\u00f3n de las ense\u00f1anzas (copia no controlada)<\/title><\/td><td>215 KB<\/td><\/tr><tr class=\"document-icon-row descriptions\"><td><a href=\"https:\/\/www.iuma.ulpgc.es\/sgc\/wp-content\/uploads\/PCC03_R02_Orientacion_Estudiante.pdf\" target=\"_blank\"><img decoding=\"async\" src=\"https:\/\/www.iuma.ulpgc.es\/sgc\/wp-content\/plugins\/document-gallery\/src\/assets\/icons\/pdf.png\" height=\"32px\" width=\"32px\"><span class=\"title\">PCC 03 Procedimiento clave de orientaci\u00f3n al estudiante (copia no controlada)<\/title><\/td><td>288 KB<\/td><\/tr><tr class=\"document-icon-row descriptions\"><td><a href=\"https:\/\/www.iuma.ulpgc.es\/sgc\/wp-content\/uploads\/PCC04_R02_-Movilidad_Estudiantes.pdf\" target=\"_blank\"><img decoding=\"async\" src=\"https:\/\/www.iuma.ulpgc.es\/sgc\/wp-content\/plugins\/document-gallery\/src\/assets\/icons\/pdf.png\" height=\"32px\" width=\"32px\"><span class=\"title\">PCC 04 Procedimiento clave para la gesti\u00f3n de la movilidad de los estudiantes (copia no controlada)<\/title><\/td><td>219 KB<\/td><\/tr><tr class=\"document-icon-row descriptions\"><td><a href=\"https:\/\/www.iuma.ulpgc.es\/sgc\/wp-content\/uploads\/PCC05_R01_Desarrollo_Ensenanza_Evaluacion_Estudiantes.pdf\" target=\"_blank\"><img decoding=\"async\" src=\"https:\/\/www.iuma.ulpgc.es\/sgc\/wp-content\/plugins\/document-gallery\/src\/assets\/icons\/pdf.png\" height=\"32px\" width=\"32px\"><span class=\"title\">PCC 05 Procedimiento clave para el desarrollo de la ense\u00f1anza y evaluaci\u00f3n de los estudiantes (copia no controlada)<\/title><\/td><td>202 KB<\/td><\/tr><tr class=\"document-icon-row descriptions\"><td><a href=\"https:\/\/www.iuma.ulpgc.es\/sgc\/wp-content\/uploads\/PCC06_R01_Gestion_De_TFT.pdf\" target=\"_blank\"><img decoding=\"async\" src=\"https:\/\/www.iuma.ulpgc.es\/sgc\/wp-content\/plugins\/document-gallery\/src\/assets\/icons\/pdf.png\" height=\"32px\" width=\"32px\"><span class=\"title\">PCC 06 Procedimiento clave de gesti\u00f3n de los trabajos fin de t\u00edtulo (copia no controlada)<\/title><\/td><td>184 KB<\/td><\/tr><tr class=\"document-icon-row descriptions\"><td><a href=\"https:\/\/www.iuma.ulpgc.es\/sgc\/wp-content\/uploads\/PCC07_R02_-Practicas_Externas.pdf\" target=\"_blank\"><img decoding=\"async\" src=\"https:\/\/www.iuma.ulpgc.es\/sgc\/wp-content\/plugins\/document-gallery\/src\/assets\/icons\/pdf.png\" height=\"32px\" width=\"32px\"><span class=\"title\">PCC 07 Procedimiento clave para la gesti\u00f3n de las pr\u00e1cticas externas (copia no controlada) <\/title><\/td><td>178 KB<\/td><\/tr><tr class=\"document-icon-row descriptions\"><td><a href=\"https:\/\/www.iuma.ulpgc.es\/sgc\/wp-content\/uploads\/PCC08_R02_Informacion_Publica.pdf\" target=\"_blank\"><img decoding=\"async\" src=\"https:\/\/www.iuma.ulpgc.es\/sgc\/wp-content\/plugins\/document-gallery\/src\/assets\/icons\/pdf.png\" height=\"32px\" width=\"32px\"><span class=\"title\">PCC 08 Procedimiento clave de informaci\u00f3n p\u00fablica (copia no controlada)<\/title><\/td><td>243 KB<\/td><\/tr><\/table>\n<p><strong>\u00a0Procedimientos de Apoyo<\/strong><\/p>\n\n<!-- Generado usando Document Gallery. Obtenga el suyo aqu\u00ed:http:\/\/wordpress.org\/extend\/plugins\/document-gallery -->\n<table id=\"document-gallery-3\" class=\"document-gallery\" data-shortcode='{\"id\":-1,\"include\":\"\",\"exclude\":\"\",\"columns\":1,\"order\":\"ASC\",\"orderby\":\"title\",\"relation\":\"AND\",\"limit\":-1,\"mime_types\":\"application,video,text,audio,image\",\"new_window\":true,\"paginate\":true,\"post_status\":\"any\",\"post_type\":\"attachment\",\"fancy\":false,\"attachment_pg\":false,\"descriptions\":true,\"skip\":0,\"media_category\":\"sgc_proc_apoyo_r02\"}'><tr class=\"document-icon-row descriptions\"><td><a href=\"https:\/\/www.iuma.ulpgc.es\/sgc\/wp-content\/uploads\/PAC01_R02_Gestion_De_Documentos.pdf\" target=\"_blank\"><img decoding=\"async\" src=\"https:\/\/www.iuma.ulpgc.es\/sgc\/wp-content\/plugins\/document-gallery\/src\/assets\/icons\/pdf.png\" height=\"32px\" width=\"32px\"><span class=\"title\">PAC 01 Procedimiento de apoyo para la gesti\u00f3n de los documentos del SGC (copia no controlada)<\/title><\/td><td>279 KB<\/td><\/tr><tr class=\"document-icon-row descriptions\"><td><a href=\"https:\/\/www.iuma.ulpgc.es\/sgc\/wp-content\/uploads\/PAC02_R02_Gestion_Recursos_Materiales.pdf\" target=\"_blank\"><img decoding=\"async\" src=\"https:\/\/www.iuma.ulpgc.es\/sgc\/wp-content\/plugins\/document-gallery\/src\/assets\/icons\/pdf.png\" height=\"32px\" width=\"32px\"><span class=\"title\">PAC 02 Procedimiento de apoyo para la gesti\u00f3n de los recursos materiales (copia no controlada)<\/title><\/td><td>204 KB<\/td><\/tr><tr class=\"document-icon-row descriptions\"><td><a href=\"https:\/\/www.iuma.ulpgc.es\/sgc\/wp-content\/uploads\/PAC03_R02_Gestion_-Servicios.pdf\" target=\"_blank\"><img decoding=\"async\" src=\"https:\/\/www.iuma.ulpgc.es\/sgc\/wp-content\/plugins\/document-gallery\/src\/assets\/icons\/pdf.png\" height=\"32px\" width=\"32px\"><span class=\"title\">PAC 03 Procedimiento de apoyo para la gesti\u00f3n de los servicios (copia no controlada)<\/title><\/td><td>190 KB<\/td><\/tr><tr class=\"document-icon-row descriptions\"><td><a href=\"https:\/\/www.iuma.ulpgc.es\/sgc\/wp-content\/uploads\/PAC04_R02_Extincion_Ensenanzas.pdf\" target=\"_blank\"><img decoding=\"async\" src=\"https:\/\/www.iuma.ulpgc.es\/sgc\/wp-content\/plugins\/document-gallery\/src\/assets\/icons\/pdf.png\" height=\"32px\" width=\"32px\"><span class=\"title\">PAC 04 Procedimiento de apoyo para la gesti\u00f3n de la extinci\u00f3n de las ense\u00f1anzas (copia no controlada)<\/title><\/td><td>245 KB<\/td><\/tr><tr class=\"document-icon-row descriptions\"><td><a href=\"https:\/\/www.iuma.ulpgc.es\/sgc\/wp-content\/uploads\/PAC05_R02_Seleccion_Admision_Estudiantes.pdf\" target=\"_blank\"><img decoding=\"async\" src=\"https:\/\/www.iuma.ulpgc.es\/sgc\/wp-content\/plugins\/document-gallery\/src\/assets\/icons\/pdf.png\" height=\"32px\" width=\"32px\"><span class=\"title\">PAC 05 Procedimiento de apoyo para la selecci\u00f3n y admisi\u00f3n de estudiantes (copia no controlada)<\/title><\/td><td>192 KB<\/td><\/tr><tr class=\"document-icon-row descriptions\"><td><a href=\"https:\/\/www.iuma.ulpgc.es\/sgc\/wp-content\/uploads\/PAC06_R02_-Gestion_Incidencias_Academicas.pdf\" target=\"_blank\"><img decoding=\"async\" src=\"https:\/\/www.iuma.ulpgc.es\/sgc\/wp-content\/plugins\/document-gallery\/src\/assets\/icons\/pdf.png\" height=\"32px\" width=\"32px\"><span class=\"title\">PAC 06 Procedimiento de apoyo para la resoluci\u00f3n de incidencias acad\u00e9micas (copia no controlada)<\/title><\/td><td>179 KB<\/td><\/tr><tr class=\"document-icon-row descriptions\"><td><a href=\"https:\/\/www.iuma.ulpgc.es\/sgc\/wp-content\/uploads\/PAC07_R02_Medicion_Satisfaccion.pdf\" target=\"_blank\"><img decoding=\"async\" src=\"https:\/\/www.iuma.ulpgc.es\/sgc\/wp-content\/plugins\/document-gallery\/src\/assets\/icons\/pdf.png\" height=\"32px\" width=\"32px\"><span class=\"title\">PAC 07 Procedimiento de apoyo para la medici\u00f3n de la satisfacci\u00f3n, expectativas y necesidades (copia no controlada)<\/title><\/td><td>182 KB<\/td><\/tr><tr class=\"document-icon-row descriptions\"><td><a href=\"https:\/\/www.iuma.ulpgc.es\/sgc\/wp-content\/uploads\/PAC08_R02_Analisis_Resultados_Rendicion_Cuentas.pdf\" target=\"_blank\"><img decoding=\"async\" src=\"https:\/\/www.iuma.ulpgc.es\/sgc\/wp-content\/plugins\/document-gallery\/src\/assets\/icons\/pdf.png\" height=\"32px\" width=\"32px\"><span class=\"title\">PAC 08 Procedimiento de apoyo para el an\u00e1lisis de resultados y rendici\u00f3n de cuentas (copia no controlada)<\/title><\/td><td>227 KB<\/td><\/tr><tr class=\"document-icon-row descriptions\"><td><a href=\"https:\/\/www.iuma.ulpgc.es\/sgc\/wp-content\/uploads\/PAC09_R01_-Gestion_No_Conformidades.pdf\" target=\"_blank\"><img decoding=\"async\" src=\"https:\/\/www.iuma.ulpgc.es\/sgc\/wp-content\/plugins\/document-gallery\/src\/assets\/icons\/pdf.png\" height=\"32px\" width=\"32px\"><span class=\"title\">PAC 09 Procedimiento de apoyo para la gesti\u00f3n de no conformidades (copia no controlada)<\/title><\/td><td>289 KB<\/td><\/tr><\/table>\n","protected":false},"excerpt":{"rendered":"<p>\u00a0Procedimientos Estrat\u00e9gicos \u00a0Procedimientos Clave \u00a0Procedimientos de Apoyo<\/p>\n","protected":false},"author":1,"featured_media":0,"parent":0,"menu_order":0,"comment_status":"closed","ping_status":"closed","template":"","meta":{"footnotes":""},"class_list":["post-164","page","type-page","status-publish","hentry"],"_links":{"self":[{"href":"https:\/\/www.iuma.ulpgc.es\/sgc\/wp-json\/wp\/v2\/pages\/164","targetHints":{"allow":["GET"]}}],"collection":[{"href":"https:\/\/www.iuma.ulpgc.es\/sgc\/wp-json\/wp\/v2\/pages"}],"about":[{"href":"https:\/\/www.iuma.ulpgc.es\/sgc\/wp-json\/wp\/v2\/types\/page"}],"author":[{"embeddable":true,"href":"https:\/\/www.iuma.ulpgc.es\/sgc\/wp-json\/wp\/v2\/users\/1"}],"replies":[{"embeddable":true,"href":"https:\/\/www.iuma.ulpgc.es\/sgc\/wp-json\/wp\/v2\/comments?post=164"}],"version-history":[{"count":8,"href":"https:\/\/www.iuma.ulpgc.es\/sgc\/wp-json\/wp\/v2\/pages\/164\/revisions"}],"predecessor-version":[{"id":193,"href":"https:\/\/www.iuma.ulpgc.es\/sgc\/wp-json\/wp\/v2\/pages\/164\/revisions\/193"}],"wp:attachment":[{"href":"https:\/\/www.iuma.ulpgc.es\/sgc\/wp-json\/wp\/v2\/media?parent=164"}],"curies":[{"name":"wp","href":"https:\/\/api.w.org\/{rel}","templated":true}]}}